{"id":16564,"date":"2015-09-14T00:22:51","date_gmt":"2015-09-14T00:22:51","guid":{"rendered":"http:\/\/www.polyequipements.com\/?page_id=16564"},"modified":"2019-08-07T17:05:20","modified_gmt":"2019-08-07T15:05:20","slug":"devis","status":"publish","type":"page","link":"https:\/\/www.sp-equipements.com\/site\/devis\/","title":{"rendered":"Devis"},"content":{"rendered":"<div class=\"fusion-fullwidth fullwidth-box nonhundred-percent-fullwidth non-hundred-percent-height-scrolling\"  style='background-color: #ffffff;background-position: center center;background-repeat: no-repeat;padding-top:0px;padding-right:0px;padding-bottom:0px;padding-left:0px;'><div class=\"fusion-builder-row fusion-row \"><div  class=\"fusion-layout-column fusion_builder_column fusion_builder_column_1_1 fusion-builder-column-1 fusion-one-full fusion-column-first fusion-column-last 1_1\"  style='margin-top:0px;margin-bottom:0px;'>\n\t\t\t\t\t<div class=\"fusion-column-wrapper\" style=\"padding: 0px 0px 0px 0px;background-position:left top;background-repeat:no-repeat;-webkit-background-size:cover;-moz-background-size:cover;-o-background-size:cover;background-size:cover;\"   data-bg-url=\"\">\n\t\t\t\t\t\t<div class=\"fusion-text\">\n<\/div><div class=\"fusion-clearfix\"><\/div>\n\n\t\t\t\t\t<\/div>\n\t\t\t\t<\/div><\/div><\/div>\n","protected":false},"excerpt":{"rendered":"","protected":false},"author":1,"featured_media":0,"parent":0,"menu_order":0,"comment_status":"closed","ping_status":"closed","template":"","meta":{"footnotes":""},"yoast_head":"<!-- This site is optimized with the Yoast SEO plugin v22.2 - https:\/\/yoast.com\/wordpress\/plugins\/seo\/ -->\n<title>Devis - SP \u00c9quipements - Location ou achat de mat\u00e9riel<\/title>\n<meta name=\"description\" content=\"Faite votre devis en ligne simplement et gratuitement ! Consultez notre catalogue et choisissez votre mat\u00e9riel parmis plus de 600 produits.\" \/>\n<meta name=\"robots\" content=\"index, follow, max-snippet:-1, max-image-preview:large, max-video-preview:-1\" \/>\n<link rel=\"canonical\" href=\"https:\/\/www.sp-equipements.com\/site\/devis\/\" \/>\n<meta property=\"og:locale\" content=\"fr_FR\" \/>\n<meta property=\"og:type\" content=\"article\" \/>\n<meta property=\"og:title\" content=\"Devis - SP \u00c9quipements - Location ou achat de mat\u00e9riel\" \/>\n<meta property=\"og:description\" content=\"Faite votre devis en ligne simplement et gratuitement ! Consultez notre catalogue et choisissez votre mat\u00e9riel parmis plus de 600 produits.\" \/>\n<meta property=\"og:url\" content=\"https:\/\/www.sp-equipements.com\/site\/devis\/\" \/>\n<meta property=\"og:site_name\" content=\"SP \u00c9quipements\" \/>\n<meta property=\"article:modified_time\" content=\"2019-08-07T15:05:20+00:00\" \/>\n<meta name=\"twitter:card\" content=\"summary_large_image\" \/>\n<meta name=\"twitter:label1\" content=\"Dur\u00e9e de lecture estim\u00e9e\" \/>\n\t<meta name=\"twitter:data1\" content=\"1 minute\" \/>\n<script type=\"application\/ld+json\" class=\"yoast-schema-graph\">{\"@context\":\"https:\/\/schema.org\",\"@graph\":[{\"@type\":\"WebPage\",\"@id\":\"https:\/\/www.sp-equipements.com\/site\/devis\/\",\"url\":\"https:\/\/www.sp-equipements.com\/site\/devis\/\",\"name\":\"Devis - SP \u00c9quipements - Location ou achat de mat\u00e9riel\",\"isPartOf\":{\"@id\":\"https:\/\/www.sp-equipements.com\/site\/#website\"},\"datePublished\":\"2015-09-14T00:22:51+00:00\",\"dateModified\":\"2019-08-07T15:05:20+00:00\",\"description\":\"Faite votre devis en ligne simplement et gratuitement ! Consultez notre catalogue et choisissez votre mat\u00e9riel parmis plus de 600 produits.\",\"breadcrumb\":{\"@id\":\"https:\/\/www.sp-equipements.com\/site\/devis\/#breadcrumb\"},\"inLanguage\":\"fr-FR\",\"potentialAction\":[{\"@type\":\"ReadAction\",\"target\":[\"https:\/\/www.sp-equipements.com\/site\/devis\/\"]}]},{\"@type\":\"BreadcrumbList\",\"@id\":\"https:\/\/www.sp-equipements.com\/site\/devis\/#breadcrumb\",\"itemListElement\":[{\"@type\":\"ListItem\",\"position\":1,\"name\":\"Accueil\",\"item\":\"https:\/\/www.sp-equipements.com\/site\/\"},{\"@type\":\"ListItem\",\"position\":2,\"name\":\"Devis\"}]},{\"@type\":\"WebSite\",\"@id\":\"https:\/\/www.sp-equipements.com\/site\/#website\",\"url\":\"https:\/\/www.sp-equipements.com\/site\/\",\"name\":\"SP \u00c9quipements\",\"description\":\"\u00c9quipements de collectivit\u00e9s\",\"potentialAction\":[{\"@type\":\"SearchAction\",\"target\":{\"@type\":\"EntryPoint\",\"urlTemplate\":\"https:\/\/www.sp-equipements.com\/site\/?s={search_term_string}\"},\"query-input\":\"required name=search_term_string\"}],\"inLanguage\":\"fr-FR\"}]}<\/script>\n<!-- \/ Yoast SEO plugin. -->","yoast_head_json":{"title":"Devis - SP \u00c9quipements - Location ou achat de mat\u00e9riel","description":"Faite votre devis en ligne simplement et gratuitement ! Consultez notre catalogue et choisissez votre mat\u00e9riel parmis plus de 600 produits.","robots":{"index":"index","follow":"follow","max-snippet":"max-snippet:-1","max-image-preview":"max-image-preview:large","max-video-preview":"max-video-preview:-1"},"canonical":"https:\/\/www.sp-equipements.com\/site\/devis\/","og_locale":"fr_FR","og_type":"article","og_title":"Devis - SP \u00c9quipements - Location ou achat de mat\u00e9riel","og_description":"Faite votre devis en ligne simplement et gratuitement ! Consultez notre catalogue et choisissez votre mat\u00e9riel parmis plus de 600 produits.","og_url":"https:\/\/www.sp-equipements.com\/site\/devis\/","og_site_name":"SP \u00c9quipements","article_modified_time":"2019-08-07T15:05:20+00:00","twitter_card":"summary_large_image","twitter_misc":{"Dur\u00e9e de lecture estim\u00e9e":"1 minute"},"schema":{"@context":"https:\/\/schema.org","@graph":[{"@type":"WebPage","@id":"https:\/\/www.sp-equipements.com\/site\/devis\/","url":"https:\/\/www.sp-equipements.com\/site\/devis\/","name":"Devis - SP \u00c9quipements - Location ou achat de mat\u00e9riel","isPartOf":{"@id":"https:\/\/www.sp-equipements.com\/site\/#website"},"datePublished":"2015-09-14T00:22:51+00:00","dateModified":"2019-08-07T15:05:20+00:00","description":"Faite votre devis en ligne simplement et gratuitement ! Consultez notre catalogue et choisissez votre mat\u00e9riel parmis plus de 600 produits.","breadcrumb":{"@id":"https:\/\/www.sp-equipements.com\/site\/devis\/#breadcrumb"},"inLanguage":"fr-FR","potentialAction":[{"@type":"ReadAction","target":["https:\/\/www.sp-equipements.com\/site\/devis\/"]}]},{"@type":"BreadcrumbList","@id":"https:\/\/www.sp-equipements.com\/site\/devis\/#breadcrumb","itemListElement":[{"@type":"ListItem","position":1,"name":"Accueil","item":"https:\/\/www.sp-equipements.com\/site\/"},{"@type":"ListItem","position":2,"name":"Devis"}]},{"@type":"WebSite","@id":"https:\/\/www.sp-equipements.com\/site\/#website","url":"https:\/\/www.sp-equipements.com\/site\/","name":"SP \u00c9quipements","description":"\u00c9quipements de collectivit\u00e9s","potentialAction":[{"@type":"SearchAction","target":{"@type":"EntryPoint","urlTemplate":"https:\/\/www.sp-equipements.com\/site\/?s={search_term_string}"},"query-input":"required name=search_term_string"}],"inLanguage":"fr-FR"}]}},"_links":{"self":[{"href":"https:\/\/www.sp-equipements.com\/site\/wp-json\/wp\/v2\/pages\/16564"}],"collection":[{"href":"https:\/\/www.sp-equipements.com\/site\/wp-json\/wp\/v2\/pages"}],"about":[{"href":"https:\/\/www.sp-equipements.com\/site\/wp-json\/wp\/v2\/types\/page"}],"author":[{"embeddable":true,"href":"https:\/\/www.sp-equipements.com\/site\/wp-json\/wp\/v2\/users\/1"}],"replies":[{"embeddable":true,"href":"https:\/\/www.sp-equipements.com\/site\/wp-json\/wp\/v2\/comments?post=16564"}],"version-history":[{"count":2,"href":"https:\/\/www.sp-equipements.com\/site\/wp-json\/wp\/v2\/pages\/16564\/revisions"}],"predecessor-version":[{"id":38155,"href":"https:\/\/www.sp-equipements.com\/site\/wp-json\/wp\/v2\/pages\/16564\/revisions\/38155"}],"wp:attachment":[{"href":"https:\/\/www.sp-equipements.com\/site\/wp-json\/wp\/v2\/media?parent=16564"}],"curies":[{"name":"wp","href":"https:\/\/api.w.org\/{rel}","templated":true}]}}