{"id":16572,"date":"2015-09-14T00:30:45","date_gmt":"2015-09-14T00:30:45","guid":{"rendered":"http:\/\/www.polyequipements.com\/?page_id=16572"},"modified":"2026-02-19T13:45:56","modified_gmt":"2026-02-19T12:45:56","slug":"accueil","status":"publish","type":"page","link":"https:\/\/www.sp-equipements.com\/site\/","title":{"rendered":"Accueil"},"content":{"rendered":"<p><div class=\"fusion-fullwidth fullwidth-box nonhundred-percent-fullwidth non-hundred-percent-height-scrolling\"  style='background-color: #ffffff;background-position: center center;background-repeat: no-repeat;padding-top:0px;padding-right:0px;padding-bottom:0px;padding-left:0px;'><div class=\"fusion-builder-row fusion-row \"><div  class=\"fusion-layout-column fusion_builder_column fusion_builder_column_2_3 fusion-builder-column-1 fusion-two-third fusion-column-first 2_3\"  style='margin-top:15px;margin-bottom:15px;width:66.66%;width:calc(66.66% - ( ( 4% ) * 0.6666 ) );margin-right: 4%;'>\n\t\t\t\t\t<div class=\"fusion-column-wrapper\" style=\"padding: 0px 0px 0px 0px;background-position:left top;background-repeat:no-repeat;-webkit-background-size:cover;-moz-background-size:cover;-o-background-size:cover;background-size:cover;\"   data-bg-url=\"\">\n\t\t\t\t\t\t<div class=\"fusion-title title fusion-title-1 fusion-title-size-one\" style=\"font-size:40px;margin-top:0px;margin-bottom:0px;\"><div class=\"title-sep-container\"><div class=\"title-sep sep-\" style=\"border-color:#e0dede;\"><\/div><\/div><h1 class=\"title-heading-right\" style=\"margin:0;font-size:1em;color:#2b2b2b;\">\u00c9LECTIONS 2026<\/h1><\/div><div class=\"fusion-title title fusion-title-2 fusion-title-size-two\" style=\"font-size:30px;margin-top:0px;margin-bottom:30px;\"><div class=\"title-sep-container\"><div class=\"title-sep sep-\" style=\"border-color:#e0dede;\"><\/div><\/div><h2 class=\"title-heading-right\" style=\"margin:0;font-size:1em;color:#2b2b2b;\"><em>NOUVEAUT\u00c9 &#8211; LOCATION POSSIBLE<\/em><\/h2><\/div><div class=\"fusion-clearfix\"><\/div>\n\n\t\t\t\t\t<\/div>\n\t\t\t\t<\/div><div  class=\"fusion-layout-column fusion_builder_column fusion_builder_column_1_3 fusion-builder-column-2 fusion-one-third fusion-column-last 1_3\"  style='margin-top:15px;margin-bottom:15px;width:33.33%;width:calc(33.33% - ( ( 4% ) * 0.3333 ) );'>\n\t\t\t\t\t<div class=\"fusion-column-wrapper\" style=\"padding: 0px 0px 0px 0px;background-position:left top;background-repeat:no-repeat;-webkit-background-size:cover;-moz-background-size:cover;-o-background-size:cover;background-size:cover;\"   data-bg-url=\"\">\n\t\t\t\t\t\t<div class=\"fusion-title title fusion-title-3 fusion-title-size-two\" style=\"font-size:20px;margin-top:0px;margin-bottom:0px;\"><h2 class=\"title-heading-left\" style=\"margin:0;font-size:1em;color:#ed9728;\"><em>MAT\u00c9RIELS DISPONIBLES<\/em><\/h2><div class=\"title-sep-container\"><div class=\"title-sep sep-\" style=\"border-color:#e0dede;\"><\/div><\/div><\/div><div class=\"fusion-title title fusion-title-4 fusion-title-size-two\" style=\"font-size:20px;margin-top:0px;margin-bottom:30px;\"><h2 class=\"title-heading-left\" style=\"margin:0;font-size:1em;color:#ed9728;\"><em>\u00c0 LA LOCATION ET \u00c0 L&rsquo;ACHAT<\/em><\/h2><div class=\"title-sep-container\"><div class=\"title-sep sep-\" style=\"border-color:#e0dede;\"><\/div><\/div><\/div><div class=\"fusion-clearfix\"><\/div>\n\n\t\t\t\t\t<\/div>\n\t\t\t\t<\/div><div  class=\"fusion-layout-column fusion_builder_column fusion_builder_column_1_4 fusion-builder-column-3 fusion-one-fourth fusion-column-first 1_4\"  style='margin-top:15px;margin-bottom:15px;width:25%;width:calc(25% - ( ( 4% + 4% + 4% ) * 0.25 ) );margin-right: 4%;'>\n\t\t\t\t\t<div class=\"fusion-column-wrapper\" style=\"padding: 0px 0px 0px 0px;background-position:left top;background-repeat:no-repeat;-webkit-background-size:cover;-moz-background-size:cover;-o-background-size:cover;background-size:cover;\"   data-bg-url=\"\">\n\t\t\t\t\t\t<div class=\"imageframe-liftup\"><span class=\"fusion-imageframe imageframe-none imageframe-1 electoral-images\"><a class=\"fusion-no-lightbox\" href=\"\/site\/categorie-produit\/materiel-electoral\/isoloirs\/\" target=\"_self\" aria-label=\"mailing-elections-isoloir\"><img loading=\"lazy\" decoding=\"async\" src=\"https:\/\/sp-equipements.avancenet.org\/wp-content\/uploads\/2020\/11\/mailing-elections-isoloir-225x300.jpg\" width=\"225\" height=\"300\" alt=\"mailing-elections-isoloir\" class=\"img-responsive wp-image-38295\" srcset=\"https:\/\/www.sp-equipements.com\/site\/wp-content\/uploads\/2020\/11\/mailing-elections-isoloir-200x267.jpg 200w, https:\/\/www.sp-equipements.com\/site\/wp-content\/uploads\/2020\/11\/mailing-elections-isoloir-400x534.jpg 400w, https:\/\/www.sp-equipements.com\/site\/wp-content\/uploads\/2020\/11\/mailing-elections-isoloir.jpg 592w\" sizes=\"(max-width: 800px) 100vw, 400px\" \/><\/a><\/span><\/div><div class=\"fusion-clearfix\"><\/div>\n\n\t\t\t\t\t<\/div>\n\t\t\t\t<\/div><div  class=\"fusion-layout-column fusion_builder_column fusion_builder_column_1_4 fusion-builder-column-4 fusion-one-fourth 1_4\"  style='margin-top:15px;margin-bottom:15px;width:25%;width:calc(25% - ( ( 4% + 4% + 4% ) * 0.25 ) );margin-right: 4%;'>\n\t\t\t\t\t<div class=\"fusion-column-wrapper\" style=\"padding: 0px 0px 0px 0px;background-position:left top;background-repeat:no-repeat;-webkit-background-size:cover;-moz-background-size:cover;-o-background-size:cover;background-size:cover;\"   data-bg-url=\"\">\n\t\t\t\t\t\t<div class=\"imageframe-liftup\"><span class=\"fusion-imageframe imageframe-none imageframe-2 electoral-images\"><a class=\"fusion-no-lightbox\" href=\"\/site\/categorie-produit\/materiel-electoral\/urnes\/\" target=\"_self\" aria-label=\"mailing-elections-urneettable\"><img loading=\"lazy\" decoding=\"async\" src=\"https:\/\/sp-equipements.avancenet.org\/wp-content\/uploads\/2020\/11\/mailing-elections-urneettable-271x300.jpg\" width=\"271\" height=\"300\" alt=\"\" class=\"img-responsive wp-image-38296\" srcset=\"https:\/\/www.sp-equipements.com\/site\/wp-content\/uploads\/2020\/11\/mailing-elections-urneettable-200x221.jpg 200w, https:\/\/www.sp-equipements.com\/site\/wp-content\/uploads\/2020\/11\/mailing-elections-urneettable-400x443.jpg 400w, https:\/\/www.sp-equipements.com\/site\/wp-content\/uploads\/2020\/11\/mailing-elections-urneettable-600x664.jpg 600w, https:\/\/www.sp-equipements.com\/site\/wp-content\/uploads\/2020\/11\/mailing-elections-urneettable.jpg 715w\" sizes=\"(max-width: 800px) 100vw, 400px\" \/><\/a><\/span><\/div><div class=\"fusion-clearfix\"><\/div>\n\n\t\t\t\t\t<\/div>\n\t\t\t\t<\/div><div  class=\"fusion-layout-column fusion_builder_column fusion_builder_column_1_4 fusion-builder-column-5 fusion-one-fourth 1_4\"  style='margin-top:15px;margin-bottom:15px;width:25%;width:calc(25% - ( ( 4% + 4% + 4% ) * 0.25 ) );margin-right: 4%;'>\n\t\t\t\t\t<div class=\"fusion-column-wrapper\" style=\"padding: 0px 0px 0px 0px;background-position:left top;background-repeat:no-repeat;-webkit-background-size:cover;-moz-background-size:cover;-o-background-size:cover;background-size:cover;\"   data-bg-url=\"\">\n\t\t\t\t\t\t<div class=\"imageframe-liftup\"><span class=\"fusion-imageframe imageframe-none imageframe-3 electoral-images\"><a class=\"fusion-no-lightbox\" href=\"\/site\/categorie-produit\/materiel-electoral\/tables-de-vote\/\" target=\"_self\" aria-label=\"mailing-elections-table\"><img loading=\"lazy\" decoding=\"async\" src=\"https:\/\/sp-equipements.avancenet.org\/wp-content\/uploads\/2020\/11\/mailing-elections-table-271x300.jpg\" width=\"271\" height=\"300\" alt=\"\" class=\"img-responsive wp-image-38297\" srcset=\"https:\/\/www.sp-equipements.com\/site\/wp-content\/uploads\/2020\/11\/mailing-elections-table-200x221.jpg 200w, https:\/\/www.sp-equipements.com\/site\/wp-content\/uploads\/2020\/11\/mailing-elections-table-400x443.jpg 400w, https:\/\/www.sp-equipements.com\/site\/wp-content\/uploads\/2020\/11\/mailing-elections-table-600x664.jpg 600w, https:\/\/www.sp-equipements.com\/site\/wp-content\/uploads\/2020\/11\/mailing-elections-table.jpg 715w\" sizes=\"(max-width: 800px) 100vw, 400px\" \/><\/a><\/span><\/div><div class=\"fusion-clearfix\"><\/div>\n\n\t\t\t\t\t<\/div>\n\t\t\t\t<\/div><div  class=\"fusion-layout-column fusion_builder_column fusion_builder_column_1_4 fusion-builder-column-6 fusion-one-fourth fusion-column-last 1_4\"  style='margin-top:15px;margin-bottom:15px;width:25%;width:calc(25% - ( ( 4% + 4% + 4% ) * 0.25 ) );'>\n\t\t\t\t\t<div class=\"fusion-column-wrapper\" style=\"padding: 0px 0px 0px 0px;background-position:left top;background-repeat:no-repeat;-webkit-background-size:cover;-moz-background-size:cover;-o-background-size:cover;background-size:cover;\"   data-bg-url=\"\">\n\t\t\t\t\t\t<div class=\"imageframe-liftup\"><span class=\"fusion-imageframe imageframe-none imageframe-4 electoral-images\"><a class=\"fusion-no-lightbox\" href=\"\/site\/categorie-produit\/materiel-electoral\/panneaux\/\" target=\"_self\" aria-label=\"mailing-elections-panneau\"><img loading=\"lazy\" decoding=\"async\" src=\"https:\/\/sp-equipements.avancenet.org\/wp-content\/uploads\/2020\/11\/mailing-elections-panneau-238x300.jpg\" width=\"238\" height=\"300\" alt=\"mailing-elections-panneau\" class=\"img-responsive wp-image-38298\" srcset=\"https:\/\/www.sp-equipements.com\/site\/wp-content\/uploads\/2020\/11\/mailing-elections-panneau-200x252.jpg 200w, https:\/\/www.sp-equipements.com\/site\/wp-content\/uploads\/2020\/11\/mailing-elections-panneau-400x505.jpg 400w, https:\/\/www.sp-equipements.com\/site\/wp-content\/uploads\/2020\/11\/mailing-elections-panneau-600x757.jpg 600w, https:\/\/www.sp-equipements.com\/site\/wp-content\/uploads\/2020\/11\/mailing-elections-panneau.jpg 627w\" sizes=\"(max-width: 800px) 100vw, 400px\" \/><\/a><\/span><\/div><div class=\"fusion-clearfix\"><\/div>\n\n\t\t\t\t\t<\/div>\n\t\t\t\t<\/div><div  class=\"fusion-layout-column fusion_builder_column fusion_builder_column_1_1 fusion-builder-column-7 fusion-one-full fusion-column-first fusion-column-last 1_1\"  style='margin-top:15px;margin-bottom:15px;'>\n\t\t\t\t\t<div class=\"fusion-column-wrapper\" style=\"padding: 0px 0px 0px 0px;background-position:left top;background-repeat:no-repeat;-webkit-background-size:cover;-moz-background-size:cover;-o-background-size:cover;background-size:cover;\"   data-bg-url=\"\">\n\t\t\t\t\t\t<div class=\"fusion-title title fusion-title-5 fusion-title-center fusion-title-size-three\" style=\"font-size:20px;margin-top:0px;margin-bottom:30px;\"><div class=\"title-sep-container title-sep-container-left\"><div class=\"title-sep sep-\" style=\"border-color:#e0dede;\"><\/div><\/div><h3 class=\"title-heading-center\" style=\"margin:0;font-size:1em;color:#2b2b2b;\">Contact Paul MOUSSAJEE &#8211; 33(0) 1 69 06 23 23 &#8211; info@sp-equipements.com<\/h3><div class=\"title-sep-container title-sep-container-right\"><div class=\"title-sep sep-\" style=\"border-color:#e0dede;\"><\/div><\/div><\/div><div class=\"fusion-clearfix\"><\/div>\n\n\t\t\t\t\t<\/div>\n\t\t\t\t<\/div><\/div><\/div><div class=\"fusion-fullwidth fullwidth-box nonhundred-percent-fullwidth non-hundred-percent-height-scrolling\"  style='background-color: #f6f6f6;background-position: left top;background-repeat: no-repeat;padding-top:65px;padding-right:0px;padding-bottom:15px;padding-left:0px;margin-top: 100px;border-top-width:0px;border-bottom-width:0px;border-color:#eae9e9;border-top-style:solid;border-bottom-style:solid;'><div class=\"fusion-builder-row fusion-row \"><div  class=\"fusion-layout-column fusion_builder_column fusion_builder_column_1_1 fusion-builder-column-8 fusion-one-full fusion-column-first fusion-column-last fusion-column-no-min-height 1_1\"  style='margin-top:0px;margin-bottom:0px;'>\n\t\t\t\t\t<div class=\"fusion-column-wrapper\" style=\"padding: 0px 0px 0px 0px;background-position:left top;background-repeat:no-repeat;-webkit-background-size:cover;-moz-background-size:cover;-o-background-size:cover;background-size:cover;\"   data-bg-url=\"\">\n\t\t\t\t\t\t<div class=\"fusion-text\"><p style=\"font-size: 18px; letter-spacing: 4px; text-align: center;\">NOS R\u00c9F\u00c9RENCES<\/p>\n<\/div><div class=\"fusion-sep-clear\"><\/div><div class=\"fusion-separator fusion-full-width-sep sep-none\" style=\"margin-left: auto;margin-right: auto;margin-top:5px;\"><\/div><div class=\"fusion-clearfix\"><\/div>\n\n\t\t\t\t\t<\/div>\n\t\t\t\t<\/div><div  class=\"fusion-layout-column fusion_builder_column fusion_builder_column_1_1 fusion-builder-column-9 fusion-one-full fusion-column-first fusion-column-last fusion-column-no-min-height 1_1\"  style='margin-top:0px;margin-bottom:0px;'>\n\t\t\t\t\t<div class=\"fusion-column-wrapper\" style=\"padding: 0px 0px 0px 0px;background-position:left top;background-repeat:no-repeat;-webkit-background-size:cover;-moz-background-size:cover;-o-background-size:cover;background-size:cover;\"   data-bg-url=\"\">\n\t\t\t\t\t\t<div class=\"fusion-image-carousel fusion-image-carousel-fixed\"><div class=\"fusion-carousel\" data-autoplay=\"yes\" data-columns=\"5\" data-itemmargin=\"40\" data-itemwidth=\"180\" data-touchscroll=\"yes\" data-imagesize=\"fixed\" data-scrollitems=\"1\"><div class=\"fusion-carousel-positioner\"><ul class=\"fusion-carousel-holder\"><li class=\"fusion-carousel-item\"><div class=\"fusion-carousel-item-wrapper\"><div class=\"fusion-image-wrapper hover-type-none\"><img loading=\"lazy\" decoding=\"async\" width=\"142\" height=\"61\" src=\"https:\/\/www.sp-equipements.com\/site\/wp-content\/uploads\/2019\/05\/edf.png\" class=\"attachment-blog-medium size-blog-medium\" alt=\"edf\" \/><\/div><\/div><\/li><li class=\"fusion-carousel-item\"><div class=\"fusion-carousel-item-wrapper\"><div class=\"fusion-image-wrapper hover-type-none\"><img loading=\"lazy\" decoding=\"async\" width=\"72\" height=\"61\" src=\"https:\/\/www.sp-equipements.com\/site\/wp-content\/uploads\/2019\/05\/Evry2.png\" class=\"attachment-blog-medium size-blog-medium\" alt=\"Evry2\" \/><\/div><\/div><\/li><li class=\"fusion-carousel-item\"><div class=\"fusion-carousel-item-wrapper\"><div class=\"fusion-image-wrapper hover-type-none\"><img loading=\"lazy\" decoding=\"async\" width=\"192\" height=\"61\" src=\"https:\/\/www.sp-equipements.com\/site\/wp-content\/uploads\/2019\/05\/grigny2.png\" class=\"attachment-blog-medium size-blog-medium\" alt=\"grigny2\" \/><\/div><\/div><\/li><li class=\"fusion-carousel-item\"><div class=\"fusion-carousel-item-wrapper\"><div class=\"fusion-image-wrapper hover-type-none\"><img loading=\"lazy\" decoding=\"async\" width=\"84\" height=\"61\" src=\"https:\/\/www.sp-equipements.com\/site\/wp-content\/uploads\/2019\/05\/Hauts-de-Seine2.png\" class=\"attachment-blog-medium size-blog-medium\" alt=\"Hauts de Seine2\" \/><\/div><\/div><\/li><li class=\"fusion-carousel-item\"><div class=\"fusion-carousel-item-wrapper\"><div class=\"fusion-image-wrapper hover-type-none\"><img loading=\"lazy\" decoding=\"async\" width=\"200\" height=\"61\" src=\"https:\/\/www.sp-equipements.com\/site\/wp-content\/uploads\/2019\/05\/ministere_education.png\" class=\"attachment-blog-medium size-blog-medium\" alt=\"ministere education\" \/><\/div><\/div><\/li><li class=\"fusion-carousel-item\"><div class=\"fusion-carousel-item-wrapper\"><div class=\"fusion-image-wrapper hover-type-none\"><img loading=\"lazy\" decoding=\"async\" width=\"109\" height=\"61\" src=\"https:\/\/www.sp-equipements.com\/site\/wp-content\/uploads\/2019\/05\/ratp.png\" class=\"attachment-blog-medium size-blog-medium\" alt=\"ratp\" \/><\/div><\/div><\/li><li class=\"fusion-carousel-item\"><div class=\"fusion-carousel-item-wrapper\"><div class=\"fusion-image-wrapper hover-type-none\"><img loading=\"lazy\" decoding=\"async\" width=\"185\" height=\"61\" src=\"https:\/\/www.sp-equipements.com\/site\/wp-content\/uploads\/2019\/05\/URSSAF.png\" class=\"attachment-blog-medium size-blog-medium\" alt=\"URSSAF\" \/><\/div><\/div><\/li><\/ul><\/div><\/div><\/div><div class=\"fusion-clearfix\"><\/div>\n\n\t\t\t\t\t<\/div>\n\t\t\t\t<\/div><\/div><\/div><\/p>\n","protected":false},"excerpt":{"rendered":"","protected":false},"author":1,"featured_media":0,"parent":0,"menu_order":0,"comment_status":"closed","ping_status":"closed","template":"100-width.php","meta":{"footnotes":""},"yoast_head":"<!-- This site is optimized with the Yoast SEO plugin v22.2 - https:\/\/yoast.com\/wordpress\/plugins\/seo\/ -->\n<title>SP \u00c9quipements - Location ou achat de mat\u00e9riel \u00e9v\u00e9nementiel<\/title>\n<meta name=\"description\" content=\"SP EQUIPEMENTS propose la location ou l&#039;achat de materiel pour toute activit\u00e9 de votre collectivit\u00e9 comme les salons, les repr\u00e9sentations ou les mettings.\" \/>\n<meta name=\"robots\" content=\"index, follow, max-snippet:-1, max-image-preview:large, max-video-preview:-1\" \/>\n<link rel=\"canonical\" href=\"https:\/\/www.sp-equipements.com\/site\/\" \/>\n<meta property=\"og:locale\" content=\"fr_FR\" \/>\n<meta property=\"og:type\" content=\"article\" \/>\n<meta property=\"og:title\" content=\"SP \u00c9quipements - Location ou achat de mat\u00e9riel \u00e9v\u00e9nementiel\" \/>\n<meta property=\"og:description\" content=\"SP EQUIPEMENTS propose la location ou l&#039;achat de materiel pour toute activit\u00e9 de votre collectivit\u00e9 comme les salons, les repr\u00e9sentations ou les mettings.\" \/>\n<meta property=\"og:url\" content=\"https:\/\/www.sp-equipements.com\/site\/\" \/>\n<meta property=\"og:site_name\" content=\"SP \u00c9quipements\" \/>\n<meta property=\"article:modified_time\" content=\"2026-02-19T12:45:56+00:00\" \/>\n<meta name=\"twitter:card\" content=\"summary_large_image\" \/>\n<meta name=\"twitter:label1\" content=\"Dur\u00e9e de lecture estim\u00e9e\" \/>\n\t<meta name=\"twitter:data1\" content=\"7 minutes\" \/>\n<script type=\"application\/ld+json\" class=\"yoast-schema-graph\">{\"@context\":\"https:\/\/schema.org\",\"@graph\":[{\"@type\":\"WebPage\",\"@id\":\"https:\/\/www.sp-equipements.com\/site\/\",\"url\":\"https:\/\/www.sp-equipements.com\/site\/\",\"name\":\"SP \u00c9quipements - Location ou achat de mat\u00e9riel \u00e9v\u00e9nementiel\",\"isPartOf\":{\"@id\":\"https:\/\/www.sp-equipements.com\/site\/#website\"},\"datePublished\":\"2015-09-14T00:30:45+00:00\",\"dateModified\":\"2026-02-19T12:45:56+00:00\",\"description\":\"SP EQUIPEMENTS propose la location ou l'achat de materiel pour toute activit\u00e9 de votre collectivit\u00e9 comme les salons, les repr\u00e9sentations ou les mettings.\",\"breadcrumb\":{\"@id\":\"https:\/\/www.sp-equipements.com\/site\/#breadcrumb\"},\"inLanguage\":\"fr-FR\",\"potentialAction\":[{\"@type\":\"ReadAction\",\"target\":[\"https:\/\/www.sp-equipements.com\/site\/\"]}]},{\"@type\":\"BreadcrumbList\",\"@id\":\"https:\/\/www.sp-equipements.com\/site\/#breadcrumb\",\"itemListElement\":[{\"@type\":\"ListItem\",\"position\":1,\"name\":\"Accueil\",\"item\":\"https:\/\/www.sp-equipements.com\/site\/\"},{\"@type\":\"ListItem\",\"position\":2,\"name\":\"Accueil\"}]},{\"@type\":\"WebSite\",\"@id\":\"https:\/\/www.sp-equipements.com\/site\/#website\",\"url\":\"https:\/\/www.sp-equipements.com\/site\/\",\"name\":\"SP \u00c9quipements\",\"description\":\"\u00c9quipements de collectivit\u00e9s\",\"potentialAction\":[{\"@type\":\"SearchAction\",\"target\":{\"@type\":\"EntryPoint\",\"urlTemplate\":\"https:\/\/www.sp-equipements.com\/site\/?s={search_term_string}\"},\"query-input\":\"required name=search_term_string\"}],\"inLanguage\":\"fr-FR\"}]}<\/script>\n<!-- \/ Yoast SEO plugin. -->","yoast_head_json":{"title":"SP \u00c9quipements - Location ou achat de mat\u00e9riel \u00e9v\u00e9nementiel","description":"SP EQUIPEMENTS propose la location ou l'achat de materiel pour toute activit\u00e9 de votre collectivit\u00e9 comme les salons, les repr\u00e9sentations ou les mettings.","robots":{"index":"index","follow":"follow","max-snippet":"max-snippet:-1","max-image-preview":"max-image-preview:large","max-video-preview":"max-video-preview:-1"},"canonical":"https:\/\/www.sp-equipements.com\/site\/","og_locale":"fr_FR","og_type":"article","og_title":"SP \u00c9quipements - Location ou achat de mat\u00e9riel \u00e9v\u00e9nementiel","og_description":"SP EQUIPEMENTS propose la location ou l'achat de materiel pour toute activit\u00e9 de votre collectivit\u00e9 comme les salons, les repr\u00e9sentations ou les mettings.","og_url":"https:\/\/www.sp-equipements.com\/site\/","og_site_name":"SP \u00c9quipements","article_modified_time":"2026-02-19T12:45:56+00:00","twitter_card":"summary_large_image","twitter_misc":{"Dur\u00e9e de lecture estim\u00e9e":"7 minutes"},"schema":{"@context":"https:\/\/schema.org","@graph":[{"@type":"WebPage","@id":"https:\/\/www.sp-equipements.com\/site\/","url":"https:\/\/www.sp-equipements.com\/site\/","name":"SP \u00c9quipements - Location ou achat de mat\u00e9riel \u00e9v\u00e9nementiel","isPartOf":{"@id":"https:\/\/www.sp-equipements.com\/site\/#website"},"datePublished":"2015-09-14T00:30:45+00:00","dateModified":"2026-02-19T12:45:56+00:00","description":"SP EQUIPEMENTS propose la location ou l'achat de materiel pour toute activit\u00e9 de votre collectivit\u00e9 comme les salons, les repr\u00e9sentations ou les mettings.","breadcrumb":{"@id":"https:\/\/www.sp-equipements.com\/site\/#breadcrumb"},"inLanguage":"fr-FR","potentialAction":[{"@type":"ReadAction","target":["https:\/\/www.sp-equipements.com\/site\/"]}]},{"@type":"BreadcrumbList","@id":"https:\/\/www.sp-equipements.com\/site\/#breadcrumb","itemListElement":[{"@type":"ListItem","position":1,"name":"Accueil","item":"https:\/\/www.sp-equipements.com\/site\/"},{"@type":"ListItem","position":2,"name":"Accueil"}]},{"@type":"WebSite","@id":"https:\/\/www.sp-equipements.com\/site\/#website","url":"https:\/\/www.sp-equipements.com\/site\/","name":"SP \u00c9quipements","description":"\u00c9quipements de collectivit\u00e9s","potentialAction":[{"@type":"SearchAction","target":{"@type":"EntryPoint","urlTemplate":"https:\/\/www.sp-equipements.com\/site\/?s={search_term_string}"},"query-input":"required name=search_term_string"}],"inLanguage":"fr-FR"}]}},"_links":{"self":[{"href":"https:\/\/www.sp-equipements.com\/site\/wp-json\/wp\/v2\/pages\/16572"}],"collection":[{"href":"https:\/\/www.sp-equipements.com\/site\/wp-json\/wp\/v2\/pages"}],"about":[{"href":"https:\/\/www.sp-equipements.com\/site\/wp-json\/wp\/v2\/types\/page"}],"author":[{"embeddable":true,"href":"https:\/\/www.sp-equipements.com\/site\/wp-json\/wp\/v2\/users\/1"}],"replies":[{"embeddable":true,"href":"https:\/\/www.sp-equipements.com\/site\/wp-json\/wp\/v2\/comments?post=16572"}],"version-history":[{"count":13,"href":"https:\/\/www.sp-equipements.com\/site\/wp-json\/wp\/v2\/pages\/16572\/revisions"}],"predecessor-version":[{"id":38641,"href":"https:\/\/www.sp-equipements.com\/site\/wp-json\/wp\/v2\/pages\/16572\/revisions\/38641"}],"wp:attachment":[{"href":"https:\/\/www.sp-equipements.com\/site\/wp-json\/wp\/v2\/media?parent=16572"}],"curies":[{"name":"wp","href":"https:\/\/api.w.org\/{rel}","templated":true}]}}