{"id":19684,"date":"2019-05-17T10:52:44","date_gmt":"2019-05-17T08:52:44","guid":{"rendered":"http:\/\/www.polyequipements.com\/?page_id=19684"},"modified":"2022-10-03T15:28:04","modified_gmt":"2022-10-03T13:28:04","slug":"societe","status":"publish","type":"page","link":"https:\/\/www.sp-equipements.com\/site\/societe\/","title":{"rendered":"Soci\u00e9t\u00e9"},"content":{"rendered":"<div class=\"fusion-fullwidth fullwidth-box nonhundred-percent-fullwidth non-hundred-percent-height-scrolling\"  style='background-color: #ffffff;background-position: center center;background-repeat: no-repeat;padding-top:0px;padding-right:0px;padding-bottom:0px;padding-left:0px;'><div class=\"fusion-builder-row fusion-row \"><div  class=\"fusion-layout-column fusion_builder_column fusion_builder_column_1_1 fusion-builder-column-1 fusion-one-full fusion-column-first fusion-column-last 1_1\"  style='margin-top:0px;margin-bottom:0px;'>\n\t\t\t\t\t<div class=\"fusion-column-wrapper\" style=\"padding: 0px 0px 0px 0px;background-position:left top;background-repeat:no-repeat;-webkit-background-size:cover;-moz-background-size:cover;-o-background-size:cover;background-size:cover;\"   data-bg-url=\"\">\n\t\t\t\t\t\t<div class=\"fusion-text\"><div id=\"principal\">\n<div id=\"contener\">\n<div class=\"condi\">\n<h1 class=\"c\"><span style=\"text-decoration: underline; color: #2081b5;\">SP EQUIPEMENTS<\/span><\/h1>\n<h2><span style=\"color: #2081b5;\">La Soci\u00e9t\u00e9<\/span><\/h2>\n<p>La Soci\u00e9t\u00e9 SP EQUIPEMENTS, fond\u00e9e en 2020, met son exp\u00e9rience \u00e0 votre service et vous accompagne dans l&rsquo;organisation et la r\u00e9ussite de vos \u00e9v\u00e9nements ainsi que dans l&rsquo;acquisition de mat\u00e9riel. Situ\u00e9 \u00e0 25 km de Paris (Essonne), notre entreprise dispose de 200m\u00b2 de bureau, 6000m\u00b2 de mat\u00e9riel en stock, de 6 camions et de 4 v\u00e9hicules l\u00e9gers.<\/p>\n<p>Notre activit\u00e9 regroupe la location et la vente de mat\u00e9riel pour les collectivit\u00e9s et les locations de mat\u00e9riels \u00e9v\u00e9nementiels \u00e0 Paris et alentour.<\/p>\n<h2 class=\"condi\"><span style=\"color: #2081b5;\">Une \u00e9quipe performante \u00e0 votre \u00e9coute<\/span><\/h2>\n<p>Une \u00e9quipe commerciale et nos commerciaux terrain : Philippe Moussajee et Paul Moussajee sont \u00e0 votre \u00e9coute afin de r\u00e9pondre au mieux \u00e0 vos questions et vos besoins.<\/p>\n<p>Notre \u00e9quipe terrain, renforc\u00e9e par des intermittents du spectacle, form\u00e9 et agr\u00e9e par la commission de s\u00e9curit\u00e9 de Merville (Faizal, Karim, Herv\u00e9, Fr\u00e9d\u00e9ric et Michel), a acquis une exp\u00e9rience et une connaissance parfaite de notre mat\u00e9riel.<\/p>\n<h2 class=\"condi\"><span style=\"color: #2081b5;\">De l&rsquo;exp\u00e9rience et un mat\u00e9riel de qualit\u00e9<\/span><\/h2>\n<p>Choisir SP EQUIPEMENTS, c&rsquo;est avoir la garantie d&rsquo;un rapport qualit\u00e9\/prix, ayant fait ses preuves, des conseils riches d&rsquo;exp\u00e9rience, ainsi qu&rsquo;une forte r\u00e9activit\u00e9, en r\u00e9ponse \u00e0 tous vos besoins. Un large stock est pr\u00eat \u00e0 faire face \u00e0 vos exigences les plus urgentes et les plus diverses, tout en respectant les r\u00e9glementations en vigueur (classement au feu, normes CTS, normes de location de mat\u00e9riel \u00e9v\u00e9nementiel).<\/p>\n<p>Tous nos produits sont directement issus des ateliers de grandes marques. Du choix des meilleurs mat\u00e9riaux aux finitions personnalis\u00e9es, nous surveillons chaque \u00e9tape de fabrication jusqu&rsquo;au contr\u00f4le final en vue d&rsquo;une qualit\u00e9 irr\u00e9prochable et une optimisation des co\u00fbts.<\/p>\n<\/div>\n<\/div>\n<\/div>\n<\/div><div class=\"fusion-clearfix\"><\/div>\n\n\t\t\t\t\t<\/div>\n\t\t\t\t<\/div><\/div><\/div>\n","protected":false},"excerpt":{"rendered":"","protected":false},"author":1,"featured_media":0,"parent":0,"menu_order":0,"comment_status":"closed","ping_status":"closed","template":"","meta":{"footnotes":""},"yoast_head":"<!-- This site is optimized with the Yoast SEO plugin v22.2 - https:\/\/yoast.com\/wordpress\/plugins\/seo\/ -->\n<title>Soci\u00e9t\u00e9 - SP \u00c9quipements - Achat ou location de mat\u00e9riel<\/title>\n<meta name=\"description\" content=\"La Soci\u00e9t\u00e9 POLYEQUIPEMENTS, fond\u00e9e en 1995, met son exp\u00e9rience \u00e0 votre service et vous accompagne dans l\u2019organisation et la r\u00e9ussite de vos \u00e9v\u00e9nements.\" \/>\n<meta name=\"robots\" content=\"index, follow, max-snippet:-1, max-image-preview:large, max-video-preview:-1\" \/>\n<link rel=\"canonical\" href=\"https:\/\/www.sp-equipements.com\/site\/societe\/\" \/>\n<meta property=\"og:locale\" content=\"fr_FR\" \/>\n<meta property=\"og:type\" content=\"article\" \/>\n<meta property=\"og:title\" content=\"Soci\u00e9t\u00e9 - SP \u00c9quipements - Achat ou location de mat\u00e9riel\" \/>\n<meta property=\"og:description\" content=\"La Soci\u00e9t\u00e9 POLYEQUIPEMENTS, fond\u00e9e en 1995, met son exp\u00e9rience \u00e0 votre service et vous accompagne dans l\u2019organisation et la r\u00e9ussite de vos \u00e9v\u00e9nements.\" \/>\n<meta property=\"og:url\" content=\"https:\/\/www.sp-equipements.com\/site\/societe\/\" \/>\n<meta property=\"og:site_name\" content=\"SP \u00c9quipements\" \/>\n<meta property=\"article:modified_time\" content=\"2022-10-03T13:28:04+00:00\" \/>\n<meta name=\"twitter:card\" content=\"summary_large_image\" \/>\n<meta name=\"twitter:label1\" content=\"Dur\u00e9e de lecture estim\u00e9e\" \/>\n\t<meta name=\"twitter:data1\" content=\"2 minutes\" \/>\n<script type=\"application\/ld+json\" class=\"yoast-schema-graph\">{\"@context\":\"https:\/\/schema.org\",\"@graph\":[{\"@type\":\"WebPage\",\"@id\":\"https:\/\/www.sp-equipements.com\/site\/societe\/\",\"url\":\"https:\/\/www.sp-equipements.com\/site\/societe\/\",\"name\":\"Soci\u00e9t\u00e9 - SP \u00c9quipements - Achat ou location de mat\u00e9riel\",\"isPartOf\":{\"@id\":\"https:\/\/www.sp-equipements.com\/site\/#website\"},\"datePublished\":\"2019-05-17T08:52:44+00:00\",\"dateModified\":\"2022-10-03T13:28:04+00:00\",\"description\":\"La Soci\u00e9t\u00e9 POLYEQUIPEMENTS, fond\u00e9e en 1995, met son exp\u00e9rience \u00e0 votre service et vous accompagne dans l\u2019organisation et la r\u00e9ussite de vos \u00e9v\u00e9nements.\",\"breadcrumb\":{\"@id\":\"https:\/\/www.sp-equipements.com\/site\/societe\/#breadcrumb\"},\"inLanguage\":\"fr-FR\",\"potentialAction\":[{\"@type\":\"ReadAction\",\"target\":[\"https:\/\/www.sp-equipements.com\/site\/societe\/\"]}]},{\"@type\":\"BreadcrumbList\",\"@id\":\"https:\/\/www.sp-equipements.com\/site\/societe\/#breadcrumb\",\"itemListElement\":[{\"@type\":\"ListItem\",\"position\":1,\"name\":\"Accueil\",\"item\":\"https:\/\/www.sp-equipements.com\/site\/\"},{\"@type\":\"ListItem\",\"position\":2,\"name\":\"Soci\u00e9t\u00e9\"}]},{\"@type\":\"WebSite\",\"@id\":\"https:\/\/www.sp-equipements.com\/site\/#website\",\"url\":\"https:\/\/www.sp-equipements.com\/site\/\",\"name\":\"SP \u00c9quipements\",\"description\":\"\u00c9quipements de collectivit\u00e9s\",\"potentialAction\":[{\"@type\":\"SearchAction\",\"target\":{\"@type\":\"EntryPoint\",\"urlTemplate\":\"https:\/\/www.sp-equipements.com\/site\/?s={search_term_string}\"},\"query-input\":\"required name=search_term_string\"}],\"inLanguage\":\"fr-FR\"}]}<\/script>\n<!-- \/ Yoast SEO plugin. -->","yoast_head_json":{"title":"Soci\u00e9t\u00e9 - SP \u00c9quipements - Achat ou location de mat\u00e9riel","description":"La Soci\u00e9t\u00e9 POLYEQUIPEMENTS, fond\u00e9e en 1995, met son exp\u00e9rience \u00e0 votre service et vous accompagne dans l\u2019organisation et la r\u00e9ussite de vos \u00e9v\u00e9nements.","robots":{"index":"index","follow":"follow","max-snippet":"max-snippet:-1","max-image-preview":"max-image-preview:large","max-video-preview":"max-video-preview:-1"},"canonical":"https:\/\/www.sp-equipements.com\/site\/societe\/","og_locale":"fr_FR","og_type":"article","og_title":"Soci\u00e9t\u00e9 - SP \u00c9quipements - Achat ou location de mat\u00e9riel","og_description":"La Soci\u00e9t\u00e9 POLYEQUIPEMENTS, fond\u00e9e en 1995, met son exp\u00e9rience \u00e0 votre service et vous accompagne dans l\u2019organisation et la r\u00e9ussite de vos \u00e9v\u00e9nements.","og_url":"https:\/\/www.sp-equipements.com\/site\/societe\/","og_site_name":"SP \u00c9quipements","article_modified_time":"2022-10-03T13:28:04+00:00","twitter_card":"summary_large_image","twitter_misc":{"Dur\u00e9e de lecture estim\u00e9e":"2 minutes"},"schema":{"@context":"https:\/\/schema.org","@graph":[{"@type":"WebPage","@id":"https:\/\/www.sp-equipements.com\/site\/societe\/","url":"https:\/\/www.sp-equipements.com\/site\/societe\/","name":"Soci\u00e9t\u00e9 - SP \u00c9quipements - Achat ou location de mat\u00e9riel","isPartOf":{"@id":"https:\/\/www.sp-equipements.com\/site\/#website"},"datePublished":"2019-05-17T08:52:44+00:00","dateModified":"2022-10-03T13:28:04+00:00","description":"La Soci\u00e9t\u00e9 POLYEQUIPEMENTS, fond\u00e9e en 1995, met son exp\u00e9rience \u00e0 votre service et vous accompagne dans l\u2019organisation et la r\u00e9ussite de vos \u00e9v\u00e9nements.","breadcrumb":{"@id":"https:\/\/www.sp-equipements.com\/site\/societe\/#breadcrumb"},"inLanguage":"fr-FR","potentialAction":[{"@type":"ReadAction","target":["https:\/\/www.sp-equipements.com\/site\/societe\/"]}]},{"@type":"BreadcrumbList","@id":"https:\/\/www.sp-equipements.com\/site\/societe\/#breadcrumb","itemListElement":[{"@type":"ListItem","position":1,"name":"Accueil","item":"https:\/\/www.sp-equipements.com\/site\/"},{"@type":"ListItem","position":2,"name":"Soci\u00e9t\u00e9"}]},{"@type":"WebSite","@id":"https:\/\/www.sp-equipements.com\/site\/#website","url":"https:\/\/www.sp-equipements.com\/site\/","name":"SP \u00c9quipements","description":"\u00c9quipements de collectivit\u00e9s","potentialAction":[{"@type":"SearchAction","target":{"@type":"EntryPoint","urlTemplate":"https:\/\/www.sp-equipements.com\/site\/?s={search_term_string}"},"query-input":"required name=search_term_string"}],"inLanguage":"fr-FR"}]}},"_links":{"self":[{"href":"https:\/\/www.sp-equipements.com\/site\/wp-json\/wp\/v2\/pages\/19684"}],"collection":[{"href":"https:\/\/www.sp-equipements.com\/site\/wp-json\/wp\/v2\/pages"}],"about":[{"href":"https:\/\/www.sp-equipements.com\/site\/wp-json\/wp\/v2\/types\/page"}],"author":[{"embeddable":true,"href":"https:\/\/www.sp-equipements.com\/site\/wp-json\/wp\/v2\/users\/1"}],"replies":[{"embeddable":true,"href":"https:\/\/www.sp-equipements.com\/site\/wp-json\/wp\/v2\/comments?post=19684"}],"version-history":[{"count":3,"href":"https:\/\/www.sp-equipements.com\/site\/wp-json\/wp\/v2\/pages\/19684\/revisions"}],"predecessor-version":[{"id":38566,"href":"https:\/\/www.sp-equipements.com\/site\/wp-json\/wp\/v2\/pages\/19684\/revisions\/38566"}],"wp:attachment":[{"href":"https:\/\/www.sp-equipements.com\/site\/wp-json\/wp\/v2\/media?parent=19684"}],"curies":[{"name":"wp","href":"https:\/\/api.w.org\/{rel}","templated":true}]}}