{"id":19690,"date":"2019-05-17T11:02:20","date_gmt":"2019-05-17T09:02:20","guid":{"rendered":"http:\/\/www.polyequipements.com\/?page_id=19690"},"modified":"2022-10-03T15:50:58","modified_gmt":"2022-10-03T13:50:58","slug":"nos-references","status":"publish","type":"page","link":"https:\/\/www.sp-equipements.com\/site\/nos-references\/","title":{"rendered":"Nos r\u00e9f\u00e9rences"},"content":{"rendered":"<div class=\"fusion-fullwidth fullwidth-box nonhundred-percent-fullwidth non-hundred-percent-height-scrolling\"  style='background-color: #ffffff;background-position: center center;background-repeat: no-repeat;padding-top:0px;padding-right:0px;padding-bottom:0px;padding-left:0px;'><div class=\"fusion-builder-row fusion-row \"><div  class=\"fusion-layout-column fusion_builder_column fusion_builder_column_1_1 fusion-builder-column-1 fusion-one-full fusion-column-first fusion-column-last 1_1\"  style='margin-top:15px;margin-bottom:15px;'>\n\t\t\t\t\t<div class=\"fusion-column-wrapper\" style=\"padding: 0px 0px 0px 0px;background-position:left top;background-repeat:no-repeat;-webkit-background-size:cover;-moz-background-size:cover;-o-background-size:cover;background-size:cover;\"   data-bg-url=\"\">\n\t\t\t\t\t\t<div class=\"fusion-text\"><h1><span style=\"text-decoration: underline; color: #2081b5;\">NOS R\u00c9F\u00c9RENCES<\/span><\/h1>\n<\/div><div class=\"fusion-clearfix\"><\/div>\n\n\t\t\t\t\t<\/div>\n\t\t\t\t<\/div><div  class=\"fusion-layout-column fusion_builder_column fusion_builder_column_1_2 fusion-builder-column-2 fusion-one-half fusion-column-first 1_2\"  style='margin-top:15px;margin-bottom:15px;width:50%;width:calc(50% - ( ( 4% ) * 0.5 ) );margin-right: 4%;'>\n\t\t\t\t\t<div class=\"fusion-column-wrapper\" style=\"padding: 0px 0px 0px 0px;background-position:left top;background-repeat:no-repeat;-webkit-background-size:cover;-moz-background-size:cover;-o-background-size:cover;background-size:cover;\"   data-bg-url=\"\">\n\t\t\t\t\t\t<div class=\"fusion-text\"><p class=\"des\">Mairie de Viry Ch\u00e2tillon 91<\/p>\n<p class=\"des\">Mairie de Nice 06<\/p>\n<p class=\"des\">Mairie de Troyes 10<\/p>\n<p class=\"des\">Mairie de Saint Denis 93<\/p>\n<p class=\"des\">Mairie de Pau 64<\/p>\n<p class=\"des\">Mairie de Beauvais 60<\/p>\n<p class=\"des\">Mairie de Chaville 92<\/p>\n<p class=\"des\">Mairie de Champigny sur Marne 94<\/p>\n<p class=\"des\">Mairie de Nogent Sur Marne 94<\/p>\n<p class=\"des\">Mairie de Villeneuve le Roi 94<\/p>\n<p class=\"des\">Mairie de St Thibault les Vignes 77<\/p>\n<p class=\"des\">Maire de Charenton le Pont 94<\/p>\n<p class=\"des\">Mairie de Provins 77<\/p>\n<p class=\"des\">Mairie de Villeneuve St Georges 94<\/p>\n<p class=\"des\">Mairie de Moissy Cramayel 77<\/p>\n<p class=\"des\">Mairie de Grigny 91<\/p>\n<p class=\"des\">Mairie d&rsquo;Evry 91<\/p>\n<p class=\"des\">Mairie de Colombes 92<\/p>\n<p class=\"des\">Mairie de Bourg la Reine 92<\/p>\n<p class=\"des\">Mairie du Plessis Robinson 92<\/p>\n<p class=\"des\">Mairie de Puteaux 92<\/p>\n<p class=\"des\">Mairie de Vitry Sur Seine 94<\/p>\n<p class=\"des\">Mairie de Chassieu 69<\/p>\n<p class=\"des\">Mairie de Bordeaux 33<\/p>\n<p class=\"des\">Mairie de Magny Les Hameaux 78<\/p>\n<p class=\"des\">Mairie de Langres 52<\/p>\n<p class=\"des\">Mairie de Rennes 35<\/p>\n<p class=\"des\">Mairie de Carcassonne 11<\/p>\n<p class=\"des\">Mairie de Croissy Beaubourg 77<\/p>\n<p class=\"des\">Mairie de Sevran 93<\/p>\n<p class=\"des\">Mairie de St Nazaire 44<\/p>\n<p class=\"des\">Mairie de Grenoble 38<\/p>\n<p class=\"des\">Mairie de Miramont de Comminges 31<\/p>\n<p class=\"des\">Mairie de Draguignan 83<\/p>\n<p class=\"des\">Mairie de Charleville-M\u00e9zi\u00e8res 08<\/p>\n<p class=\"des\">Mairie de Linselles 59<\/p>\n<p class=\"des\">Mairie de Aulnay sous bois 93<\/p>\n<p class=\"des\">Mairie d&rsquo;Aubergenville 78<\/p>\n<p class=\"des\">Mairie de Conflans 78<\/p>\n<p class=\"des\">Mairie de Montreuil 93<\/p>\n<p class=\"des\">Mairie de Bezons 95<\/p>\n<p class=\"des\">Mairie de Nevers 58<\/p>\n<\/div><div class=\"fusion-clearfix\"><\/div>\n\n\t\t\t\t\t<\/div>\n\t\t\t\t<\/div><div  class=\"fusion-layout-column fusion_builder_column fusion_builder_column_1_2 fusion-builder-column-3 fusion-one-half fusion-column-last 1_2\"  style='margin-top:15px;margin-bottom:15px;width:50%;width:calc(50% - ( ( 4% ) * 0.5 ) );'>\n\t\t\t\t\t<div class=\"fusion-column-wrapper\" style=\"padding: 0px 0px 0px 0px;background-position:left top;background-repeat:no-repeat;-webkit-background-size:cover;-moz-background-size:cover;-o-background-size:cover;background-size:cover;\"   data-bg-url=\"\">\n\t\t\t\t\t\t<div class=\"fusion-text\"><p class=\"des\">Mairie du Mans 72<\/p>\n<p class=\"des\">Mairie de Dammarie les Lys 77<\/p>\n<p class=\"des\">Mairie de Lognes 77<\/p>\n<p class=\"des\">Mairie d&rsquo;Ach\u00e8res 78<\/p>\n<p class=\"des\">Mairie de Clichy la Garenne 92<\/p>\n<p class=\"des\">Mairie de Saint Mand\u00e9 94<\/p>\n<p class=\"des\">Mairie de Neuilly sur Seine 92<\/p>\n<p class=\"des\">Mairie de Stains 93<\/p>\n<p class=\"des\">Mairie de Romainville 93<\/p>\n<p class=\"des\">Mairie de Ris-Orangis<\/p>\n<p class=\"des\">Mairie de Clamart 92<\/p>\n<p class=\"des\">Mairie de St Avold 57<\/p>\n<p class=\"des\">Minist\u00e8re de l&rsquo;Education Nationale 75<\/p>\n<p class=\"des\">Mairie de Cenon 33<\/p>\n<p class=\"des\">EUROCOPTER 93<\/p>\n<p class=\"des\">EDF GDF 93<\/p>\n<p class=\"des\">RATP 75<\/p>\n<p class=\"des\">SDIS 73<\/p>\n<p class=\"des\">TNT URSAFF CONSEIL GAL DES HAUTS DE SEINE 92<\/p>\n<p class=\"des\">CONSEIL GAL VAL DE MARNE 94<\/p>\n<p class=\"des\">CONSEIL GAL SEINE ET MARNE 77<\/p>\n<p class=\"des\">CONSEIL GAL SEINE MARITIME 76<\/p>\n<p class=\"des\">SAN SENART 91<\/p>\n<p class=\"des\">URSSAF De Paris 75<\/p>\n<p class=\"des\">Conseil G\u00e9n\u00e9ral des Hauts de Seine 92<\/p>\n<p class=\"des\">Minist\u00e8re de l&rsquo;\u00e9ducation Nationale, Minist\u00e8re de la d\u00e9fense, etc.<\/p>\n<\/div><div class=\"fusion-clearfix\"><\/div>\n\n\t\t\t\t\t<\/div>\n\t\t\t\t<\/div><\/div><\/div>\n","protected":false},"excerpt":{"rendered":"","protected":false},"author":1,"featured_media":0,"parent":0,"menu_order":0,"comment_status":"closed","ping_status":"closed","template":"","meta":{"footnotes":""},"yoast_head":"<!-- This site is optimized with the Yoast SEO plugin v22.2 - https:\/\/yoast.com\/wordpress\/plugins\/seo\/ -->\n<title>Nos r\u00e9f\u00e9rences - SP \u00c9quipements - Location ou achat de mat\u00e9riel<\/title>\n<meta name=\"description\" content=\"Nous travaillons habituellement avec de nombreuses mairies et des grands comptes en proposant le meilleur mat\u00e9riel possible selon leurs besoins.\" \/>\n<meta name=\"robots\" content=\"index, follow, max-snippet:-1, max-image-preview:large, max-video-preview:-1\" \/>\n<link rel=\"canonical\" href=\"https:\/\/www.sp-equipements.com\/site\/nos-references\/\" \/>\n<meta property=\"og:locale\" content=\"fr_FR\" \/>\n<meta property=\"og:type\" content=\"article\" \/>\n<meta property=\"og:title\" content=\"Nos r\u00e9f\u00e9rences - SP \u00c9quipements - Location ou achat de mat\u00e9riel\" \/>\n<meta property=\"og:description\" content=\"Nous travaillons habituellement avec de nombreuses mairies et des grands comptes en proposant le meilleur mat\u00e9riel possible selon leurs besoins.\" \/>\n<meta property=\"og:url\" content=\"https:\/\/www.sp-equipements.com\/site\/nos-references\/\" \/>\n<meta property=\"og:site_name\" content=\"SP \u00c9quipements\" \/>\n<meta property=\"article:modified_time\" content=\"2022-10-03T13:50:58+00:00\" \/>\n<meta name=\"twitter:card\" content=\"summary_large_image\" \/>\n<meta name=\"twitter:label1\" content=\"Dur\u00e9e de lecture estim\u00e9e\" \/>\n\t<meta name=\"twitter:data1\" content=\"4 minutes\" \/>\n<script type=\"application\/ld+json\" class=\"yoast-schema-graph\">{\"@context\":\"https:\/\/schema.org\",\"@graph\":[{\"@type\":\"WebPage\",\"@id\":\"https:\/\/www.sp-equipements.com\/site\/nos-references\/\",\"url\":\"https:\/\/www.sp-equipements.com\/site\/nos-references\/\",\"name\":\"Nos r\u00e9f\u00e9rences - SP \u00c9quipements - Location ou achat de mat\u00e9riel\",\"isPartOf\":{\"@id\":\"https:\/\/www.sp-equipements.com\/site\/#website\"},\"datePublished\":\"2019-05-17T09:02:20+00:00\",\"dateModified\":\"2022-10-03T13:50:58+00:00\",\"description\":\"Nous travaillons habituellement avec de nombreuses mairies et des grands comptes en proposant le meilleur mat\u00e9riel possible selon leurs besoins.\",\"breadcrumb\":{\"@id\":\"https:\/\/www.sp-equipements.com\/site\/nos-references\/#breadcrumb\"},\"inLanguage\":\"fr-FR\",\"potentialAction\":[{\"@type\":\"ReadAction\",\"target\":[\"https:\/\/www.sp-equipements.com\/site\/nos-references\/\"]}]},{\"@type\":\"BreadcrumbList\",\"@id\":\"https:\/\/www.sp-equipements.com\/site\/nos-references\/#breadcrumb\",\"itemListElement\":[{\"@type\":\"ListItem\",\"position\":1,\"name\":\"Accueil\",\"item\":\"https:\/\/www.sp-equipements.com\/site\/\"},{\"@type\":\"ListItem\",\"position\":2,\"name\":\"Nos r\u00e9f\u00e9rences\"}]},{\"@type\":\"WebSite\",\"@id\":\"https:\/\/www.sp-equipements.com\/site\/#website\",\"url\":\"https:\/\/www.sp-equipements.com\/site\/\",\"name\":\"SP \u00c9quipements\",\"description\":\"\u00c9quipements de collectivit\u00e9s\",\"potentialAction\":[{\"@type\":\"SearchAction\",\"target\":{\"@type\":\"EntryPoint\",\"urlTemplate\":\"https:\/\/www.sp-equipements.com\/site\/?s={search_term_string}\"},\"query-input\":\"required name=search_term_string\"}],\"inLanguage\":\"fr-FR\"}]}<\/script>\n<!-- \/ Yoast SEO plugin. -->","yoast_head_json":{"title":"Nos r\u00e9f\u00e9rences - SP \u00c9quipements - Location ou achat de mat\u00e9riel","description":"Nous travaillons habituellement avec de nombreuses mairies et des grands comptes en proposant le meilleur mat\u00e9riel possible selon leurs besoins.","robots":{"index":"index","follow":"follow","max-snippet":"max-snippet:-1","max-image-preview":"max-image-preview:large","max-video-preview":"max-video-preview:-1"},"canonical":"https:\/\/www.sp-equipements.com\/site\/nos-references\/","og_locale":"fr_FR","og_type":"article","og_title":"Nos r\u00e9f\u00e9rences - SP \u00c9quipements - Location ou achat de mat\u00e9riel","og_description":"Nous travaillons habituellement avec de nombreuses mairies et des grands comptes en proposant le meilleur mat\u00e9riel possible selon leurs besoins.","og_url":"https:\/\/www.sp-equipements.com\/site\/nos-references\/","og_site_name":"SP \u00c9quipements","article_modified_time":"2022-10-03T13:50:58+00:00","twitter_card":"summary_large_image","twitter_misc":{"Dur\u00e9e de lecture estim\u00e9e":"4 minutes"},"schema":{"@context":"https:\/\/schema.org","@graph":[{"@type":"WebPage","@id":"https:\/\/www.sp-equipements.com\/site\/nos-references\/","url":"https:\/\/www.sp-equipements.com\/site\/nos-references\/","name":"Nos r\u00e9f\u00e9rences - SP \u00c9quipements - Location ou achat de mat\u00e9riel","isPartOf":{"@id":"https:\/\/www.sp-equipements.com\/site\/#website"},"datePublished":"2019-05-17T09:02:20+00:00","dateModified":"2022-10-03T13:50:58+00:00","description":"Nous travaillons habituellement avec de nombreuses mairies et des grands comptes en proposant le meilleur mat\u00e9riel possible selon leurs besoins.","breadcrumb":{"@id":"https:\/\/www.sp-equipements.com\/site\/nos-references\/#breadcrumb"},"inLanguage":"fr-FR","potentialAction":[{"@type":"ReadAction","target":["https:\/\/www.sp-equipements.com\/site\/nos-references\/"]}]},{"@type":"BreadcrumbList","@id":"https:\/\/www.sp-equipements.com\/site\/nos-references\/#breadcrumb","itemListElement":[{"@type":"ListItem","position":1,"name":"Accueil","item":"https:\/\/www.sp-equipements.com\/site\/"},{"@type":"ListItem","position":2,"name":"Nos r\u00e9f\u00e9rences"}]},{"@type":"WebSite","@id":"https:\/\/www.sp-equipements.com\/site\/#website","url":"https:\/\/www.sp-equipements.com\/site\/","name":"SP \u00c9quipements","description":"\u00c9quipements de collectivit\u00e9s","potentialAction":[{"@type":"SearchAction","target":{"@type":"EntryPoint","urlTemplate":"https:\/\/www.sp-equipements.com\/site\/?s={search_term_string}"},"query-input":"required name=search_term_string"}],"inLanguage":"fr-FR"}]}},"_links":{"self":[{"href":"https:\/\/www.sp-equipements.com\/site\/wp-json\/wp\/v2\/pages\/19690"}],"collection":[{"href":"https:\/\/www.sp-equipements.com\/site\/wp-json\/wp\/v2\/pages"}],"about":[{"href":"https:\/\/www.sp-equipements.com\/site\/wp-json\/wp\/v2\/types\/page"}],"author":[{"embeddable":true,"href":"https:\/\/www.sp-equipements.com\/site\/wp-json\/wp\/v2\/users\/1"}],"replies":[{"embeddable":true,"href":"https:\/\/www.sp-equipements.com\/site\/wp-json\/wp\/v2\/comments?post=19690"}],"version-history":[{"count":3,"href":"https:\/\/www.sp-equipements.com\/site\/wp-json\/wp\/v2\/pages\/19690\/revisions"}],"predecessor-version":[{"id":38573,"href":"https:\/\/www.sp-equipements.com\/site\/wp-json\/wp\/v2\/pages\/19690\/revisions\/38573"}],"wp:attachment":[{"href":"https:\/\/www.sp-equipements.com\/site\/wp-json\/wp\/v2\/media?parent=19690"}],"curies":[{"name":"wp","href":"https:\/\/api.w.org\/{rel}","templated":true}]}}