{"id":19733,"date":"2019-05-18T18:58:42","date_gmt":"2019-05-18T16:58:42","guid":{"rendered":"http:\/\/www.polyequipements.com\/?page_id=19733"},"modified":"2022-10-03T15:35:54","modified_gmt":"2022-10-03T13:35:54","slug":"assurances-de-location","status":"publish","type":"page","link":"https:\/\/www.sp-equipements.com\/site\/assurances-de-location\/","title":{"rendered":"Assurances de location"},"content":{"rendered":"<div class=\"fusion-fullwidth fullwidth-box nonhundred-percent-fullwidth non-hundred-percent-height-scrolling\"  style='background-color: #ffffff;background-position: center center;background-repeat: no-repeat;padding-top:0px;padding-right:0px;padding-bottom:0px;padding-left:0px;'><div class=\"fusion-builder-row fusion-row \"><div  class=\"fusion-layout-column fusion_builder_column fusion_builder_column_1_1 fusion-builder-column-1 fusion-one-full fusion-column-first fusion-column-last 1_1\"  style='margin-top:0px;margin-bottom:0px;'>\n\t\t\t\t\t<div class=\"fusion-column-wrapper\" style=\"padding: 0px 0px 0px 0px;background-position:left top;background-repeat:no-repeat;-webkit-background-size:cover;-moz-background-size:cover;-o-background-size:cover;background-size:cover;\"   data-bg-url=\"\">\n\t\t\t\t\t\t<div class=\"fusion-text\"><h1 class=\"c\"><span style=\"text-decoration: underline; color: #2081b5;\">ASSURANCES DU MATERIEL EN LOCATION<\/span><\/h1>\n<p>La responsabilit\u00e9 et la garde mat\u00e9rielle et juridique du mat\u00e9riel lou\u00e9 sont transf\u00e9r\u00e9s lors de leur mise \u00e0 disposition. Le client donneur d&rsquo;ordre assume cette garde sous son enti\u00e8re et seule responsabilit\u00e9. Pendant toute la dur\u00e9e de mise \u00e0 disposition, le locataire est tenu de prot\u00e9ger le mat\u00e9riel contre toute d\u00e9gradation.<\/p>\n<p>Pour toute contestation ou litige, seuls les tribunaux d&rsquo;Evry seront comp\u00e9tents, \u00e0 l&rsquo;exception de tout autre juridiction m\u00eame arbitraire.<\/p>\n<p>Deux options s&rsquo;offrent \u00e0 vous :<\/p>\n<h2 class=\"condi\"><span style=\"color: #2081b5;\">I &#8211; Assurance du mat\u00e9riel lou\u00e9 \u00e0 votre charge<\/span><\/h2>\n<p>Le mat\u00e9riel est sous la seule et enti\u00e8re responsabilit\u00e9 du locataire. Il doit absolument \u00eatre assur\u00e9 aupr\u00e8s d&rsquo;une compagnie fran\u00e7aise notoire solvable, contre les risques suivants :<\/p>\n<p>Incendie, chute de la foudre, explosions, chute d&rsquo;appareils de navigation a\u00e9rienne et d&rsquo;engins spatiaux, effondrement, bris de glace, vol, choc d&rsquo;un v\u00e9hicule terrestre \u00e0 moteur identifi\u00e9 ou non, fum\u00e9es, temp\u00eate, gr\u00eale et neige sur les mat\u00e9riels d&rsquo;exploitation en plein air (y compris les structures l\u00e9g\u00e8res), d\u00e9g\u00e2ts des liquides et gels, actes de vandalismes et attentats, catastrophes naturelles.<\/p>\n<h2 class=\"condi\"><span style=\"color: #2081b5;\">II &#8211; Assurance mat\u00e9rielle facultative multirisque pour d\u00e9gradation et vol<\/span><\/h2>\n<p>Vous pouvez aussi b\u00e9n\u00e9ficier des garanties d\u00e9crites ci-dessus en souscrivant une assurance mat\u00e9rielle chez nous.<\/p>\n<p>Cette assurance vous assure contre les d\u00e9gradations \u00e9ventuelles et accidentelles que pourront subir le mat\u00e9riel lou\u00e9.<\/p>\n<p>Elle vous assure aussi contre le vol sous pr\u00e9sentation d&rsquo;une d\u00e9claration de vol et apr\u00e8s paiement de la franchise. Nous assurons un remplacement du mat\u00e9riel d\u00e9grad\u00e9 ou vol\u00e9 pendant le d\u00e9roulement de votre manifestation.<\/p>\n<p class=\"condi\">Cette assurance couvre uniquement les dommages subis par le mat\u00e9riel assur\u00e9 chez nous, et en aucun cas les dommages subis ou caus\u00e9s par le mat\u00e9riel lou\u00e9.<\/p>\n<\/div>\n<div class=\"table-1\">\n<h2 style=\"text-align: center;\"><span style=\"color: #2081b5;\">MONTANT TTC DE L&rsquo; ASSURANCE MULTIRISQUE<\/span><\/h2>\n<table width=\"100%\">\n<thead>\n<tr>\n<th align=\"left\">Montant ttc de la prestions<\/th>\n<th align=\"left\">Montant de l&rsquo;assurance<\/th>\n<th align=\"left\">Montant de la franchise<\/th>\n<\/tr>\n<\/thead>\n<tbody>\n<tr>\n<td align=\"left\">Inf\u00e9rieur \u00e0 5000\u20ac<\/td>\n<td align=\"left\">8%\u00a0<em>(minimum \u00e0 payer 100\u20ac)<\/em><\/td>\n<td align=\"left\"><em>10% du montant total de la location<\/em><\/td>\n<\/tr>\n<tr>\n<td align=\"left\">De\u00a0 5\u00a0000\u00a0 \u00e0 10\u00a0000 \u20ac<\/td>\n<td align=\"left\">7.5%<\/td>\n<td align=\"left\"><\/td>\n<\/tr>\n<tr>\n<td align=\"left\">De 10\u00a0000 \u00e0 15\u00a0000 \u20ac<\/td>\n<td align=\"left\">6%<\/td>\n<td align=\"left\"><\/td>\n<\/tr>\n<tr>\n<td align=\"left\">De 15\u00a0000 \u00e0 20\u00a0000 \u20ac<\/td>\n<td align=\"left\">5.5%<\/td>\n<td align=\"left\"><\/td>\n<\/tr>\n<tr>\n<td align=\"left\">De 20\u00a0000 \u00e0 25\u00a0000 \u20ac<\/td>\n<td align=\"left\">5%<\/td>\n<td align=\"left\"><\/td>\n<\/tr>\n<\/tbody>\n<\/table>\n<\/div>\n<div class=\"fusion-clearfix\"><\/div>\n\n\t\t\t\t\t<\/div>\n\t\t\t\t<\/div><\/div><\/div>\n","protected":false},"excerpt":{"rendered":"","protected":false},"author":1,"featured_media":0,"parent":0,"menu_order":0,"comment_status":"closed","ping_status":"closed","template":"","meta":{"footnotes":""},"yoast_head":"<!-- This site is optimized with the Yoast SEO plugin v22.2 - https:\/\/yoast.com\/wordpress\/plugins\/seo\/ -->\n<title>Assurances de location - SP \u00c9quipements - Location ou achat de mat\u00e9riel<\/title>\n<meta name=\"description\" content=\"Cette assurance vous assure contre les d\u00e9gradations \u00e9ventuelles et accidentelles que pourront subir le mat\u00e9riel lou\u00e9. Cliquez ici pour plus d&#039;informations.\" \/>\n<meta name=\"robots\" content=\"index, follow, max-snippet:-1, max-image-preview:large, max-video-preview:-1\" \/>\n<link rel=\"canonical\" href=\"https:\/\/www.sp-equipements.com\/site\/assurances-de-location\/\" \/>\n<meta property=\"og:locale\" content=\"fr_FR\" \/>\n<meta property=\"og:type\" content=\"article\" \/>\n<meta property=\"og:title\" content=\"Assurances de location - SP \u00c9quipements - Location ou achat de mat\u00e9riel\" \/>\n<meta property=\"og:description\" content=\"Cette assurance vous assure contre les d\u00e9gradations \u00e9ventuelles et accidentelles que pourront subir le mat\u00e9riel lou\u00e9. Cliquez ici pour plus d&#039;informations.\" \/>\n<meta property=\"og:url\" content=\"https:\/\/www.sp-equipements.com\/site\/assurances-de-location\/\" \/>\n<meta property=\"og:site_name\" content=\"SP \u00c9quipements\" \/>\n<meta property=\"article:modified_time\" content=\"2022-10-03T13:35:54+00:00\" \/>\n<meta name=\"twitter:card\" content=\"summary_large_image\" \/>\n<meta name=\"twitter:label1\" content=\"Dur\u00e9e de lecture estim\u00e9e\" \/>\n\t<meta name=\"twitter:data1\" content=\"3 minutes\" \/>\n<script type=\"application\/ld+json\" class=\"yoast-schema-graph\">{\"@context\":\"https:\/\/schema.org\",\"@graph\":[{\"@type\":\"WebPage\",\"@id\":\"https:\/\/www.sp-equipements.com\/site\/assurances-de-location\/\",\"url\":\"https:\/\/www.sp-equipements.com\/site\/assurances-de-location\/\",\"name\":\"Assurances de location - SP \u00c9quipements - Location ou achat de mat\u00e9riel\",\"isPartOf\":{\"@id\":\"https:\/\/www.sp-equipements.com\/site\/#website\"},\"datePublished\":\"2019-05-18T16:58:42+00:00\",\"dateModified\":\"2022-10-03T13:35:54+00:00\",\"description\":\"Cette assurance vous assure contre les d\u00e9gradations \u00e9ventuelles et accidentelles que pourront subir le mat\u00e9riel lou\u00e9. Cliquez ici pour plus d'informations.\",\"breadcrumb\":{\"@id\":\"https:\/\/www.sp-equipements.com\/site\/assurances-de-location\/#breadcrumb\"},\"inLanguage\":\"fr-FR\",\"potentialAction\":[{\"@type\":\"ReadAction\",\"target\":[\"https:\/\/www.sp-equipements.com\/site\/assurances-de-location\/\"]}]},{\"@type\":\"BreadcrumbList\",\"@id\":\"https:\/\/www.sp-equipements.com\/site\/assurances-de-location\/#breadcrumb\",\"itemListElement\":[{\"@type\":\"ListItem\",\"position\":1,\"name\":\"Accueil\",\"item\":\"https:\/\/www.sp-equipements.com\/site\/\"},{\"@type\":\"ListItem\",\"position\":2,\"name\":\"Assurances de location\"}]},{\"@type\":\"WebSite\",\"@id\":\"https:\/\/www.sp-equipements.com\/site\/#website\",\"url\":\"https:\/\/www.sp-equipements.com\/site\/\",\"name\":\"SP \u00c9quipements\",\"description\":\"\u00c9quipements de collectivit\u00e9s\",\"potentialAction\":[{\"@type\":\"SearchAction\",\"target\":{\"@type\":\"EntryPoint\",\"urlTemplate\":\"https:\/\/www.sp-equipements.com\/site\/?s={search_term_string}\"},\"query-input\":\"required name=search_term_string\"}],\"inLanguage\":\"fr-FR\"}]}<\/script>\n<!-- \/ Yoast SEO plugin. -->","yoast_head_json":{"title":"Assurances de location - SP \u00c9quipements - Location ou achat de mat\u00e9riel","description":"Cette assurance vous assure contre les d\u00e9gradations \u00e9ventuelles et accidentelles que pourront subir le mat\u00e9riel lou\u00e9. Cliquez ici pour plus d'informations.","robots":{"index":"index","follow":"follow","max-snippet":"max-snippet:-1","max-image-preview":"max-image-preview:large","max-video-preview":"max-video-preview:-1"},"canonical":"https:\/\/www.sp-equipements.com\/site\/assurances-de-location\/","og_locale":"fr_FR","og_type":"article","og_title":"Assurances de location - SP \u00c9quipements - Location ou achat de mat\u00e9riel","og_description":"Cette assurance vous assure contre les d\u00e9gradations \u00e9ventuelles et accidentelles que pourront subir le mat\u00e9riel lou\u00e9. Cliquez ici pour plus d'informations.","og_url":"https:\/\/www.sp-equipements.com\/site\/assurances-de-location\/","og_site_name":"SP \u00c9quipements","article_modified_time":"2022-10-03T13:35:54+00:00","twitter_card":"summary_large_image","twitter_misc":{"Dur\u00e9e de lecture estim\u00e9e":"3 minutes"},"schema":{"@context":"https:\/\/schema.org","@graph":[{"@type":"WebPage","@id":"https:\/\/www.sp-equipements.com\/site\/assurances-de-location\/","url":"https:\/\/www.sp-equipements.com\/site\/assurances-de-location\/","name":"Assurances de location - SP \u00c9quipements - Location ou achat de mat\u00e9riel","isPartOf":{"@id":"https:\/\/www.sp-equipements.com\/site\/#website"},"datePublished":"2019-05-18T16:58:42+00:00","dateModified":"2022-10-03T13:35:54+00:00","description":"Cette assurance vous assure contre les d\u00e9gradations \u00e9ventuelles et accidentelles que pourront subir le mat\u00e9riel lou\u00e9. Cliquez ici pour plus d'informations.","breadcrumb":{"@id":"https:\/\/www.sp-equipements.com\/site\/assurances-de-location\/#breadcrumb"},"inLanguage":"fr-FR","potentialAction":[{"@type":"ReadAction","target":["https:\/\/www.sp-equipements.com\/site\/assurances-de-location\/"]}]},{"@type":"BreadcrumbList","@id":"https:\/\/www.sp-equipements.com\/site\/assurances-de-location\/#breadcrumb","itemListElement":[{"@type":"ListItem","position":1,"name":"Accueil","item":"https:\/\/www.sp-equipements.com\/site\/"},{"@type":"ListItem","position":2,"name":"Assurances de location"}]},{"@type":"WebSite","@id":"https:\/\/www.sp-equipements.com\/site\/#website","url":"https:\/\/www.sp-equipements.com\/site\/","name":"SP \u00c9quipements","description":"\u00c9quipements de collectivit\u00e9s","potentialAction":[{"@type":"SearchAction","target":{"@type":"EntryPoint","urlTemplate":"https:\/\/www.sp-equipements.com\/site\/?s={search_term_string}"},"query-input":"required name=search_term_string"}],"inLanguage":"fr-FR"}]}},"_links":{"self":[{"href":"https:\/\/www.sp-equipements.com\/site\/wp-json\/wp\/v2\/pages\/19733"}],"collection":[{"href":"https:\/\/www.sp-equipements.com\/site\/wp-json\/wp\/v2\/pages"}],"about":[{"href":"https:\/\/www.sp-equipements.com\/site\/wp-json\/wp\/v2\/types\/page"}],"author":[{"embeddable":true,"href":"https:\/\/www.sp-equipements.com\/site\/wp-json\/wp\/v2\/users\/1"}],"replies":[{"embeddable":true,"href":"https:\/\/www.sp-equipements.com\/site\/wp-json\/wp\/v2\/comments?post=19733"}],"version-history":[{"count":3,"href":"https:\/\/www.sp-equipements.com\/site\/wp-json\/wp\/v2\/pages\/19733\/revisions"}],"predecessor-version":[{"id":38568,"href":"https:\/\/www.sp-equipements.com\/site\/wp-json\/wp\/v2\/pages\/19733\/revisions\/38568"}],"wp:attachment":[{"href":"https:\/\/www.sp-equipements.com\/site\/wp-json\/wp\/v2\/media?parent=19733"}],"curies":[{"name":"wp","href":"https:\/\/api.w.org\/{rel}","templated":true}]}}