{"id":19735,"date":"2019-05-18T19:00:23","date_gmt":"2019-05-18T17:00:23","guid":{"rendered":"http:\/\/www.polyequipements.com\/?page_id=19735"},"modified":"2022-10-03T15:49:50","modified_gmt":"2022-10-03T13:49:50","slug":"mentions-legales","status":"publish","type":"page","link":"https:\/\/www.sp-equipements.com\/site\/mentions-legales\/","title":{"rendered":"Mentions l\u00e9gales"},"content":{"rendered":"<div class=\"fusion-fullwidth fullwidth-box nonhundred-percent-fullwidth non-hundred-percent-height-scrolling\"  style='background-color: #ffffff;background-position: center center;background-repeat: no-repeat;padding-top:0px;padding-right:0px;padding-bottom:0px;padding-left:0px;'><div class=\"fusion-builder-row fusion-row \"><div  class=\"fusion-layout-column fusion_builder_column fusion_builder_column_1_1 fusion-builder-column-1 fusion-one-full fusion-column-first fusion-column-last 1_1\"  style='margin-top:0px;margin-bottom:0px;'>\n\t\t\t\t\t<div class=\"fusion-column-wrapper\" style=\"padding: 0px 0px 0px 0px;background-position:left top;background-repeat:no-repeat;-webkit-background-size:cover;-moz-background-size:cover;-o-background-size:cover;background-size:cover;\"   data-bg-url=\"\">\n\t\t\t\t\t\t<div class=\"fusion-text\"><div id=\"principal\">\n<div id=\"contener\">\n<h1 class=\"c\"><span style=\"text-decoration: underline; color: #2081b5;\">MENTIONS LEGALES<\/span><\/h1>\n<p class=\"des\"><strong>Propri\u00e9t\u00e9 et responsabilit\u00e9 \u00e9ditoriale<\/strong><\/p>\n<p class=\"des\">Le pr\u00e9sent site est la propri\u00e9t\u00e9 de : SAS SP EQUIPEMENTS, dont le si\u00e8ge est 6, chemin du moulin &#8211; BP14 &#8211; 91351 GRIGNY. T\u00e9l : 01 69 06 44 22. Inscrite au Registre du Commerce et des Soci\u00e9t\u00e9s de PARIS sous le num\u00e9ro de SIRET 887 746 121 et sous le num\u00e9ro de TVA Intracommunautaire FR70887746121.<\/p>\n<p class=\"des\">Le directeur de la publication du pr\u00e9sent site est Monsieur Paul MOUSSAJEE en sa qualit\u00e9 de G\u00e9rant.<\/p>\n<p class=\"des\"><strong>H\u00e9bergement<\/strong><\/p>\n<p class=\"des\">Le prestataire assurant l&rsquo;h\u00e9bergement du site est la soci\u00e9t\u00e9 Experts R\u00e9f\u00e9rencement. 71 avenue de la cour de France &#8211; RN7 &#8211; 91260 Juvisy sur Orge.<\/p>\n<p class=\"des\"><strong>D\u00e9claration du site \u00e0 la CNIL<\/strong><\/p>\n<p class=\"des\">Conform\u00e9ment aux dispositions de la loi n\u00b078-17 du 6 janvier 1978 relative \u00e0 l&rsquo;informatique, aux fichiers et aux libert\u00e9s, le traitement automatis\u00e9 des donn\u00e9es nominatives r\u00e9alis\u00e9 \u00e0 partir de ce site Internet a fait l&rsquo;objet d&rsquo;une d\u00e9claration aupr\u00e8s de la Commission nationale de l&rsquo;informatique et des libert\u00e9s (CNIL).<\/p>\n<p class=\"des\"><strong>Donn\u00e9es nominatives<\/strong><\/p>\n<p class=\"des\">En application de la Loi n\u00b0 78-17 du 6 janvier 1978 relative \u00e0 l&rsquo;Informatique, aux Fichiers et aux Libert\u00e9s, vous disposez des droits d&rsquo;opposition (art. 26 de la loi), d&rsquo;acc\u00e8s (art.34 \u00e0 38 de la loi) et de rectification (art. 36 de la loi) des donn\u00e9es vous concernant.<\/p>\n<p class=\"des\">Ainsi, vous pouvez nous contacter pour que soient rectifi\u00e9es, compl\u00e9t\u00e9es, mises \u00e0 jour ou effac\u00e9es les informations vous concernant qui sont inexactes, incompl\u00e8tes, \u00e9quivoques, p\u00e9rim\u00e9es ou dont la collecte ou l&rsquo;utilisation, la communication ou la conservation est interdite.<\/p>\n<p class=\"des\">Les informations qui vous concernent sont uniquement destin\u00e9es \u00e0 la soci\u00e9t\u00e9 SP EQUIPEMENTS.<\/p>\n<p class=\"des\">Nous ne transmettons ces informations \u00e0 aucuns tiers.<\/p>\n<p class=\"des\"><strong>Propri\u00e9t\u00e9 intellectuelle<\/strong><\/p>\n<p class=\"des\">Le site Internet, sa structure g\u00e9n\u00e9rale, ainsi que les textes, images anim\u00e9es ou non, savoir-faire, dessins, graphismes (&#8230;) et tout autre \u00e9l\u00e9ment composant le site, sont la propri\u00e9t\u00e9 soit de SP EQUIPEMENTS soit de Clients qui auront autoris\u00e9 SP EQUIPEMENTS \u00e0 produire leurs donn\u00e9es.<\/p>\n<p class=\"des\">Toute repr\u00e9sentation totale ou partielle de ce site par quelque proc\u00e9d\u00e9 que ce soit, sans l&rsquo;autorisation expresse de l&rsquo;exploitant du site Internet est interdite et constituerait une contrefa\u00e7on sanctionn\u00e9e par les articles L 335-2 et suivants du Code de la propri\u00e9t\u00e9 intellectuelle.<\/p>\n<p class=\"des\">Les marques de l&rsquo;exploitant du site Internet et de ses partenaires, ainsi que les logos figurant sur le site sont des marques (semi-figuratives ou non) d\u00e9pos\u00e9es.<\/p>\n<p class=\"des\">Toute reproduction totale ou partielle de ces marques ou de ces logos, effectu\u00e9e \u00e0 partir des \u00e9l\u00e9ments du site sans l&rsquo;autorisation expresse de l&rsquo;exploitant du site Internet ou de son ayant-droit est donc prohib\u00e9e, au sens de l&rsquo;article L713-2 du CPI.<\/p>\n<p class=\"des\">Tous droits r\u00e9serv\u00e9s.<\/p>\n<\/div>\n<\/div>\n<\/div><div class=\"fusion-clearfix\"><\/div>\n\n\t\t\t\t\t<\/div>\n\t\t\t\t<\/div><\/div><\/div>\n","protected":false},"excerpt":{"rendered":"","protected":false},"author":1,"featured_media":0,"parent":0,"menu_order":0,"comment_status":"closed","ping_status":"closed","template":"","meta":{"footnotes":""},"yoast_head":"<!-- This site is optimized with the Yoast SEO plugin v22.2 - https:\/\/yoast.com\/wordpress\/plugins\/seo\/ -->\n<title>Mentions l\u00e9gales - SP \u00c9quipements - Location ou achat de mat\u00e9riel<\/title>\n<meta name=\"description\" content=\"Mentions l\u00e9gales . Poly-\u00c9quipements Entreprise individuelle dont le si\u00e8ge est 6, chemin du moulin \u2013 BP14 \u2013 91351 GRIGNY. T\u00e9l : 01 69 06 44 22.\" \/>\n<meta name=\"robots\" content=\"index, follow, max-snippet:-1, max-image-preview:large, max-video-preview:-1\" \/>\n<link rel=\"canonical\" href=\"https:\/\/www.sp-equipements.com\/site\/mentions-legales\/\" \/>\n<meta property=\"og:locale\" content=\"fr_FR\" \/>\n<meta property=\"og:type\" content=\"article\" \/>\n<meta property=\"og:title\" content=\"Mentions l\u00e9gales - SP \u00c9quipements - Location ou achat de mat\u00e9riel\" \/>\n<meta property=\"og:description\" content=\"Mentions l\u00e9gales . Poly-\u00c9quipements Entreprise individuelle dont le si\u00e8ge est 6, chemin du moulin \u2013 BP14 \u2013 91351 GRIGNY. T\u00e9l : 01 69 06 44 22.\" \/>\n<meta property=\"og:url\" content=\"https:\/\/www.sp-equipements.com\/site\/mentions-legales\/\" \/>\n<meta property=\"og:site_name\" content=\"SP \u00c9quipements\" \/>\n<meta property=\"article:modified_time\" content=\"2022-10-03T13:49:50+00:00\" \/>\n<meta name=\"twitter:card\" content=\"summary_large_image\" \/>\n<meta name=\"twitter:label1\" content=\"Dur\u00e9e de lecture estim\u00e9e\" \/>\n\t<meta name=\"twitter:data1\" content=\"3 minutes\" \/>\n<script type=\"application\/ld+json\" class=\"yoast-schema-graph\">{\"@context\":\"https:\/\/schema.org\",\"@graph\":[{\"@type\":\"WebPage\",\"@id\":\"https:\/\/www.sp-equipements.com\/site\/mentions-legales\/\",\"url\":\"https:\/\/www.sp-equipements.com\/site\/mentions-legales\/\",\"name\":\"Mentions l\u00e9gales - SP \u00c9quipements - Location ou achat de mat\u00e9riel\",\"isPartOf\":{\"@id\":\"https:\/\/www.sp-equipements.com\/site\/#website\"},\"datePublished\":\"2019-05-18T17:00:23+00:00\",\"dateModified\":\"2022-10-03T13:49:50+00:00\",\"description\":\"Mentions l\u00e9gales . Poly-\u00c9quipements Entreprise individuelle dont le si\u00e8ge est 6, chemin du moulin \u2013 BP14 \u2013 91351 GRIGNY. T\u00e9l : 01 69 06 44 22.\",\"breadcrumb\":{\"@id\":\"https:\/\/www.sp-equipements.com\/site\/mentions-legales\/#breadcrumb\"},\"inLanguage\":\"fr-FR\",\"potentialAction\":[{\"@type\":\"ReadAction\",\"target\":[\"https:\/\/www.sp-equipements.com\/site\/mentions-legales\/\"]}]},{\"@type\":\"BreadcrumbList\",\"@id\":\"https:\/\/www.sp-equipements.com\/site\/mentions-legales\/#breadcrumb\",\"itemListElement\":[{\"@type\":\"ListItem\",\"position\":1,\"name\":\"Accueil\",\"item\":\"https:\/\/www.sp-equipements.com\/site\/\"},{\"@type\":\"ListItem\",\"position\":2,\"name\":\"Mentions l\u00e9gales\"}]},{\"@type\":\"WebSite\",\"@id\":\"https:\/\/www.sp-equipements.com\/site\/#website\",\"url\":\"https:\/\/www.sp-equipements.com\/site\/\",\"name\":\"SP \u00c9quipements\",\"description\":\"\u00c9quipements de collectivit\u00e9s\",\"potentialAction\":[{\"@type\":\"SearchAction\",\"target\":{\"@type\":\"EntryPoint\",\"urlTemplate\":\"https:\/\/www.sp-equipements.com\/site\/?s={search_term_string}\"},\"query-input\":\"required name=search_term_string\"}],\"inLanguage\":\"fr-FR\"}]}<\/script>\n<!-- \/ Yoast SEO plugin. -->","yoast_head_json":{"title":"Mentions l\u00e9gales - SP \u00c9quipements - Location ou achat de mat\u00e9riel","description":"Mentions l\u00e9gales . Poly-\u00c9quipements Entreprise individuelle dont le si\u00e8ge est 6, chemin du moulin \u2013 BP14 \u2013 91351 GRIGNY. T\u00e9l : 01 69 06 44 22.","robots":{"index":"index","follow":"follow","max-snippet":"max-snippet:-1","max-image-preview":"max-image-preview:large","max-video-preview":"max-video-preview:-1"},"canonical":"https:\/\/www.sp-equipements.com\/site\/mentions-legales\/","og_locale":"fr_FR","og_type":"article","og_title":"Mentions l\u00e9gales - SP \u00c9quipements - Location ou achat de mat\u00e9riel","og_description":"Mentions l\u00e9gales . Poly-\u00c9quipements Entreprise individuelle dont le si\u00e8ge est 6, chemin du moulin \u2013 BP14 \u2013 91351 GRIGNY. T\u00e9l : 01 69 06 44 22.","og_url":"https:\/\/www.sp-equipements.com\/site\/mentions-legales\/","og_site_name":"SP \u00c9quipements","article_modified_time":"2022-10-03T13:49:50+00:00","twitter_card":"summary_large_image","twitter_misc":{"Dur\u00e9e de lecture estim\u00e9e":"3 minutes"},"schema":{"@context":"https:\/\/schema.org","@graph":[{"@type":"WebPage","@id":"https:\/\/www.sp-equipements.com\/site\/mentions-legales\/","url":"https:\/\/www.sp-equipements.com\/site\/mentions-legales\/","name":"Mentions l\u00e9gales - SP \u00c9quipements - Location ou achat de mat\u00e9riel","isPartOf":{"@id":"https:\/\/www.sp-equipements.com\/site\/#website"},"datePublished":"2019-05-18T17:00:23+00:00","dateModified":"2022-10-03T13:49:50+00:00","description":"Mentions l\u00e9gales . Poly-\u00c9quipements Entreprise individuelle dont le si\u00e8ge est 6, chemin du moulin \u2013 BP14 \u2013 91351 GRIGNY. T\u00e9l : 01 69 06 44 22.","breadcrumb":{"@id":"https:\/\/www.sp-equipements.com\/site\/mentions-legales\/#breadcrumb"},"inLanguage":"fr-FR","potentialAction":[{"@type":"ReadAction","target":["https:\/\/www.sp-equipements.com\/site\/mentions-legales\/"]}]},{"@type":"BreadcrumbList","@id":"https:\/\/www.sp-equipements.com\/site\/mentions-legales\/#breadcrumb","itemListElement":[{"@type":"ListItem","position":1,"name":"Accueil","item":"https:\/\/www.sp-equipements.com\/site\/"},{"@type":"ListItem","position":2,"name":"Mentions l\u00e9gales"}]},{"@type":"WebSite","@id":"https:\/\/www.sp-equipements.com\/site\/#website","url":"https:\/\/www.sp-equipements.com\/site\/","name":"SP \u00c9quipements","description":"\u00c9quipements de collectivit\u00e9s","potentialAction":[{"@type":"SearchAction","target":{"@type":"EntryPoint","urlTemplate":"https:\/\/www.sp-equipements.com\/site\/?s={search_term_string}"},"query-input":"required name=search_term_string"}],"inLanguage":"fr-FR"}]}},"_links":{"self":[{"href":"https:\/\/www.sp-equipements.com\/site\/wp-json\/wp\/v2\/pages\/19735"}],"collection":[{"href":"https:\/\/www.sp-equipements.com\/site\/wp-json\/wp\/v2\/pages"}],"about":[{"href":"https:\/\/www.sp-equipements.com\/site\/wp-json\/wp\/v2\/types\/page"}],"author":[{"embeddable":true,"href":"https:\/\/www.sp-equipements.com\/site\/wp-json\/wp\/v2\/users\/1"}],"replies":[{"embeddable":true,"href":"https:\/\/www.sp-equipements.com\/site\/wp-json\/wp\/v2\/comments?post=19735"}],"version-history":[{"count":4,"href":"https:\/\/www.sp-equipements.com\/site\/wp-json\/wp\/v2\/pages\/19735\/revisions"}],"predecessor-version":[{"id":38572,"href":"https:\/\/www.sp-equipements.com\/site\/wp-json\/wp\/v2\/pages\/19735\/revisions\/38572"}],"wp:attachment":[{"href":"https:\/\/www.sp-equipements.com\/site\/wp-json\/wp\/v2\/media?parent=19735"}],"curies":[{"name":"wp","href":"https:\/\/api.w.org\/{rel}","templated":true}]}}