{"id":20040,"date":"2019-06-04T16:56:27","date_gmt":"2019-06-04T14:56:27","guid":{"rendered":"http:\/\/www.polyequipements.com\/produit\/pack-audio-special-festivites\/"},"modified":"2019-06-19T15:29:33","modified_gmt":"2019-06-19T13:29:33","slug":"pack-audio-special-festivites","status":"publish","type":"product","link":"https:\/\/www.sp-equipements.com\/site\/produit\/pack-audio-special-festivites\/","title":{"rendered":"Pack Audio Sp\u00e9cial Festivit\u00e9s"},"content":{"rendered":"","protected":false},"excerpt":{"rendered":"<p>Pack audio sp\u00e9cial festivit\u00e9s comprenant :<\/p>\n<p><b>Deux enceintes<\/b> 12&Prime; amplifi\u00e9e 600W (class D &#8211; compression neodymium) de marque DAS r\u00e9f\u00e9rence AVANT12A.<br \/>\n<b>Deux barres de couplage<\/b> pour enceinte AVANT de marque DAS r\u00e9f\u00e9rence TRD5.<br \/>\n<b>Deux caissons amplifi\u00e9es SUB<\/b> 18&Prime; 750W (class D) de marque DAS r\u00e9f\u00e9rence AVANT18A.<\/p>\n<p><b>Lecteur CD + MP3<\/b> rackable avec USB de marque WORK r\u00e9f\u00e9rence MP2.<br \/>\n<b>Mixeur audio<\/b> rackable 1U 6 entr\u00e9es (2 zones) de marque WORK r\u00e9f\u00e9rence MMX60.<\/p>\n<p><b>Kit de mise en rack<\/b> pour 1 ou 2 recepteurs de marque ClockAudio r\u00e9f\u00e9rence RM9000.<br \/>\n<b>Syst\u00e8me sans fil<\/b> avec \u00e9metteur main dynamique cardio\u00efde de marque ClockAudio r\u00e9f\u00e9rence CW9000.<\/p>\n<p><i>C\u00e2blage non compris.<\/i><\/p>\n","protected":false},"featured_media":37363,"comment_status":"open","ping_status":"closed","template":"","meta":[],"product_cat":[86,87],"product_tag":[],"yoast_head":"<!-- This site is optimized with the Yoast SEO plugin v22.2 - https:\/\/yoast.com\/wordpress\/plugins\/seo\/ -->\n<title>Pack Audio Sp\u00e9cial Festivit\u00e9s - SP \u00c9quipements<\/title>\n<meta name=\"robots\" content=\"index, follow, max-snippet:-1, max-image-preview:large, max-video-preview:-1\" \/>\n<link rel=\"canonical\" href=\"https:\/\/www.sp-equipements.com\/site\/produit\/pack-audio-special-festivites\/\" \/>\n<meta property=\"og:locale\" content=\"fr_FR\" \/>\n<meta property=\"og:type\" content=\"article\" \/>\n<meta property=\"og:title\" content=\"Pack Audio Sp\u00e9cial Festivit\u00e9s - SP \u00c9quipements\" \/>\n<meta property=\"og:description\" content=\"Pack audio sp\u00e9cial festivit\u00e9s comprenant :  Deux enceintes 12&quot; amplifi\u00e9e 600W (class D - compression neodymium) de marque DAS r\u00e9f\u00e9rence AVANT12A. Deux barres de couplage pour enceinte AVANT de marque DAS r\u00e9f\u00e9rence TRD5. Deux caissons amplifi\u00e9es SUB 18&quot; 750W (class D) de marque DAS r\u00e9f\u00e9rence AVANT18A.  Lecteur CD + MP3 rackable avec USB de marque WORK r\u00e9f\u00e9rence MP2. Mixeur audio rackable 1U 6 entr\u00e9es (2 zones) de marque WORK r\u00e9f\u00e9rence MMX60.  Kit de mise en rack pour 1 ou 2 recepteurs de marque ClockAudio r\u00e9f\u00e9rence RM9000. Syst\u00e8me sans fil avec \u00e9metteur main dynamique cardio\u00efde de marque ClockAudio r\u00e9f\u00e9rence CW9000.  C\u00e2blage non compris.\" \/>\n<meta property=\"og:url\" content=\"https:\/\/www.sp-equipements.com\/site\/produit\/pack-audio-special-festivites\/\" \/>\n<meta property=\"og:site_name\" content=\"SP \u00c9quipements\" \/>\n<meta property=\"article:modified_time\" content=\"2019-06-19T13:29:33+00:00\" \/>\n<meta property=\"og:image\" content=\"https:\/\/www.sp-equipements.com\/site\/wp-content\/uploads\/2019\/06\/pack_festivite-1.jpg\" \/>\n\t<meta property=\"og:image:width\" content=\"190\" \/>\n\t<meta property=\"og:image:height\" content=\"190\" \/>\n\t<meta property=\"og:image:type\" content=\"image\/jpeg\" \/>\n<meta name=\"twitter:card\" content=\"summary_large_image\" \/>\n<script type=\"application\/ld+json\" class=\"yoast-schema-graph\">{\"@context\":\"https:\/\/schema.org\",\"@graph\":[{\"@type\":\"WebPage\",\"@id\":\"https:\/\/www.sp-equipements.com\/site\/produit\/pack-audio-special-festivites\/\",\"url\":\"https:\/\/www.sp-equipements.com\/site\/produit\/pack-audio-special-festivites\/\",\"name\":\"Pack Audio Sp\u00e9cial Festivit\u00e9s - SP \u00c9quipements\",\"isPartOf\":{\"@id\":\"https:\/\/www.sp-equipements.com\/site\/#website\"},\"primaryImageOfPage\":{\"@id\":\"https:\/\/www.sp-equipements.com\/site\/produit\/pack-audio-special-festivites\/#primaryimage\"},\"image\":{\"@id\":\"https:\/\/www.sp-equipements.com\/site\/produit\/pack-audio-special-festivites\/#primaryimage\"},\"thumbnailUrl\":\"https:\/\/www.sp-equipements.com\/site\/wp-content\/uploads\/2019\/06\/pack_festivite-1.jpg\",\"datePublished\":\"2019-06-04T14:56:27+00:00\",\"dateModified\":\"2019-06-19T13:29:33+00:00\",\"breadcrumb\":{\"@id\":\"https:\/\/www.sp-equipements.com\/site\/produit\/pack-audio-special-festivites\/#breadcrumb\"},\"inLanguage\":\"fr-FR\",\"potentialAction\":[{\"@type\":\"ReadAction\",\"target\":[\"https:\/\/www.sp-equipements.com\/site\/produit\/pack-audio-special-festivites\/\"]}]},{\"@type\":\"ImageObject\",\"inLanguage\":\"fr-FR\",\"@id\":\"https:\/\/www.sp-equipements.com\/site\/produit\/pack-audio-special-festivites\/#primaryimage\",\"url\":\"https:\/\/www.sp-equipements.com\/site\/wp-content\/uploads\/2019\/06\/pack_festivite-1.jpg\",\"contentUrl\":\"https:\/\/www.sp-equipements.com\/site\/wp-content\/uploads\/2019\/06\/pack_festivite-1.jpg\",\"width\":190,\"height\":190,\"caption\":\"pack festivite 1\"},{\"@type\":\"BreadcrumbList\",\"@id\":\"https:\/\/www.sp-equipements.com\/site\/produit\/pack-audio-special-festivites\/#breadcrumb\",\"itemListElement\":[{\"@type\":\"ListItem\",\"position\":1,\"name\":\"Accueil\",\"item\":\"https:\/\/www.sp-equipements.com\/site\/\"},{\"@type\":\"ListItem\",\"position\":2,\"name\":\"Catalogue\",\"item\":\"https:\/\/www.sp-equipements.com\/site\/catalogue\/\"},{\"@type\":\"ListItem\",\"position\":3,\"name\":\"Pack Audio Sp\u00e9cial Festivit\u00e9s\"}]},{\"@type\":\"WebSite\",\"@id\":\"https:\/\/www.sp-equipements.com\/site\/#website\",\"url\":\"https:\/\/www.sp-equipements.com\/site\/\",\"name\":\"SP \u00c9quipements\",\"description\":\"\u00c9quipements de collectivit\u00e9s\",\"potentialAction\":[{\"@type\":\"SearchAction\",\"target\":{\"@type\":\"EntryPoint\",\"urlTemplate\":\"https:\/\/www.sp-equipements.com\/site\/?s={search_term_string}\"},\"query-input\":\"required name=search_term_string\"}],\"inLanguage\":\"fr-FR\"}]}<\/script>\n<!-- \/ Yoast SEO plugin. -->","yoast_head_json":{"title":"Pack Audio Sp\u00e9cial Festivit\u00e9s - SP \u00c9quipements","robots":{"index":"index","follow":"follow","max-snippet":"max-snippet:-1","max-image-preview":"max-image-preview:large","max-video-preview":"max-video-preview:-1"},"canonical":"https:\/\/www.sp-equipements.com\/site\/produit\/pack-audio-special-festivites\/","og_locale":"fr_FR","og_type":"article","og_title":"Pack Audio Sp\u00e9cial Festivit\u00e9s - SP \u00c9quipements","og_description":"Pack audio sp\u00e9cial festivit\u00e9s comprenant :  Deux enceintes 12\" amplifi\u00e9e 600W (class D - compression neodymium) de marque DAS r\u00e9f\u00e9rence AVANT12A. Deux barres de couplage pour enceinte AVANT de marque DAS r\u00e9f\u00e9rence TRD5. Deux caissons amplifi\u00e9es SUB 18\" 750W (class D) de marque DAS r\u00e9f\u00e9rence AVANT18A.  Lecteur CD + MP3 rackable avec USB de marque WORK r\u00e9f\u00e9rence MP2. Mixeur audio rackable 1U 6 entr\u00e9es (2 zones) de marque WORK r\u00e9f\u00e9rence MMX60.  Kit de mise en rack pour 1 ou 2 recepteurs de marque ClockAudio r\u00e9f\u00e9rence RM9000. Syst\u00e8me sans fil avec \u00e9metteur main dynamique cardio\u00efde de marque ClockAudio r\u00e9f\u00e9rence CW9000.  C\u00e2blage non compris.","og_url":"https:\/\/www.sp-equipements.com\/site\/produit\/pack-audio-special-festivites\/","og_site_name":"SP \u00c9quipements","article_modified_time":"2019-06-19T13:29:33+00:00","og_image":[{"width":190,"height":190,"url":"https:\/\/www.sp-equipements.com\/site\/wp-content\/uploads\/2019\/06\/pack_festivite-1.jpg","type":"image\/jpeg"}],"twitter_card":"summary_large_image","schema":{"@context":"https:\/\/schema.org","@graph":[{"@type":"WebPage","@id":"https:\/\/www.sp-equipements.com\/site\/produit\/pack-audio-special-festivites\/","url":"https:\/\/www.sp-equipements.com\/site\/produit\/pack-audio-special-festivites\/","name":"Pack Audio Sp\u00e9cial Festivit\u00e9s - SP \u00c9quipements","isPartOf":{"@id":"https:\/\/www.sp-equipements.com\/site\/#website"},"primaryImageOfPage":{"@id":"https:\/\/www.sp-equipements.com\/site\/produit\/pack-audio-special-festivites\/#primaryimage"},"image":{"@id":"https:\/\/www.sp-equipements.com\/site\/produit\/pack-audio-special-festivites\/#primaryimage"},"thumbnailUrl":"https:\/\/www.sp-equipements.com\/site\/wp-content\/uploads\/2019\/06\/pack_festivite-1.jpg","datePublished":"2019-06-04T14:56:27+00:00","dateModified":"2019-06-19T13:29:33+00:00","breadcrumb":{"@id":"https:\/\/www.sp-equipements.com\/site\/produit\/pack-audio-special-festivites\/#breadcrumb"},"inLanguage":"fr-FR","potentialAction":[{"@type":"ReadAction","target":["https:\/\/www.sp-equipements.com\/site\/produit\/pack-audio-special-festivites\/"]}]},{"@type":"ImageObject","inLanguage":"fr-FR","@id":"https:\/\/www.sp-equipements.com\/site\/produit\/pack-audio-special-festivites\/#primaryimage","url":"https:\/\/www.sp-equipements.com\/site\/wp-content\/uploads\/2019\/06\/pack_festivite-1.jpg","contentUrl":"https:\/\/www.sp-equipements.com\/site\/wp-content\/uploads\/2019\/06\/pack_festivite-1.jpg","width":190,"height":190,"caption":"pack festivite 1"},{"@type":"BreadcrumbList","@id":"https:\/\/www.sp-equipements.com\/site\/produit\/pack-audio-special-festivites\/#breadcrumb","itemListElement":[{"@type":"ListItem","position":1,"name":"Accueil","item":"https:\/\/www.sp-equipements.com\/site\/"},{"@type":"ListItem","position":2,"name":"Catalogue","item":"https:\/\/www.sp-equipements.com\/site\/catalogue\/"},{"@type":"ListItem","position":3,"name":"Pack Audio Sp\u00e9cial Festivit\u00e9s"}]},{"@type":"WebSite","@id":"https:\/\/www.sp-equipements.com\/site\/#website","url":"https:\/\/www.sp-equipements.com\/site\/","name":"SP \u00c9quipements","description":"\u00c9quipements de collectivit\u00e9s","potentialAction":[{"@type":"SearchAction","target":{"@type":"EntryPoint","urlTemplate":"https:\/\/www.sp-equipements.com\/site\/?s={search_term_string}"},"query-input":"required name=search_term_string"}],"inLanguage":"fr-FR"}]}},"_links":{"self":[{"href":"https:\/\/www.sp-equipements.com\/site\/wp-json\/wp\/v2\/product\/20040"}],"collection":[{"href":"https:\/\/www.sp-equipements.com\/site\/wp-json\/wp\/v2\/product"}],"about":[{"href":"https:\/\/www.sp-equipements.com\/site\/wp-json\/wp\/v2\/types\/product"}],"replies":[{"embeddable":true,"href":"https:\/\/www.sp-equipements.com\/site\/wp-json\/wp\/v2\/comments?post=20040"}],"wp:featuredmedia":[{"embeddable":true,"href":"https:\/\/www.sp-equipements.com\/site\/wp-json\/wp\/v2\/media\/37363"}],"wp:attachment":[{"href":"https:\/\/www.sp-equipements.com\/site\/wp-json\/wp\/v2\/media?parent=20040"}],"wp:term":[{"taxonomy":"product_cat","embeddable":true,"href":"https:\/\/www.sp-equipements.com\/site\/wp-json\/wp\/v2\/product_cat?post=20040"},{"taxonomy":"product_tag","embeddable":true,"href":"https:\/\/www.sp-equipements.com\/site\/wp-json\/wp\/v2\/product_tag?post=20040"}],"curies":[{"name":"wp","href":"https:\/\/api.w.org\/{rel}","templated":true}]}}