{"id":20055,"date":"2019-06-04T17:14:17","date_gmt":"2019-06-04T15:14:17","guid":{"rendered":"http:\/\/www.polyequipements.com\/produit\/bache-polyester-enduit-pvc\/"},"modified":"2022-06-22T16:39:36","modified_gmt":"2022-06-22T14:39:36","slug":"bache-polyester-enduit-pvc","status":"publish","type":"product","link":"https:\/\/www.sp-equipements.com\/site\/produit\/bache-polyester-enduit-pvc\/","title":{"rendered":"B\u00e2che Polyester Enduit PVC"},"content":{"rendered":"","protected":false},"excerpt":{"rendered":"<p><i>Mati\u00e8re : <\/i>Tissage polyester enduit PVC.<\/p>\n<p><i>Configuration : <\/i>Assemblage par soudure. Ourlet (cousu ou soud\u00e9) sur tout le pourtour. \u0152illets \u00e0 intervalles r\u00e9guliers sur le pourtour.<\/p>\n<p><i>Occultation au vent : <\/i>100%<\/p>\n<p><i>Opaque \u00e0 la lumi\u00e8re et traitement anti-UV.<\/i><\/p>\n<p><i>R\u00e9sistance m\u00e9canique : <\/i>Environ 2700 N\/5cm \u00e0 la rupture. Environ 200 N\/5cm \u00e0 la d\u00e9chirure.<\/p>\n<p><i>R\u00e9sistance \u00e0 la temp\u00e9rature : <\/i>Environ -28\u00b0C \u00e0 +70\u00b0C.<\/p>\n<p>Confection: ourlet simple et oeillets tous les 50 cm<\/p>\n","protected":false},"featured_media":37379,"comment_status":"open","ping_status":"closed","template":"","meta":[],"product_cat":[113,89],"product_tag":[],"yoast_head":"<!-- This site is optimized with the Yoast SEO plugin v22.2 - https:\/\/yoast.com\/wordpress\/plugins\/seo\/ -->\n<title>B\u00e2che Polyester Enduit PVC - SP \u00c9quipements<\/title>\n<meta name=\"robots\" content=\"index, follow, max-snippet:-1, max-image-preview:large, max-video-preview:-1\" \/>\n<link rel=\"canonical\" href=\"https:\/\/www.sp-equipements.com\/site\/produit\/bache-polyester-enduit-pvc\/\" \/>\n<meta property=\"og:locale\" content=\"fr_FR\" \/>\n<meta property=\"og:type\" content=\"article\" \/>\n<meta property=\"og:title\" content=\"B\u00e2che Polyester Enduit PVC - SP \u00c9quipements\" \/>\n<meta property=\"og:description\" content=\"Mati\u00e8re : Tissage polyester enduit PVC.  Configuration : Assemblage par soudure. Ourlet (cousu ou soud\u00e9) sur tout le pourtour. \u0152illets \u00e0 intervalles r\u00e9guliers sur le pourtour.  Occultation au vent : 100%  Opaque \u00e0 la lumi\u00e8re et traitement anti-UV.  R\u00e9sistance m\u00e9canique : Environ 2700 N\/5cm \u00e0 la rupture. Environ 200 N\/5cm \u00e0 la d\u00e9chirure.  R\u00e9sistance \u00e0 la temp\u00e9rature : Environ -28\u00b0C \u00e0 +70\u00b0C.  Confection: ourlet simple et oeillets tous les 50 cm\" \/>\n<meta property=\"og:url\" content=\"https:\/\/www.sp-equipements.com\/site\/produit\/bache-polyester-enduit-pvc\/\" \/>\n<meta property=\"og:site_name\" content=\"SP \u00c9quipements\" \/>\n<meta property=\"article:modified_time\" content=\"2022-06-22T14:39:36+00:00\" \/>\n<meta property=\"og:image\" content=\"https:\/\/www.sp-equipements.com\/site\/wp-content\/uploads\/2019\/06\/bache_polyester-1.jpg\" \/>\n\t<meta property=\"og:image:width\" content=\"190\" \/>\n\t<meta property=\"og:image:height\" content=\"190\" \/>\n\t<meta property=\"og:image:type\" content=\"image\/jpeg\" \/>\n<meta name=\"twitter:card\" content=\"summary_large_image\" \/>\n<script type=\"application\/ld+json\" class=\"yoast-schema-graph\">{\"@context\":\"https:\/\/schema.org\",\"@graph\":[{\"@type\":\"WebPage\",\"@id\":\"https:\/\/www.sp-equipements.com\/site\/produit\/bache-polyester-enduit-pvc\/\",\"url\":\"https:\/\/www.sp-equipements.com\/site\/produit\/bache-polyester-enduit-pvc\/\",\"name\":\"B\u00e2che Polyester Enduit PVC - SP \u00c9quipements\",\"isPartOf\":{\"@id\":\"https:\/\/www.sp-equipements.com\/site\/#website\"},\"primaryImageOfPage\":{\"@id\":\"https:\/\/www.sp-equipements.com\/site\/produit\/bache-polyester-enduit-pvc\/#primaryimage\"},\"image\":{\"@id\":\"https:\/\/www.sp-equipements.com\/site\/produit\/bache-polyester-enduit-pvc\/#primaryimage\"},\"thumbnailUrl\":\"https:\/\/www.sp-equipements.com\/site\/wp-content\/uploads\/2019\/06\/bache_polyester-1.jpg\",\"datePublished\":\"2019-06-04T15:14:17+00:00\",\"dateModified\":\"2022-06-22T14:39:36+00:00\",\"breadcrumb\":{\"@id\":\"https:\/\/www.sp-equipements.com\/site\/produit\/bache-polyester-enduit-pvc\/#breadcrumb\"},\"inLanguage\":\"fr-FR\",\"potentialAction\":[{\"@type\":\"ReadAction\",\"target\":[\"https:\/\/www.sp-equipements.com\/site\/produit\/bache-polyester-enduit-pvc\/\"]}]},{\"@type\":\"ImageObject\",\"inLanguage\":\"fr-FR\",\"@id\":\"https:\/\/www.sp-equipements.com\/site\/produit\/bache-polyester-enduit-pvc\/#primaryimage\",\"url\":\"https:\/\/www.sp-equipements.com\/site\/wp-content\/uploads\/2019\/06\/bache_polyester-1.jpg\",\"contentUrl\":\"https:\/\/www.sp-equipements.com\/site\/wp-content\/uploads\/2019\/06\/bache_polyester-1.jpg\",\"width\":190,\"height\":190,\"caption\":\"bache polyester 1\"},{\"@type\":\"BreadcrumbList\",\"@id\":\"https:\/\/www.sp-equipements.com\/site\/produit\/bache-polyester-enduit-pvc\/#breadcrumb\",\"itemListElement\":[{\"@type\":\"ListItem\",\"position\":1,\"name\":\"Accueil\",\"item\":\"https:\/\/www.sp-equipements.com\/site\/\"},{\"@type\":\"ListItem\",\"position\":2,\"name\":\"Catalogue\",\"item\":\"https:\/\/www.sp-equipements.com\/site\/catalogue\/\"},{\"@type\":\"ListItem\",\"position\":3,\"name\":\"B\u00e2che Polyester Enduit PVC\"}]},{\"@type\":\"WebSite\",\"@id\":\"https:\/\/www.sp-equipements.com\/site\/#website\",\"url\":\"https:\/\/www.sp-equipements.com\/site\/\",\"name\":\"SP \u00c9quipements\",\"description\":\"\u00c9quipements de collectivit\u00e9s\",\"potentialAction\":[{\"@type\":\"SearchAction\",\"target\":{\"@type\":\"EntryPoint\",\"urlTemplate\":\"https:\/\/www.sp-equipements.com\/site\/?s={search_term_string}\"},\"query-input\":\"required name=search_term_string\"}],\"inLanguage\":\"fr-FR\"}]}<\/script>\n<!-- \/ Yoast SEO plugin. -->","yoast_head_json":{"title":"B\u00e2che Polyester Enduit PVC - SP \u00c9quipements","robots":{"index":"index","follow":"follow","max-snippet":"max-snippet:-1","max-image-preview":"max-image-preview:large","max-video-preview":"max-video-preview:-1"},"canonical":"https:\/\/www.sp-equipements.com\/site\/produit\/bache-polyester-enduit-pvc\/","og_locale":"fr_FR","og_type":"article","og_title":"B\u00e2che Polyester Enduit PVC - SP \u00c9quipements","og_description":"Mati\u00e8re : Tissage polyester enduit PVC.  Configuration : Assemblage par soudure. Ourlet (cousu ou soud\u00e9) sur tout le pourtour. \u0152illets \u00e0 intervalles r\u00e9guliers sur le pourtour.  Occultation au vent : 100%  Opaque \u00e0 la lumi\u00e8re et traitement anti-UV.  R\u00e9sistance m\u00e9canique : Environ 2700 N\/5cm \u00e0 la rupture. Environ 200 N\/5cm \u00e0 la d\u00e9chirure.  R\u00e9sistance \u00e0 la temp\u00e9rature : Environ -28\u00b0C \u00e0 +70\u00b0C.  Confection: ourlet simple et oeillets tous les 50 cm","og_url":"https:\/\/www.sp-equipements.com\/site\/produit\/bache-polyester-enduit-pvc\/","og_site_name":"SP \u00c9quipements","article_modified_time":"2022-06-22T14:39:36+00:00","og_image":[{"width":190,"height":190,"url":"https:\/\/www.sp-equipements.com\/site\/wp-content\/uploads\/2019\/06\/bache_polyester-1.jpg","type":"image\/jpeg"}],"twitter_card":"summary_large_image","schema":{"@context":"https:\/\/schema.org","@graph":[{"@type":"WebPage","@id":"https:\/\/www.sp-equipements.com\/site\/produit\/bache-polyester-enduit-pvc\/","url":"https:\/\/www.sp-equipements.com\/site\/produit\/bache-polyester-enduit-pvc\/","name":"B\u00e2che Polyester Enduit PVC - SP \u00c9quipements","isPartOf":{"@id":"https:\/\/www.sp-equipements.com\/site\/#website"},"primaryImageOfPage":{"@id":"https:\/\/www.sp-equipements.com\/site\/produit\/bache-polyester-enduit-pvc\/#primaryimage"},"image":{"@id":"https:\/\/www.sp-equipements.com\/site\/produit\/bache-polyester-enduit-pvc\/#primaryimage"},"thumbnailUrl":"https:\/\/www.sp-equipements.com\/site\/wp-content\/uploads\/2019\/06\/bache_polyester-1.jpg","datePublished":"2019-06-04T15:14:17+00:00","dateModified":"2022-06-22T14:39:36+00:00","breadcrumb":{"@id":"https:\/\/www.sp-equipements.com\/site\/produit\/bache-polyester-enduit-pvc\/#breadcrumb"},"inLanguage":"fr-FR","potentialAction":[{"@type":"ReadAction","target":["https:\/\/www.sp-equipements.com\/site\/produit\/bache-polyester-enduit-pvc\/"]}]},{"@type":"ImageObject","inLanguage":"fr-FR","@id":"https:\/\/www.sp-equipements.com\/site\/produit\/bache-polyester-enduit-pvc\/#primaryimage","url":"https:\/\/www.sp-equipements.com\/site\/wp-content\/uploads\/2019\/06\/bache_polyester-1.jpg","contentUrl":"https:\/\/www.sp-equipements.com\/site\/wp-content\/uploads\/2019\/06\/bache_polyester-1.jpg","width":190,"height":190,"caption":"bache polyester 1"},{"@type":"BreadcrumbList","@id":"https:\/\/www.sp-equipements.com\/site\/produit\/bache-polyester-enduit-pvc\/#breadcrumb","itemListElement":[{"@type":"ListItem","position":1,"name":"Accueil","item":"https:\/\/www.sp-equipements.com\/site\/"},{"@type":"ListItem","position":2,"name":"Catalogue","item":"https:\/\/www.sp-equipements.com\/site\/catalogue\/"},{"@type":"ListItem","position":3,"name":"B\u00e2che Polyester Enduit PVC"}]},{"@type":"WebSite","@id":"https:\/\/www.sp-equipements.com\/site\/#website","url":"https:\/\/www.sp-equipements.com\/site\/","name":"SP \u00c9quipements","description":"\u00c9quipements de collectivit\u00e9s","potentialAction":[{"@type":"SearchAction","target":{"@type":"EntryPoint","urlTemplate":"https:\/\/www.sp-equipements.com\/site\/?s={search_term_string}"},"query-input":"required name=search_term_string"}],"inLanguage":"fr-FR"}]}},"_links":{"self":[{"href":"https:\/\/www.sp-equipements.com\/site\/wp-json\/wp\/v2\/product\/20055"}],"collection":[{"href":"https:\/\/www.sp-equipements.com\/site\/wp-json\/wp\/v2\/product"}],"about":[{"href":"https:\/\/www.sp-equipements.com\/site\/wp-json\/wp\/v2\/types\/product"}],"replies":[{"embeddable":true,"href":"https:\/\/www.sp-equipements.com\/site\/wp-json\/wp\/v2\/comments?post=20055"}],"wp:featuredmedia":[{"embeddable":true,"href":"https:\/\/www.sp-equipements.com\/site\/wp-json\/wp\/v2\/media\/37379"}],"wp:attachment":[{"href":"https:\/\/www.sp-equipements.com\/site\/wp-json\/wp\/v2\/media?parent=20055"}],"wp:term":[{"taxonomy":"product_cat","embeddable":true,"href":"https:\/\/www.sp-equipements.com\/site\/wp-json\/wp\/v2\/product_cat?post=20055"},{"taxonomy":"product_tag","embeddable":true,"href":"https:\/\/www.sp-equipements.com\/site\/wp-json\/wp\/v2\/product_tag?post=20055"}],"curies":[{"name":"wp","href":"https:\/\/api.w.org\/{rel}","templated":true}]}}