{"id":20056,"date":"2019-06-04T17:14:18","date_gmt":"2019-06-04T15:14:18","guid":{"rendered":"http:\/\/www.polyequipements.com\/produit\/bache-armee-film-polyethylene-200-ou-280gr-m%c2%b2\/"},"modified":"2019-06-19T15:29:37","modified_gmt":"2019-06-19T13:29:37","slug":"bache-armee-film-polyethylene-200-ou-280gr-m%c2%b2","status":"publish","type":"product","link":"https:\/\/www.sp-equipements.com\/site\/produit\/bache-armee-film-polyethylene-200-ou-280gr-m%c2%b2\/","title":{"rendered":"B\u00e2che Arm\u00e9e Film Poly\u00e9thyl\u00e8ne <i>200 ou 280gr\/m\u00b2<\/i>"},"content":{"rendered":"","protected":false},"excerpt":{"rendered":"<p><i>Mati\u00e8re : <\/i>Film poly\u00e9thyl\u00e8ne arm\u00e9. B\u00e2che transparente. Bandes de renfort et armature.<\/p>\n<p><i>Configuration : <\/i>Bandes de renfort pr\u00e9-trous tous les 0,10m sur les bandes de renfort.<\/p>\n<p><i>Occultation au vent : <\/i>100%<\/p>\n<p><i>Transparent \u00e0 la lumi\u00e8re et traitement anti-UV.<\/i><\/p>\n<p><i>R\u00e9sistance m\u00e9canique : <\/i>Environ 700 N\/5cm \u00e0 la rupture.<\/p>\n<p><i>R\u00e9sistance \u00e0 la temp\u00e9rature : <\/i>Environ -40\u00b0C \u00e0 +80\u00b0C.<\/p>\n","protected":false},"featured_media":37380,"comment_status":"open","ping_status":"closed","template":"","meta":[],"product_cat":[114,89],"product_tag":[],"yoast_head":"<!-- This site is optimized with the Yoast SEO plugin v22.2 - https:\/\/yoast.com\/wordpress\/plugins\/seo\/ -->\n<title>B\u00e2che Arm\u00e9e Film Poly\u00e9thyl\u00e8ne 200 ou 280gr\/m\u00b2 - SP \u00c9quipements<\/title>\n<meta name=\"robots\" content=\"index, follow, max-snippet:-1, max-image-preview:large, max-video-preview:-1\" \/>\n<link rel=\"canonical\" href=\"https:\/\/www.sp-equipements.com\/site\/produit\/bache-armee-film-polyethylene-200-ou-280gr-m\u00b2\/\" \/>\n<meta property=\"og:locale\" content=\"fr_FR\" \/>\n<meta property=\"og:type\" content=\"article\" \/>\n<meta property=\"og:title\" content=\"B\u00e2che Arm\u00e9e Film Poly\u00e9thyl\u00e8ne 200 ou 280gr\/m\u00b2 - SP \u00c9quipements\" \/>\n<meta property=\"og:description\" content=\"Mati\u00e8re : Film poly\u00e9thyl\u00e8ne arm\u00e9. B\u00e2che transparente. Bandes de renfort et armature.  Configuration : Bandes de renfort pr\u00e9-trous tous les 0,10m sur les bandes de renfort.  Occultation au vent : 100%  Transparent \u00e0 la lumi\u00e8re et traitement anti-UV.  R\u00e9sistance m\u00e9canique : Environ 700 N\/5cm \u00e0 la rupture.  R\u00e9sistance \u00e0 la temp\u00e9rature : Environ -40\u00b0C \u00e0 +80\u00b0C.\" \/>\n<meta property=\"og:url\" content=\"https:\/\/www.sp-equipements.com\/site\/produit\/bache-armee-film-polyethylene-200-ou-280gr-m\u00b2\/\" \/>\n<meta property=\"og:site_name\" content=\"SP \u00c9quipements\" \/>\n<meta property=\"article:modified_time\" content=\"2019-06-19T13:29:37+00:00\" \/>\n<meta property=\"og:image\" content=\"https:\/\/www.sp-equipements.com\/site\/wp-content\/uploads\/2019\/06\/bache_armee-1.jpg\" \/>\n\t<meta property=\"og:image:width\" content=\"190\" \/>\n\t<meta property=\"og:image:height\" content=\"190\" \/>\n\t<meta property=\"og:image:type\" content=\"image\/jpeg\" \/>\n<meta name=\"twitter:card\" content=\"summary_large_image\" \/>\n<script type=\"application\/ld+json\" class=\"yoast-schema-graph\">{\"@context\":\"https:\/\/schema.org\",\"@graph\":[{\"@type\":\"WebPage\",\"@id\":\"https:\/\/www.sp-equipements.com\/site\/produit\/bache-armee-film-polyethylene-200-ou-280gr-m%c2%b2\/\",\"url\":\"https:\/\/www.sp-equipements.com\/site\/produit\/bache-armee-film-polyethylene-200-ou-280gr-m%c2%b2\/\",\"name\":\"B\u00e2che Arm\u00e9e Film Poly\u00e9thyl\u00e8ne 200 ou 280gr\/m\u00b2 - SP \u00c9quipements\",\"isPartOf\":{\"@id\":\"https:\/\/www.sp-equipements.com\/site\/#website\"},\"primaryImageOfPage\":{\"@id\":\"https:\/\/www.sp-equipements.com\/site\/produit\/bache-armee-film-polyethylene-200-ou-280gr-m%c2%b2\/#primaryimage\"},\"image\":{\"@id\":\"https:\/\/www.sp-equipements.com\/site\/produit\/bache-armee-film-polyethylene-200-ou-280gr-m%c2%b2\/#primaryimage\"},\"thumbnailUrl\":\"https:\/\/www.sp-equipements.com\/site\/wp-content\/uploads\/2019\/06\/bache_armee-1.jpg\",\"datePublished\":\"2019-06-04T15:14:18+00:00\",\"dateModified\":\"2019-06-19T13:29:37+00:00\",\"breadcrumb\":{\"@id\":\"https:\/\/www.sp-equipements.com\/site\/produit\/bache-armee-film-polyethylene-200-ou-280gr-m%c2%b2\/#breadcrumb\"},\"inLanguage\":\"fr-FR\",\"potentialAction\":[{\"@type\":\"ReadAction\",\"target\":[\"https:\/\/www.sp-equipements.com\/site\/produit\/bache-armee-film-polyethylene-200-ou-280gr-m%c2%b2\/\"]}]},{\"@type\":\"ImageObject\",\"inLanguage\":\"fr-FR\",\"@id\":\"https:\/\/www.sp-equipements.com\/site\/produit\/bache-armee-film-polyethylene-200-ou-280gr-m%c2%b2\/#primaryimage\",\"url\":\"https:\/\/www.sp-equipements.com\/site\/wp-content\/uploads\/2019\/06\/bache_armee-1.jpg\",\"contentUrl\":\"https:\/\/www.sp-equipements.com\/site\/wp-content\/uploads\/2019\/06\/bache_armee-1.jpg\",\"width\":190,\"height\":190,\"caption\":\"bache armee 1\"},{\"@type\":\"BreadcrumbList\",\"@id\":\"https:\/\/www.sp-equipements.com\/site\/produit\/bache-armee-film-polyethylene-200-ou-280gr-m%c2%b2\/#breadcrumb\",\"itemListElement\":[{\"@type\":\"ListItem\",\"position\":1,\"name\":\"Accueil\",\"item\":\"https:\/\/www.sp-equipements.com\/site\/\"},{\"@type\":\"ListItem\",\"position\":2,\"name\":\"Catalogue\",\"item\":\"https:\/\/www.sp-equipements.com\/site\/catalogue\/\"},{\"@type\":\"ListItem\",\"position\":3,\"name\":\"B\u00e2che Arm\u00e9e Film Poly\u00e9thyl\u00e8ne 200 ou 280gr\/m\u00b2\"}]},{\"@type\":\"WebSite\",\"@id\":\"https:\/\/www.sp-equipements.com\/site\/#website\",\"url\":\"https:\/\/www.sp-equipements.com\/site\/\",\"name\":\"SP \u00c9quipements\",\"description\":\"\u00c9quipements de collectivit\u00e9s\",\"potentialAction\":[{\"@type\":\"SearchAction\",\"target\":{\"@type\":\"EntryPoint\",\"urlTemplate\":\"https:\/\/www.sp-equipements.com\/site\/?s={search_term_string}\"},\"query-input\":\"required name=search_term_string\"}],\"inLanguage\":\"fr-FR\"}]}<\/script>\n<!-- \/ Yoast SEO plugin. -->","yoast_head_json":{"title":"B\u00e2che Arm\u00e9e Film Poly\u00e9thyl\u00e8ne 200 ou 280gr\/m\u00b2 - SP \u00c9quipements","robots":{"index":"index","follow":"follow","max-snippet":"max-snippet:-1","max-image-preview":"max-image-preview:large","max-video-preview":"max-video-preview:-1"},"canonical":"https:\/\/www.sp-equipements.com\/site\/produit\/bache-armee-film-polyethylene-200-ou-280gr-m\u00b2\/","og_locale":"fr_FR","og_type":"article","og_title":"B\u00e2che Arm\u00e9e Film Poly\u00e9thyl\u00e8ne 200 ou 280gr\/m\u00b2 - SP \u00c9quipements","og_description":"Mati\u00e8re : Film poly\u00e9thyl\u00e8ne arm\u00e9. B\u00e2che transparente. Bandes de renfort et armature.  Configuration : Bandes de renfort pr\u00e9-trous tous les 0,10m sur les bandes de renfort.  Occultation au vent : 100%  Transparent \u00e0 la lumi\u00e8re et traitement anti-UV.  R\u00e9sistance m\u00e9canique : Environ 700 N\/5cm \u00e0 la rupture.  R\u00e9sistance \u00e0 la temp\u00e9rature : Environ -40\u00b0C \u00e0 +80\u00b0C.","og_url":"https:\/\/www.sp-equipements.com\/site\/produit\/bache-armee-film-polyethylene-200-ou-280gr-m\u00b2\/","og_site_name":"SP \u00c9quipements","article_modified_time":"2019-06-19T13:29:37+00:00","og_image":[{"width":190,"height":190,"url":"https:\/\/www.sp-equipements.com\/site\/wp-content\/uploads\/2019\/06\/bache_armee-1.jpg","type":"image\/jpeg"}],"twitter_card":"summary_large_image","schema":{"@context":"https:\/\/schema.org","@graph":[{"@type":"WebPage","@id":"https:\/\/www.sp-equipements.com\/site\/produit\/bache-armee-film-polyethylene-200-ou-280gr-m%c2%b2\/","url":"https:\/\/www.sp-equipements.com\/site\/produit\/bache-armee-film-polyethylene-200-ou-280gr-m%c2%b2\/","name":"B\u00e2che Arm\u00e9e Film Poly\u00e9thyl\u00e8ne 200 ou 280gr\/m\u00b2 - SP \u00c9quipements","isPartOf":{"@id":"https:\/\/www.sp-equipements.com\/site\/#website"},"primaryImageOfPage":{"@id":"https:\/\/www.sp-equipements.com\/site\/produit\/bache-armee-film-polyethylene-200-ou-280gr-m%c2%b2\/#primaryimage"},"image":{"@id":"https:\/\/www.sp-equipements.com\/site\/produit\/bache-armee-film-polyethylene-200-ou-280gr-m%c2%b2\/#primaryimage"},"thumbnailUrl":"https:\/\/www.sp-equipements.com\/site\/wp-content\/uploads\/2019\/06\/bache_armee-1.jpg","datePublished":"2019-06-04T15:14:18+00:00","dateModified":"2019-06-19T13:29:37+00:00","breadcrumb":{"@id":"https:\/\/www.sp-equipements.com\/site\/produit\/bache-armee-film-polyethylene-200-ou-280gr-m%c2%b2\/#breadcrumb"},"inLanguage":"fr-FR","potentialAction":[{"@type":"ReadAction","target":["https:\/\/www.sp-equipements.com\/site\/produit\/bache-armee-film-polyethylene-200-ou-280gr-m%c2%b2\/"]}]},{"@type":"ImageObject","inLanguage":"fr-FR","@id":"https:\/\/www.sp-equipements.com\/site\/produit\/bache-armee-film-polyethylene-200-ou-280gr-m%c2%b2\/#primaryimage","url":"https:\/\/www.sp-equipements.com\/site\/wp-content\/uploads\/2019\/06\/bache_armee-1.jpg","contentUrl":"https:\/\/www.sp-equipements.com\/site\/wp-content\/uploads\/2019\/06\/bache_armee-1.jpg","width":190,"height":190,"caption":"bache armee 1"},{"@type":"BreadcrumbList","@id":"https:\/\/www.sp-equipements.com\/site\/produit\/bache-armee-film-polyethylene-200-ou-280gr-m%c2%b2\/#breadcrumb","itemListElement":[{"@type":"ListItem","position":1,"name":"Accueil","item":"https:\/\/www.sp-equipements.com\/site\/"},{"@type":"ListItem","position":2,"name":"Catalogue","item":"https:\/\/www.sp-equipements.com\/site\/catalogue\/"},{"@type":"ListItem","position":3,"name":"B\u00e2che Arm\u00e9e Film Poly\u00e9thyl\u00e8ne 200 ou 280gr\/m\u00b2"}]},{"@type":"WebSite","@id":"https:\/\/www.sp-equipements.com\/site\/#website","url":"https:\/\/www.sp-equipements.com\/site\/","name":"SP \u00c9quipements","description":"\u00c9quipements de collectivit\u00e9s","potentialAction":[{"@type":"SearchAction","target":{"@type":"EntryPoint","urlTemplate":"https:\/\/www.sp-equipements.com\/site\/?s={search_term_string}"},"query-input":"required name=search_term_string"}],"inLanguage":"fr-FR"}]}},"_links":{"self":[{"href":"https:\/\/www.sp-equipements.com\/site\/wp-json\/wp\/v2\/product\/20056"}],"collection":[{"href":"https:\/\/www.sp-equipements.com\/site\/wp-json\/wp\/v2\/product"}],"about":[{"href":"https:\/\/www.sp-equipements.com\/site\/wp-json\/wp\/v2\/types\/product"}],"replies":[{"embeddable":true,"href":"https:\/\/www.sp-equipements.com\/site\/wp-json\/wp\/v2\/comments?post=20056"}],"wp:featuredmedia":[{"embeddable":true,"href":"https:\/\/www.sp-equipements.com\/site\/wp-json\/wp\/v2\/media\/37380"}],"wp:attachment":[{"href":"https:\/\/www.sp-equipements.com\/site\/wp-json\/wp\/v2\/media?parent=20056"}],"wp:term":[{"taxonomy":"product_cat","embeddable":true,"href":"https:\/\/www.sp-equipements.com\/site\/wp-json\/wp\/v2\/product_cat?post=20056"},{"taxonomy":"product_tag","embeddable":true,"href":"https:\/\/www.sp-equipements.com\/site\/wp-json\/wp\/v2\/product_tag?post=20056"}],"curies":[{"name":"wp","href":"https:\/\/api.w.org\/{rel}","templated":true}]}}