{"id":20136,"date":"2019-06-04T19:04:44","date_gmt":"2019-06-04T17:04:44","guid":{"rendered":"http:\/\/www.polyequipements.com\/produit\/barriere-de-police\/"},"modified":"2022-05-21T12:02:41","modified_gmt":"2022-05-21T10:02:41","slug":"barriere-de-police","status":"publish","type":"product","link":"https:\/\/www.sp-equipements.com\/site\/produit\/barriere-de-police\/","title":{"rendered":"Barri\u00e8re de Police"},"content":{"rendered":"","protected":false},"excerpt":{"rendered":"<p><i>Sa conception originale en a fait la r\u00e9f\u00e9rence du march\u00e9 de la barri\u00e8re de s\u00e9curit\u00e9.<\/i><\/p>\n<p>\u2022 Moins de 11 cm entre chaque barreau pour une s\u00e9curit\u00e9 \u00ab enfant \u00bb accrue.<br \/>\n\u2022 Quatre coins arrondis pour un meilleur confort de manipulation.<br \/>\n\u2022 Pieds biseaut\u00e9s pour une meilleure stabilit\u00e9.<br \/>\n\u2022 D\u2019un poids limit\u00e9, elle est con\u00e7ue pour accepter d\u00e9nivel\u00e9 et rotation.<br \/>\n\u2022 Accrochage universel.<br \/>\n\u2022 Stockage r\u00e9duit et rangement au carr\u00e9 gr\u00e2ce aux pieds d\u00e9cal\u00e9s.<\/p>\n<p>Plaque d\u2019identification en t\u00f4le de 114 x 100 avec, en option, d\u00e9coupe laser ou autocollant.<br \/>\nFinition galvanis\u00e9 \u00e0 chaud ou peint sur galva selon nos RAL.<\/p>\n<p><b>Homologation fournie. Fabrication d&rsquo;origine fran\u00e7aise. Garantie 2ans.<\/b><\/p>\n","protected":false},"featured_media":37365,"comment_status":"open","ping_status":"closed","template":"","meta":[],"product_cat":[112,90],"product_tag":[],"yoast_head":"<!-- This site is optimized with the Yoast SEO plugin v22.2 - https:\/\/yoast.com\/wordpress\/plugins\/seo\/ -->\n<title>Barri\u00e8re de Police - SP \u00c9quipements<\/title>\n<meta name=\"robots\" content=\"index, follow, max-snippet:-1, max-image-preview:large, max-video-preview:-1\" \/>\n<link rel=\"canonical\" href=\"https:\/\/www.sp-equipements.com\/site\/produit\/barriere-de-police\/\" \/>\n<meta property=\"og:locale\" content=\"fr_FR\" \/>\n<meta property=\"og:type\" content=\"article\" \/>\n<meta property=\"og:title\" content=\"Barri\u00e8re de Police - SP \u00c9quipements\" \/>\n<meta property=\"og:description\" content=\"Sa conception originale en a fait la r\u00e9f\u00e9rence du march\u00e9 de la barri\u00e8re de s\u00e9curit\u00e9.  \u2022 Moins de 11 cm entre chaque barreau pour une s\u00e9curit\u00e9 \u00ab enfant \u00bb accrue. \u2022 Quatre coins arrondis pour un meilleur confort de manipulation. \u2022 Pieds biseaut\u00e9s pour une meilleure stabilit\u00e9. \u2022 D\u2019un poids limit\u00e9, elle est con\u00e7ue pour accepter d\u00e9nivel\u00e9 et rotation. \u2022 Accrochage universel. \u2022 Stockage r\u00e9duit et rangement au carr\u00e9 gr\u00e2ce aux pieds d\u00e9cal\u00e9s.  Plaque d\u2019identification en t\u00f4le de 114 x 100 avec, en option, d\u00e9coupe laser ou autocollant. Finition galvanis\u00e9 \u00e0 chaud ou peint sur galva selon nos RAL.  Homologation fournie. Fabrication d&#039;origine fran\u00e7aise. Garantie 2ans.\" \/>\n<meta property=\"og:url\" content=\"https:\/\/www.sp-equipements.com\/site\/produit\/barriere-de-police\/\" \/>\n<meta property=\"og:site_name\" content=\"SP \u00c9quipements\" \/>\n<meta property=\"article:modified_time\" content=\"2022-05-21T10:02:41+00:00\" \/>\n<meta property=\"og:image\" content=\"https:\/\/www.sp-equipements.com\/site\/wp-content\/uploads\/2019\/06\/barriere_de_police-1.jpg\" \/>\n\t<meta property=\"og:image:width\" content=\"190\" \/>\n\t<meta property=\"og:image:height\" content=\"190\" \/>\n\t<meta property=\"og:image:type\" content=\"image\/jpeg\" \/>\n<meta name=\"twitter:card\" content=\"summary_large_image\" \/>\n<script type=\"application\/ld+json\" class=\"yoast-schema-graph\">{\"@context\":\"https:\/\/schema.org\",\"@graph\":[{\"@type\":\"WebPage\",\"@id\":\"https:\/\/www.sp-equipements.com\/site\/produit\/barriere-de-police\/\",\"url\":\"https:\/\/www.sp-equipements.com\/site\/produit\/barriere-de-police\/\",\"name\":\"Barri\u00e8re de Police - SP \u00c9quipements\",\"isPartOf\":{\"@id\":\"https:\/\/www.sp-equipements.com\/site\/#website\"},\"primaryImageOfPage\":{\"@id\":\"https:\/\/www.sp-equipements.com\/site\/produit\/barriere-de-police\/#primaryimage\"},\"image\":{\"@id\":\"https:\/\/www.sp-equipements.com\/site\/produit\/barriere-de-police\/#primaryimage\"},\"thumbnailUrl\":\"https:\/\/www.sp-equipements.com\/site\/wp-content\/uploads\/2019\/06\/barriere_de_police-1.jpg\",\"datePublished\":\"2019-06-04T17:04:44+00:00\",\"dateModified\":\"2022-05-21T10:02:41+00:00\",\"breadcrumb\":{\"@id\":\"https:\/\/www.sp-equipements.com\/site\/produit\/barriere-de-police\/#breadcrumb\"},\"inLanguage\":\"fr-FR\",\"potentialAction\":[{\"@type\":\"ReadAction\",\"target\":[\"https:\/\/www.sp-equipements.com\/site\/produit\/barriere-de-police\/\"]}]},{\"@type\":\"ImageObject\",\"inLanguage\":\"fr-FR\",\"@id\":\"https:\/\/www.sp-equipements.com\/site\/produit\/barriere-de-police\/#primaryimage\",\"url\":\"https:\/\/www.sp-equipements.com\/site\/wp-content\/uploads\/2019\/06\/barriere_de_police-1.jpg\",\"contentUrl\":\"https:\/\/www.sp-equipements.com\/site\/wp-content\/uploads\/2019\/06\/barriere_de_police-1.jpg\",\"width\":190,\"height\":190,\"caption\":\"barriere de police 1\"},{\"@type\":\"BreadcrumbList\",\"@id\":\"https:\/\/www.sp-equipements.com\/site\/produit\/barriere-de-police\/#breadcrumb\",\"itemListElement\":[{\"@type\":\"ListItem\",\"position\":1,\"name\":\"Accueil\",\"item\":\"https:\/\/www.sp-equipements.com\/site\/\"},{\"@type\":\"ListItem\",\"position\":2,\"name\":\"Catalogue\",\"item\":\"https:\/\/www.sp-equipements.com\/site\/catalogue\/\"},{\"@type\":\"ListItem\",\"position\":3,\"name\":\"Barri\u00e8re de Police\"}]},{\"@type\":\"WebSite\",\"@id\":\"https:\/\/www.sp-equipements.com\/site\/#website\",\"url\":\"https:\/\/www.sp-equipements.com\/site\/\",\"name\":\"SP \u00c9quipements\",\"description\":\"\u00c9quipements de collectivit\u00e9s\",\"potentialAction\":[{\"@type\":\"SearchAction\",\"target\":{\"@type\":\"EntryPoint\",\"urlTemplate\":\"https:\/\/www.sp-equipements.com\/site\/?s={search_term_string}\"},\"query-input\":\"required name=search_term_string\"}],\"inLanguage\":\"fr-FR\"}]}<\/script>\n<!-- \/ Yoast SEO plugin. -->","yoast_head_json":{"title":"Barri\u00e8re de Police - SP \u00c9quipements","robots":{"index":"index","follow":"follow","max-snippet":"max-snippet:-1","max-image-preview":"max-image-preview:large","max-video-preview":"max-video-preview:-1"},"canonical":"https:\/\/www.sp-equipements.com\/site\/produit\/barriere-de-police\/","og_locale":"fr_FR","og_type":"article","og_title":"Barri\u00e8re de Police - SP \u00c9quipements","og_description":"Sa conception originale en a fait la r\u00e9f\u00e9rence du march\u00e9 de la barri\u00e8re de s\u00e9curit\u00e9.  \u2022 Moins de 11 cm entre chaque barreau pour une s\u00e9curit\u00e9 \u00ab enfant \u00bb accrue. \u2022 Quatre coins arrondis pour un meilleur confort de manipulation. \u2022 Pieds biseaut\u00e9s pour une meilleure stabilit\u00e9. \u2022 D\u2019un poids limit\u00e9, elle est con\u00e7ue pour accepter d\u00e9nivel\u00e9 et rotation. \u2022 Accrochage universel. \u2022 Stockage r\u00e9duit et rangement au carr\u00e9 gr\u00e2ce aux pieds d\u00e9cal\u00e9s.  Plaque d\u2019identification en t\u00f4le de 114 x 100 avec, en option, d\u00e9coupe laser ou autocollant. Finition galvanis\u00e9 \u00e0 chaud ou peint sur galva selon nos RAL.  Homologation fournie. Fabrication d'origine fran\u00e7aise. Garantie 2ans.","og_url":"https:\/\/www.sp-equipements.com\/site\/produit\/barriere-de-police\/","og_site_name":"SP \u00c9quipements","article_modified_time":"2022-05-21T10:02:41+00:00","og_image":[{"width":190,"height":190,"url":"https:\/\/www.sp-equipements.com\/site\/wp-content\/uploads\/2019\/06\/barriere_de_police-1.jpg","type":"image\/jpeg"}],"twitter_card":"summary_large_image","schema":{"@context":"https:\/\/schema.org","@graph":[{"@type":"WebPage","@id":"https:\/\/www.sp-equipements.com\/site\/produit\/barriere-de-police\/","url":"https:\/\/www.sp-equipements.com\/site\/produit\/barriere-de-police\/","name":"Barri\u00e8re de Police - SP \u00c9quipements","isPartOf":{"@id":"https:\/\/www.sp-equipements.com\/site\/#website"},"primaryImageOfPage":{"@id":"https:\/\/www.sp-equipements.com\/site\/produit\/barriere-de-police\/#primaryimage"},"image":{"@id":"https:\/\/www.sp-equipements.com\/site\/produit\/barriere-de-police\/#primaryimage"},"thumbnailUrl":"https:\/\/www.sp-equipements.com\/site\/wp-content\/uploads\/2019\/06\/barriere_de_police-1.jpg","datePublished":"2019-06-04T17:04:44+00:00","dateModified":"2022-05-21T10:02:41+00:00","breadcrumb":{"@id":"https:\/\/www.sp-equipements.com\/site\/produit\/barriere-de-police\/#breadcrumb"},"inLanguage":"fr-FR","potentialAction":[{"@type":"ReadAction","target":["https:\/\/www.sp-equipements.com\/site\/produit\/barriere-de-police\/"]}]},{"@type":"ImageObject","inLanguage":"fr-FR","@id":"https:\/\/www.sp-equipements.com\/site\/produit\/barriere-de-police\/#primaryimage","url":"https:\/\/www.sp-equipements.com\/site\/wp-content\/uploads\/2019\/06\/barriere_de_police-1.jpg","contentUrl":"https:\/\/www.sp-equipements.com\/site\/wp-content\/uploads\/2019\/06\/barriere_de_police-1.jpg","width":190,"height":190,"caption":"barriere de police 1"},{"@type":"BreadcrumbList","@id":"https:\/\/www.sp-equipements.com\/site\/produit\/barriere-de-police\/#breadcrumb","itemListElement":[{"@type":"ListItem","position":1,"name":"Accueil","item":"https:\/\/www.sp-equipements.com\/site\/"},{"@type":"ListItem","position":2,"name":"Catalogue","item":"https:\/\/www.sp-equipements.com\/site\/catalogue\/"},{"@type":"ListItem","position":3,"name":"Barri\u00e8re de Police"}]},{"@type":"WebSite","@id":"https:\/\/www.sp-equipements.com\/site\/#website","url":"https:\/\/www.sp-equipements.com\/site\/","name":"SP \u00c9quipements","description":"\u00c9quipements de collectivit\u00e9s","potentialAction":[{"@type":"SearchAction","target":{"@type":"EntryPoint","urlTemplate":"https:\/\/www.sp-equipements.com\/site\/?s={search_term_string}"},"query-input":"required name=search_term_string"}],"inLanguage":"fr-FR"}]}},"_links":{"self":[{"href":"https:\/\/www.sp-equipements.com\/site\/wp-json\/wp\/v2\/product\/20136"}],"collection":[{"href":"https:\/\/www.sp-equipements.com\/site\/wp-json\/wp\/v2\/product"}],"about":[{"href":"https:\/\/www.sp-equipements.com\/site\/wp-json\/wp\/v2\/types\/product"}],"replies":[{"embeddable":true,"href":"https:\/\/www.sp-equipements.com\/site\/wp-json\/wp\/v2\/comments?post=20136"}],"wp:featuredmedia":[{"embeddable":true,"href":"https:\/\/www.sp-equipements.com\/site\/wp-json\/wp\/v2\/media\/37365"}],"wp:attachment":[{"href":"https:\/\/www.sp-equipements.com\/site\/wp-json\/wp\/v2\/media?parent=20136"}],"wp:term":[{"taxonomy":"product_cat","embeddable":true,"href":"https:\/\/www.sp-equipements.com\/site\/wp-json\/wp\/v2\/product_cat?post=20136"},{"taxonomy":"product_tag","embeddable":true,"href":"https:\/\/www.sp-equipements.com\/site\/wp-json\/wp\/v2\/product_tag?post=20136"}],"curies":[{"name":"wp","href":"https:\/\/api.w.org\/{rel}","templated":true}]}}