{"id":20137,"date":"2019-06-04T19:04:46","date_gmt":"2019-06-04T17:04:46","guid":{"rendered":"http:\/\/www.polyequipements.com\/produit\/barriere-de-chantier-eco-tp\/"},"modified":"2019-06-19T15:29:34","modified_gmt":"2019-06-19T13:29:34","slug":"barriere-de-chantier-eco-tp","status":"publish","type":"product","link":"https:\/\/www.sp-equipements.com\/site\/produit\/barriere-de-chantier-eco-tp\/","title":{"rendered":"Barri\u00e8re de Chantier Eco TP"},"content":{"rendered":"","protected":false},"excerpt":{"rendered":"<p><i>L\u00e9g\u00e8re et maniable, la barri\u00e8re \u00e9conomique adapt\u00e9e aux chantiers temporaires.<\/i><\/p>\n<p>Conforme aux exigences de la norme NF P 98 &#8211; 470 (format, nature et nombre des r\u00e9flectos, test concluant de stabilit\u00e9). Equip\u00e9e de 6 bandes r\u00e9fl\u00e9chissantes blanches, elle est visible de nuit. Une plaque d\u2019identification vous permet de valoriser votre entreprise. Peint rouge sur acier brut.<\/p>\n<p>Barri\u00e8re de  longueur 1500mm.<\/p>\n","protected":false},"featured_media":37366,"comment_status":"open","ping_status":"closed","template":"","meta":[],"product_cat":[116,90],"product_tag":[],"yoast_head":"<!-- This site is optimized with the Yoast SEO plugin v22.2 - https:\/\/yoast.com\/wordpress\/plugins\/seo\/ -->\n<title>Barri\u00e8re de Chantier Eco TP - SP \u00c9quipements<\/title>\n<meta name=\"robots\" content=\"index, follow, max-snippet:-1, max-image-preview:large, max-video-preview:-1\" \/>\n<link rel=\"canonical\" href=\"https:\/\/www.sp-equipements.com\/site\/produit\/barriere-de-chantier-eco-tp\/\" \/>\n<meta property=\"og:locale\" content=\"fr_FR\" \/>\n<meta property=\"og:type\" content=\"article\" \/>\n<meta property=\"og:title\" content=\"Barri\u00e8re de Chantier Eco TP - SP \u00c9quipements\" \/>\n<meta property=\"og:description\" content=\"L\u00e9g\u00e8re et maniable, la barri\u00e8re \u00e9conomique adapt\u00e9e aux chantiers temporaires.Conforme aux exigences de la norme NF P 98 - 470 (format, nature et nombre des r\u00e9flectos, test concluant de stabilit\u00e9). Equip\u00e9e de 6 bandes r\u00e9fl\u00e9chissantes blanches, elle est visible de nuit. Une plaque d\u2019identification vous permet de valoriser votre entreprise. Peint rouge sur acier brut.Barri\u00e8re de longueur 1500mm.\" \/>\n<meta property=\"og:url\" content=\"https:\/\/www.sp-equipements.com\/site\/produit\/barriere-de-chantier-eco-tp\/\" \/>\n<meta property=\"og:site_name\" content=\"SP \u00c9quipements\" \/>\n<meta property=\"article:modified_time\" content=\"2019-06-19T13:29:34+00:00\" \/>\n<meta property=\"og:image\" content=\"https:\/\/www.sp-equipements.com\/site\/wp-content\/uploads\/2019\/06\/barriere_de_chantier_eco-1.jpg\" \/>\n\t<meta property=\"og:image:width\" content=\"190\" \/>\n\t<meta property=\"og:image:height\" content=\"190\" \/>\n\t<meta property=\"og:image:type\" content=\"image\/jpeg\" \/>\n<meta name=\"twitter:card\" content=\"summary_large_image\" \/>\n<script type=\"application\/ld+json\" class=\"yoast-schema-graph\">{\"@context\":\"https:\/\/schema.org\",\"@graph\":[{\"@type\":\"WebPage\",\"@id\":\"https:\/\/www.sp-equipements.com\/site\/produit\/barriere-de-chantier-eco-tp\/\",\"url\":\"https:\/\/www.sp-equipements.com\/site\/produit\/barriere-de-chantier-eco-tp\/\",\"name\":\"Barri\u00e8re de Chantier Eco TP - SP \u00c9quipements\",\"isPartOf\":{\"@id\":\"https:\/\/www.sp-equipements.com\/site\/#website\"},\"primaryImageOfPage\":{\"@id\":\"https:\/\/www.sp-equipements.com\/site\/produit\/barriere-de-chantier-eco-tp\/#primaryimage\"},\"image\":{\"@id\":\"https:\/\/www.sp-equipements.com\/site\/produit\/barriere-de-chantier-eco-tp\/#primaryimage\"},\"thumbnailUrl\":\"https:\/\/www.sp-equipements.com\/site\/wp-content\/uploads\/2019\/06\/barriere_de_chantier_eco-1.jpg\",\"datePublished\":\"2019-06-04T17:04:46+00:00\",\"dateModified\":\"2019-06-19T13:29:34+00:00\",\"breadcrumb\":{\"@id\":\"https:\/\/www.sp-equipements.com\/site\/produit\/barriere-de-chantier-eco-tp\/#breadcrumb\"},\"inLanguage\":\"fr-FR\",\"potentialAction\":[{\"@type\":\"ReadAction\",\"target\":[\"https:\/\/www.sp-equipements.com\/site\/produit\/barriere-de-chantier-eco-tp\/\"]}]},{\"@type\":\"ImageObject\",\"inLanguage\":\"fr-FR\",\"@id\":\"https:\/\/www.sp-equipements.com\/site\/produit\/barriere-de-chantier-eco-tp\/#primaryimage\",\"url\":\"https:\/\/www.sp-equipements.com\/site\/wp-content\/uploads\/2019\/06\/barriere_de_chantier_eco-1.jpg\",\"contentUrl\":\"https:\/\/www.sp-equipements.com\/site\/wp-content\/uploads\/2019\/06\/barriere_de_chantier_eco-1.jpg\",\"width\":190,\"height\":190,\"caption\":\"barriere de chantier eco 1\"},{\"@type\":\"BreadcrumbList\",\"@id\":\"https:\/\/www.sp-equipements.com\/site\/produit\/barriere-de-chantier-eco-tp\/#breadcrumb\",\"itemListElement\":[{\"@type\":\"ListItem\",\"position\":1,\"name\":\"Accueil\",\"item\":\"https:\/\/www.sp-equipements.com\/site\/\"},{\"@type\":\"ListItem\",\"position\":2,\"name\":\"Catalogue\",\"item\":\"https:\/\/www.sp-equipements.com\/site\/catalogue\/\"},{\"@type\":\"ListItem\",\"position\":3,\"name\":\"Barri\u00e8re de Chantier Eco TP\"}]},{\"@type\":\"WebSite\",\"@id\":\"https:\/\/www.sp-equipements.com\/site\/#website\",\"url\":\"https:\/\/www.sp-equipements.com\/site\/\",\"name\":\"SP \u00c9quipements\",\"description\":\"\u00c9quipements de collectivit\u00e9s\",\"potentialAction\":[{\"@type\":\"SearchAction\",\"target\":{\"@type\":\"EntryPoint\",\"urlTemplate\":\"https:\/\/www.sp-equipements.com\/site\/?s={search_term_string}\"},\"query-input\":\"required name=search_term_string\"}],\"inLanguage\":\"fr-FR\"}]}<\/script>\n<!-- \/ Yoast SEO plugin. -->","yoast_head_json":{"title":"Barri\u00e8re de Chantier Eco TP - SP \u00c9quipements","robots":{"index":"index","follow":"follow","max-snippet":"max-snippet:-1","max-image-preview":"max-image-preview:large","max-video-preview":"max-video-preview:-1"},"canonical":"https:\/\/www.sp-equipements.com\/site\/produit\/barriere-de-chantier-eco-tp\/","og_locale":"fr_FR","og_type":"article","og_title":"Barri\u00e8re de Chantier Eco TP - SP \u00c9quipements","og_description":"L\u00e9g\u00e8re et maniable, la barri\u00e8re \u00e9conomique adapt\u00e9e aux chantiers temporaires.Conforme aux exigences de la norme NF P 98 - 470 (format, nature et nombre des r\u00e9flectos, test concluant de stabilit\u00e9). Equip\u00e9e de 6 bandes r\u00e9fl\u00e9chissantes blanches, elle est visible de nuit. Une plaque d\u2019identification vous permet de valoriser votre entreprise. Peint rouge sur acier brut.Barri\u00e8re de longueur 1500mm.","og_url":"https:\/\/www.sp-equipements.com\/site\/produit\/barriere-de-chantier-eco-tp\/","og_site_name":"SP \u00c9quipements","article_modified_time":"2019-06-19T13:29:34+00:00","og_image":[{"width":190,"height":190,"url":"https:\/\/www.sp-equipements.com\/site\/wp-content\/uploads\/2019\/06\/barriere_de_chantier_eco-1.jpg","type":"image\/jpeg"}],"twitter_card":"summary_large_image","schema":{"@context":"https:\/\/schema.org","@graph":[{"@type":"WebPage","@id":"https:\/\/www.sp-equipements.com\/site\/produit\/barriere-de-chantier-eco-tp\/","url":"https:\/\/www.sp-equipements.com\/site\/produit\/barriere-de-chantier-eco-tp\/","name":"Barri\u00e8re de Chantier Eco TP - SP \u00c9quipements","isPartOf":{"@id":"https:\/\/www.sp-equipements.com\/site\/#website"},"primaryImageOfPage":{"@id":"https:\/\/www.sp-equipements.com\/site\/produit\/barriere-de-chantier-eco-tp\/#primaryimage"},"image":{"@id":"https:\/\/www.sp-equipements.com\/site\/produit\/barriere-de-chantier-eco-tp\/#primaryimage"},"thumbnailUrl":"https:\/\/www.sp-equipements.com\/site\/wp-content\/uploads\/2019\/06\/barriere_de_chantier_eco-1.jpg","datePublished":"2019-06-04T17:04:46+00:00","dateModified":"2019-06-19T13:29:34+00:00","breadcrumb":{"@id":"https:\/\/www.sp-equipements.com\/site\/produit\/barriere-de-chantier-eco-tp\/#breadcrumb"},"inLanguage":"fr-FR","potentialAction":[{"@type":"ReadAction","target":["https:\/\/www.sp-equipements.com\/site\/produit\/barriere-de-chantier-eco-tp\/"]}]},{"@type":"ImageObject","inLanguage":"fr-FR","@id":"https:\/\/www.sp-equipements.com\/site\/produit\/barriere-de-chantier-eco-tp\/#primaryimage","url":"https:\/\/www.sp-equipements.com\/site\/wp-content\/uploads\/2019\/06\/barriere_de_chantier_eco-1.jpg","contentUrl":"https:\/\/www.sp-equipements.com\/site\/wp-content\/uploads\/2019\/06\/barriere_de_chantier_eco-1.jpg","width":190,"height":190,"caption":"barriere de chantier eco 1"},{"@type":"BreadcrumbList","@id":"https:\/\/www.sp-equipements.com\/site\/produit\/barriere-de-chantier-eco-tp\/#breadcrumb","itemListElement":[{"@type":"ListItem","position":1,"name":"Accueil","item":"https:\/\/www.sp-equipements.com\/site\/"},{"@type":"ListItem","position":2,"name":"Catalogue","item":"https:\/\/www.sp-equipements.com\/site\/catalogue\/"},{"@type":"ListItem","position":3,"name":"Barri\u00e8re de Chantier Eco TP"}]},{"@type":"WebSite","@id":"https:\/\/www.sp-equipements.com\/site\/#website","url":"https:\/\/www.sp-equipements.com\/site\/","name":"SP \u00c9quipements","description":"\u00c9quipements de collectivit\u00e9s","potentialAction":[{"@type":"SearchAction","target":{"@type":"EntryPoint","urlTemplate":"https:\/\/www.sp-equipements.com\/site\/?s={search_term_string}"},"query-input":"required name=search_term_string"}],"inLanguage":"fr-FR"}]}},"_links":{"self":[{"href":"https:\/\/www.sp-equipements.com\/site\/wp-json\/wp\/v2\/product\/20137"}],"collection":[{"href":"https:\/\/www.sp-equipements.com\/site\/wp-json\/wp\/v2\/product"}],"about":[{"href":"https:\/\/www.sp-equipements.com\/site\/wp-json\/wp\/v2\/types\/product"}],"replies":[{"embeddable":true,"href":"https:\/\/www.sp-equipements.com\/site\/wp-json\/wp\/v2\/comments?post=20137"}],"wp:featuredmedia":[{"embeddable":true,"href":"https:\/\/www.sp-equipements.com\/site\/wp-json\/wp\/v2\/media\/37366"}],"wp:attachment":[{"href":"https:\/\/www.sp-equipements.com\/site\/wp-json\/wp\/v2\/media?parent=20137"}],"wp:term":[{"taxonomy":"product_cat","embeddable":true,"href":"https:\/\/www.sp-equipements.com\/site\/wp-json\/wp\/v2\/product_cat?post=20137"},{"taxonomy":"product_tag","embeddable":true,"href":"https:\/\/www.sp-equipements.com\/site\/wp-json\/wp\/v2\/product_tag?post=20137"}],"curies":[{"name":"wp","href":"https:\/\/api.w.org\/{rel}","templated":true}]}}