{"id":20138,"date":"2019-06-04T19:04:46","date_gmt":"2019-06-04T17:04:46","guid":{"rendered":"http:\/\/www.polyequipements.com\/produit\/passerelle-de-chantier\/"},"modified":"2020-07-27T10:17:30","modified_gmt":"2020-07-27T08:17:30","slug":"passerelle-de-chantier","status":"publish","type":"product","link":"https:\/\/www.sp-equipements.com\/site\/produit\/passerelle-de-chantier\/","title":{"rendered":"Passerelle de Chantier"},"content":{"rendered":"","protected":false},"excerpt":{"rendered":"<p><i>Indispensables pour le passage des riverains en toute s\u00e9curit\u00e9 pendant les travaux.<\/i><\/p>\n<p>Limites d\u2019utilisation :<br \/>\nPasserelle 2m : 300 kg.<br \/>\nPasserelle 3m : 500 kg.<\/p>\n<p>Zone de passage en aluminium antid\u00e9rapant. Les garde corps sont constitu\u00e9s de barri\u00e8res articul\u00e9es repliables pour faciliter le transport et sont munis de crochets pour une compatibilit\u00e9 d\u2019accrochage avec les barri\u00e8res Eco TP. <\/p>\n<p>Finition garde-corps laqu\u00e9s rouge, 12 r\u00e9flectos.<\/p>\n","protected":false},"featured_media":37367,"comment_status":"open","ping_status":"closed","template":"","meta":[],"product_cat":[116,90],"product_tag":[],"yoast_head":"<!-- This site is optimized with the Yoast SEO plugin v22.2 - https:\/\/yoast.com\/wordpress\/plugins\/seo\/ -->\n<title>Passerelle de Chantier - SP \u00c9quipements<\/title>\n<meta name=\"robots\" content=\"index, follow, max-snippet:-1, max-image-preview:large, max-video-preview:-1\" \/>\n<link rel=\"canonical\" href=\"https:\/\/www.sp-equipements.com\/site\/produit\/passerelle-de-chantier\/\" \/>\n<meta property=\"og:locale\" content=\"fr_FR\" \/>\n<meta property=\"og:type\" content=\"article\" \/>\n<meta property=\"og:title\" content=\"Passerelle de Chantier - SP \u00c9quipements\" \/>\n<meta property=\"og:description\" content=\"Indispensables pour le passage des riverains en toute s\u00e9curit\u00e9 pendant les travaux.  Limites d\u2019utilisation :  Passerelle 2m : 300 kg. Passerelle 3m : 500 kg.  Zone de passage en aluminium antid\u00e9rapant. Les garde corps sont constitu\u00e9s de barri\u00e8res articul\u00e9es repliables pour faciliter le transport et sont munis de crochets pour une compatibilit\u00e9 d\u2019accrochage avec les barri\u00e8res Eco TP.   Finition garde-corps laqu\u00e9s rouge, 12 r\u00e9flectos.\" \/>\n<meta property=\"og:url\" content=\"https:\/\/www.sp-equipements.com\/site\/produit\/passerelle-de-chantier\/\" \/>\n<meta property=\"og:site_name\" content=\"SP \u00c9quipements\" \/>\n<meta property=\"article:modified_time\" content=\"2020-07-27T08:17:30+00:00\" \/>\n<meta property=\"og:image\" content=\"https:\/\/www.sp-equipements.com\/site\/wp-content\/uploads\/2019\/06\/passerelle_de_chantier-1.jpg\" \/>\n\t<meta property=\"og:image:width\" content=\"190\" \/>\n\t<meta property=\"og:image:height\" content=\"190\" \/>\n\t<meta property=\"og:image:type\" content=\"image\/jpeg\" \/>\n<meta name=\"twitter:card\" content=\"summary_large_image\" \/>\n<script type=\"application\/ld+json\" class=\"yoast-schema-graph\">{\"@context\":\"https:\/\/schema.org\",\"@graph\":[{\"@type\":\"WebPage\",\"@id\":\"https:\/\/www.sp-equipements.com\/site\/produit\/passerelle-de-chantier\/\",\"url\":\"https:\/\/www.sp-equipements.com\/site\/produit\/passerelle-de-chantier\/\",\"name\":\"Passerelle de Chantier - SP \u00c9quipements\",\"isPartOf\":{\"@id\":\"https:\/\/www.sp-equipements.com\/site\/#website\"},\"primaryImageOfPage\":{\"@id\":\"https:\/\/www.sp-equipements.com\/site\/produit\/passerelle-de-chantier\/#primaryimage\"},\"image\":{\"@id\":\"https:\/\/www.sp-equipements.com\/site\/produit\/passerelle-de-chantier\/#primaryimage\"},\"thumbnailUrl\":\"https:\/\/www.sp-equipements.com\/site\/wp-content\/uploads\/2019\/06\/passerelle_de_chantier-1.jpg\",\"datePublished\":\"2019-06-04T17:04:46+00:00\",\"dateModified\":\"2020-07-27T08:17:30+00:00\",\"breadcrumb\":{\"@id\":\"https:\/\/www.sp-equipements.com\/site\/produit\/passerelle-de-chantier\/#breadcrumb\"},\"inLanguage\":\"fr-FR\",\"potentialAction\":[{\"@type\":\"ReadAction\",\"target\":[\"https:\/\/www.sp-equipements.com\/site\/produit\/passerelle-de-chantier\/\"]}]},{\"@type\":\"ImageObject\",\"inLanguage\":\"fr-FR\",\"@id\":\"https:\/\/www.sp-equipements.com\/site\/produit\/passerelle-de-chantier\/#primaryimage\",\"url\":\"https:\/\/www.sp-equipements.com\/site\/wp-content\/uploads\/2019\/06\/passerelle_de_chantier-1.jpg\",\"contentUrl\":\"https:\/\/www.sp-equipements.com\/site\/wp-content\/uploads\/2019\/06\/passerelle_de_chantier-1.jpg\",\"width\":190,\"height\":190,\"caption\":\"passerelle de chantier 1\"},{\"@type\":\"BreadcrumbList\",\"@id\":\"https:\/\/www.sp-equipements.com\/site\/produit\/passerelle-de-chantier\/#breadcrumb\",\"itemListElement\":[{\"@type\":\"ListItem\",\"position\":1,\"name\":\"Accueil\",\"item\":\"https:\/\/www.sp-equipements.com\/site\/\"},{\"@type\":\"ListItem\",\"position\":2,\"name\":\"Catalogue\",\"item\":\"https:\/\/www.sp-equipements.com\/site\/catalogue\/\"},{\"@type\":\"ListItem\",\"position\":3,\"name\":\"Passerelle de Chantier\"}]},{\"@type\":\"WebSite\",\"@id\":\"https:\/\/www.sp-equipements.com\/site\/#website\",\"url\":\"https:\/\/www.sp-equipements.com\/site\/\",\"name\":\"SP \u00c9quipements\",\"description\":\"\u00c9quipements de collectivit\u00e9s\",\"potentialAction\":[{\"@type\":\"SearchAction\",\"target\":{\"@type\":\"EntryPoint\",\"urlTemplate\":\"https:\/\/www.sp-equipements.com\/site\/?s={search_term_string}\"},\"query-input\":\"required name=search_term_string\"}],\"inLanguage\":\"fr-FR\"}]}<\/script>\n<!-- \/ Yoast SEO plugin. -->","yoast_head_json":{"title":"Passerelle de Chantier - SP \u00c9quipements","robots":{"index":"index","follow":"follow","max-snippet":"max-snippet:-1","max-image-preview":"max-image-preview:large","max-video-preview":"max-video-preview:-1"},"canonical":"https:\/\/www.sp-equipements.com\/site\/produit\/passerelle-de-chantier\/","og_locale":"fr_FR","og_type":"article","og_title":"Passerelle de Chantier - SP \u00c9quipements","og_description":"Indispensables pour le passage des riverains en toute s\u00e9curit\u00e9 pendant les travaux.  Limites d\u2019utilisation :  Passerelle 2m : 300 kg. Passerelle 3m : 500 kg.  Zone de passage en aluminium antid\u00e9rapant. Les garde corps sont constitu\u00e9s de barri\u00e8res articul\u00e9es repliables pour faciliter le transport et sont munis de crochets pour une compatibilit\u00e9 d\u2019accrochage avec les barri\u00e8res Eco TP.   Finition garde-corps laqu\u00e9s rouge, 12 r\u00e9flectos.","og_url":"https:\/\/www.sp-equipements.com\/site\/produit\/passerelle-de-chantier\/","og_site_name":"SP \u00c9quipements","article_modified_time":"2020-07-27T08:17:30+00:00","og_image":[{"width":190,"height":190,"url":"https:\/\/www.sp-equipements.com\/site\/wp-content\/uploads\/2019\/06\/passerelle_de_chantier-1.jpg","type":"image\/jpeg"}],"twitter_card":"summary_large_image","schema":{"@context":"https:\/\/schema.org","@graph":[{"@type":"WebPage","@id":"https:\/\/www.sp-equipements.com\/site\/produit\/passerelle-de-chantier\/","url":"https:\/\/www.sp-equipements.com\/site\/produit\/passerelle-de-chantier\/","name":"Passerelle de Chantier - SP \u00c9quipements","isPartOf":{"@id":"https:\/\/www.sp-equipements.com\/site\/#website"},"primaryImageOfPage":{"@id":"https:\/\/www.sp-equipements.com\/site\/produit\/passerelle-de-chantier\/#primaryimage"},"image":{"@id":"https:\/\/www.sp-equipements.com\/site\/produit\/passerelle-de-chantier\/#primaryimage"},"thumbnailUrl":"https:\/\/www.sp-equipements.com\/site\/wp-content\/uploads\/2019\/06\/passerelle_de_chantier-1.jpg","datePublished":"2019-06-04T17:04:46+00:00","dateModified":"2020-07-27T08:17:30+00:00","breadcrumb":{"@id":"https:\/\/www.sp-equipements.com\/site\/produit\/passerelle-de-chantier\/#breadcrumb"},"inLanguage":"fr-FR","potentialAction":[{"@type":"ReadAction","target":["https:\/\/www.sp-equipements.com\/site\/produit\/passerelle-de-chantier\/"]}]},{"@type":"ImageObject","inLanguage":"fr-FR","@id":"https:\/\/www.sp-equipements.com\/site\/produit\/passerelle-de-chantier\/#primaryimage","url":"https:\/\/www.sp-equipements.com\/site\/wp-content\/uploads\/2019\/06\/passerelle_de_chantier-1.jpg","contentUrl":"https:\/\/www.sp-equipements.com\/site\/wp-content\/uploads\/2019\/06\/passerelle_de_chantier-1.jpg","width":190,"height":190,"caption":"passerelle de chantier 1"},{"@type":"BreadcrumbList","@id":"https:\/\/www.sp-equipements.com\/site\/produit\/passerelle-de-chantier\/#breadcrumb","itemListElement":[{"@type":"ListItem","position":1,"name":"Accueil","item":"https:\/\/www.sp-equipements.com\/site\/"},{"@type":"ListItem","position":2,"name":"Catalogue","item":"https:\/\/www.sp-equipements.com\/site\/catalogue\/"},{"@type":"ListItem","position":3,"name":"Passerelle de Chantier"}]},{"@type":"WebSite","@id":"https:\/\/www.sp-equipements.com\/site\/#website","url":"https:\/\/www.sp-equipements.com\/site\/","name":"SP \u00c9quipements","description":"\u00c9quipements de collectivit\u00e9s","potentialAction":[{"@type":"SearchAction","target":{"@type":"EntryPoint","urlTemplate":"https:\/\/www.sp-equipements.com\/site\/?s={search_term_string}"},"query-input":"required name=search_term_string"}],"inLanguage":"fr-FR"}]}},"_links":{"self":[{"href":"https:\/\/www.sp-equipements.com\/site\/wp-json\/wp\/v2\/product\/20138"}],"collection":[{"href":"https:\/\/www.sp-equipements.com\/site\/wp-json\/wp\/v2\/product"}],"about":[{"href":"https:\/\/www.sp-equipements.com\/site\/wp-json\/wp\/v2\/types\/product"}],"replies":[{"embeddable":true,"href":"https:\/\/www.sp-equipements.com\/site\/wp-json\/wp\/v2\/comments?post=20138"}],"wp:featuredmedia":[{"embeddable":true,"href":"https:\/\/www.sp-equipements.com\/site\/wp-json\/wp\/v2\/media\/37367"}],"wp:attachment":[{"href":"https:\/\/www.sp-equipements.com\/site\/wp-json\/wp\/v2\/media?parent=20138"}],"wp:term":[{"taxonomy":"product_cat","embeddable":true,"href":"https:\/\/www.sp-equipements.com\/site\/wp-json\/wp\/v2\/product_cat?post=20138"},{"taxonomy":"product_tag","embeddable":true,"href":"https:\/\/www.sp-equipements.com\/site\/wp-json\/wp\/v2\/product_tag?post=20138"}],"curies":[{"name":"wp","href":"https:\/\/api.w.org\/{rel}","templated":true}]}}