{"id":20149,"date":"2019-06-04T19:04:49","date_gmt":"2019-06-04T17:04:49","guid":{"rendered":"http:\/\/www.polyequipements.com\/produit\/barriere-de-securite-en-polypropylene\/"},"modified":"2022-06-08T03:16:04","modified_gmt":"2022-06-08T01:16:04","slug":"barriere-de-securite-en-polypropylene","status":"publish","type":"product","link":"https:\/\/www.sp-equipements.com\/site\/produit\/barriere-de-securite-en-polypropylene\/","title":{"rendered":"Barri\u00e8re de Securit\u00e9 en Polypropyl\u00e8ne"},"content":{"rendered":"","protected":false},"excerpt":{"rendered":"<p><i>Une barri\u00e8re fonctionnelle et s\u00e9curisante lors des rassemblements publics sportifs et \u00e9v\u00e8nementiels&#8230; Une barri\u00e8re esth\u00e9tique, qui ne s\u2019oxyde pas, pour \u00e9quiper les lieux accueillant du public (\u00e9coles, mairies, commissariats&#8230;), en fait un \u00e9l\u00e9ment de mobilier urbain, qui peut \u00eatre utilis\u00e9 en salle. Une barri\u00e8re fonctionnelle et r\u00e9sistante pour les services techniques (attache rapide, rattrapage de niveau gr\u00e2ce au syst\u00e8me d\u2019accrochage, etc.). <\/i><\/p>\n<p>Utilisation adapt\u00e9e pour l\u2019int\u00e9rieur (palais des sports, halls d\u2019expositions, &#8230;), et des environnements sp\u00e9cifiques (piscines, ports, etc.).<br \/>\nUne barri\u00e8re qui respecte l\u2019environnement (possibilit\u00e9 de recyclage, \u00ablutte contre le bruit\u00bb lors de la mise en \u0153uvre\u2026).<br \/>\nUne barri\u00e8re qui communique gr\u00e2ce aux espaces de marquage pour logo et espace d\u2019affichage des arr\u00eat\u00e9s&#8230;<\/p>\n<p><b>Caract\u00e9ristiques :<\/b><br \/>\n\u2022 Longueur : 2m\/1,20m &#8211; Hauteur : 1m &#8211; Poids : 11,8 kg\/6,5kg<br \/>\n\u2022 Couleur de s\u00e9rie : bleu, jaune, verte, rouge, orange.<br \/>\n\u2022 Pieds mobiles pour le stockage \u00e0 plat.<br \/>\n\u2022 Autres couleurs sur demande \u00e0 partir de 250 pi\u00e8ces.<br \/>\n\u2022 Polypropyl\u00e8ne <b>recyclable<\/b>.<\/p>\n","protected":false},"featured_media":37378,"comment_status":"open","ping_status":"closed","template":"","meta":[],"product_cat":[112,90],"product_tag":[],"yoast_head":"<!-- This site is optimized with the Yoast SEO plugin v22.2 - https:\/\/yoast.com\/wordpress\/plugins\/seo\/ -->\n<title>Barri\u00e8re de Securit\u00e9 en Polypropyl\u00e8ne - SP \u00c9quipements<\/title>\n<meta name=\"robots\" content=\"index, follow, max-snippet:-1, max-image-preview:large, max-video-preview:-1\" \/>\n<link rel=\"canonical\" href=\"https:\/\/www.sp-equipements.com\/site\/produit\/barriere-de-securite-en-polypropylene\/\" \/>\n<meta property=\"og:locale\" content=\"fr_FR\" \/>\n<meta property=\"og:type\" content=\"article\" \/>\n<meta property=\"og:title\" content=\"Barri\u00e8re de Securit\u00e9 en Polypropyl\u00e8ne - SP \u00c9quipements\" \/>\n<meta property=\"og:description\" content=\"Une barri\u00e8re fonctionnelle et s\u00e9curisante lors des rassemblements publics sportifs et \u00e9v\u00e8nementiels... Une barri\u00e8re esth\u00e9tique, qui ne s\u2019oxyde pas, pour \u00e9quiper les lieux accueillant du public (\u00e9coles, mairies, commissariats...), en fait un \u00e9l\u00e9ment de mobilier urbain, qui peut \u00eatre utilis\u00e9 en salle. Une barri\u00e8re fonctionnelle et r\u00e9sistante pour les services techniques (attache rapide, rattrapage de niveau gr\u00e2ce au syst\u00e8me d\u2019accrochage, etc.).   Utilisation adapt\u00e9e pour l\u2019int\u00e9rieur (palais des sports, halls d\u2019expositions, ...), et des environnements sp\u00e9cifiques (piscines, ports, etc.). Une barri\u00e8re qui respecte l\u2019environnement (possibilit\u00e9 de recyclage, \u00ablutte contre le bruit\u00bb lors de la mise en \u0153uvre\u2026). Une barri\u00e8re qui communique gr\u00e2ce aux espaces de marquage pour logo et espace d\u2019affichage des arr\u00eat\u00e9s...  Caract\u00e9ristiques : \u2022 Longueur : 2m\/1,20m - Hauteur : 1m - Poids : 11,8 kg\/6,5kg \u2022 Couleur de s\u00e9rie : bleu, jaune, verte, rouge, orange. \u2022 Pieds mobiles pour le stockage \u00e0 plat. \u2022 Autres couleurs sur demande \u00e0 partir de 250 pi\u00e8ces. \u2022 Polypropyl\u00e8ne recyclable.\" \/>\n<meta property=\"og:url\" content=\"https:\/\/www.sp-equipements.com\/site\/produit\/barriere-de-securite-en-polypropylene\/\" \/>\n<meta property=\"og:site_name\" content=\"SP \u00c9quipements\" \/>\n<meta property=\"article:modified_time\" content=\"2022-06-08T01:16:04+00:00\" \/>\n<meta property=\"og:image\" content=\"https:\/\/www.sp-equipements.com\/site\/wp-content\/uploads\/2019\/06\/barriere_plastique-1.jpg\" \/>\n\t<meta property=\"og:image:width\" content=\"190\" \/>\n\t<meta property=\"og:image:height\" content=\"190\" \/>\n\t<meta property=\"og:image:type\" content=\"image\/jpeg\" \/>\n<meta name=\"twitter:card\" content=\"summary_large_image\" \/>\n<script type=\"application\/ld+json\" class=\"yoast-schema-graph\">{\"@context\":\"https:\/\/schema.org\",\"@graph\":[{\"@type\":\"WebPage\",\"@id\":\"https:\/\/www.sp-equipements.com\/site\/produit\/barriere-de-securite-en-polypropylene\/\",\"url\":\"https:\/\/www.sp-equipements.com\/site\/produit\/barriere-de-securite-en-polypropylene\/\",\"name\":\"Barri\u00e8re de Securit\u00e9 en Polypropyl\u00e8ne - SP \u00c9quipements\",\"isPartOf\":{\"@id\":\"https:\/\/www.sp-equipements.com\/site\/#website\"},\"primaryImageOfPage\":{\"@id\":\"https:\/\/www.sp-equipements.com\/site\/produit\/barriere-de-securite-en-polypropylene\/#primaryimage\"},\"image\":{\"@id\":\"https:\/\/www.sp-equipements.com\/site\/produit\/barriere-de-securite-en-polypropylene\/#primaryimage\"},\"thumbnailUrl\":\"https:\/\/www.sp-equipements.com\/site\/wp-content\/uploads\/2019\/06\/barriere_plastique-1.jpg\",\"datePublished\":\"2019-06-04T17:04:49+00:00\",\"dateModified\":\"2022-06-08T01:16:04+00:00\",\"breadcrumb\":{\"@id\":\"https:\/\/www.sp-equipements.com\/site\/produit\/barriere-de-securite-en-polypropylene\/#breadcrumb\"},\"inLanguage\":\"fr-FR\",\"potentialAction\":[{\"@type\":\"ReadAction\",\"target\":[\"https:\/\/www.sp-equipements.com\/site\/produit\/barriere-de-securite-en-polypropylene\/\"]}]},{\"@type\":\"ImageObject\",\"inLanguage\":\"fr-FR\",\"@id\":\"https:\/\/www.sp-equipements.com\/site\/produit\/barriere-de-securite-en-polypropylene\/#primaryimage\",\"url\":\"https:\/\/www.sp-equipements.com\/site\/wp-content\/uploads\/2019\/06\/barriere_plastique-1.jpg\",\"contentUrl\":\"https:\/\/www.sp-equipements.com\/site\/wp-content\/uploads\/2019\/06\/barriere_plastique-1.jpg\",\"width\":190,\"height\":190,\"caption\":\"barriere plastique 1\"},{\"@type\":\"BreadcrumbList\",\"@id\":\"https:\/\/www.sp-equipements.com\/site\/produit\/barriere-de-securite-en-polypropylene\/#breadcrumb\",\"itemListElement\":[{\"@type\":\"ListItem\",\"position\":1,\"name\":\"Accueil\",\"item\":\"https:\/\/www.sp-equipements.com\/site\/\"},{\"@type\":\"ListItem\",\"position\":2,\"name\":\"Catalogue\",\"item\":\"https:\/\/www.sp-equipements.com\/site\/catalogue\/\"},{\"@type\":\"ListItem\",\"position\":3,\"name\":\"Barri\u00e8re de Securit\u00e9 en Polypropyl\u00e8ne\"}]},{\"@type\":\"WebSite\",\"@id\":\"https:\/\/www.sp-equipements.com\/site\/#website\",\"url\":\"https:\/\/www.sp-equipements.com\/site\/\",\"name\":\"SP \u00c9quipements\",\"description\":\"\u00c9quipements de collectivit\u00e9s\",\"potentialAction\":[{\"@type\":\"SearchAction\",\"target\":{\"@type\":\"EntryPoint\",\"urlTemplate\":\"https:\/\/www.sp-equipements.com\/site\/?s={search_term_string}\"},\"query-input\":\"required name=search_term_string\"}],\"inLanguage\":\"fr-FR\"}]}<\/script>\n<!-- \/ Yoast SEO plugin. -->","yoast_head_json":{"title":"Barri\u00e8re de Securit\u00e9 en Polypropyl\u00e8ne - SP \u00c9quipements","robots":{"index":"index","follow":"follow","max-snippet":"max-snippet:-1","max-image-preview":"max-image-preview:large","max-video-preview":"max-video-preview:-1"},"canonical":"https:\/\/www.sp-equipements.com\/site\/produit\/barriere-de-securite-en-polypropylene\/","og_locale":"fr_FR","og_type":"article","og_title":"Barri\u00e8re de Securit\u00e9 en Polypropyl\u00e8ne - SP \u00c9quipements","og_description":"Une barri\u00e8re fonctionnelle et s\u00e9curisante lors des rassemblements publics sportifs et \u00e9v\u00e8nementiels... Une barri\u00e8re esth\u00e9tique, qui ne s\u2019oxyde pas, pour \u00e9quiper les lieux accueillant du public (\u00e9coles, mairies, commissariats...), en fait un \u00e9l\u00e9ment de mobilier urbain, qui peut \u00eatre utilis\u00e9 en salle. Une barri\u00e8re fonctionnelle et r\u00e9sistante pour les services techniques (attache rapide, rattrapage de niveau gr\u00e2ce au syst\u00e8me d\u2019accrochage, etc.).   Utilisation adapt\u00e9e pour l\u2019int\u00e9rieur (palais des sports, halls d\u2019expositions, ...), et des environnements sp\u00e9cifiques (piscines, ports, etc.). Une barri\u00e8re qui respecte l\u2019environnement (possibilit\u00e9 de recyclage, \u00ablutte contre le bruit\u00bb lors de la mise en \u0153uvre\u2026). Une barri\u00e8re qui communique gr\u00e2ce aux espaces de marquage pour logo et espace d\u2019affichage des arr\u00eat\u00e9s...  Caract\u00e9ristiques : \u2022 Longueur : 2m\/1,20m - Hauteur : 1m - Poids : 11,8 kg\/6,5kg \u2022 Couleur de s\u00e9rie : bleu, jaune, verte, rouge, orange. \u2022 Pieds mobiles pour le stockage \u00e0 plat. \u2022 Autres couleurs sur demande \u00e0 partir de 250 pi\u00e8ces. \u2022 Polypropyl\u00e8ne recyclable.","og_url":"https:\/\/www.sp-equipements.com\/site\/produit\/barriere-de-securite-en-polypropylene\/","og_site_name":"SP \u00c9quipements","article_modified_time":"2022-06-08T01:16:04+00:00","og_image":[{"width":190,"height":190,"url":"https:\/\/www.sp-equipements.com\/site\/wp-content\/uploads\/2019\/06\/barriere_plastique-1.jpg","type":"image\/jpeg"}],"twitter_card":"summary_large_image","schema":{"@context":"https:\/\/schema.org","@graph":[{"@type":"WebPage","@id":"https:\/\/www.sp-equipements.com\/site\/produit\/barriere-de-securite-en-polypropylene\/","url":"https:\/\/www.sp-equipements.com\/site\/produit\/barriere-de-securite-en-polypropylene\/","name":"Barri\u00e8re de Securit\u00e9 en Polypropyl\u00e8ne - SP \u00c9quipements","isPartOf":{"@id":"https:\/\/www.sp-equipements.com\/site\/#website"},"primaryImageOfPage":{"@id":"https:\/\/www.sp-equipements.com\/site\/produit\/barriere-de-securite-en-polypropylene\/#primaryimage"},"image":{"@id":"https:\/\/www.sp-equipements.com\/site\/produit\/barriere-de-securite-en-polypropylene\/#primaryimage"},"thumbnailUrl":"https:\/\/www.sp-equipements.com\/site\/wp-content\/uploads\/2019\/06\/barriere_plastique-1.jpg","datePublished":"2019-06-04T17:04:49+00:00","dateModified":"2022-06-08T01:16:04+00:00","breadcrumb":{"@id":"https:\/\/www.sp-equipements.com\/site\/produit\/barriere-de-securite-en-polypropylene\/#breadcrumb"},"inLanguage":"fr-FR","potentialAction":[{"@type":"ReadAction","target":["https:\/\/www.sp-equipements.com\/site\/produit\/barriere-de-securite-en-polypropylene\/"]}]},{"@type":"ImageObject","inLanguage":"fr-FR","@id":"https:\/\/www.sp-equipements.com\/site\/produit\/barriere-de-securite-en-polypropylene\/#primaryimage","url":"https:\/\/www.sp-equipements.com\/site\/wp-content\/uploads\/2019\/06\/barriere_plastique-1.jpg","contentUrl":"https:\/\/www.sp-equipements.com\/site\/wp-content\/uploads\/2019\/06\/barriere_plastique-1.jpg","width":190,"height":190,"caption":"barriere plastique 1"},{"@type":"BreadcrumbList","@id":"https:\/\/www.sp-equipements.com\/site\/produit\/barriere-de-securite-en-polypropylene\/#breadcrumb","itemListElement":[{"@type":"ListItem","position":1,"name":"Accueil","item":"https:\/\/www.sp-equipements.com\/site\/"},{"@type":"ListItem","position":2,"name":"Catalogue","item":"https:\/\/www.sp-equipements.com\/site\/catalogue\/"},{"@type":"ListItem","position":3,"name":"Barri\u00e8re de Securit\u00e9 en Polypropyl\u00e8ne"}]},{"@type":"WebSite","@id":"https:\/\/www.sp-equipements.com\/site\/#website","url":"https:\/\/www.sp-equipements.com\/site\/","name":"SP \u00c9quipements","description":"\u00c9quipements de collectivit\u00e9s","potentialAction":[{"@type":"SearchAction","target":{"@type":"EntryPoint","urlTemplate":"https:\/\/www.sp-equipements.com\/site\/?s={search_term_string}"},"query-input":"required name=search_term_string"}],"inLanguage":"fr-FR"}]}},"_links":{"self":[{"href":"https:\/\/www.sp-equipements.com\/site\/wp-json\/wp\/v2\/product\/20149"}],"collection":[{"href":"https:\/\/www.sp-equipements.com\/site\/wp-json\/wp\/v2\/product"}],"about":[{"href":"https:\/\/www.sp-equipements.com\/site\/wp-json\/wp\/v2\/types\/product"}],"replies":[{"embeddable":true,"href":"https:\/\/www.sp-equipements.com\/site\/wp-json\/wp\/v2\/comments?post=20149"}],"wp:featuredmedia":[{"embeddable":true,"href":"https:\/\/www.sp-equipements.com\/site\/wp-json\/wp\/v2\/media\/37378"}],"wp:attachment":[{"href":"https:\/\/www.sp-equipements.com\/site\/wp-json\/wp\/v2\/media?parent=20149"}],"wp:term":[{"taxonomy":"product_cat","embeddable":true,"href":"https:\/\/www.sp-equipements.com\/site\/wp-json\/wp\/v2\/product_cat?post=20149"},{"taxonomy":"product_tag","embeddable":true,"href":"https:\/\/www.sp-equipements.com\/site\/wp-json\/wp\/v2\/product_tag?post=20149"}],"curies":[{"name":"wp","href":"https:\/\/api.w.org\/{rel}","templated":true}]}}