{"id":20449,"date":"2019-06-05T11:50:50","date_gmt":"2019-06-05T09:50:50","guid":{"rendered":"http:\/\/www.polyequipements.com\/produit\/chaise-de-restaurant-boulevard\/"},"modified":"2019-06-19T15:29:46","modified_gmt":"2019-06-19T13:29:46","slug":"chaise-de-restaurant-boulevard","status":"publish","type":"product","link":"https:\/\/www.sp-equipements.com\/site\/produit\/chaise-de-restaurant-boulevard\/","title":{"rendered":"Chaise de Restaurant BOULEVARD"},"content":{"rendered":"","protected":false},"excerpt":{"rendered":"<p>Structure en bois couleur weng\u00e9.<br \/>\nPi\u00e8tements en bois.<br \/>\nAssise en simili cuir rembourr\u00e9e. Existe en blanc cass\u00e9 et marron.<\/p>\n<p><b>Descriptif technique : <\/b><br \/>\nHauteur assise (min-max) : 47<br \/>\nHauteur x Largeur x Profondeur : 91x45x51cm<br \/>\nLargeur assise (min-max) en cm : 34~44<\/p>\n","protected":false},"featured_media":37404,"comment_status":"open","ping_status":"closed","template":"","meta":[],"product_cat":[119,91],"product_tag":[],"yoast_head":"<!-- This site is optimized with the Yoast SEO plugin v22.2 - https:\/\/yoast.com\/wordpress\/plugins\/seo\/ -->\n<title>Chaise de Restaurant BOULEVARD - SP \u00c9quipements<\/title>\n<meta name=\"robots\" content=\"index, follow, max-snippet:-1, max-image-preview:large, max-video-preview:-1\" \/>\n<link rel=\"canonical\" href=\"https:\/\/www.sp-equipements.com\/site\/produit\/chaise-de-restaurant-boulevard\/\" \/>\n<meta property=\"og:locale\" content=\"fr_FR\" \/>\n<meta property=\"og:type\" content=\"article\" \/>\n<meta property=\"og:title\" content=\"Chaise de Restaurant BOULEVARD - SP \u00c9quipements\" \/>\n<meta property=\"og:description\" content=\"Structure en bois couleur weng\u00e9. Pi\u00e8tements en bois. Assise en simili cuir rembourr\u00e9e. Existe en blanc cass\u00e9 et marron.  Descriptif technique :  Hauteur assise (min-max) : 47 Hauteur x Largeur x Profondeur : 91x45x51cm Largeur assise (min-max) en cm : 34~44\" \/>\n<meta property=\"og:url\" content=\"https:\/\/www.sp-equipements.com\/site\/produit\/chaise-de-restaurant-boulevard\/\" \/>\n<meta property=\"og:site_name\" content=\"SP \u00c9quipements\" \/>\n<meta property=\"article:modified_time\" content=\"2019-06-19T13:29:46+00:00\" \/>\n<meta property=\"og:image\" content=\"https:\/\/www.sp-equipements.com\/site\/wp-content\/uploads\/2019\/06\/chaise_restaurant_boulevard-1.jpg\" \/>\n\t<meta property=\"og:image:width\" content=\"190\" \/>\n\t<meta property=\"og:image:height\" content=\"190\" \/>\n\t<meta property=\"og:image:type\" content=\"image\/jpeg\" \/>\n<meta name=\"twitter:card\" content=\"summary_large_image\" \/>\n<script type=\"application\/ld+json\" class=\"yoast-schema-graph\">{\"@context\":\"https:\/\/schema.org\",\"@graph\":[{\"@type\":\"WebPage\",\"@id\":\"https:\/\/www.sp-equipements.com\/site\/produit\/chaise-de-restaurant-boulevard\/\",\"url\":\"https:\/\/www.sp-equipements.com\/site\/produit\/chaise-de-restaurant-boulevard\/\",\"name\":\"Chaise de Restaurant BOULEVARD - SP \u00c9quipements\",\"isPartOf\":{\"@id\":\"https:\/\/www.sp-equipements.com\/site\/#website\"},\"primaryImageOfPage\":{\"@id\":\"https:\/\/www.sp-equipements.com\/site\/produit\/chaise-de-restaurant-boulevard\/#primaryimage\"},\"image\":{\"@id\":\"https:\/\/www.sp-equipements.com\/site\/produit\/chaise-de-restaurant-boulevard\/#primaryimage\"},\"thumbnailUrl\":\"https:\/\/www.sp-equipements.com\/site\/wp-content\/uploads\/2019\/06\/chaise_restaurant_boulevard-1.jpg\",\"datePublished\":\"2019-06-05T09:50:50+00:00\",\"dateModified\":\"2019-06-19T13:29:46+00:00\",\"breadcrumb\":{\"@id\":\"https:\/\/www.sp-equipements.com\/site\/produit\/chaise-de-restaurant-boulevard\/#breadcrumb\"},\"inLanguage\":\"fr-FR\",\"potentialAction\":[{\"@type\":\"ReadAction\",\"target\":[\"https:\/\/www.sp-equipements.com\/site\/produit\/chaise-de-restaurant-boulevard\/\"]}]},{\"@type\":\"ImageObject\",\"inLanguage\":\"fr-FR\",\"@id\":\"https:\/\/www.sp-equipements.com\/site\/produit\/chaise-de-restaurant-boulevard\/#primaryimage\",\"url\":\"https:\/\/www.sp-equipements.com\/site\/wp-content\/uploads\/2019\/06\/chaise_restaurant_boulevard-1.jpg\",\"contentUrl\":\"https:\/\/www.sp-equipements.com\/site\/wp-content\/uploads\/2019\/06\/chaise_restaurant_boulevard-1.jpg\",\"width\":190,\"height\":190,\"caption\":\"chaise restaurant boulevard 1\"},{\"@type\":\"BreadcrumbList\",\"@id\":\"https:\/\/www.sp-equipements.com\/site\/produit\/chaise-de-restaurant-boulevard\/#breadcrumb\",\"itemListElement\":[{\"@type\":\"ListItem\",\"position\":1,\"name\":\"Accueil\",\"item\":\"https:\/\/www.sp-equipements.com\/site\/\"},{\"@type\":\"ListItem\",\"position\":2,\"name\":\"Catalogue\",\"item\":\"https:\/\/www.sp-equipements.com\/site\/catalogue\/\"},{\"@type\":\"ListItem\",\"position\":3,\"name\":\"Chaise de Restaurant BOULEVARD\"}]},{\"@type\":\"WebSite\",\"@id\":\"https:\/\/www.sp-equipements.com\/site\/#website\",\"url\":\"https:\/\/www.sp-equipements.com\/site\/\",\"name\":\"SP \u00c9quipements\",\"description\":\"\u00c9quipements de collectivit\u00e9s\",\"potentialAction\":[{\"@type\":\"SearchAction\",\"target\":{\"@type\":\"EntryPoint\",\"urlTemplate\":\"https:\/\/www.sp-equipements.com\/site\/?s={search_term_string}\"},\"query-input\":\"required name=search_term_string\"}],\"inLanguage\":\"fr-FR\"}]}<\/script>\n<!-- \/ Yoast SEO plugin. -->","yoast_head_json":{"title":"Chaise de Restaurant BOULEVARD - SP \u00c9quipements","robots":{"index":"index","follow":"follow","max-snippet":"max-snippet:-1","max-image-preview":"max-image-preview:large","max-video-preview":"max-video-preview:-1"},"canonical":"https:\/\/www.sp-equipements.com\/site\/produit\/chaise-de-restaurant-boulevard\/","og_locale":"fr_FR","og_type":"article","og_title":"Chaise de Restaurant BOULEVARD - SP \u00c9quipements","og_description":"Structure en bois couleur weng\u00e9. Pi\u00e8tements en bois. Assise en simili cuir rembourr\u00e9e. Existe en blanc cass\u00e9 et marron.  Descriptif technique :  Hauteur assise (min-max) : 47 Hauteur x Largeur x Profondeur : 91x45x51cm Largeur assise (min-max) en cm : 34~44","og_url":"https:\/\/www.sp-equipements.com\/site\/produit\/chaise-de-restaurant-boulevard\/","og_site_name":"SP \u00c9quipements","article_modified_time":"2019-06-19T13:29:46+00:00","og_image":[{"width":190,"height":190,"url":"https:\/\/www.sp-equipements.com\/site\/wp-content\/uploads\/2019\/06\/chaise_restaurant_boulevard-1.jpg","type":"image\/jpeg"}],"twitter_card":"summary_large_image","schema":{"@context":"https:\/\/schema.org","@graph":[{"@type":"WebPage","@id":"https:\/\/www.sp-equipements.com\/site\/produit\/chaise-de-restaurant-boulevard\/","url":"https:\/\/www.sp-equipements.com\/site\/produit\/chaise-de-restaurant-boulevard\/","name":"Chaise de Restaurant BOULEVARD - SP \u00c9quipements","isPartOf":{"@id":"https:\/\/www.sp-equipements.com\/site\/#website"},"primaryImageOfPage":{"@id":"https:\/\/www.sp-equipements.com\/site\/produit\/chaise-de-restaurant-boulevard\/#primaryimage"},"image":{"@id":"https:\/\/www.sp-equipements.com\/site\/produit\/chaise-de-restaurant-boulevard\/#primaryimage"},"thumbnailUrl":"https:\/\/www.sp-equipements.com\/site\/wp-content\/uploads\/2019\/06\/chaise_restaurant_boulevard-1.jpg","datePublished":"2019-06-05T09:50:50+00:00","dateModified":"2019-06-19T13:29:46+00:00","breadcrumb":{"@id":"https:\/\/www.sp-equipements.com\/site\/produit\/chaise-de-restaurant-boulevard\/#breadcrumb"},"inLanguage":"fr-FR","potentialAction":[{"@type":"ReadAction","target":["https:\/\/www.sp-equipements.com\/site\/produit\/chaise-de-restaurant-boulevard\/"]}]},{"@type":"ImageObject","inLanguage":"fr-FR","@id":"https:\/\/www.sp-equipements.com\/site\/produit\/chaise-de-restaurant-boulevard\/#primaryimage","url":"https:\/\/www.sp-equipements.com\/site\/wp-content\/uploads\/2019\/06\/chaise_restaurant_boulevard-1.jpg","contentUrl":"https:\/\/www.sp-equipements.com\/site\/wp-content\/uploads\/2019\/06\/chaise_restaurant_boulevard-1.jpg","width":190,"height":190,"caption":"chaise restaurant boulevard 1"},{"@type":"BreadcrumbList","@id":"https:\/\/www.sp-equipements.com\/site\/produit\/chaise-de-restaurant-boulevard\/#breadcrumb","itemListElement":[{"@type":"ListItem","position":1,"name":"Accueil","item":"https:\/\/www.sp-equipements.com\/site\/"},{"@type":"ListItem","position":2,"name":"Catalogue","item":"https:\/\/www.sp-equipements.com\/site\/catalogue\/"},{"@type":"ListItem","position":3,"name":"Chaise de Restaurant BOULEVARD"}]},{"@type":"WebSite","@id":"https:\/\/www.sp-equipements.com\/site\/#website","url":"https:\/\/www.sp-equipements.com\/site\/","name":"SP \u00c9quipements","description":"\u00c9quipements de collectivit\u00e9s","potentialAction":[{"@type":"SearchAction","target":{"@type":"EntryPoint","urlTemplate":"https:\/\/www.sp-equipements.com\/site\/?s={search_term_string}"},"query-input":"required name=search_term_string"}],"inLanguage":"fr-FR"}]}},"_links":{"self":[{"href":"https:\/\/www.sp-equipements.com\/site\/wp-json\/wp\/v2\/product\/20449"}],"collection":[{"href":"https:\/\/www.sp-equipements.com\/site\/wp-json\/wp\/v2\/product"}],"about":[{"href":"https:\/\/www.sp-equipements.com\/site\/wp-json\/wp\/v2\/types\/product"}],"replies":[{"embeddable":true,"href":"https:\/\/www.sp-equipements.com\/site\/wp-json\/wp\/v2\/comments?post=20449"}],"wp:featuredmedia":[{"embeddable":true,"href":"https:\/\/www.sp-equipements.com\/site\/wp-json\/wp\/v2\/media\/37404"}],"wp:attachment":[{"href":"https:\/\/www.sp-equipements.com\/site\/wp-json\/wp\/v2\/media?parent=20449"}],"wp:term":[{"taxonomy":"product_cat","embeddable":true,"href":"https:\/\/www.sp-equipements.com\/site\/wp-json\/wp\/v2\/product_cat?post=20449"},{"taxonomy":"product_tag","embeddable":true,"href":"https:\/\/www.sp-equipements.com\/site\/wp-json\/wp\/v2\/product_tag?post=20449"}],"curies":[{"name":"wp","href":"https:\/\/api.w.org\/{rel}","templated":true}]}}