{"id":20455,"date":"2019-06-05T11:50:52","date_gmt":"2019-06-05T09:50:52","guid":{"rendered":"http:\/\/www.polyequipements.com\/produit\/chaise-de-restaurant-hameau\/"},"modified":"2019-06-19T15:29:47","modified_gmt":"2019-06-19T13:29:47","slug":"chaise-de-restaurant-hameau","status":"publish","type":"product","link":"https:\/\/www.sp-equipements.com\/site\/produit\/chaise-de-restaurant-hameau\/","title":{"rendered":"Chaise de Restaurant HAMEAU"},"content":{"rendered":"","protected":false},"excerpt":{"rendered":"<p>Pi\u00e8tements en acier peint aspect bois.<br \/>Assise et dossier en simili cuir rembourr\u00e9s. <\/p>\n<p><b>Descriptif technique : <\/b><br \/>Hauteur assise (min-max) :  77<br \/>Hauteur x Largeur x Profondeur :  106x45x54cm<br \/>Largeur assise (min-max) en cm : 40~43<br \/>Hauteur repose pied (min-max) en cm : 30<\/p>\n","protected":false},"featured_media":37410,"comment_status":"open","ping_status":"closed","template":"","meta":[],"product_cat":[119,91],"product_tag":[],"yoast_head":"<!-- This site is optimized with the Yoast SEO plugin v22.2 - https:\/\/yoast.com\/wordpress\/plugins\/seo\/ -->\n<title>Chaise de Restaurant HAMEAU - SP \u00c9quipements<\/title>\n<meta name=\"robots\" content=\"index, follow, max-snippet:-1, max-image-preview:large, max-video-preview:-1\" \/>\n<link rel=\"canonical\" href=\"https:\/\/www.sp-equipements.com\/site\/produit\/chaise-de-restaurant-hameau\/\" \/>\n<meta property=\"og:locale\" content=\"fr_FR\" \/>\n<meta property=\"og:type\" content=\"article\" \/>\n<meta property=\"og:title\" content=\"Chaise de Restaurant HAMEAU - SP \u00c9quipements\" \/>\n<meta property=\"og:description\" content=\"Pi\u00e8tements en acier peint aspect bois.Assise et dossier en simili cuir rembourr\u00e9s. Descriptif technique : Hauteur assise (min-max) : 77Hauteur x Largeur x Profondeur : 106x45x54cmLargeur assise (min-max) en cm : 40~43Hauteur repose pied (min-max) en cm : 30\" \/>\n<meta property=\"og:url\" content=\"https:\/\/www.sp-equipements.com\/site\/produit\/chaise-de-restaurant-hameau\/\" \/>\n<meta property=\"og:site_name\" content=\"SP \u00c9quipements\" \/>\n<meta property=\"article:modified_time\" content=\"2019-06-19T13:29:47+00:00\" \/>\n<meta property=\"og:image\" content=\"https:\/\/www.sp-equipements.com\/site\/wp-content\/uploads\/2019\/06\/chaise_restaurant_hameau-1.jpg\" \/>\n\t<meta property=\"og:image:width\" content=\"190\" \/>\n\t<meta property=\"og:image:height\" content=\"190\" \/>\n\t<meta property=\"og:image:type\" content=\"image\/jpeg\" \/>\n<meta name=\"twitter:card\" content=\"summary_large_image\" \/>\n<script type=\"application\/ld+json\" class=\"yoast-schema-graph\">{\"@context\":\"https:\/\/schema.org\",\"@graph\":[{\"@type\":\"WebPage\",\"@id\":\"https:\/\/www.sp-equipements.com\/site\/produit\/chaise-de-restaurant-hameau\/\",\"url\":\"https:\/\/www.sp-equipements.com\/site\/produit\/chaise-de-restaurant-hameau\/\",\"name\":\"Chaise de Restaurant HAMEAU - SP \u00c9quipements\",\"isPartOf\":{\"@id\":\"https:\/\/www.sp-equipements.com\/site\/#website\"},\"primaryImageOfPage\":{\"@id\":\"https:\/\/www.sp-equipements.com\/site\/produit\/chaise-de-restaurant-hameau\/#primaryimage\"},\"image\":{\"@id\":\"https:\/\/www.sp-equipements.com\/site\/produit\/chaise-de-restaurant-hameau\/#primaryimage\"},\"thumbnailUrl\":\"https:\/\/www.sp-equipements.com\/site\/wp-content\/uploads\/2019\/06\/chaise_restaurant_hameau-1.jpg\",\"datePublished\":\"2019-06-05T09:50:52+00:00\",\"dateModified\":\"2019-06-19T13:29:47+00:00\",\"breadcrumb\":{\"@id\":\"https:\/\/www.sp-equipements.com\/site\/produit\/chaise-de-restaurant-hameau\/#breadcrumb\"},\"inLanguage\":\"fr-FR\",\"potentialAction\":[{\"@type\":\"ReadAction\",\"target\":[\"https:\/\/www.sp-equipements.com\/site\/produit\/chaise-de-restaurant-hameau\/\"]}]},{\"@type\":\"ImageObject\",\"inLanguage\":\"fr-FR\",\"@id\":\"https:\/\/www.sp-equipements.com\/site\/produit\/chaise-de-restaurant-hameau\/#primaryimage\",\"url\":\"https:\/\/www.sp-equipements.com\/site\/wp-content\/uploads\/2019\/06\/chaise_restaurant_hameau-1.jpg\",\"contentUrl\":\"https:\/\/www.sp-equipements.com\/site\/wp-content\/uploads\/2019\/06\/chaise_restaurant_hameau-1.jpg\",\"width\":190,\"height\":190,\"caption\":\"chaise restaurant hameau 1\"},{\"@type\":\"BreadcrumbList\",\"@id\":\"https:\/\/www.sp-equipements.com\/site\/produit\/chaise-de-restaurant-hameau\/#breadcrumb\",\"itemListElement\":[{\"@type\":\"ListItem\",\"position\":1,\"name\":\"Accueil\",\"item\":\"https:\/\/www.sp-equipements.com\/site\/\"},{\"@type\":\"ListItem\",\"position\":2,\"name\":\"Catalogue\",\"item\":\"https:\/\/www.sp-equipements.com\/site\/catalogue\/\"},{\"@type\":\"ListItem\",\"position\":3,\"name\":\"Chaise de Restaurant HAMEAU\"}]},{\"@type\":\"WebSite\",\"@id\":\"https:\/\/www.sp-equipements.com\/site\/#website\",\"url\":\"https:\/\/www.sp-equipements.com\/site\/\",\"name\":\"SP \u00c9quipements\",\"description\":\"\u00c9quipements de collectivit\u00e9s\",\"potentialAction\":[{\"@type\":\"SearchAction\",\"target\":{\"@type\":\"EntryPoint\",\"urlTemplate\":\"https:\/\/www.sp-equipements.com\/site\/?s={search_term_string}\"},\"query-input\":\"required name=search_term_string\"}],\"inLanguage\":\"fr-FR\"}]}<\/script>\n<!-- \/ Yoast SEO plugin. -->","yoast_head_json":{"title":"Chaise de Restaurant HAMEAU - SP \u00c9quipements","robots":{"index":"index","follow":"follow","max-snippet":"max-snippet:-1","max-image-preview":"max-image-preview:large","max-video-preview":"max-video-preview:-1"},"canonical":"https:\/\/www.sp-equipements.com\/site\/produit\/chaise-de-restaurant-hameau\/","og_locale":"fr_FR","og_type":"article","og_title":"Chaise de Restaurant HAMEAU - SP \u00c9quipements","og_description":"Pi\u00e8tements en acier peint aspect bois.Assise et dossier en simili cuir rembourr\u00e9s. Descriptif technique : Hauteur assise (min-max) : 77Hauteur x Largeur x Profondeur : 106x45x54cmLargeur assise (min-max) en cm : 40~43Hauteur repose pied (min-max) en cm : 30","og_url":"https:\/\/www.sp-equipements.com\/site\/produit\/chaise-de-restaurant-hameau\/","og_site_name":"SP \u00c9quipements","article_modified_time":"2019-06-19T13:29:47+00:00","og_image":[{"width":190,"height":190,"url":"https:\/\/www.sp-equipements.com\/site\/wp-content\/uploads\/2019\/06\/chaise_restaurant_hameau-1.jpg","type":"image\/jpeg"}],"twitter_card":"summary_large_image","schema":{"@context":"https:\/\/schema.org","@graph":[{"@type":"WebPage","@id":"https:\/\/www.sp-equipements.com\/site\/produit\/chaise-de-restaurant-hameau\/","url":"https:\/\/www.sp-equipements.com\/site\/produit\/chaise-de-restaurant-hameau\/","name":"Chaise de Restaurant HAMEAU - SP \u00c9quipements","isPartOf":{"@id":"https:\/\/www.sp-equipements.com\/site\/#website"},"primaryImageOfPage":{"@id":"https:\/\/www.sp-equipements.com\/site\/produit\/chaise-de-restaurant-hameau\/#primaryimage"},"image":{"@id":"https:\/\/www.sp-equipements.com\/site\/produit\/chaise-de-restaurant-hameau\/#primaryimage"},"thumbnailUrl":"https:\/\/www.sp-equipements.com\/site\/wp-content\/uploads\/2019\/06\/chaise_restaurant_hameau-1.jpg","datePublished":"2019-06-05T09:50:52+00:00","dateModified":"2019-06-19T13:29:47+00:00","breadcrumb":{"@id":"https:\/\/www.sp-equipements.com\/site\/produit\/chaise-de-restaurant-hameau\/#breadcrumb"},"inLanguage":"fr-FR","potentialAction":[{"@type":"ReadAction","target":["https:\/\/www.sp-equipements.com\/site\/produit\/chaise-de-restaurant-hameau\/"]}]},{"@type":"ImageObject","inLanguage":"fr-FR","@id":"https:\/\/www.sp-equipements.com\/site\/produit\/chaise-de-restaurant-hameau\/#primaryimage","url":"https:\/\/www.sp-equipements.com\/site\/wp-content\/uploads\/2019\/06\/chaise_restaurant_hameau-1.jpg","contentUrl":"https:\/\/www.sp-equipements.com\/site\/wp-content\/uploads\/2019\/06\/chaise_restaurant_hameau-1.jpg","width":190,"height":190,"caption":"chaise restaurant hameau 1"},{"@type":"BreadcrumbList","@id":"https:\/\/www.sp-equipements.com\/site\/produit\/chaise-de-restaurant-hameau\/#breadcrumb","itemListElement":[{"@type":"ListItem","position":1,"name":"Accueil","item":"https:\/\/www.sp-equipements.com\/site\/"},{"@type":"ListItem","position":2,"name":"Catalogue","item":"https:\/\/www.sp-equipements.com\/site\/catalogue\/"},{"@type":"ListItem","position":3,"name":"Chaise de Restaurant HAMEAU"}]},{"@type":"WebSite","@id":"https:\/\/www.sp-equipements.com\/site\/#website","url":"https:\/\/www.sp-equipements.com\/site\/","name":"SP \u00c9quipements","description":"\u00c9quipements de collectivit\u00e9s","potentialAction":[{"@type":"SearchAction","target":{"@type":"EntryPoint","urlTemplate":"https:\/\/www.sp-equipements.com\/site\/?s={search_term_string}"},"query-input":"required name=search_term_string"}],"inLanguage":"fr-FR"}]}},"_links":{"self":[{"href":"https:\/\/www.sp-equipements.com\/site\/wp-json\/wp\/v2\/product\/20455"}],"collection":[{"href":"https:\/\/www.sp-equipements.com\/site\/wp-json\/wp\/v2\/product"}],"about":[{"href":"https:\/\/www.sp-equipements.com\/site\/wp-json\/wp\/v2\/types\/product"}],"replies":[{"embeddable":true,"href":"https:\/\/www.sp-equipements.com\/site\/wp-json\/wp\/v2\/comments?post=20455"}],"wp:featuredmedia":[{"embeddable":true,"href":"https:\/\/www.sp-equipements.com\/site\/wp-json\/wp\/v2\/media\/37410"}],"wp:attachment":[{"href":"https:\/\/www.sp-equipements.com\/site\/wp-json\/wp\/v2\/media?parent=20455"}],"wp:term":[{"taxonomy":"product_cat","embeddable":true,"href":"https:\/\/www.sp-equipements.com\/site\/wp-json\/wp\/v2\/product_cat?post=20455"},{"taxonomy":"product_tag","embeddable":true,"href":"https:\/\/www.sp-equipements.com\/site\/wp-json\/wp\/v2\/product_tag?post=20455"}],"curies":[{"name":"wp","href":"https:\/\/api.w.org\/{rel}","templated":true}]}}