{"id":20462,"date":"2019-06-05T11:50:55","date_gmt":"2019-06-05T09:50:55","guid":{"rendered":"http:\/\/www.polyequipements.com\/produit\/chaise-empilable-jocker\/"},"modified":"2019-06-19T15:29:49","modified_gmt":"2019-06-19T13:29:49","slug":"chaise-empilable-jocker","status":"publish","type":"product","link":"https:\/\/www.sp-equipements.com\/site\/produit\/chaise-empilable-jocker\/","title":{"rendered":"Chaise Empilable JOCKER"},"content":{"rendered":"","protected":false},"excerpt":{"rendered":"<p><i>Chaise pliante JOCKER LIFETIME : chaise tr\u00e8s confortable en HDPE.<\/i><\/p>\n<p>Le dossier et l&rsquo;assise sont trait\u00e9s contre les rayons UV pour emp\u00eacher la d\u00e9coloration et la d\u00e9gradation. R\u00e9sistant aux t\u00e2ches et aux intemp\u00e9ries, tr\u00e8s facile \u00e0 nettoyer, le dossier et l&rsquo;assise de cette chaise sont r\u00e9alis\u00e9s en <b>poly\u00e9thyl\u00e8ne moul\u00e9 haute densit\u00e9 (HDPE)<\/b> en une seule pi\u00e8ce et sans joint.<\/p>\n<p>Le pi\u00e8tement est en acier trait\u00e9, finition epoxy, traitement anti-corrosion.<\/p>\n<p>Les tubes des pieds sont en acier neuf de 22mm.<\/p>\n<p>Les pieds sont \u00e9quip\u00e9s de patins en caoutchouc anti-bruit et pour la protection des sols.<\/p>\n<p>Cette table est con\u00e7ue pour une utilisation int\u00e9rieure et ext\u00e9rieure.<\/p>\n<p><b>Caract\u00e9ristiques :<\/b><br \/>Certification ISO 9001:2000<br \/>Poids net : 5,55 kg<br \/>Charge maximum recommand\u00e9e : 200 kg<br \/>Couleur : noir, pieds argent<\/p>\n","protected":false},"featured_media":37419,"comment_status":"open","ping_status":"closed","template":"","meta":[],"product_cat":[121,91],"product_tag":[],"yoast_head":"<!-- This site is optimized with the Yoast SEO plugin v22.2 - https:\/\/yoast.com\/wordpress\/plugins\/seo\/ -->\n<title>Chaise Empilable JOCKER - SP \u00c9quipements<\/title>\n<meta name=\"robots\" content=\"index, follow, max-snippet:-1, max-image-preview:large, max-video-preview:-1\" \/>\n<link rel=\"canonical\" href=\"https:\/\/www.sp-equipements.com\/site\/produit\/chaise-empilable-jocker\/\" \/>\n<meta property=\"og:locale\" content=\"fr_FR\" \/>\n<meta property=\"og:type\" content=\"article\" \/>\n<meta property=\"og:title\" content=\"Chaise Empilable JOCKER - SP \u00c9quipements\" \/>\n<meta property=\"og:description\" content=\"Chaise pliante JOCKER LIFETIME : chaise tr\u00e8s confortable en HDPE.Le dossier et l&#039;assise sont trait\u00e9s contre les rayons UV pour emp\u00eacher la d\u00e9coloration et la d\u00e9gradation. R\u00e9sistant aux t\u00e2ches et aux intemp\u00e9ries, tr\u00e8s facile \u00e0 nettoyer, le dossier et l&#039;assise de cette chaise sont r\u00e9alis\u00e9s en poly\u00e9thyl\u00e8ne moul\u00e9 haute densit\u00e9 (HDPE) en une seule pi\u00e8ce et sans joint.Le pi\u00e8tement est en acier trait\u00e9, finition epoxy, traitement anti-corrosion.Les tubes des pieds sont en acier neuf de 22mm.Les pieds sont \u00e9quip\u00e9s de patins en caoutchouc anti-bruit et pour la protection des sols.Cette table est con\u00e7ue pour une utilisation int\u00e9rieure et ext\u00e9rieure.Caract\u00e9ristiques :Certification ISO 9001:2000Poids net : 5,55 kgCharge maximum recommand\u00e9e : 200 kgCouleur : noir, pieds argent\" \/>\n<meta property=\"og:url\" content=\"https:\/\/www.sp-equipements.com\/site\/produit\/chaise-empilable-jocker\/\" \/>\n<meta property=\"og:site_name\" content=\"SP \u00c9quipements\" \/>\n<meta property=\"article:modified_time\" content=\"2019-06-19T13:29:49+00:00\" \/>\n<meta property=\"og:image\" content=\"https:\/\/www.sp-equipements.com\/site\/wp-content\/uploads\/2019\/06\/chaise_empilable_jocker-1.jpg\" \/>\n\t<meta property=\"og:image:width\" content=\"190\" \/>\n\t<meta property=\"og:image:height\" content=\"190\" \/>\n\t<meta property=\"og:image:type\" content=\"image\/jpeg\" \/>\n<meta name=\"twitter:card\" content=\"summary_large_image\" \/>\n<script type=\"application\/ld+json\" class=\"yoast-schema-graph\">{\"@context\":\"https:\/\/schema.org\",\"@graph\":[{\"@type\":\"WebPage\",\"@id\":\"https:\/\/www.sp-equipements.com\/site\/produit\/chaise-empilable-jocker\/\",\"url\":\"https:\/\/www.sp-equipements.com\/site\/produit\/chaise-empilable-jocker\/\",\"name\":\"Chaise Empilable JOCKER - SP \u00c9quipements\",\"isPartOf\":{\"@id\":\"https:\/\/www.sp-equipements.com\/site\/#website\"},\"primaryImageOfPage\":{\"@id\":\"https:\/\/www.sp-equipements.com\/site\/produit\/chaise-empilable-jocker\/#primaryimage\"},\"image\":{\"@id\":\"https:\/\/www.sp-equipements.com\/site\/produit\/chaise-empilable-jocker\/#primaryimage\"},\"thumbnailUrl\":\"https:\/\/www.sp-equipements.com\/site\/wp-content\/uploads\/2019\/06\/chaise_empilable_jocker-1.jpg\",\"datePublished\":\"2019-06-05T09:50:55+00:00\",\"dateModified\":\"2019-06-19T13:29:49+00:00\",\"breadcrumb\":{\"@id\":\"https:\/\/www.sp-equipements.com\/site\/produit\/chaise-empilable-jocker\/#breadcrumb\"},\"inLanguage\":\"fr-FR\",\"potentialAction\":[{\"@type\":\"ReadAction\",\"target\":[\"https:\/\/www.sp-equipements.com\/site\/produit\/chaise-empilable-jocker\/\"]}]},{\"@type\":\"ImageObject\",\"inLanguage\":\"fr-FR\",\"@id\":\"https:\/\/www.sp-equipements.com\/site\/produit\/chaise-empilable-jocker\/#primaryimage\",\"url\":\"https:\/\/www.sp-equipements.com\/site\/wp-content\/uploads\/2019\/06\/chaise_empilable_jocker-1.jpg\",\"contentUrl\":\"https:\/\/www.sp-equipements.com\/site\/wp-content\/uploads\/2019\/06\/chaise_empilable_jocker-1.jpg\",\"width\":190,\"height\":190,\"caption\":\"chaise empilable jocker 1\"},{\"@type\":\"BreadcrumbList\",\"@id\":\"https:\/\/www.sp-equipements.com\/site\/produit\/chaise-empilable-jocker\/#breadcrumb\",\"itemListElement\":[{\"@type\":\"ListItem\",\"position\":1,\"name\":\"Accueil\",\"item\":\"https:\/\/www.sp-equipements.com\/site\/\"},{\"@type\":\"ListItem\",\"position\":2,\"name\":\"Catalogue\",\"item\":\"https:\/\/www.sp-equipements.com\/site\/catalogue\/\"},{\"@type\":\"ListItem\",\"position\":3,\"name\":\"Chaise Empilable JOCKER\"}]},{\"@type\":\"WebSite\",\"@id\":\"https:\/\/www.sp-equipements.com\/site\/#website\",\"url\":\"https:\/\/www.sp-equipements.com\/site\/\",\"name\":\"SP \u00c9quipements\",\"description\":\"\u00c9quipements de collectivit\u00e9s\",\"potentialAction\":[{\"@type\":\"SearchAction\",\"target\":{\"@type\":\"EntryPoint\",\"urlTemplate\":\"https:\/\/www.sp-equipements.com\/site\/?s={search_term_string}\"},\"query-input\":\"required name=search_term_string\"}],\"inLanguage\":\"fr-FR\"}]}<\/script>\n<!-- \/ Yoast SEO plugin. -->","yoast_head_json":{"title":"Chaise Empilable JOCKER - SP \u00c9quipements","robots":{"index":"index","follow":"follow","max-snippet":"max-snippet:-1","max-image-preview":"max-image-preview:large","max-video-preview":"max-video-preview:-1"},"canonical":"https:\/\/www.sp-equipements.com\/site\/produit\/chaise-empilable-jocker\/","og_locale":"fr_FR","og_type":"article","og_title":"Chaise Empilable JOCKER - SP \u00c9quipements","og_description":"Chaise pliante JOCKER LIFETIME : chaise tr\u00e8s confortable en HDPE.Le dossier et l'assise sont trait\u00e9s contre les rayons UV pour emp\u00eacher la d\u00e9coloration et la d\u00e9gradation. R\u00e9sistant aux t\u00e2ches et aux intemp\u00e9ries, tr\u00e8s facile \u00e0 nettoyer, le dossier et l'assise de cette chaise sont r\u00e9alis\u00e9s en poly\u00e9thyl\u00e8ne moul\u00e9 haute densit\u00e9 (HDPE) en une seule pi\u00e8ce et sans joint.Le pi\u00e8tement est en acier trait\u00e9, finition epoxy, traitement anti-corrosion.Les tubes des pieds sont en acier neuf de 22mm.Les pieds sont \u00e9quip\u00e9s de patins en caoutchouc anti-bruit et pour la protection des sols.Cette table est con\u00e7ue pour une utilisation int\u00e9rieure et ext\u00e9rieure.Caract\u00e9ristiques :Certification ISO 9001:2000Poids net : 5,55 kgCharge maximum recommand\u00e9e : 200 kgCouleur : noir, pieds argent","og_url":"https:\/\/www.sp-equipements.com\/site\/produit\/chaise-empilable-jocker\/","og_site_name":"SP \u00c9quipements","article_modified_time":"2019-06-19T13:29:49+00:00","og_image":[{"width":190,"height":190,"url":"https:\/\/www.sp-equipements.com\/site\/wp-content\/uploads\/2019\/06\/chaise_empilable_jocker-1.jpg","type":"image\/jpeg"}],"twitter_card":"summary_large_image","schema":{"@context":"https:\/\/schema.org","@graph":[{"@type":"WebPage","@id":"https:\/\/www.sp-equipements.com\/site\/produit\/chaise-empilable-jocker\/","url":"https:\/\/www.sp-equipements.com\/site\/produit\/chaise-empilable-jocker\/","name":"Chaise Empilable JOCKER - SP \u00c9quipements","isPartOf":{"@id":"https:\/\/www.sp-equipements.com\/site\/#website"},"primaryImageOfPage":{"@id":"https:\/\/www.sp-equipements.com\/site\/produit\/chaise-empilable-jocker\/#primaryimage"},"image":{"@id":"https:\/\/www.sp-equipements.com\/site\/produit\/chaise-empilable-jocker\/#primaryimage"},"thumbnailUrl":"https:\/\/www.sp-equipements.com\/site\/wp-content\/uploads\/2019\/06\/chaise_empilable_jocker-1.jpg","datePublished":"2019-06-05T09:50:55+00:00","dateModified":"2019-06-19T13:29:49+00:00","breadcrumb":{"@id":"https:\/\/www.sp-equipements.com\/site\/produit\/chaise-empilable-jocker\/#breadcrumb"},"inLanguage":"fr-FR","potentialAction":[{"@type":"ReadAction","target":["https:\/\/www.sp-equipements.com\/site\/produit\/chaise-empilable-jocker\/"]}]},{"@type":"ImageObject","inLanguage":"fr-FR","@id":"https:\/\/www.sp-equipements.com\/site\/produit\/chaise-empilable-jocker\/#primaryimage","url":"https:\/\/www.sp-equipements.com\/site\/wp-content\/uploads\/2019\/06\/chaise_empilable_jocker-1.jpg","contentUrl":"https:\/\/www.sp-equipements.com\/site\/wp-content\/uploads\/2019\/06\/chaise_empilable_jocker-1.jpg","width":190,"height":190,"caption":"chaise empilable jocker 1"},{"@type":"BreadcrumbList","@id":"https:\/\/www.sp-equipements.com\/site\/produit\/chaise-empilable-jocker\/#breadcrumb","itemListElement":[{"@type":"ListItem","position":1,"name":"Accueil","item":"https:\/\/www.sp-equipements.com\/site\/"},{"@type":"ListItem","position":2,"name":"Catalogue","item":"https:\/\/www.sp-equipements.com\/site\/catalogue\/"},{"@type":"ListItem","position":3,"name":"Chaise Empilable JOCKER"}]},{"@type":"WebSite","@id":"https:\/\/www.sp-equipements.com\/site\/#website","url":"https:\/\/www.sp-equipements.com\/site\/","name":"SP \u00c9quipements","description":"\u00c9quipements de collectivit\u00e9s","potentialAction":[{"@type":"SearchAction","target":{"@type":"EntryPoint","urlTemplate":"https:\/\/www.sp-equipements.com\/site\/?s={search_term_string}"},"query-input":"required name=search_term_string"}],"inLanguage":"fr-FR"}]}},"_links":{"self":[{"href":"https:\/\/www.sp-equipements.com\/site\/wp-json\/wp\/v2\/product\/20462"}],"collection":[{"href":"https:\/\/www.sp-equipements.com\/site\/wp-json\/wp\/v2\/product"}],"about":[{"href":"https:\/\/www.sp-equipements.com\/site\/wp-json\/wp\/v2\/types\/product"}],"replies":[{"embeddable":true,"href":"https:\/\/www.sp-equipements.com\/site\/wp-json\/wp\/v2\/comments?post=20462"}],"wp:featuredmedia":[{"embeddable":true,"href":"https:\/\/www.sp-equipements.com\/site\/wp-json\/wp\/v2\/media\/37419"}],"wp:attachment":[{"href":"https:\/\/www.sp-equipements.com\/site\/wp-json\/wp\/v2\/media?parent=20462"}],"wp:term":[{"taxonomy":"product_cat","embeddable":true,"href":"https:\/\/www.sp-equipements.com\/site\/wp-json\/wp\/v2\/product_cat?post=20462"},{"taxonomy":"product_tag","embeddable":true,"href":"https:\/\/www.sp-equipements.com\/site\/wp-json\/wp\/v2\/product_tag?post=20462"}],"curies":[{"name":"wp","href":"https:\/\/api.w.org\/{rel}","templated":true}]}}