{"id":20464,"date":"2019-06-05T11:50:56","date_gmt":"2019-06-05T09:50:56","guid":{"rendered":"http:\/\/www.polyequipements.com\/produit\/chaise-pliante-collectivite\/"},"modified":"2019-06-19T15:29:53","modified_gmt":"2019-06-19T13:29:53","slug":"chaise-pliante-collectivite","status":"publish","type":"product","link":"https:\/\/www.sp-equipements.com\/site\/produit\/chaise-pliante-collectivite\/","title":{"rendered":"Chaise Pliante COLLECTIVITE"},"content":{"rendered":"","protected":false},"excerpt":{"rendered":"<p><i>Chaise pliante COLLECTIVITE : chaise pliante l\u00e9g\u00e8re en polypropyl\u00e8ne.<\/i><\/p>\n<p>Se nettoie facilement, ne jaunit pas, traitement anti UV.<\/p>\n<p>Double syst\u00e8me d&rsquo;accrochage int\u00e9gr\u00e9.<\/p>\n<p><b><u>Classification non feu M2<\/u>\u00a0(certificat fran\u00e7ais LNE).<\/b><\/p>\n<p>Patins anti-bruit en caoutchouc.<\/p>\n<p>Chaise pli\u00e9e \u00e0 faible encombrement. Les chaises s&#8217;emboitent parfaitement.<\/p>\n<p>Dossier ergonomique.<\/p>\n<p>Les tubes sont en acier 20mm avec une \u00e9paisseur de 1,22mm. Traitement \u00e9poxy.<\/p>\n<p>Barre anti-enfoncement \u00e0 l&rsquo;arri\u00e8re.<\/p>\n<p>Trous d&rsquo;\u00e9vacuation d&rsquo;eau sur le si\u00e8ge.<\/p>\n<p>Cette chaise est\u00a0<b>ultra l\u00e9g\u00e8re<\/b>\u00a0: 3,6kg. Manipulation et transport ais\u00e9s.<\/p>\n<p><b>Caract\u00e9ristiques :<\/b><br \/>\nCertification LNE<br \/>\nDimensions : 46 x 44 x 87 cm<br \/>\nPoids net : 3,6 kg<br \/>\nCharge maximum recommand\u00e9e : 120 kg<br \/>\nCouleur : beige, marron, bleu, pieds gris<\/p>\n","protected":false},"featured_media":37421,"comment_status":"open","ping_status":"closed","template":"","meta":[],"product_cat":[91,120],"product_tag":[],"yoast_head":"<!-- This site is optimized with the Yoast SEO plugin v22.2 - https:\/\/yoast.com\/wordpress\/plugins\/seo\/ -->\n<title>Chaise Pliante COLLECTIVITE - SP \u00c9quipements<\/title>\n<meta name=\"robots\" content=\"index, follow, max-snippet:-1, max-image-preview:large, max-video-preview:-1\" \/>\n<link rel=\"canonical\" href=\"https:\/\/www.sp-equipements.com\/site\/produit\/chaise-pliante-collectivite\/\" \/>\n<meta property=\"og:locale\" content=\"fr_FR\" \/>\n<meta property=\"og:type\" content=\"article\" \/>\n<meta property=\"og:title\" content=\"Chaise Pliante COLLECTIVITE - SP \u00c9quipements\" \/>\n<meta property=\"og:description\" content=\"Chaise pliante COLLECTIVITE : chaise pliante l\u00e9g\u00e8re en polypropyl\u00e8ne.  Se nettoie facilement, ne jaunit pas, traitement anti UV.  Double syst\u00e8me d&#039;accrochage int\u00e9gr\u00e9.  Classification non feu M2\u00a0(certificat fran\u00e7ais LNE).  Patins anti-bruit en caoutchouc.  Chaise pli\u00e9e \u00e0 faible encombrement. Les chaises s&#039;emboitent parfaitement.  Dossier ergonomique.  Les tubes sont en acier 20mm avec une \u00e9paisseur de 1,22mm. Traitement \u00e9poxy.  Barre anti-enfoncement \u00e0 l&#039;arri\u00e8re.  Trous d&#039;\u00e9vacuation d&#039;eau sur le si\u00e8ge.  Cette chaise est\u00a0ultra l\u00e9g\u00e8re\u00a0: 3,6kg. Manipulation et transport ais\u00e9s.  Caract\u00e9ristiques : Certification LNE Dimensions : 46 x 44 x 87 cm Poids net : 3,6 kg Charge maximum recommand\u00e9e : 120 kg Couleur : beige, marron, bleu, pieds gris\" \/>\n<meta property=\"og:url\" content=\"https:\/\/www.sp-equipements.com\/site\/produit\/chaise-pliante-collectivite\/\" \/>\n<meta property=\"og:site_name\" content=\"SP \u00c9quipements\" \/>\n<meta property=\"article:modified_time\" content=\"2019-06-19T13:29:53+00:00\" \/>\n<meta property=\"og:image\" content=\"https:\/\/www.sp-equipements.com\/site\/wp-content\/uploads\/2019\/06\/chaise_pliante_collectivite-1.jpg\" \/>\n\t<meta property=\"og:image:width\" content=\"190\" \/>\n\t<meta property=\"og:image:height\" content=\"190\" \/>\n\t<meta property=\"og:image:type\" content=\"image\/jpeg\" \/>\n<meta name=\"twitter:card\" content=\"summary_large_image\" \/>\n<script type=\"application\/ld+json\" class=\"yoast-schema-graph\">{\"@context\":\"https:\/\/schema.org\",\"@graph\":[{\"@type\":\"WebPage\",\"@id\":\"https:\/\/www.sp-equipements.com\/site\/produit\/chaise-pliante-collectivite\/\",\"url\":\"https:\/\/www.sp-equipements.com\/site\/produit\/chaise-pliante-collectivite\/\",\"name\":\"Chaise Pliante COLLECTIVITE - SP \u00c9quipements\",\"isPartOf\":{\"@id\":\"https:\/\/www.sp-equipements.com\/site\/#website\"},\"primaryImageOfPage\":{\"@id\":\"https:\/\/www.sp-equipements.com\/site\/produit\/chaise-pliante-collectivite\/#primaryimage\"},\"image\":{\"@id\":\"https:\/\/www.sp-equipements.com\/site\/produit\/chaise-pliante-collectivite\/#primaryimage\"},\"thumbnailUrl\":\"https:\/\/www.sp-equipements.com\/site\/wp-content\/uploads\/2019\/06\/chaise_pliante_collectivite-1.jpg\",\"datePublished\":\"2019-06-05T09:50:56+00:00\",\"dateModified\":\"2019-06-19T13:29:53+00:00\",\"breadcrumb\":{\"@id\":\"https:\/\/www.sp-equipements.com\/site\/produit\/chaise-pliante-collectivite\/#breadcrumb\"},\"inLanguage\":\"fr-FR\",\"potentialAction\":[{\"@type\":\"ReadAction\",\"target\":[\"https:\/\/www.sp-equipements.com\/site\/produit\/chaise-pliante-collectivite\/\"]}]},{\"@type\":\"ImageObject\",\"inLanguage\":\"fr-FR\",\"@id\":\"https:\/\/www.sp-equipements.com\/site\/produit\/chaise-pliante-collectivite\/#primaryimage\",\"url\":\"https:\/\/www.sp-equipements.com\/site\/wp-content\/uploads\/2019\/06\/chaise_pliante_collectivite-1.jpg\",\"contentUrl\":\"https:\/\/www.sp-equipements.com\/site\/wp-content\/uploads\/2019\/06\/chaise_pliante_collectivite-1.jpg\",\"width\":190,\"height\":190,\"caption\":\"chaise pliante collectivite 1\"},{\"@type\":\"BreadcrumbList\",\"@id\":\"https:\/\/www.sp-equipements.com\/site\/produit\/chaise-pliante-collectivite\/#breadcrumb\",\"itemListElement\":[{\"@type\":\"ListItem\",\"position\":1,\"name\":\"Accueil\",\"item\":\"https:\/\/www.sp-equipements.com\/site\/\"},{\"@type\":\"ListItem\",\"position\":2,\"name\":\"Catalogue\",\"item\":\"https:\/\/www.sp-equipements.com\/site\/catalogue\/\"},{\"@type\":\"ListItem\",\"position\":3,\"name\":\"Chaise Pliante COLLECTIVITE\"}]},{\"@type\":\"WebSite\",\"@id\":\"https:\/\/www.sp-equipements.com\/site\/#website\",\"url\":\"https:\/\/www.sp-equipements.com\/site\/\",\"name\":\"SP \u00c9quipements\",\"description\":\"\u00c9quipements de collectivit\u00e9s\",\"potentialAction\":[{\"@type\":\"SearchAction\",\"target\":{\"@type\":\"EntryPoint\",\"urlTemplate\":\"https:\/\/www.sp-equipements.com\/site\/?s={search_term_string}\"},\"query-input\":\"required name=search_term_string\"}],\"inLanguage\":\"fr-FR\"}]}<\/script>\n<!-- \/ Yoast SEO plugin. -->","yoast_head_json":{"title":"Chaise Pliante COLLECTIVITE - SP \u00c9quipements","robots":{"index":"index","follow":"follow","max-snippet":"max-snippet:-1","max-image-preview":"max-image-preview:large","max-video-preview":"max-video-preview:-1"},"canonical":"https:\/\/www.sp-equipements.com\/site\/produit\/chaise-pliante-collectivite\/","og_locale":"fr_FR","og_type":"article","og_title":"Chaise Pliante COLLECTIVITE - SP \u00c9quipements","og_description":"Chaise pliante COLLECTIVITE : chaise pliante l\u00e9g\u00e8re en polypropyl\u00e8ne.  Se nettoie facilement, ne jaunit pas, traitement anti UV.  Double syst\u00e8me d'accrochage int\u00e9gr\u00e9.  Classification non feu M2\u00a0(certificat fran\u00e7ais LNE).  Patins anti-bruit en caoutchouc.  Chaise pli\u00e9e \u00e0 faible encombrement. Les chaises s'emboitent parfaitement.  Dossier ergonomique.  Les tubes sont en acier 20mm avec une \u00e9paisseur de 1,22mm. Traitement \u00e9poxy.  Barre anti-enfoncement \u00e0 l'arri\u00e8re.  Trous d'\u00e9vacuation d'eau sur le si\u00e8ge.  Cette chaise est\u00a0ultra l\u00e9g\u00e8re\u00a0: 3,6kg. Manipulation et transport ais\u00e9s.  Caract\u00e9ristiques : Certification LNE Dimensions : 46 x 44 x 87 cm Poids net : 3,6 kg Charge maximum recommand\u00e9e : 120 kg Couleur : beige, marron, bleu, pieds gris","og_url":"https:\/\/www.sp-equipements.com\/site\/produit\/chaise-pliante-collectivite\/","og_site_name":"SP \u00c9quipements","article_modified_time":"2019-06-19T13:29:53+00:00","og_image":[{"width":190,"height":190,"url":"https:\/\/www.sp-equipements.com\/site\/wp-content\/uploads\/2019\/06\/chaise_pliante_collectivite-1.jpg","type":"image\/jpeg"}],"twitter_card":"summary_large_image","schema":{"@context":"https:\/\/schema.org","@graph":[{"@type":"WebPage","@id":"https:\/\/www.sp-equipements.com\/site\/produit\/chaise-pliante-collectivite\/","url":"https:\/\/www.sp-equipements.com\/site\/produit\/chaise-pliante-collectivite\/","name":"Chaise Pliante COLLECTIVITE - SP \u00c9quipements","isPartOf":{"@id":"https:\/\/www.sp-equipements.com\/site\/#website"},"primaryImageOfPage":{"@id":"https:\/\/www.sp-equipements.com\/site\/produit\/chaise-pliante-collectivite\/#primaryimage"},"image":{"@id":"https:\/\/www.sp-equipements.com\/site\/produit\/chaise-pliante-collectivite\/#primaryimage"},"thumbnailUrl":"https:\/\/www.sp-equipements.com\/site\/wp-content\/uploads\/2019\/06\/chaise_pliante_collectivite-1.jpg","datePublished":"2019-06-05T09:50:56+00:00","dateModified":"2019-06-19T13:29:53+00:00","breadcrumb":{"@id":"https:\/\/www.sp-equipements.com\/site\/produit\/chaise-pliante-collectivite\/#breadcrumb"},"inLanguage":"fr-FR","potentialAction":[{"@type":"ReadAction","target":["https:\/\/www.sp-equipements.com\/site\/produit\/chaise-pliante-collectivite\/"]}]},{"@type":"ImageObject","inLanguage":"fr-FR","@id":"https:\/\/www.sp-equipements.com\/site\/produit\/chaise-pliante-collectivite\/#primaryimage","url":"https:\/\/www.sp-equipements.com\/site\/wp-content\/uploads\/2019\/06\/chaise_pliante_collectivite-1.jpg","contentUrl":"https:\/\/www.sp-equipements.com\/site\/wp-content\/uploads\/2019\/06\/chaise_pliante_collectivite-1.jpg","width":190,"height":190,"caption":"chaise pliante collectivite 1"},{"@type":"BreadcrumbList","@id":"https:\/\/www.sp-equipements.com\/site\/produit\/chaise-pliante-collectivite\/#breadcrumb","itemListElement":[{"@type":"ListItem","position":1,"name":"Accueil","item":"https:\/\/www.sp-equipements.com\/site\/"},{"@type":"ListItem","position":2,"name":"Catalogue","item":"https:\/\/www.sp-equipements.com\/site\/catalogue\/"},{"@type":"ListItem","position":3,"name":"Chaise Pliante COLLECTIVITE"}]},{"@type":"WebSite","@id":"https:\/\/www.sp-equipements.com\/site\/#website","url":"https:\/\/www.sp-equipements.com\/site\/","name":"SP \u00c9quipements","description":"\u00c9quipements de collectivit\u00e9s","potentialAction":[{"@type":"SearchAction","target":{"@type":"EntryPoint","urlTemplate":"https:\/\/www.sp-equipements.com\/site\/?s={search_term_string}"},"query-input":"required name=search_term_string"}],"inLanguage":"fr-FR"}]}},"_links":{"self":[{"href":"https:\/\/www.sp-equipements.com\/site\/wp-json\/wp\/v2\/product\/20464"}],"collection":[{"href":"https:\/\/www.sp-equipements.com\/site\/wp-json\/wp\/v2\/product"}],"about":[{"href":"https:\/\/www.sp-equipements.com\/site\/wp-json\/wp\/v2\/types\/product"}],"replies":[{"embeddable":true,"href":"https:\/\/www.sp-equipements.com\/site\/wp-json\/wp\/v2\/comments?post=20464"}],"wp:featuredmedia":[{"embeddable":true,"href":"https:\/\/www.sp-equipements.com\/site\/wp-json\/wp\/v2\/media\/37421"}],"wp:attachment":[{"href":"https:\/\/www.sp-equipements.com\/site\/wp-json\/wp\/v2\/media?parent=20464"}],"wp:term":[{"taxonomy":"product_cat","embeddable":true,"href":"https:\/\/www.sp-equipements.com\/site\/wp-json\/wp\/v2\/product_cat?post=20464"},{"taxonomy":"product_tag","embeddable":true,"href":"https:\/\/www.sp-equipements.com\/site\/wp-json\/wp\/v2\/product_tag?post=20464"}],"curies":[{"name":"wp","href":"https:\/\/api.w.org\/{rel}","templated":true}]}}