{"id":20465,"date":"2019-06-05T11:50:57","date_gmt":"2019-06-05T09:50:57","guid":{"rendered":"http:\/\/www.polyequipements.com\/produit\/chaise-pliante-hdpe\/"},"modified":"2019-06-19T15:29:53","modified_gmt":"2019-06-19T13:29:53","slug":"chaise-pliante-hdpe","status":"publish","type":"product","link":"https:\/\/www.sp-equipements.com\/site\/produit\/chaise-pliante-hdpe\/","title":{"rendered":"Chaise Pliante HDPE"},"content":{"rendered":"","protected":false},"excerpt":{"rendered":"<p><i>Chaise pliante HDPE : chaise confortable et r\u00e9sistante en polypropyl\u00e8ne.<\/i><\/p>\n<p>Syst\u00e8me de pliage \u00e0 bague unique et brevet\u00e9, anti-pincements.<\/p>\n<p>Se nettoie facilement, ne jaunit pas, traitement anti UV.<\/p>\n<p>Syst\u00e8me d&rsquo;accrochage int\u00e9gr\u00e9.<\/p>\n<p><b><u>Classification non feu M2<\/u> (certificat fran\u00e7ais LNE).<\/b><\/p>\n<p>Patins anti-bruit en caoutchouc.<\/p>\n<p>Chaise pli\u00e9e \u00e0 faible encombrement. Les chaises s&#8217;emboitent parfaitement.<\/p>\n<p>Barre de renfort avant et arri\u00e8re soud\u00e9s \u00e0 l&rsquo;int\u00e9rieur des tubes. Barre de renfort en acier sous le si\u00e8ge.<\/p>\n<p>Le si\u00e8ge et le dossier ont un galbe ergonomique \u00e9tudi\u00e9 pour offrir un plus grand confort que les chaises traditionnelles.<\/p>\n<p>Cette chaise est <b>tr\u00e8s l\u00e9g\u00e8re<\/b> : 4,8kg. Manipulation et transport ais\u00e9s.<\/p>\n<p><b>Caract\u00e9ristiques :<\/b><br \/>Certification LNE<br \/>Dimensions : 51.5 x 43 x 77cm<br \/>Poids net : 4,8 kg<br \/>Charge maximum recommand\u00e9e : 200 kg<br \/>Couleur : beige, marron, bleu, pieds gris<\/p>\n","protected":false},"featured_media":37422,"comment_status":"open","ping_status":"closed","template":"","meta":[],"product_cat":[91,120],"product_tag":[],"yoast_head":"<!-- This site is optimized with the Yoast SEO plugin v22.2 - https:\/\/yoast.com\/wordpress\/plugins\/seo\/ -->\n<title>Chaise Pliante HDPE - SP \u00c9quipements<\/title>\n<meta name=\"robots\" content=\"index, follow, max-snippet:-1, max-image-preview:large, max-video-preview:-1\" \/>\n<link rel=\"canonical\" href=\"https:\/\/www.sp-equipements.com\/site\/produit\/chaise-pliante-hdpe\/\" \/>\n<meta property=\"og:locale\" content=\"fr_FR\" \/>\n<meta property=\"og:type\" content=\"article\" \/>\n<meta property=\"og:title\" content=\"Chaise Pliante HDPE - SP \u00c9quipements\" \/>\n<meta property=\"og:description\" content=\"Chaise pliante HDPE : chaise confortable et r\u00e9sistante en polypropyl\u00e8ne.Syst\u00e8me de pliage \u00e0 bague unique et brevet\u00e9, anti-pincements.Se nettoie facilement, ne jaunit pas, traitement anti UV.Syst\u00e8me d&#039;accrochage int\u00e9gr\u00e9.Classification non feu M2 (certificat fran\u00e7ais LNE).Patins anti-bruit en caoutchouc.Chaise pli\u00e9e \u00e0 faible encombrement. Les chaises s&#039;emboitent parfaitement.Barre de renfort avant et arri\u00e8re soud\u00e9s \u00e0 l&#039;int\u00e9rieur des tubes. Barre de renfort en acier sous le si\u00e8ge.Le si\u00e8ge et le dossier ont un galbe ergonomique \u00e9tudi\u00e9 pour offrir un plus grand confort que les chaises traditionnelles.Cette chaise est tr\u00e8s l\u00e9g\u00e8re : 4,8kg. Manipulation et transport ais\u00e9s.Caract\u00e9ristiques :Certification LNEDimensions : 51.5 x 43 x 77cmPoids net : 4,8 kgCharge maximum recommand\u00e9e : 200 kgCouleur : beige, marron, bleu, pieds gris\" \/>\n<meta property=\"og:url\" content=\"https:\/\/www.sp-equipements.com\/site\/produit\/chaise-pliante-hdpe\/\" \/>\n<meta property=\"og:site_name\" content=\"SP \u00c9quipements\" \/>\n<meta property=\"article:modified_time\" content=\"2019-06-19T13:29:53+00:00\" \/>\n<meta property=\"og:image\" content=\"https:\/\/www.sp-equipements.com\/site\/wp-content\/uploads\/2019\/06\/chaise_pliante_hdpe-1.jpg\" \/>\n\t<meta property=\"og:image:width\" content=\"190\" \/>\n\t<meta property=\"og:image:height\" content=\"190\" \/>\n\t<meta property=\"og:image:type\" content=\"image\/jpeg\" \/>\n<meta name=\"twitter:card\" content=\"summary_large_image\" \/>\n<script type=\"application\/ld+json\" class=\"yoast-schema-graph\">{\"@context\":\"https:\/\/schema.org\",\"@graph\":[{\"@type\":\"WebPage\",\"@id\":\"https:\/\/www.sp-equipements.com\/site\/produit\/chaise-pliante-hdpe\/\",\"url\":\"https:\/\/www.sp-equipements.com\/site\/produit\/chaise-pliante-hdpe\/\",\"name\":\"Chaise Pliante HDPE - SP \u00c9quipements\",\"isPartOf\":{\"@id\":\"https:\/\/www.sp-equipements.com\/site\/#website\"},\"primaryImageOfPage\":{\"@id\":\"https:\/\/www.sp-equipements.com\/site\/produit\/chaise-pliante-hdpe\/#primaryimage\"},\"image\":{\"@id\":\"https:\/\/www.sp-equipements.com\/site\/produit\/chaise-pliante-hdpe\/#primaryimage\"},\"thumbnailUrl\":\"https:\/\/www.sp-equipements.com\/site\/wp-content\/uploads\/2019\/06\/chaise_pliante_hdpe-1.jpg\",\"datePublished\":\"2019-06-05T09:50:57+00:00\",\"dateModified\":\"2019-06-19T13:29:53+00:00\",\"breadcrumb\":{\"@id\":\"https:\/\/www.sp-equipements.com\/site\/produit\/chaise-pliante-hdpe\/#breadcrumb\"},\"inLanguage\":\"fr-FR\",\"potentialAction\":[{\"@type\":\"ReadAction\",\"target\":[\"https:\/\/www.sp-equipements.com\/site\/produit\/chaise-pliante-hdpe\/\"]}]},{\"@type\":\"ImageObject\",\"inLanguage\":\"fr-FR\",\"@id\":\"https:\/\/www.sp-equipements.com\/site\/produit\/chaise-pliante-hdpe\/#primaryimage\",\"url\":\"https:\/\/www.sp-equipements.com\/site\/wp-content\/uploads\/2019\/06\/chaise_pliante_hdpe-1.jpg\",\"contentUrl\":\"https:\/\/www.sp-equipements.com\/site\/wp-content\/uploads\/2019\/06\/chaise_pliante_hdpe-1.jpg\",\"width\":190,\"height\":190,\"caption\":\"chaise pliante hdpe 1\"},{\"@type\":\"BreadcrumbList\",\"@id\":\"https:\/\/www.sp-equipements.com\/site\/produit\/chaise-pliante-hdpe\/#breadcrumb\",\"itemListElement\":[{\"@type\":\"ListItem\",\"position\":1,\"name\":\"Accueil\",\"item\":\"https:\/\/www.sp-equipements.com\/site\/\"},{\"@type\":\"ListItem\",\"position\":2,\"name\":\"Catalogue\",\"item\":\"https:\/\/www.sp-equipements.com\/site\/catalogue\/\"},{\"@type\":\"ListItem\",\"position\":3,\"name\":\"Chaise Pliante HDPE\"}]},{\"@type\":\"WebSite\",\"@id\":\"https:\/\/www.sp-equipements.com\/site\/#website\",\"url\":\"https:\/\/www.sp-equipements.com\/site\/\",\"name\":\"SP \u00c9quipements\",\"description\":\"\u00c9quipements de collectivit\u00e9s\",\"potentialAction\":[{\"@type\":\"SearchAction\",\"target\":{\"@type\":\"EntryPoint\",\"urlTemplate\":\"https:\/\/www.sp-equipements.com\/site\/?s={search_term_string}\"},\"query-input\":\"required name=search_term_string\"}],\"inLanguage\":\"fr-FR\"}]}<\/script>\n<!-- \/ Yoast SEO plugin. -->","yoast_head_json":{"title":"Chaise Pliante HDPE - SP \u00c9quipements","robots":{"index":"index","follow":"follow","max-snippet":"max-snippet:-1","max-image-preview":"max-image-preview:large","max-video-preview":"max-video-preview:-1"},"canonical":"https:\/\/www.sp-equipements.com\/site\/produit\/chaise-pliante-hdpe\/","og_locale":"fr_FR","og_type":"article","og_title":"Chaise Pliante HDPE - SP \u00c9quipements","og_description":"Chaise pliante HDPE : chaise confortable et r\u00e9sistante en polypropyl\u00e8ne.Syst\u00e8me de pliage \u00e0 bague unique et brevet\u00e9, anti-pincements.Se nettoie facilement, ne jaunit pas, traitement anti UV.Syst\u00e8me d'accrochage int\u00e9gr\u00e9.Classification non feu M2 (certificat fran\u00e7ais LNE).Patins anti-bruit en caoutchouc.Chaise pli\u00e9e \u00e0 faible encombrement. Les chaises s'emboitent parfaitement.Barre de renfort avant et arri\u00e8re soud\u00e9s \u00e0 l'int\u00e9rieur des tubes. Barre de renfort en acier sous le si\u00e8ge.Le si\u00e8ge et le dossier ont un galbe ergonomique \u00e9tudi\u00e9 pour offrir un plus grand confort que les chaises traditionnelles.Cette chaise est tr\u00e8s l\u00e9g\u00e8re : 4,8kg. Manipulation et transport ais\u00e9s.Caract\u00e9ristiques :Certification LNEDimensions : 51.5 x 43 x 77cmPoids net : 4,8 kgCharge maximum recommand\u00e9e : 200 kgCouleur : beige, marron, bleu, pieds gris","og_url":"https:\/\/www.sp-equipements.com\/site\/produit\/chaise-pliante-hdpe\/","og_site_name":"SP \u00c9quipements","article_modified_time":"2019-06-19T13:29:53+00:00","og_image":[{"width":190,"height":190,"url":"https:\/\/www.sp-equipements.com\/site\/wp-content\/uploads\/2019\/06\/chaise_pliante_hdpe-1.jpg","type":"image\/jpeg"}],"twitter_card":"summary_large_image","schema":{"@context":"https:\/\/schema.org","@graph":[{"@type":"WebPage","@id":"https:\/\/www.sp-equipements.com\/site\/produit\/chaise-pliante-hdpe\/","url":"https:\/\/www.sp-equipements.com\/site\/produit\/chaise-pliante-hdpe\/","name":"Chaise Pliante HDPE - SP \u00c9quipements","isPartOf":{"@id":"https:\/\/www.sp-equipements.com\/site\/#website"},"primaryImageOfPage":{"@id":"https:\/\/www.sp-equipements.com\/site\/produit\/chaise-pliante-hdpe\/#primaryimage"},"image":{"@id":"https:\/\/www.sp-equipements.com\/site\/produit\/chaise-pliante-hdpe\/#primaryimage"},"thumbnailUrl":"https:\/\/www.sp-equipements.com\/site\/wp-content\/uploads\/2019\/06\/chaise_pliante_hdpe-1.jpg","datePublished":"2019-06-05T09:50:57+00:00","dateModified":"2019-06-19T13:29:53+00:00","breadcrumb":{"@id":"https:\/\/www.sp-equipements.com\/site\/produit\/chaise-pliante-hdpe\/#breadcrumb"},"inLanguage":"fr-FR","potentialAction":[{"@type":"ReadAction","target":["https:\/\/www.sp-equipements.com\/site\/produit\/chaise-pliante-hdpe\/"]}]},{"@type":"ImageObject","inLanguage":"fr-FR","@id":"https:\/\/www.sp-equipements.com\/site\/produit\/chaise-pliante-hdpe\/#primaryimage","url":"https:\/\/www.sp-equipements.com\/site\/wp-content\/uploads\/2019\/06\/chaise_pliante_hdpe-1.jpg","contentUrl":"https:\/\/www.sp-equipements.com\/site\/wp-content\/uploads\/2019\/06\/chaise_pliante_hdpe-1.jpg","width":190,"height":190,"caption":"chaise pliante hdpe 1"},{"@type":"BreadcrumbList","@id":"https:\/\/www.sp-equipements.com\/site\/produit\/chaise-pliante-hdpe\/#breadcrumb","itemListElement":[{"@type":"ListItem","position":1,"name":"Accueil","item":"https:\/\/www.sp-equipements.com\/site\/"},{"@type":"ListItem","position":2,"name":"Catalogue","item":"https:\/\/www.sp-equipements.com\/site\/catalogue\/"},{"@type":"ListItem","position":3,"name":"Chaise Pliante HDPE"}]},{"@type":"WebSite","@id":"https:\/\/www.sp-equipements.com\/site\/#website","url":"https:\/\/www.sp-equipements.com\/site\/","name":"SP \u00c9quipements","description":"\u00c9quipements de collectivit\u00e9s","potentialAction":[{"@type":"SearchAction","target":{"@type":"EntryPoint","urlTemplate":"https:\/\/www.sp-equipements.com\/site\/?s={search_term_string}"},"query-input":"required name=search_term_string"}],"inLanguage":"fr-FR"}]}},"_links":{"self":[{"href":"https:\/\/www.sp-equipements.com\/site\/wp-json\/wp\/v2\/product\/20465"}],"collection":[{"href":"https:\/\/www.sp-equipements.com\/site\/wp-json\/wp\/v2\/product"}],"about":[{"href":"https:\/\/www.sp-equipements.com\/site\/wp-json\/wp\/v2\/types\/product"}],"replies":[{"embeddable":true,"href":"https:\/\/www.sp-equipements.com\/site\/wp-json\/wp\/v2\/comments?post=20465"}],"wp:featuredmedia":[{"embeddable":true,"href":"https:\/\/www.sp-equipements.com\/site\/wp-json\/wp\/v2\/media\/37422"}],"wp:attachment":[{"href":"https:\/\/www.sp-equipements.com\/site\/wp-json\/wp\/v2\/media?parent=20465"}],"wp:term":[{"taxonomy":"product_cat","embeddable":true,"href":"https:\/\/www.sp-equipements.com\/site\/wp-json\/wp\/v2\/product_cat?post=20465"},{"taxonomy":"product_tag","embeddable":true,"href":"https:\/\/www.sp-equipements.com\/site\/wp-json\/wp\/v2\/product_tag?post=20465"}],"curies":[{"name":"wp","href":"https:\/\/api.w.org\/{rel}","templated":true}]}}