{"id":20467,"date":"2019-06-05T11:51:00","date_gmt":"2019-06-05T09:51:00","guid":{"rendered":"http:\/\/www.polyequipements.com\/produit\/banc-pliant-hdpe\/"},"modified":"2019-06-19T15:29:54","modified_gmt":"2019-06-19T13:29:54","slug":"banc-pliant-hdpe","status":"publish","type":"product","link":"https:\/\/www.sp-equipements.com\/site\/produit\/banc-pliant-hdpe\/","title":{"rendered":"Banc Pliant HDPE"},"content":{"rendered":"","protected":false},"excerpt":{"rendered":"<p><i>Banc tr\u00e8s <b>solide<\/b> avec 4 paires de pieds.<\/i><\/p>\n<p>40% plus <b>l\u00e9ger<\/b> que le bois : 8,7kg, manipulation ais\u00e9e grace \u00e0 une poign\u00e9e de transport.<\/p>\n<p>Parfaitement <b>pliant<\/b> : les pieds s&rsquo;encastrent dans l&rsquo;\u00e9paisseur de l&rsquo;assise pour un encombrement minimum et le banc se replie en deux.<\/p>\n<p>Le plateau est trait\u00e9 contre les rayons UV pour emp\u00eacher la d\u00e9coloration et la d\u00e9gradation. Il ne craint pas les chocs, ne se fissure pas et ne s&rsquo;\u00e9caille pas.<\/p>\n<p><b>R\u00e9sistant<\/b> aux t\u00e2ches et aux intemp\u00e9ries, tr\u00e8s facile \u00e0 nettoyer. Le cadre est en acier trait\u00e9, finition epoxy. Les bords sont arrondis et les encoches sous le plateau facilitent la manutention.<\/p>\n<p>Les tubes des pieds sont en acier neuf, de 2,8cm de diam\u00e8tre et 1,25mm d&rsquo;\u00e9paisseur. Les pieds sont \u00e9quip\u00e9s de patins en caoutchouc.<\/p>\n<p>Poly\u00e9thyl\u00e8ne haute densit\u00e9 moul\u00e9 en une seule pi\u00e8ce et sans joint.<\/p>\n<p>Convient parfaitement aux tables pliantes rectangulaires en HDPE 183cm.<\/p>\n","protected":false},"featured_media":37424,"comment_status":"open","ping_status":"closed","template":"","meta":[],"product_cat":[122,91],"product_tag":[],"yoast_head":"<!-- This site is optimized with the Yoast SEO plugin v22.2 - https:\/\/yoast.com\/wordpress\/plugins\/seo\/ -->\n<title>Banc Pliant HDPE - SP \u00c9quipements<\/title>\n<meta name=\"robots\" content=\"index, follow, max-snippet:-1, max-image-preview:large, max-video-preview:-1\" \/>\n<link rel=\"canonical\" href=\"https:\/\/www.sp-equipements.com\/site\/produit\/banc-pliant-hdpe\/\" \/>\n<meta property=\"og:locale\" content=\"fr_FR\" \/>\n<meta property=\"og:type\" content=\"article\" \/>\n<meta property=\"og:title\" content=\"Banc Pliant HDPE - SP \u00c9quipements\" \/>\n<meta property=\"og:description\" content=\"Banc tr\u00e8s solide avec 4 paires de pieds.40% plus l\u00e9ger que le bois : 8,7kg, manipulation ais\u00e9e grace \u00e0 une poign\u00e9e de transport.Parfaitement pliant : les pieds s&#039;encastrent dans l&#039;\u00e9paisseur de l&#039;assise pour un encombrement minimum et le banc se replie en deux.Le plateau est trait\u00e9 contre les rayons UV pour emp\u00eacher la d\u00e9coloration et la d\u00e9gradation. Il ne craint pas les chocs, ne se fissure pas et ne s&#039;\u00e9caille pas.R\u00e9sistant aux t\u00e2ches et aux intemp\u00e9ries, tr\u00e8s facile \u00e0 nettoyer. Le cadre est en acier trait\u00e9, finition epoxy. Les bords sont arrondis et les encoches sous le plateau facilitent la manutention.Les tubes des pieds sont en acier neuf, de 2,8cm de diam\u00e8tre et 1,25mm d&#039;\u00e9paisseur. Les pieds sont \u00e9quip\u00e9s de patins en caoutchouc.Poly\u00e9thyl\u00e8ne haute densit\u00e9 moul\u00e9 en une seule pi\u00e8ce et sans joint.Convient parfaitement aux tables pliantes rectangulaires en HDPE 183cm.\" \/>\n<meta property=\"og:url\" content=\"https:\/\/www.sp-equipements.com\/site\/produit\/banc-pliant-hdpe\/\" \/>\n<meta property=\"og:site_name\" content=\"SP \u00c9quipements\" \/>\n<meta property=\"article:modified_time\" content=\"2019-06-19T13:29:54+00:00\" \/>\n<meta property=\"og:image\" content=\"https:\/\/www.sp-equipements.com\/site\/wp-content\/uploads\/2019\/06\/banc_pliant_hdpe-1.jpg\" \/>\n\t<meta property=\"og:image:width\" content=\"190\" \/>\n\t<meta property=\"og:image:height\" content=\"190\" \/>\n\t<meta property=\"og:image:type\" content=\"image\/jpeg\" \/>\n<meta name=\"twitter:card\" content=\"summary_large_image\" \/>\n<script type=\"application\/ld+json\" class=\"yoast-schema-graph\">{\"@context\":\"https:\/\/schema.org\",\"@graph\":[{\"@type\":\"WebPage\",\"@id\":\"https:\/\/www.sp-equipements.com\/site\/produit\/banc-pliant-hdpe\/\",\"url\":\"https:\/\/www.sp-equipements.com\/site\/produit\/banc-pliant-hdpe\/\",\"name\":\"Banc Pliant HDPE - SP \u00c9quipements\",\"isPartOf\":{\"@id\":\"https:\/\/www.sp-equipements.com\/site\/#website\"},\"primaryImageOfPage\":{\"@id\":\"https:\/\/www.sp-equipements.com\/site\/produit\/banc-pliant-hdpe\/#primaryimage\"},\"image\":{\"@id\":\"https:\/\/www.sp-equipements.com\/site\/produit\/banc-pliant-hdpe\/#primaryimage\"},\"thumbnailUrl\":\"https:\/\/www.sp-equipements.com\/site\/wp-content\/uploads\/2019\/06\/banc_pliant_hdpe-1.jpg\",\"datePublished\":\"2019-06-05T09:51:00+00:00\",\"dateModified\":\"2019-06-19T13:29:54+00:00\",\"breadcrumb\":{\"@id\":\"https:\/\/www.sp-equipements.com\/site\/produit\/banc-pliant-hdpe\/#breadcrumb\"},\"inLanguage\":\"fr-FR\",\"potentialAction\":[{\"@type\":\"ReadAction\",\"target\":[\"https:\/\/www.sp-equipements.com\/site\/produit\/banc-pliant-hdpe\/\"]}]},{\"@type\":\"ImageObject\",\"inLanguage\":\"fr-FR\",\"@id\":\"https:\/\/www.sp-equipements.com\/site\/produit\/banc-pliant-hdpe\/#primaryimage\",\"url\":\"https:\/\/www.sp-equipements.com\/site\/wp-content\/uploads\/2019\/06\/banc_pliant_hdpe-1.jpg\",\"contentUrl\":\"https:\/\/www.sp-equipements.com\/site\/wp-content\/uploads\/2019\/06\/banc_pliant_hdpe-1.jpg\",\"width\":190,\"height\":190,\"caption\":\"banc pliant hdpe 1\"},{\"@type\":\"BreadcrumbList\",\"@id\":\"https:\/\/www.sp-equipements.com\/site\/produit\/banc-pliant-hdpe\/#breadcrumb\",\"itemListElement\":[{\"@type\":\"ListItem\",\"position\":1,\"name\":\"Accueil\",\"item\":\"https:\/\/www.sp-equipements.com\/site\/\"},{\"@type\":\"ListItem\",\"position\":2,\"name\":\"Catalogue\",\"item\":\"https:\/\/www.sp-equipements.com\/site\/catalogue\/\"},{\"@type\":\"ListItem\",\"position\":3,\"name\":\"Banc Pliant HDPE\"}]},{\"@type\":\"WebSite\",\"@id\":\"https:\/\/www.sp-equipements.com\/site\/#website\",\"url\":\"https:\/\/www.sp-equipements.com\/site\/\",\"name\":\"SP \u00c9quipements\",\"description\":\"\u00c9quipements de collectivit\u00e9s\",\"potentialAction\":[{\"@type\":\"SearchAction\",\"target\":{\"@type\":\"EntryPoint\",\"urlTemplate\":\"https:\/\/www.sp-equipements.com\/site\/?s={search_term_string}\"},\"query-input\":\"required name=search_term_string\"}],\"inLanguage\":\"fr-FR\"}]}<\/script>\n<!-- \/ Yoast SEO plugin. -->","yoast_head_json":{"title":"Banc Pliant HDPE - SP \u00c9quipements","robots":{"index":"index","follow":"follow","max-snippet":"max-snippet:-1","max-image-preview":"max-image-preview:large","max-video-preview":"max-video-preview:-1"},"canonical":"https:\/\/www.sp-equipements.com\/site\/produit\/banc-pliant-hdpe\/","og_locale":"fr_FR","og_type":"article","og_title":"Banc Pliant HDPE - SP \u00c9quipements","og_description":"Banc tr\u00e8s solide avec 4 paires de pieds.40% plus l\u00e9ger que le bois : 8,7kg, manipulation ais\u00e9e grace \u00e0 une poign\u00e9e de transport.Parfaitement pliant : les pieds s'encastrent dans l'\u00e9paisseur de l'assise pour un encombrement minimum et le banc se replie en deux.Le plateau est trait\u00e9 contre les rayons UV pour emp\u00eacher la d\u00e9coloration et la d\u00e9gradation. Il ne craint pas les chocs, ne se fissure pas et ne s'\u00e9caille pas.R\u00e9sistant aux t\u00e2ches et aux intemp\u00e9ries, tr\u00e8s facile \u00e0 nettoyer. Le cadre est en acier trait\u00e9, finition epoxy. Les bords sont arrondis et les encoches sous le plateau facilitent la manutention.Les tubes des pieds sont en acier neuf, de 2,8cm de diam\u00e8tre et 1,25mm d'\u00e9paisseur. Les pieds sont \u00e9quip\u00e9s de patins en caoutchouc.Poly\u00e9thyl\u00e8ne haute densit\u00e9 moul\u00e9 en une seule pi\u00e8ce et sans joint.Convient parfaitement aux tables pliantes rectangulaires en HDPE 183cm.","og_url":"https:\/\/www.sp-equipements.com\/site\/produit\/banc-pliant-hdpe\/","og_site_name":"SP \u00c9quipements","article_modified_time":"2019-06-19T13:29:54+00:00","og_image":[{"width":190,"height":190,"url":"https:\/\/www.sp-equipements.com\/site\/wp-content\/uploads\/2019\/06\/banc_pliant_hdpe-1.jpg","type":"image\/jpeg"}],"twitter_card":"summary_large_image","schema":{"@context":"https:\/\/schema.org","@graph":[{"@type":"WebPage","@id":"https:\/\/www.sp-equipements.com\/site\/produit\/banc-pliant-hdpe\/","url":"https:\/\/www.sp-equipements.com\/site\/produit\/banc-pliant-hdpe\/","name":"Banc Pliant HDPE - SP \u00c9quipements","isPartOf":{"@id":"https:\/\/www.sp-equipements.com\/site\/#website"},"primaryImageOfPage":{"@id":"https:\/\/www.sp-equipements.com\/site\/produit\/banc-pliant-hdpe\/#primaryimage"},"image":{"@id":"https:\/\/www.sp-equipements.com\/site\/produit\/banc-pliant-hdpe\/#primaryimage"},"thumbnailUrl":"https:\/\/www.sp-equipements.com\/site\/wp-content\/uploads\/2019\/06\/banc_pliant_hdpe-1.jpg","datePublished":"2019-06-05T09:51:00+00:00","dateModified":"2019-06-19T13:29:54+00:00","breadcrumb":{"@id":"https:\/\/www.sp-equipements.com\/site\/produit\/banc-pliant-hdpe\/#breadcrumb"},"inLanguage":"fr-FR","potentialAction":[{"@type":"ReadAction","target":["https:\/\/www.sp-equipements.com\/site\/produit\/banc-pliant-hdpe\/"]}]},{"@type":"ImageObject","inLanguage":"fr-FR","@id":"https:\/\/www.sp-equipements.com\/site\/produit\/banc-pliant-hdpe\/#primaryimage","url":"https:\/\/www.sp-equipements.com\/site\/wp-content\/uploads\/2019\/06\/banc_pliant_hdpe-1.jpg","contentUrl":"https:\/\/www.sp-equipements.com\/site\/wp-content\/uploads\/2019\/06\/banc_pliant_hdpe-1.jpg","width":190,"height":190,"caption":"banc pliant hdpe 1"},{"@type":"BreadcrumbList","@id":"https:\/\/www.sp-equipements.com\/site\/produit\/banc-pliant-hdpe\/#breadcrumb","itemListElement":[{"@type":"ListItem","position":1,"name":"Accueil","item":"https:\/\/www.sp-equipements.com\/site\/"},{"@type":"ListItem","position":2,"name":"Catalogue","item":"https:\/\/www.sp-equipements.com\/site\/catalogue\/"},{"@type":"ListItem","position":3,"name":"Banc Pliant HDPE"}]},{"@type":"WebSite","@id":"https:\/\/www.sp-equipements.com\/site\/#website","url":"https:\/\/www.sp-equipements.com\/site\/","name":"SP \u00c9quipements","description":"\u00c9quipements de collectivit\u00e9s","potentialAction":[{"@type":"SearchAction","target":{"@type":"EntryPoint","urlTemplate":"https:\/\/www.sp-equipements.com\/site\/?s={search_term_string}"},"query-input":"required name=search_term_string"}],"inLanguage":"fr-FR"}]}},"_links":{"self":[{"href":"https:\/\/www.sp-equipements.com\/site\/wp-json\/wp\/v2\/product\/20467"}],"collection":[{"href":"https:\/\/www.sp-equipements.com\/site\/wp-json\/wp\/v2\/product"}],"about":[{"href":"https:\/\/www.sp-equipements.com\/site\/wp-json\/wp\/v2\/types\/product"}],"replies":[{"embeddable":true,"href":"https:\/\/www.sp-equipements.com\/site\/wp-json\/wp\/v2\/comments?post=20467"}],"wp:featuredmedia":[{"embeddable":true,"href":"https:\/\/www.sp-equipements.com\/site\/wp-json\/wp\/v2\/media\/37424"}],"wp:attachment":[{"href":"https:\/\/www.sp-equipements.com\/site\/wp-json\/wp\/v2\/media?parent=20467"}],"wp:term":[{"taxonomy":"product_cat","embeddable":true,"href":"https:\/\/www.sp-equipements.com\/site\/wp-json\/wp\/v2\/product_cat?post=20467"},{"taxonomy":"product_tag","embeddable":true,"href":"https:\/\/www.sp-equipements.com\/site\/wp-json\/wp\/v2\/product_tag?post=20467"}],"curies":[{"name":"wp","href":"https:\/\/api.w.org\/{rel}","templated":true}]}}