{"id":20468,"date":"2019-06-05T11:51:01","date_gmt":"2019-06-05T09:51:01","guid":{"rendered":"http:\/\/www.polyequipements.com\/produit\/chariot-hdpe-pour-chaises-pliantes\/"},"modified":"2020-06-03T14:16:42","modified_gmt":"2020-06-03T12:16:42","slug":"chariot-hdpe-pour-chaises-pliantes","status":"publish","type":"product","link":"https:\/\/www.sp-equipements.com\/site\/produit\/chariot-hdpe-pour-chaises-pliantes\/","title":{"rendered":"Chariot HDPE pour Chaises Pliantes"},"content":{"rendered":"","protected":false},"excerpt":{"rendered":"<p><i>Chariot de chaises con\u00e7u pour le stockage et la manutention des chaises POLYMAC et HDPE.<\/i><\/p>\n<p><b>Capacit\u00e9 :<\/b><br \/>\nAvec r\u00e9hausse : 176 chaises POLYMAC ou 96 chaises HDPE.<br \/>\nSans r\u00e9hausse : 88 chaises POLYMAC ou 48 chaises HDPE.<\/p>\n<p>Vendu avec ou sans r\u00e9hausse.<\/p>\n<p>Chariot \u00e9quip\u00e9 de 4 roues pivotantes de 125mm de diam\u00e8tre dont 2 roues avec freins.<\/p>\n<p>Tubes carr\u00e9s en acier zingu\u00e9 40 x 40 x 2mm.<\/p>\n<p>Ce chariot peut \u00eatre manutentionn\u00e9 par un\u00a0<b>chariot \u00e9levateur<\/b>.<\/p>\n<p>Montage simple en 30min.<\/p>\n<p><b>Dimensions Chariot :\u00a0<\/b><br \/>\n(LxlxH) 118x98x120cm<br \/>\nPoids net : 40 kg<\/p>\n<p><b>Dimensions Rehausse :\u00a0<\/b><br \/>\n(LxlxH) 118x98x120cm<br \/>\nPoids net : 20 kg<\/p>\n","protected":false},"featured_media":37425,"comment_status":"open","ping_status":"closed","template":"","meta":[],"product_cat":[91,120],"product_tag":[],"yoast_head":"<!-- This site is optimized with the Yoast SEO plugin v22.2 - https:\/\/yoast.com\/wordpress\/plugins\/seo\/ -->\n<title>Chariot HDPE pour Chaises Pliantes - SP \u00c9quipements<\/title>\n<meta name=\"robots\" content=\"index, follow, max-snippet:-1, max-image-preview:large, max-video-preview:-1\" \/>\n<link rel=\"canonical\" href=\"https:\/\/www.sp-equipements.com\/site\/produit\/chariot-hdpe-pour-chaises-pliantes\/\" \/>\n<meta property=\"og:locale\" content=\"fr_FR\" \/>\n<meta property=\"og:type\" content=\"article\" \/>\n<meta property=\"og:title\" content=\"Chariot HDPE pour Chaises Pliantes - SP \u00c9quipements\" \/>\n<meta property=\"og:description\" content=\"Chariot de chaises con\u00e7u pour le stockage et la manutention des chaises POLYMAC et HDPE.  Capacit\u00e9 : Avec r\u00e9hausse : 176 chaises POLYMAC ou 96 chaises HDPE. Sans r\u00e9hausse : 88 chaises POLYMAC ou 48 chaises HDPE.  Vendu avec ou sans r\u00e9hausse.  Chariot \u00e9quip\u00e9 de 4 roues pivotantes de 125mm de diam\u00e8tre dont 2 roues avec freins.  Tubes carr\u00e9s en acier zingu\u00e9 40 x 40 x 2mm.  Ce chariot peut \u00eatre manutentionn\u00e9 par un\u00a0chariot \u00e9levateur.  Montage simple en 30min.  Dimensions Chariot :\u00a0 (LxlxH) 118x98x120cm Poids net : 40 kg  Dimensions Rehausse :\u00a0 (LxlxH) 118x98x120cm Poids net : 20 kg\" \/>\n<meta property=\"og:url\" content=\"https:\/\/www.sp-equipements.com\/site\/produit\/chariot-hdpe-pour-chaises-pliantes\/\" \/>\n<meta property=\"og:site_name\" content=\"SP \u00c9quipements\" \/>\n<meta property=\"article:modified_time\" content=\"2020-06-03T12:16:42+00:00\" \/>\n<meta property=\"og:image\" content=\"https:\/\/www.sp-equipements.com\/site\/wp-content\/uploads\/2019\/06\/chariot_hdpe_chaises_pliantes-1.jpg\" \/>\n\t<meta property=\"og:image:width\" content=\"190\" \/>\n\t<meta property=\"og:image:height\" content=\"190\" \/>\n\t<meta property=\"og:image:type\" content=\"image\/jpeg\" \/>\n<meta name=\"twitter:card\" content=\"summary_large_image\" \/>\n<script type=\"application\/ld+json\" class=\"yoast-schema-graph\">{\"@context\":\"https:\/\/schema.org\",\"@graph\":[{\"@type\":\"WebPage\",\"@id\":\"https:\/\/www.sp-equipements.com\/site\/produit\/chariot-hdpe-pour-chaises-pliantes\/\",\"url\":\"https:\/\/www.sp-equipements.com\/site\/produit\/chariot-hdpe-pour-chaises-pliantes\/\",\"name\":\"Chariot HDPE pour Chaises Pliantes - SP \u00c9quipements\",\"isPartOf\":{\"@id\":\"https:\/\/www.sp-equipements.com\/site\/#website\"},\"primaryImageOfPage\":{\"@id\":\"https:\/\/www.sp-equipements.com\/site\/produit\/chariot-hdpe-pour-chaises-pliantes\/#primaryimage\"},\"image\":{\"@id\":\"https:\/\/www.sp-equipements.com\/site\/produit\/chariot-hdpe-pour-chaises-pliantes\/#primaryimage\"},\"thumbnailUrl\":\"https:\/\/www.sp-equipements.com\/site\/wp-content\/uploads\/2019\/06\/chariot_hdpe_chaises_pliantes-1.jpg\",\"datePublished\":\"2019-06-05T09:51:01+00:00\",\"dateModified\":\"2020-06-03T12:16:42+00:00\",\"breadcrumb\":{\"@id\":\"https:\/\/www.sp-equipements.com\/site\/produit\/chariot-hdpe-pour-chaises-pliantes\/#breadcrumb\"},\"inLanguage\":\"fr-FR\",\"potentialAction\":[{\"@type\":\"ReadAction\",\"target\":[\"https:\/\/www.sp-equipements.com\/site\/produit\/chariot-hdpe-pour-chaises-pliantes\/\"]}]},{\"@type\":\"ImageObject\",\"inLanguage\":\"fr-FR\",\"@id\":\"https:\/\/www.sp-equipements.com\/site\/produit\/chariot-hdpe-pour-chaises-pliantes\/#primaryimage\",\"url\":\"https:\/\/www.sp-equipements.com\/site\/wp-content\/uploads\/2019\/06\/chariot_hdpe_chaises_pliantes-1.jpg\",\"contentUrl\":\"https:\/\/www.sp-equipements.com\/site\/wp-content\/uploads\/2019\/06\/chariot_hdpe_chaises_pliantes-1.jpg\",\"width\":190,\"height\":190,\"caption\":\"chariot hdpe chaises pliantes 1\"},{\"@type\":\"BreadcrumbList\",\"@id\":\"https:\/\/www.sp-equipements.com\/site\/produit\/chariot-hdpe-pour-chaises-pliantes\/#breadcrumb\",\"itemListElement\":[{\"@type\":\"ListItem\",\"position\":1,\"name\":\"Accueil\",\"item\":\"https:\/\/www.sp-equipements.com\/site\/\"},{\"@type\":\"ListItem\",\"position\":2,\"name\":\"Catalogue\",\"item\":\"https:\/\/www.sp-equipements.com\/site\/catalogue\/\"},{\"@type\":\"ListItem\",\"position\":3,\"name\":\"Chariot HDPE pour Chaises Pliantes\"}]},{\"@type\":\"WebSite\",\"@id\":\"https:\/\/www.sp-equipements.com\/site\/#website\",\"url\":\"https:\/\/www.sp-equipements.com\/site\/\",\"name\":\"SP \u00c9quipements\",\"description\":\"\u00c9quipements de collectivit\u00e9s\",\"potentialAction\":[{\"@type\":\"SearchAction\",\"target\":{\"@type\":\"EntryPoint\",\"urlTemplate\":\"https:\/\/www.sp-equipements.com\/site\/?s={search_term_string}\"},\"query-input\":\"required name=search_term_string\"}],\"inLanguage\":\"fr-FR\"}]}<\/script>\n<!-- \/ Yoast SEO plugin. -->","yoast_head_json":{"title":"Chariot HDPE pour Chaises Pliantes - SP \u00c9quipements","robots":{"index":"index","follow":"follow","max-snippet":"max-snippet:-1","max-image-preview":"max-image-preview:large","max-video-preview":"max-video-preview:-1"},"canonical":"https:\/\/www.sp-equipements.com\/site\/produit\/chariot-hdpe-pour-chaises-pliantes\/","og_locale":"fr_FR","og_type":"article","og_title":"Chariot HDPE pour Chaises Pliantes - SP \u00c9quipements","og_description":"Chariot de chaises con\u00e7u pour le stockage et la manutention des chaises POLYMAC et HDPE.  Capacit\u00e9 : Avec r\u00e9hausse : 176 chaises POLYMAC ou 96 chaises HDPE. Sans r\u00e9hausse : 88 chaises POLYMAC ou 48 chaises HDPE.  Vendu avec ou sans r\u00e9hausse.  Chariot \u00e9quip\u00e9 de 4 roues pivotantes de 125mm de diam\u00e8tre dont 2 roues avec freins.  Tubes carr\u00e9s en acier zingu\u00e9 40 x 40 x 2mm.  Ce chariot peut \u00eatre manutentionn\u00e9 par un\u00a0chariot \u00e9levateur.  Montage simple en 30min.  Dimensions Chariot :\u00a0 (LxlxH) 118x98x120cm Poids net : 40 kg  Dimensions Rehausse :\u00a0 (LxlxH) 118x98x120cm Poids net : 20 kg","og_url":"https:\/\/www.sp-equipements.com\/site\/produit\/chariot-hdpe-pour-chaises-pliantes\/","og_site_name":"SP \u00c9quipements","article_modified_time":"2020-06-03T12:16:42+00:00","og_image":[{"width":190,"height":190,"url":"https:\/\/www.sp-equipements.com\/site\/wp-content\/uploads\/2019\/06\/chariot_hdpe_chaises_pliantes-1.jpg","type":"image\/jpeg"}],"twitter_card":"summary_large_image","schema":{"@context":"https:\/\/schema.org","@graph":[{"@type":"WebPage","@id":"https:\/\/www.sp-equipements.com\/site\/produit\/chariot-hdpe-pour-chaises-pliantes\/","url":"https:\/\/www.sp-equipements.com\/site\/produit\/chariot-hdpe-pour-chaises-pliantes\/","name":"Chariot HDPE pour Chaises Pliantes - SP \u00c9quipements","isPartOf":{"@id":"https:\/\/www.sp-equipements.com\/site\/#website"},"primaryImageOfPage":{"@id":"https:\/\/www.sp-equipements.com\/site\/produit\/chariot-hdpe-pour-chaises-pliantes\/#primaryimage"},"image":{"@id":"https:\/\/www.sp-equipements.com\/site\/produit\/chariot-hdpe-pour-chaises-pliantes\/#primaryimage"},"thumbnailUrl":"https:\/\/www.sp-equipements.com\/site\/wp-content\/uploads\/2019\/06\/chariot_hdpe_chaises_pliantes-1.jpg","datePublished":"2019-06-05T09:51:01+00:00","dateModified":"2020-06-03T12:16:42+00:00","breadcrumb":{"@id":"https:\/\/www.sp-equipements.com\/site\/produit\/chariot-hdpe-pour-chaises-pliantes\/#breadcrumb"},"inLanguage":"fr-FR","potentialAction":[{"@type":"ReadAction","target":["https:\/\/www.sp-equipements.com\/site\/produit\/chariot-hdpe-pour-chaises-pliantes\/"]}]},{"@type":"ImageObject","inLanguage":"fr-FR","@id":"https:\/\/www.sp-equipements.com\/site\/produit\/chariot-hdpe-pour-chaises-pliantes\/#primaryimage","url":"https:\/\/www.sp-equipements.com\/site\/wp-content\/uploads\/2019\/06\/chariot_hdpe_chaises_pliantes-1.jpg","contentUrl":"https:\/\/www.sp-equipements.com\/site\/wp-content\/uploads\/2019\/06\/chariot_hdpe_chaises_pliantes-1.jpg","width":190,"height":190,"caption":"chariot hdpe chaises pliantes 1"},{"@type":"BreadcrumbList","@id":"https:\/\/www.sp-equipements.com\/site\/produit\/chariot-hdpe-pour-chaises-pliantes\/#breadcrumb","itemListElement":[{"@type":"ListItem","position":1,"name":"Accueil","item":"https:\/\/www.sp-equipements.com\/site\/"},{"@type":"ListItem","position":2,"name":"Catalogue","item":"https:\/\/www.sp-equipements.com\/site\/catalogue\/"},{"@type":"ListItem","position":3,"name":"Chariot HDPE pour Chaises Pliantes"}]},{"@type":"WebSite","@id":"https:\/\/www.sp-equipements.com\/site\/#website","url":"https:\/\/www.sp-equipements.com\/site\/","name":"SP \u00c9quipements","description":"\u00c9quipements de collectivit\u00e9s","potentialAction":[{"@type":"SearchAction","target":{"@type":"EntryPoint","urlTemplate":"https:\/\/www.sp-equipements.com\/site\/?s={search_term_string}"},"query-input":"required name=search_term_string"}],"inLanguage":"fr-FR"}]}},"_links":{"self":[{"href":"https:\/\/www.sp-equipements.com\/site\/wp-json\/wp\/v2\/product\/20468"}],"collection":[{"href":"https:\/\/www.sp-equipements.com\/site\/wp-json\/wp\/v2\/product"}],"about":[{"href":"https:\/\/www.sp-equipements.com\/site\/wp-json\/wp\/v2\/types\/product"}],"replies":[{"embeddable":true,"href":"https:\/\/www.sp-equipements.com\/site\/wp-json\/wp\/v2\/comments?post=20468"}],"wp:featuredmedia":[{"embeddable":true,"href":"https:\/\/www.sp-equipements.com\/site\/wp-json\/wp\/v2\/media\/37425"}],"wp:attachment":[{"href":"https:\/\/www.sp-equipements.com\/site\/wp-json\/wp\/v2\/media?parent=20468"}],"wp:term":[{"taxonomy":"product_cat","embeddable":true,"href":"https:\/\/www.sp-equipements.com\/site\/wp-json\/wp\/v2\/product_cat?post=20468"},{"taxonomy":"product_tag","embeddable":true,"href":"https:\/\/www.sp-equipements.com\/site\/wp-json\/wp\/v2\/product_tag?post=20468"}],"curies":[{"name":"wp","href":"https:\/\/api.w.org\/{rel}","templated":true}]}}