{"id":20469,"date":"2019-06-05T11:51:01","date_gmt":"2019-06-05T09:51:01","guid":{"rendered":"http:\/\/www.polyequipements.com\/produit\/chaise-pliante-mathias\/"},"modified":"2022-06-01T02:53:38","modified_gmt":"2022-06-01T00:53:38","slug":"chaise-pliante-mathias","status":"publish","type":"product","link":"https:\/\/www.sp-equipements.com\/site\/produit\/chaise-pliante-mathias\/","title":{"rendered":"Chaise Pliante MATHIAS"},"content":{"rendered":"","protected":false},"excerpt":{"rendered":"<p><i>Chaise pliante MATHIAS : chaise tr\u00e8s confortable et r\u00e9sistante en acier et tissu qui se nettoie facilement.<\/i><\/p>\n<p><b><u>Classification non feu M1 du LNE.<\/u><\/b><\/p>\n<p>Tissu : velours de coton 320gr. Mousse : densit\u00e9 25.<\/p>\n<p>Patins anti-bruit en caoutchouc.<\/p>\n<p>Chaise pli\u00e9e \u00e0 faible encombrement. Les chaises s&#8217;emboitent parfaitement. Epaisseur 1,5cm, pos\u00e9e sur assise en bois.<\/p>\n<p>Barre de renfort avant et arri\u00e8re soud\u00e9s \u00e0 l&rsquo;int\u00e9rieur des tubes. Barre de renfort en acier sous le si\u00e8ge.<\/p>\n<p>Le si\u00e8ge et le dossier ont un galbe ergonomique \u00e9tudi\u00e9 pour offrir un plus grand confort que les chaises traditionnelles.<\/p>\n<p>Cette chaise est <b>tr\u00e8s l\u00e9g\u00e8re<\/b> : 4,6kg. Manipulation et transport ais\u00e9s.<\/p>\n<p><b>Caract\u00e9ristiques :<\/b><br \/>Certification LNE<br \/>Dimensions : 48.5 x 44.5 x 82.5cm<br \/>Poids net : 4,6 kg<br \/>Charge maximum recommand\u00e9e : 200 kg<br \/>Couleur : Grenat + pieds vieil or<\/p>\n","protected":false},"featured_media":37426,"comment_status":"open","ping_status":"closed","template":"","meta":[],"product_cat":[91,120],"product_tag":[],"yoast_head":"<!-- This site is optimized with the Yoast SEO plugin v22.2 - https:\/\/yoast.com\/wordpress\/plugins\/seo\/ -->\n<title>Chaise Pliante MATHIAS - SP \u00c9quipements<\/title>\n<meta name=\"robots\" content=\"index, follow, max-snippet:-1, max-image-preview:large, max-video-preview:-1\" \/>\n<link rel=\"canonical\" href=\"https:\/\/www.sp-equipements.com\/site\/produit\/chaise-pliante-mathias\/\" \/>\n<meta property=\"og:locale\" content=\"fr_FR\" \/>\n<meta property=\"og:type\" content=\"article\" \/>\n<meta property=\"og:title\" content=\"Chaise Pliante MATHIAS - SP \u00c9quipements\" \/>\n<meta property=\"og:description\" content=\"Chaise pliante MATHIAS : chaise tr\u00e8s confortable et r\u00e9sistante en acier et tissu qui se nettoie facilement.Classification non feu M1 du LNE.Tissu : velours de coton 320gr. Mousse : densit\u00e9 25.Patins anti-bruit en caoutchouc.Chaise pli\u00e9e \u00e0 faible encombrement. Les chaises s&#039;emboitent parfaitement. Epaisseur 1,5cm, pos\u00e9e sur assise en bois.Barre de renfort avant et arri\u00e8re soud\u00e9s \u00e0 l&#039;int\u00e9rieur des tubes. Barre de renfort en acier sous le si\u00e8ge.Le si\u00e8ge et le dossier ont un galbe ergonomique \u00e9tudi\u00e9 pour offrir un plus grand confort que les chaises traditionnelles.Cette chaise est tr\u00e8s l\u00e9g\u00e8re : 4,6kg. Manipulation et transport ais\u00e9s.Caract\u00e9ristiques :Certification LNEDimensions : 48.5 x 44.5 x 82.5cmPoids net : 4,6 kgCharge maximum recommand\u00e9e : 200 kgCouleur : Grenat + pieds vieil or\" \/>\n<meta property=\"og:url\" content=\"https:\/\/www.sp-equipements.com\/site\/produit\/chaise-pliante-mathias\/\" \/>\n<meta property=\"og:site_name\" content=\"SP \u00c9quipements\" \/>\n<meta property=\"article:modified_time\" content=\"2022-06-01T00:53:38+00:00\" \/>\n<meta property=\"og:image\" content=\"https:\/\/www.sp-equipements.com\/site\/wp-content\/uploads\/2019\/06\/chaise_pliante_mathias-1.jpg\" \/>\n\t<meta property=\"og:image:width\" content=\"190\" \/>\n\t<meta property=\"og:image:height\" content=\"190\" \/>\n\t<meta property=\"og:image:type\" content=\"image\/jpeg\" \/>\n<meta name=\"twitter:card\" content=\"summary_large_image\" \/>\n<script type=\"application\/ld+json\" class=\"yoast-schema-graph\">{\"@context\":\"https:\/\/schema.org\",\"@graph\":[{\"@type\":\"WebPage\",\"@id\":\"https:\/\/www.sp-equipements.com\/site\/produit\/chaise-pliante-mathias\/\",\"url\":\"https:\/\/www.sp-equipements.com\/site\/produit\/chaise-pliante-mathias\/\",\"name\":\"Chaise Pliante MATHIAS - SP \u00c9quipements\",\"isPartOf\":{\"@id\":\"https:\/\/www.sp-equipements.com\/site\/#website\"},\"primaryImageOfPage\":{\"@id\":\"https:\/\/www.sp-equipements.com\/site\/produit\/chaise-pliante-mathias\/#primaryimage\"},\"image\":{\"@id\":\"https:\/\/www.sp-equipements.com\/site\/produit\/chaise-pliante-mathias\/#primaryimage\"},\"thumbnailUrl\":\"https:\/\/www.sp-equipements.com\/site\/wp-content\/uploads\/2019\/06\/chaise_pliante_mathias-1.jpg\",\"datePublished\":\"2019-06-05T09:51:01+00:00\",\"dateModified\":\"2022-06-01T00:53:38+00:00\",\"breadcrumb\":{\"@id\":\"https:\/\/www.sp-equipements.com\/site\/produit\/chaise-pliante-mathias\/#breadcrumb\"},\"inLanguage\":\"fr-FR\",\"potentialAction\":[{\"@type\":\"ReadAction\",\"target\":[\"https:\/\/www.sp-equipements.com\/site\/produit\/chaise-pliante-mathias\/\"]}]},{\"@type\":\"ImageObject\",\"inLanguage\":\"fr-FR\",\"@id\":\"https:\/\/www.sp-equipements.com\/site\/produit\/chaise-pliante-mathias\/#primaryimage\",\"url\":\"https:\/\/www.sp-equipements.com\/site\/wp-content\/uploads\/2019\/06\/chaise_pliante_mathias-1.jpg\",\"contentUrl\":\"https:\/\/www.sp-equipements.com\/site\/wp-content\/uploads\/2019\/06\/chaise_pliante_mathias-1.jpg\",\"width\":190,\"height\":190,\"caption\":\"chaise pliante mathias 1\"},{\"@type\":\"BreadcrumbList\",\"@id\":\"https:\/\/www.sp-equipements.com\/site\/produit\/chaise-pliante-mathias\/#breadcrumb\",\"itemListElement\":[{\"@type\":\"ListItem\",\"position\":1,\"name\":\"Accueil\",\"item\":\"https:\/\/www.sp-equipements.com\/site\/\"},{\"@type\":\"ListItem\",\"position\":2,\"name\":\"Catalogue\",\"item\":\"https:\/\/www.sp-equipements.com\/site\/catalogue\/\"},{\"@type\":\"ListItem\",\"position\":3,\"name\":\"Chaise Pliante MATHIAS\"}]},{\"@type\":\"WebSite\",\"@id\":\"https:\/\/www.sp-equipements.com\/site\/#website\",\"url\":\"https:\/\/www.sp-equipements.com\/site\/\",\"name\":\"SP \u00c9quipements\",\"description\":\"\u00c9quipements de collectivit\u00e9s\",\"potentialAction\":[{\"@type\":\"SearchAction\",\"target\":{\"@type\":\"EntryPoint\",\"urlTemplate\":\"https:\/\/www.sp-equipements.com\/site\/?s={search_term_string}\"},\"query-input\":\"required name=search_term_string\"}],\"inLanguage\":\"fr-FR\"}]}<\/script>\n<!-- \/ Yoast SEO plugin. -->","yoast_head_json":{"title":"Chaise Pliante MATHIAS - SP \u00c9quipements","robots":{"index":"index","follow":"follow","max-snippet":"max-snippet:-1","max-image-preview":"max-image-preview:large","max-video-preview":"max-video-preview:-1"},"canonical":"https:\/\/www.sp-equipements.com\/site\/produit\/chaise-pliante-mathias\/","og_locale":"fr_FR","og_type":"article","og_title":"Chaise Pliante MATHIAS - SP \u00c9quipements","og_description":"Chaise pliante MATHIAS : chaise tr\u00e8s confortable et r\u00e9sistante en acier et tissu qui se nettoie facilement.Classification non feu M1 du LNE.Tissu : velours de coton 320gr. Mousse : densit\u00e9 25.Patins anti-bruit en caoutchouc.Chaise pli\u00e9e \u00e0 faible encombrement. Les chaises s'emboitent parfaitement. Epaisseur 1,5cm, pos\u00e9e sur assise en bois.Barre de renfort avant et arri\u00e8re soud\u00e9s \u00e0 l'int\u00e9rieur des tubes. Barre de renfort en acier sous le si\u00e8ge.Le si\u00e8ge et le dossier ont un galbe ergonomique \u00e9tudi\u00e9 pour offrir un plus grand confort que les chaises traditionnelles.Cette chaise est tr\u00e8s l\u00e9g\u00e8re : 4,6kg. Manipulation et transport ais\u00e9s.Caract\u00e9ristiques :Certification LNEDimensions : 48.5 x 44.5 x 82.5cmPoids net : 4,6 kgCharge maximum recommand\u00e9e : 200 kgCouleur : Grenat + pieds vieil or","og_url":"https:\/\/www.sp-equipements.com\/site\/produit\/chaise-pliante-mathias\/","og_site_name":"SP \u00c9quipements","article_modified_time":"2022-06-01T00:53:38+00:00","og_image":[{"width":190,"height":190,"url":"https:\/\/www.sp-equipements.com\/site\/wp-content\/uploads\/2019\/06\/chaise_pliante_mathias-1.jpg","type":"image\/jpeg"}],"twitter_card":"summary_large_image","schema":{"@context":"https:\/\/schema.org","@graph":[{"@type":"WebPage","@id":"https:\/\/www.sp-equipements.com\/site\/produit\/chaise-pliante-mathias\/","url":"https:\/\/www.sp-equipements.com\/site\/produit\/chaise-pliante-mathias\/","name":"Chaise Pliante MATHIAS - SP \u00c9quipements","isPartOf":{"@id":"https:\/\/www.sp-equipements.com\/site\/#website"},"primaryImageOfPage":{"@id":"https:\/\/www.sp-equipements.com\/site\/produit\/chaise-pliante-mathias\/#primaryimage"},"image":{"@id":"https:\/\/www.sp-equipements.com\/site\/produit\/chaise-pliante-mathias\/#primaryimage"},"thumbnailUrl":"https:\/\/www.sp-equipements.com\/site\/wp-content\/uploads\/2019\/06\/chaise_pliante_mathias-1.jpg","datePublished":"2019-06-05T09:51:01+00:00","dateModified":"2022-06-01T00:53:38+00:00","breadcrumb":{"@id":"https:\/\/www.sp-equipements.com\/site\/produit\/chaise-pliante-mathias\/#breadcrumb"},"inLanguage":"fr-FR","potentialAction":[{"@type":"ReadAction","target":["https:\/\/www.sp-equipements.com\/site\/produit\/chaise-pliante-mathias\/"]}]},{"@type":"ImageObject","inLanguage":"fr-FR","@id":"https:\/\/www.sp-equipements.com\/site\/produit\/chaise-pliante-mathias\/#primaryimage","url":"https:\/\/www.sp-equipements.com\/site\/wp-content\/uploads\/2019\/06\/chaise_pliante_mathias-1.jpg","contentUrl":"https:\/\/www.sp-equipements.com\/site\/wp-content\/uploads\/2019\/06\/chaise_pliante_mathias-1.jpg","width":190,"height":190,"caption":"chaise pliante mathias 1"},{"@type":"BreadcrumbList","@id":"https:\/\/www.sp-equipements.com\/site\/produit\/chaise-pliante-mathias\/#breadcrumb","itemListElement":[{"@type":"ListItem","position":1,"name":"Accueil","item":"https:\/\/www.sp-equipements.com\/site\/"},{"@type":"ListItem","position":2,"name":"Catalogue","item":"https:\/\/www.sp-equipements.com\/site\/catalogue\/"},{"@type":"ListItem","position":3,"name":"Chaise Pliante MATHIAS"}]},{"@type":"WebSite","@id":"https:\/\/www.sp-equipements.com\/site\/#website","url":"https:\/\/www.sp-equipements.com\/site\/","name":"SP \u00c9quipements","description":"\u00c9quipements de collectivit\u00e9s","potentialAction":[{"@type":"SearchAction","target":{"@type":"EntryPoint","urlTemplate":"https:\/\/www.sp-equipements.com\/site\/?s={search_term_string}"},"query-input":"required name=search_term_string"}],"inLanguage":"fr-FR"}]}},"_links":{"self":[{"href":"https:\/\/www.sp-equipements.com\/site\/wp-json\/wp\/v2\/product\/20469"}],"collection":[{"href":"https:\/\/www.sp-equipements.com\/site\/wp-json\/wp\/v2\/product"}],"about":[{"href":"https:\/\/www.sp-equipements.com\/site\/wp-json\/wp\/v2\/types\/product"}],"replies":[{"embeddable":true,"href":"https:\/\/www.sp-equipements.com\/site\/wp-json\/wp\/v2\/comments?post=20469"}],"wp:featuredmedia":[{"embeddable":true,"href":"https:\/\/www.sp-equipements.com\/site\/wp-json\/wp\/v2\/media\/37426"}],"wp:attachment":[{"href":"https:\/\/www.sp-equipements.com\/site\/wp-json\/wp\/v2\/media?parent=20469"}],"wp:term":[{"taxonomy":"product_cat","embeddable":true,"href":"https:\/\/www.sp-equipements.com\/site\/wp-json\/wp\/v2\/product_cat?post=20469"},{"taxonomy":"product_tag","embeddable":true,"href":"https:\/\/www.sp-equipements.com\/site\/wp-json\/wp\/v2\/product_tag?post=20469"}],"curies":[{"name":"wp","href":"https:\/\/api.w.org\/{rel}","templated":true}]}}