{"id":20475,"date":"2019-06-05T11:51:04","date_gmt":"2019-06-05T09:51:04","guid":{"rendered":"http:\/\/www.polyequipements.com\/produit\/chaise-empilable-campus\/"},"modified":"2019-06-19T15:29:55","modified_gmt":"2019-06-19T13:29:55","slug":"chaise-empilable-campus","status":"publish","type":"product","link":"https:\/\/www.sp-equipements.com\/site\/produit\/chaise-empilable-campus\/","title":{"rendered":"Chaise Empilable CAMPUS"},"content":{"rendered":"","protected":false},"excerpt":{"rendered":"<p>Une coque en polypropyl\u00e8ne, aspect grav\u00e9 mat, clipp\u00e9e sur un pi\u00e9tement en acier (tube de 16mm) rev\u00eatu d\u2019\u00e9poxy gris martel\u00e9.<\/p>\n<p><i>La chaise Campus constitue un judicieux compromis de solidit\u00e9, de confort et de maniabilit\u00e9.<\/i><\/p>\n<p><b>Assemblable<\/b>, sa prise de main incorpor\u00e9e et un syst\u00e8me int\u00e9gr\u00e9 d\u2019assemblage se fait par entrecroisement de 2 fils d\u2019acier, \u00d8 6 mm, pr\u00e9form\u00e9s et solidaire du pi\u00e9tement, permettent de r\u00e9aliser dans des d\u00e9lais records tout type de compositions.<\/p>\n","protected":false},"featured_media":37432,"comment_status":"open","ping_status":"closed","template":"","meta":[],"product_cat":[121,91],"product_tag":[],"yoast_head":"<!-- This site is optimized with the Yoast SEO plugin v22.2 - https:\/\/yoast.com\/wordpress\/plugins\/seo\/ -->\n<title>Chaise Empilable CAMPUS - SP \u00c9quipements<\/title>\n<meta name=\"robots\" content=\"index, follow, max-snippet:-1, max-image-preview:large, max-video-preview:-1\" \/>\n<link rel=\"canonical\" href=\"https:\/\/www.sp-equipements.com\/site\/produit\/chaise-empilable-campus\/\" \/>\n<meta property=\"og:locale\" content=\"fr_FR\" \/>\n<meta property=\"og:type\" content=\"article\" \/>\n<meta property=\"og:title\" content=\"Chaise Empilable CAMPUS - SP \u00c9quipements\" \/>\n<meta property=\"og:description\" content=\"Une coque en polypropyl\u00e8ne, aspect grav\u00e9 mat, clipp\u00e9e sur un pi\u00e9tement en acier (tube de 16mm) rev\u00eatu d\u2019\u00e9poxy gris martel\u00e9.  La chaise Campus constitue un judicieux compromis de solidit\u00e9, de confort et de maniabilit\u00e9.  Assemblable, sa prise de main incorpor\u00e9e et un syst\u00e8me int\u00e9gr\u00e9 d\u2019assemblage se fait par entrecroisement de 2 fils d\u2019acier, \u00d8 6 mm, pr\u00e9form\u00e9s et solidaire du pi\u00e9tement, permettent de r\u00e9aliser dans des d\u00e9lais records tout type de compositions.\" \/>\n<meta property=\"og:url\" content=\"https:\/\/www.sp-equipements.com\/site\/produit\/chaise-empilable-campus\/\" \/>\n<meta property=\"og:site_name\" content=\"SP \u00c9quipements\" \/>\n<meta property=\"article:modified_time\" content=\"2019-06-19T13:29:55+00:00\" \/>\n<meta property=\"og:image\" content=\"https:\/\/www.sp-equipements.com\/site\/wp-content\/uploads\/2019\/06\/chaise_empilable_campus-1.jpg\" \/>\n\t<meta property=\"og:image:width\" content=\"190\" \/>\n\t<meta property=\"og:image:height\" content=\"190\" \/>\n\t<meta property=\"og:image:type\" content=\"image\/jpeg\" \/>\n<meta name=\"twitter:card\" content=\"summary_large_image\" \/>\n<script type=\"application\/ld+json\" class=\"yoast-schema-graph\">{\"@context\":\"https:\/\/schema.org\",\"@graph\":[{\"@type\":\"WebPage\",\"@id\":\"https:\/\/www.sp-equipements.com\/site\/produit\/chaise-empilable-campus\/\",\"url\":\"https:\/\/www.sp-equipements.com\/site\/produit\/chaise-empilable-campus\/\",\"name\":\"Chaise Empilable CAMPUS - SP \u00c9quipements\",\"isPartOf\":{\"@id\":\"https:\/\/www.sp-equipements.com\/site\/#website\"},\"primaryImageOfPage\":{\"@id\":\"https:\/\/www.sp-equipements.com\/site\/produit\/chaise-empilable-campus\/#primaryimage\"},\"image\":{\"@id\":\"https:\/\/www.sp-equipements.com\/site\/produit\/chaise-empilable-campus\/#primaryimage\"},\"thumbnailUrl\":\"https:\/\/www.sp-equipements.com\/site\/wp-content\/uploads\/2019\/06\/chaise_empilable_campus-1.jpg\",\"datePublished\":\"2019-06-05T09:51:04+00:00\",\"dateModified\":\"2019-06-19T13:29:55+00:00\",\"breadcrumb\":{\"@id\":\"https:\/\/www.sp-equipements.com\/site\/produit\/chaise-empilable-campus\/#breadcrumb\"},\"inLanguage\":\"fr-FR\",\"potentialAction\":[{\"@type\":\"ReadAction\",\"target\":[\"https:\/\/www.sp-equipements.com\/site\/produit\/chaise-empilable-campus\/\"]}]},{\"@type\":\"ImageObject\",\"inLanguage\":\"fr-FR\",\"@id\":\"https:\/\/www.sp-equipements.com\/site\/produit\/chaise-empilable-campus\/#primaryimage\",\"url\":\"https:\/\/www.sp-equipements.com\/site\/wp-content\/uploads\/2019\/06\/chaise_empilable_campus-1.jpg\",\"contentUrl\":\"https:\/\/www.sp-equipements.com\/site\/wp-content\/uploads\/2019\/06\/chaise_empilable_campus-1.jpg\",\"width\":190,\"height\":190,\"caption\":\"chaise empilable campus 1\"},{\"@type\":\"BreadcrumbList\",\"@id\":\"https:\/\/www.sp-equipements.com\/site\/produit\/chaise-empilable-campus\/#breadcrumb\",\"itemListElement\":[{\"@type\":\"ListItem\",\"position\":1,\"name\":\"Accueil\",\"item\":\"https:\/\/www.sp-equipements.com\/site\/\"},{\"@type\":\"ListItem\",\"position\":2,\"name\":\"Catalogue\",\"item\":\"https:\/\/www.sp-equipements.com\/site\/catalogue\/\"},{\"@type\":\"ListItem\",\"position\":3,\"name\":\"Chaise Empilable CAMPUS\"}]},{\"@type\":\"WebSite\",\"@id\":\"https:\/\/www.sp-equipements.com\/site\/#website\",\"url\":\"https:\/\/www.sp-equipements.com\/site\/\",\"name\":\"SP \u00c9quipements\",\"description\":\"\u00c9quipements de collectivit\u00e9s\",\"potentialAction\":[{\"@type\":\"SearchAction\",\"target\":{\"@type\":\"EntryPoint\",\"urlTemplate\":\"https:\/\/www.sp-equipements.com\/site\/?s={search_term_string}\"},\"query-input\":\"required name=search_term_string\"}],\"inLanguage\":\"fr-FR\"}]}<\/script>\n<!-- \/ Yoast SEO plugin. -->","yoast_head_json":{"title":"Chaise Empilable CAMPUS - SP \u00c9quipements","robots":{"index":"index","follow":"follow","max-snippet":"max-snippet:-1","max-image-preview":"max-image-preview:large","max-video-preview":"max-video-preview:-1"},"canonical":"https:\/\/www.sp-equipements.com\/site\/produit\/chaise-empilable-campus\/","og_locale":"fr_FR","og_type":"article","og_title":"Chaise Empilable CAMPUS - SP \u00c9quipements","og_description":"Une coque en polypropyl\u00e8ne, aspect grav\u00e9 mat, clipp\u00e9e sur un pi\u00e9tement en acier (tube de 16mm) rev\u00eatu d\u2019\u00e9poxy gris martel\u00e9.  La chaise Campus constitue un judicieux compromis de solidit\u00e9, de confort et de maniabilit\u00e9.  Assemblable, sa prise de main incorpor\u00e9e et un syst\u00e8me int\u00e9gr\u00e9 d\u2019assemblage se fait par entrecroisement de 2 fils d\u2019acier, \u00d8 6 mm, pr\u00e9form\u00e9s et solidaire du pi\u00e9tement, permettent de r\u00e9aliser dans des d\u00e9lais records tout type de compositions.","og_url":"https:\/\/www.sp-equipements.com\/site\/produit\/chaise-empilable-campus\/","og_site_name":"SP \u00c9quipements","article_modified_time":"2019-06-19T13:29:55+00:00","og_image":[{"width":190,"height":190,"url":"https:\/\/www.sp-equipements.com\/site\/wp-content\/uploads\/2019\/06\/chaise_empilable_campus-1.jpg","type":"image\/jpeg"}],"twitter_card":"summary_large_image","schema":{"@context":"https:\/\/schema.org","@graph":[{"@type":"WebPage","@id":"https:\/\/www.sp-equipements.com\/site\/produit\/chaise-empilable-campus\/","url":"https:\/\/www.sp-equipements.com\/site\/produit\/chaise-empilable-campus\/","name":"Chaise Empilable CAMPUS - SP \u00c9quipements","isPartOf":{"@id":"https:\/\/www.sp-equipements.com\/site\/#website"},"primaryImageOfPage":{"@id":"https:\/\/www.sp-equipements.com\/site\/produit\/chaise-empilable-campus\/#primaryimage"},"image":{"@id":"https:\/\/www.sp-equipements.com\/site\/produit\/chaise-empilable-campus\/#primaryimage"},"thumbnailUrl":"https:\/\/www.sp-equipements.com\/site\/wp-content\/uploads\/2019\/06\/chaise_empilable_campus-1.jpg","datePublished":"2019-06-05T09:51:04+00:00","dateModified":"2019-06-19T13:29:55+00:00","breadcrumb":{"@id":"https:\/\/www.sp-equipements.com\/site\/produit\/chaise-empilable-campus\/#breadcrumb"},"inLanguage":"fr-FR","potentialAction":[{"@type":"ReadAction","target":["https:\/\/www.sp-equipements.com\/site\/produit\/chaise-empilable-campus\/"]}]},{"@type":"ImageObject","inLanguage":"fr-FR","@id":"https:\/\/www.sp-equipements.com\/site\/produit\/chaise-empilable-campus\/#primaryimage","url":"https:\/\/www.sp-equipements.com\/site\/wp-content\/uploads\/2019\/06\/chaise_empilable_campus-1.jpg","contentUrl":"https:\/\/www.sp-equipements.com\/site\/wp-content\/uploads\/2019\/06\/chaise_empilable_campus-1.jpg","width":190,"height":190,"caption":"chaise empilable campus 1"},{"@type":"BreadcrumbList","@id":"https:\/\/www.sp-equipements.com\/site\/produit\/chaise-empilable-campus\/#breadcrumb","itemListElement":[{"@type":"ListItem","position":1,"name":"Accueil","item":"https:\/\/www.sp-equipements.com\/site\/"},{"@type":"ListItem","position":2,"name":"Catalogue","item":"https:\/\/www.sp-equipements.com\/site\/catalogue\/"},{"@type":"ListItem","position":3,"name":"Chaise Empilable CAMPUS"}]},{"@type":"WebSite","@id":"https:\/\/www.sp-equipements.com\/site\/#website","url":"https:\/\/www.sp-equipements.com\/site\/","name":"SP \u00c9quipements","description":"\u00c9quipements de collectivit\u00e9s","potentialAction":[{"@type":"SearchAction","target":{"@type":"EntryPoint","urlTemplate":"https:\/\/www.sp-equipements.com\/site\/?s={search_term_string}"},"query-input":"required name=search_term_string"}],"inLanguage":"fr-FR"}]}},"_links":{"self":[{"href":"https:\/\/www.sp-equipements.com\/site\/wp-json\/wp\/v2\/product\/20475"}],"collection":[{"href":"https:\/\/www.sp-equipements.com\/site\/wp-json\/wp\/v2\/product"}],"about":[{"href":"https:\/\/www.sp-equipements.com\/site\/wp-json\/wp\/v2\/types\/product"}],"replies":[{"embeddable":true,"href":"https:\/\/www.sp-equipements.com\/site\/wp-json\/wp\/v2\/comments?post=20475"}],"wp:featuredmedia":[{"embeddable":true,"href":"https:\/\/www.sp-equipements.com\/site\/wp-json\/wp\/v2\/media\/37432"}],"wp:attachment":[{"href":"https:\/\/www.sp-equipements.com\/site\/wp-json\/wp\/v2\/media?parent=20475"}],"wp:term":[{"taxonomy":"product_cat","embeddable":true,"href":"https:\/\/www.sp-equipements.com\/site\/wp-json\/wp\/v2\/product_cat?post=20475"},{"taxonomy":"product_tag","embeddable":true,"href":"https:\/\/www.sp-equipements.com\/site\/wp-json\/wp\/v2\/product_tag?post=20475"}],"curies":[{"name":"wp","href":"https:\/\/api.w.org\/{rel}","templated":true}]}}