{"id":20478,"date":"2019-06-05T11:51:05","date_gmt":"2019-06-05T09:51:05","guid":{"rendered":"http:\/\/www.polyequipements.com\/produit\/tabouret-de-bar-design\/"},"modified":"2023-09-24T06:12:51","modified_gmt":"2023-09-24T04:12:51","slug":"tabouret-de-bar-design","status":"publish","type":"product","link":"https:\/\/www.sp-equipements.com\/site\/produit\/tabouret-de-bar-design\/","title":{"rendered":"Tabouret de Bar DESIGN"},"content":{"rendered":"","protected":false},"excerpt":{"rendered":"<p>Chaise haute r\u00e9glable en hauteur de 57 \u00e0 81cm.<br \/>\nPi\u00e8tements en acier chrom\u00e9.<br \/>\nAssise et dossier en polyester de r\u00e9sine renforc\u00e9e en fibre de verre.<\/p>\n<p>Existe en rouge, noir et blanc.<\/p>\n<p><b>Descriptif technique :\u00a0<\/b>57~81<br \/>\nHauteur x Largeur x Profondeur : 107x53x44cm<br \/>\nLargeur assise (min-max) en cm : 24~35<br \/>\nHauteur repose pied (min-max) en cm : 14~39<br \/>\nBase en cm : 45<\/p>\n","protected":false},"featured_media":37435,"comment_status":"open","ping_status":"closed","template":"","meta":[],"product_cat":[91,118],"product_tag":[],"yoast_head":"<!-- This site is optimized with the Yoast SEO plugin v22.2 - https:\/\/yoast.com\/wordpress\/plugins\/seo\/ -->\n<title>Tabouret de Bar DESIGN - SP \u00c9quipements<\/title>\n<meta name=\"robots\" content=\"index, follow, max-snippet:-1, max-image-preview:large, max-video-preview:-1\" \/>\n<link rel=\"canonical\" href=\"https:\/\/www.sp-equipements.com\/site\/produit\/tabouret-de-bar-design\/\" \/>\n<meta property=\"og:locale\" content=\"fr_FR\" \/>\n<meta property=\"og:type\" content=\"article\" \/>\n<meta property=\"og:title\" content=\"Tabouret de Bar DESIGN - SP \u00c9quipements\" \/>\n<meta property=\"og:description\" content=\"Chaise haute r\u00e9glable en hauteur de 57 \u00e0 81cm. Pi\u00e8tements en acier chrom\u00e9. Assise et dossier en polyester de r\u00e9sine renforc\u00e9e en fibre de verre.  Existe en rouge, noir et blanc.  Descriptif technique :\u00a057~81 Hauteur x Largeur x Profondeur : 107x53x44cm Largeur assise (min-max) en cm : 24~35 Hauteur repose pied (min-max) en cm : 14~39 Base en cm : 45\" \/>\n<meta property=\"og:url\" content=\"https:\/\/www.sp-equipements.com\/site\/produit\/tabouret-de-bar-design\/\" \/>\n<meta property=\"og:site_name\" content=\"SP \u00c9quipements\" \/>\n<meta property=\"article:modified_time\" content=\"2023-09-24T04:12:51+00:00\" \/>\n<meta property=\"og:image\" content=\"https:\/\/www.sp-equipements.com\/site\/wp-content\/uploads\/2019\/06\/tabouret_de_bar_design-1.jpg\" \/>\n\t<meta property=\"og:image:width\" content=\"190\" \/>\n\t<meta property=\"og:image:height\" content=\"190\" \/>\n\t<meta property=\"og:image:type\" content=\"image\/jpeg\" \/>\n<meta name=\"twitter:card\" content=\"summary_large_image\" \/>\n<script type=\"application\/ld+json\" class=\"yoast-schema-graph\">{\"@context\":\"https:\/\/schema.org\",\"@graph\":[{\"@type\":\"WebPage\",\"@id\":\"https:\/\/www.sp-equipements.com\/site\/produit\/tabouret-de-bar-design\/\",\"url\":\"https:\/\/www.sp-equipements.com\/site\/produit\/tabouret-de-bar-design\/\",\"name\":\"Tabouret de Bar DESIGN - SP \u00c9quipements\",\"isPartOf\":{\"@id\":\"https:\/\/www.sp-equipements.com\/site\/#website\"},\"primaryImageOfPage\":{\"@id\":\"https:\/\/www.sp-equipements.com\/site\/produit\/tabouret-de-bar-design\/#primaryimage\"},\"image\":{\"@id\":\"https:\/\/www.sp-equipements.com\/site\/produit\/tabouret-de-bar-design\/#primaryimage\"},\"thumbnailUrl\":\"https:\/\/www.sp-equipements.com\/site\/wp-content\/uploads\/2019\/06\/tabouret_de_bar_design-1.jpg\",\"datePublished\":\"2019-06-05T09:51:05+00:00\",\"dateModified\":\"2023-09-24T04:12:51+00:00\",\"breadcrumb\":{\"@id\":\"https:\/\/www.sp-equipements.com\/site\/produit\/tabouret-de-bar-design\/#breadcrumb\"},\"inLanguage\":\"fr-FR\",\"potentialAction\":[{\"@type\":\"ReadAction\",\"target\":[\"https:\/\/www.sp-equipements.com\/site\/produit\/tabouret-de-bar-design\/\"]}]},{\"@type\":\"ImageObject\",\"inLanguage\":\"fr-FR\",\"@id\":\"https:\/\/www.sp-equipements.com\/site\/produit\/tabouret-de-bar-design\/#primaryimage\",\"url\":\"https:\/\/www.sp-equipements.com\/site\/wp-content\/uploads\/2019\/06\/tabouret_de_bar_design-1.jpg\",\"contentUrl\":\"https:\/\/www.sp-equipements.com\/site\/wp-content\/uploads\/2019\/06\/tabouret_de_bar_design-1.jpg\",\"width\":190,\"height\":190,\"caption\":\"tabouret de bar design 1\"},{\"@type\":\"BreadcrumbList\",\"@id\":\"https:\/\/www.sp-equipements.com\/site\/produit\/tabouret-de-bar-design\/#breadcrumb\",\"itemListElement\":[{\"@type\":\"ListItem\",\"position\":1,\"name\":\"Accueil\",\"item\":\"https:\/\/www.sp-equipements.com\/site\/\"},{\"@type\":\"ListItem\",\"position\":2,\"name\":\"Catalogue\",\"item\":\"https:\/\/www.sp-equipements.com\/site\/catalogue\/\"},{\"@type\":\"ListItem\",\"position\":3,\"name\":\"Tabouret de Bar DESIGN\"}]},{\"@type\":\"WebSite\",\"@id\":\"https:\/\/www.sp-equipements.com\/site\/#website\",\"url\":\"https:\/\/www.sp-equipements.com\/site\/\",\"name\":\"SP \u00c9quipements\",\"description\":\"\u00c9quipements de collectivit\u00e9s\",\"potentialAction\":[{\"@type\":\"SearchAction\",\"target\":{\"@type\":\"EntryPoint\",\"urlTemplate\":\"https:\/\/www.sp-equipements.com\/site\/?s={search_term_string}\"},\"query-input\":\"required name=search_term_string\"}],\"inLanguage\":\"fr-FR\"}]}<\/script>\n<!-- \/ Yoast SEO plugin. -->","yoast_head_json":{"title":"Tabouret de Bar DESIGN - SP \u00c9quipements","robots":{"index":"index","follow":"follow","max-snippet":"max-snippet:-1","max-image-preview":"max-image-preview:large","max-video-preview":"max-video-preview:-1"},"canonical":"https:\/\/www.sp-equipements.com\/site\/produit\/tabouret-de-bar-design\/","og_locale":"fr_FR","og_type":"article","og_title":"Tabouret de Bar DESIGN - SP \u00c9quipements","og_description":"Chaise haute r\u00e9glable en hauteur de 57 \u00e0 81cm. Pi\u00e8tements en acier chrom\u00e9. Assise et dossier en polyester de r\u00e9sine renforc\u00e9e en fibre de verre.  Existe en rouge, noir et blanc.  Descriptif technique :\u00a057~81 Hauteur x Largeur x Profondeur : 107x53x44cm Largeur assise (min-max) en cm : 24~35 Hauteur repose pied (min-max) en cm : 14~39 Base en cm : 45","og_url":"https:\/\/www.sp-equipements.com\/site\/produit\/tabouret-de-bar-design\/","og_site_name":"SP \u00c9quipements","article_modified_time":"2023-09-24T04:12:51+00:00","og_image":[{"width":190,"height":190,"url":"https:\/\/www.sp-equipements.com\/site\/wp-content\/uploads\/2019\/06\/tabouret_de_bar_design-1.jpg","type":"image\/jpeg"}],"twitter_card":"summary_large_image","schema":{"@context":"https:\/\/schema.org","@graph":[{"@type":"WebPage","@id":"https:\/\/www.sp-equipements.com\/site\/produit\/tabouret-de-bar-design\/","url":"https:\/\/www.sp-equipements.com\/site\/produit\/tabouret-de-bar-design\/","name":"Tabouret de Bar DESIGN - SP \u00c9quipements","isPartOf":{"@id":"https:\/\/www.sp-equipements.com\/site\/#website"},"primaryImageOfPage":{"@id":"https:\/\/www.sp-equipements.com\/site\/produit\/tabouret-de-bar-design\/#primaryimage"},"image":{"@id":"https:\/\/www.sp-equipements.com\/site\/produit\/tabouret-de-bar-design\/#primaryimage"},"thumbnailUrl":"https:\/\/www.sp-equipements.com\/site\/wp-content\/uploads\/2019\/06\/tabouret_de_bar_design-1.jpg","datePublished":"2019-06-05T09:51:05+00:00","dateModified":"2023-09-24T04:12:51+00:00","breadcrumb":{"@id":"https:\/\/www.sp-equipements.com\/site\/produit\/tabouret-de-bar-design\/#breadcrumb"},"inLanguage":"fr-FR","potentialAction":[{"@type":"ReadAction","target":["https:\/\/www.sp-equipements.com\/site\/produit\/tabouret-de-bar-design\/"]}]},{"@type":"ImageObject","inLanguage":"fr-FR","@id":"https:\/\/www.sp-equipements.com\/site\/produit\/tabouret-de-bar-design\/#primaryimage","url":"https:\/\/www.sp-equipements.com\/site\/wp-content\/uploads\/2019\/06\/tabouret_de_bar_design-1.jpg","contentUrl":"https:\/\/www.sp-equipements.com\/site\/wp-content\/uploads\/2019\/06\/tabouret_de_bar_design-1.jpg","width":190,"height":190,"caption":"tabouret de bar design 1"},{"@type":"BreadcrumbList","@id":"https:\/\/www.sp-equipements.com\/site\/produit\/tabouret-de-bar-design\/#breadcrumb","itemListElement":[{"@type":"ListItem","position":1,"name":"Accueil","item":"https:\/\/www.sp-equipements.com\/site\/"},{"@type":"ListItem","position":2,"name":"Catalogue","item":"https:\/\/www.sp-equipements.com\/site\/catalogue\/"},{"@type":"ListItem","position":3,"name":"Tabouret de Bar DESIGN"}]},{"@type":"WebSite","@id":"https:\/\/www.sp-equipements.com\/site\/#website","url":"https:\/\/www.sp-equipements.com\/site\/","name":"SP \u00c9quipements","description":"\u00c9quipements de collectivit\u00e9s","potentialAction":[{"@type":"SearchAction","target":{"@type":"EntryPoint","urlTemplate":"https:\/\/www.sp-equipements.com\/site\/?s={search_term_string}"},"query-input":"required name=search_term_string"}],"inLanguage":"fr-FR"}]}},"_links":{"self":[{"href":"https:\/\/www.sp-equipements.com\/site\/wp-json\/wp\/v2\/product\/20478"}],"collection":[{"href":"https:\/\/www.sp-equipements.com\/site\/wp-json\/wp\/v2\/product"}],"about":[{"href":"https:\/\/www.sp-equipements.com\/site\/wp-json\/wp\/v2\/types\/product"}],"replies":[{"embeddable":true,"href":"https:\/\/www.sp-equipements.com\/site\/wp-json\/wp\/v2\/comments?post=20478"}],"wp:featuredmedia":[{"embeddable":true,"href":"https:\/\/www.sp-equipements.com\/site\/wp-json\/wp\/v2\/media\/37435"}],"wp:attachment":[{"href":"https:\/\/www.sp-equipements.com\/site\/wp-json\/wp\/v2\/media?parent=20478"}],"wp:term":[{"taxonomy":"product_cat","embeddable":true,"href":"https:\/\/www.sp-equipements.com\/site\/wp-json\/wp\/v2\/product_cat?post=20478"},{"taxonomy":"product_tag","embeddable":true,"href":"https:\/\/www.sp-equipements.com\/site\/wp-json\/wp\/v2\/product_tag?post=20478"}],"curies":[{"name":"wp","href":"https:\/\/api.w.org\/{rel}","templated":true}]}}