{"id":20480,"date":"2019-06-05T11:51:06","date_gmt":"2019-06-05T09:51:06","guid":{"rendered":"http:\/\/www.polyequipements.com\/produit\/fauteuil-rondo-chauffeuse-paris\/"},"modified":"2022-01-20T10:20:34","modified_gmt":"2022-01-20T09:20:34","slug":"fauteuil-rondo-chauffeuse-paris","status":"publish","type":"product","link":"https:\/\/www.sp-equipements.com\/site\/produit\/fauteuil-rondo-chauffeuse-paris\/","title":{"rendered":"Fauteuil Rondo Chauffeuse PARIS"},"content":{"rendered":"","protected":false},"excerpt":{"rendered":"<p>Caract\u00e9ristiques :<br \/>\n&#8211; Fauteuil rembour\u00e9<br \/>\n&#8211; L. 60 cm, P. 59 cm, H. 85 cm<br \/>\n&#8211; Hauteur d&rsquo;assise 46 cm<\/p>\n<p>Mati\u00e8res :<br \/>\n&#8211; Structure bois<br \/>\n&#8211; Rev\u00eatement simili-cuir.<\/p>\n","protected":false},"featured_media":37437,"comment_status":"open","ping_status":"closed","template":"","meta":[],"product_cat":[91,124],"product_tag":[],"yoast_head":"<!-- This site is optimized with the Yoast SEO plugin v22.2 - https:\/\/yoast.com\/wordpress\/plugins\/seo\/ -->\n<title>Fauteuil Rondo Chauffeuse PARIS - SP \u00c9quipements<\/title>\n<meta name=\"robots\" content=\"index, follow, max-snippet:-1, max-image-preview:large, max-video-preview:-1\" \/>\n<link rel=\"canonical\" href=\"https:\/\/www.sp-equipements.com\/site\/produit\/fauteuil-rondo-chauffeuse-paris\/\" \/>\n<meta property=\"og:locale\" content=\"fr_FR\" \/>\n<meta property=\"og:type\" content=\"article\" \/>\n<meta property=\"og:title\" content=\"Fauteuil Rondo Chauffeuse PARIS - SP \u00c9quipements\" \/>\n<meta property=\"og:description\" content=\"Caract\u00e9ristiques : - Fauteuil rembour\u00e9 - L. 60 cm, P. 59 cm, H. 85 cm - Hauteur d&#039;assise 46 cm  Mati\u00e8res : - Structure bois - Rev\u00eatement simili-cuir.\" \/>\n<meta property=\"og:url\" content=\"https:\/\/www.sp-equipements.com\/site\/produit\/fauteuil-rondo-chauffeuse-paris\/\" \/>\n<meta property=\"og:site_name\" content=\"SP \u00c9quipements\" \/>\n<meta property=\"article:modified_time\" content=\"2022-01-20T09:20:34+00:00\" \/>\n<meta property=\"og:image\" content=\"https:\/\/www.sp-equipements.com\/site\/wp-content\/uploads\/2019\/06\/fauteuil_rondo_chauffeuse-1.jpg\" \/>\n\t<meta property=\"og:image:width\" content=\"190\" \/>\n\t<meta property=\"og:image:height\" content=\"190\" \/>\n\t<meta property=\"og:image:type\" content=\"image\/jpeg\" \/>\n<meta name=\"twitter:card\" content=\"summary_large_image\" \/>\n<script type=\"application\/ld+json\" class=\"yoast-schema-graph\">{\"@context\":\"https:\/\/schema.org\",\"@graph\":[{\"@type\":\"WebPage\",\"@id\":\"https:\/\/www.sp-equipements.com\/site\/produit\/fauteuil-rondo-chauffeuse-paris\/\",\"url\":\"https:\/\/www.sp-equipements.com\/site\/produit\/fauteuil-rondo-chauffeuse-paris\/\",\"name\":\"Fauteuil Rondo Chauffeuse PARIS - SP \u00c9quipements\",\"isPartOf\":{\"@id\":\"https:\/\/www.sp-equipements.com\/site\/#website\"},\"primaryImageOfPage\":{\"@id\":\"https:\/\/www.sp-equipements.com\/site\/produit\/fauteuil-rondo-chauffeuse-paris\/#primaryimage\"},\"image\":{\"@id\":\"https:\/\/www.sp-equipements.com\/site\/produit\/fauteuil-rondo-chauffeuse-paris\/#primaryimage\"},\"thumbnailUrl\":\"https:\/\/www.sp-equipements.com\/site\/wp-content\/uploads\/2019\/06\/fauteuil_rondo_chauffeuse-1.jpg\",\"datePublished\":\"2019-06-05T09:51:06+00:00\",\"dateModified\":\"2022-01-20T09:20:34+00:00\",\"breadcrumb\":{\"@id\":\"https:\/\/www.sp-equipements.com\/site\/produit\/fauteuil-rondo-chauffeuse-paris\/#breadcrumb\"},\"inLanguage\":\"fr-FR\",\"potentialAction\":[{\"@type\":\"ReadAction\",\"target\":[\"https:\/\/www.sp-equipements.com\/site\/produit\/fauteuil-rondo-chauffeuse-paris\/\"]}]},{\"@type\":\"ImageObject\",\"inLanguage\":\"fr-FR\",\"@id\":\"https:\/\/www.sp-equipements.com\/site\/produit\/fauteuil-rondo-chauffeuse-paris\/#primaryimage\",\"url\":\"https:\/\/www.sp-equipements.com\/site\/wp-content\/uploads\/2019\/06\/fauteuil_rondo_chauffeuse-1.jpg\",\"contentUrl\":\"https:\/\/www.sp-equipements.com\/site\/wp-content\/uploads\/2019\/06\/fauteuil_rondo_chauffeuse-1.jpg\",\"width\":190,\"height\":190,\"caption\":\"fauteuil rondo chauffeuse 1\"},{\"@type\":\"BreadcrumbList\",\"@id\":\"https:\/\/www.sp-equipements.com\/site\/produit\/fauteuil-rondo-chauffeuse-paris\/#breadcrumb\",\"itemListElement\":[{\"@type\":\"ListItem\",\"position\":1,\"name\":\"Accueil\",\"item\":\"https:\/\/www.sp-equipements.com\/site\/\"},{\"@type\":\"ListItem\",\"position\":2,\"name\":\"Catalogue\",\"item\":\"https:\/\/www.sp-equipements.com\/site\/catalogue\/\"},{\"@type\":\"ListItem\",\"position\":3,\"name\":\"Fauteuil Rondo Chauffeuse PARIS\"}]},{\"@type\":\"WebSite\",\"@id\":\"https:\/\/www.sp-equipements.com\/site\/#website\",\"url\":\"https:\/\/www.sp-equipements.com\/site\/\",\"name\":\"SP \u00c9quipements\",\"description\":\"\u00c9quipements de collectivit\u00e9s\",\"potentialAction\":[{\"@type\":\"SearchAction\",\"target\":{\"@type\":\"EntryPoint\",\"urlTemplate\":\"https:\/\/www.sp-equipements.com\/site\/?s={search_term_string}\"},\"query-input\":\"required name=search_term_string\"}],\"inLanguage\":\"fr-FR\"}]}<\/script>\n<!-- \/ Yoast SEO plugin. -->","yoast_head_json":{"title":"Fauteuil Rondo Chauffeuse PARIS - SP \u00c9quipements","robots":{"index":"index","follow":"follow","max-snippet":"max-snippet:-1","max-image-preview":"max-image-preview:large","max-video-preview":"max-video-preview:-1"},"canonical":"https:\/\/www.sp-equipements.com\/site\/produit\/fauteuil-rondo-chauffeuse-paris\/","og_locale":"fr_FR","og_type":"article","og_title":"Fauteuil Rondo Chauffeuse PARIS - SP \u00c9quipements","og_description":"Caract\u00e9ristiques : - Fauteuil rembour\u00e9 - L. 60 cm, P. 59 cm, H. 85 cm - Hauteur d'assise 46 cm  Mati\u00e8res : - Structure bois - Rev\u00eatement simili-cuir.","og_url":"https:\/\/www.sp-equipements.com\/site\/produit\/fauteuil-rondo-chauffeuse-paris\/","og_site_name":"SP \u00c9quipements","article_modified_time":"2022-01-20T09:20:34+00:00","og_image":[{"width":190,"height":190,"url":"https:\/\/www.sp-equipements.com\/site\/wp-content\/uploads\/2019\/06\/fauteuil_rondo_chauffeuse-1.jpg","type":"image\/jpeg"}],"twitter_card":"summary_large_image","schema":{"@context":"https:\/\/schema.org","@graph":[{"@type":"WebPage","@id":"https:\/\/www.sp-equipements.com\/site\/produit\/fauteuil-rondo-chauffeuse-paris\/","url":"https:\/\/www.sp-equipements.com\/site\/produit\/fauteuil-rondo-chauffeuse-paris\/","name":"Fauteuil Rondo Chauffeuse PARIS - SP \u00c9quipements","isPartOf":{"@id":"https:\/\/www.sp-equipements.com\/site\/#website"},"primaryImageOfPage":{"@id":"https:\/\/www.sp-equipements.com\/site\/produit\/fauteuil-rondo-chauffeuse-paris\/#primaryimage"},"image":{"@id":"https:\/\/www.sp-equipements.com\/site\/produit\/fauteuil-rondo-chauffeuse-paris\/#primaryimage"},"thumbnailUrl":"https:\/\/www.sp-equipements.com\/site\/wp-content\/uploads\/2019\/06\/fauteuil_rondo_chauffeuse-1.jpg","datePublished":"2019-06-05T09:51:06+00:00","dateModified":"2022-01-20T09:20:34+00:00","breadcrumb":{"@id":"https:\/\/www.sp-equipements.com\/site\/produit\/fauteuil-rondo-chauffeuse-paris\/#breadcrumb"},"inLanguage":"fr-FR","potentialAction":[{"@type":"ReadAction","target":["https:\/\/www.sp-equipements.com\/site\/produit\/fauteuil-rondo-chauffeuse-paris\/"]}]},{"@type":"ImageObject","inLanguage":"fr-FR","@id":"https:\/\/www.sp-equipements.com\/site\/produit\/fauteuil-rondo-chauffeuse-paris\/#primaryimage","url":"https:\/\/www.sp-equipements.com\/site\/wp-content\/uploads\/2019\/06\/fauteuil_rondo_chauffeuse-1.jpg","contentUrl":"https:\/\/www.sp-equipements.com\/site\/wp-content\/uploads\/2019\/06\/fauteuil_rondo_chauffeuse-1.jpg","width":190,"height":190,"caption":"fauteuil rondo chauffeuse 1"},{"@type":"BreadcrumbList","@id":"https:\/\/www.sp-equipements.com\/site\/produit\/fauteuil-rondo-chauffeuse-paris\/#breadcrumb","itemListElement":[{"@type":"ListItem","position":1,"name":"Accueil","item":"https:\/\/www.sp-equipements.com\/site\/"},{"@type":"ListItem","position":2,"name":"Catalogue","item":"https:\/\/www.sp-equipements.com\/site\/catalogue\/"},{"@type":"ListItem","position":3,"name":"Fauteuil Rondo Chauffeuse PARIS"}]},{"@type":"WebSite","@id":"https:\/\/www.sp-equipements.com\/site\/#website","url":"https:\/\/www.sp-equipements.com\/site\/","name":"SP \u00c9quipements","description":"\u00c9quipements de collectivit\u00e9s","potentialAction":[{"@type":"SearchAction","target":{"@type":"EntryPoint","urlTemplate":"https:\/\/www.sp-equipements.com\/site\/?s={search_term_string}"},"query-input":"required name=search_term_string"}],"inLanguage":"fr-FR"}]}},"_links":{"self":[{"href":"https:\/\/www.sp-equipements.com\/site\/wp-json\/wp\/v2\/product\/20480"}],"collection":[{"href":"https:\/\/www.sp-equipements.com\/site\/wp-json\/wp\/v2\/product"}],"about":[{"href":"https:\/\/www.sp-equipements.com\/site\/wp-json\/wp\/v2\/types\/product"}],"replies":[{"embeddable":true,"href":"https:\/\/www.sp-equipements.com\/site\/wp-json\/wp\/v2\/comments?post=20480"}],"wp:featuredmedia":[{"embeddable":true,"href":"https:\/\/www.sp-equipements.com\/site\/wp-json\/wp\/v2\/media\/37437"}],"wp:attachment":[{"href":"https:\/\/www.sp-equipements.com\/site\/wp-json\/wp\/v2\/media?parent=20480"}],"wp:term":[{"taxonomy":"product_cat","embeddable":true,"href":"https:\/\/www.sp-equipements.com\/site\/wp-json\/wp\/v2\/product_cat?post=20480"},{"taxonomy":"product_tag","embeddable":true,"href":"https:\/\/www.sp-equipements.com\/site\/wp-json\/wp\/v2\/product_tag?post=20480"}],"curies":[{"name":"wp","href":"https:\/\/api.w.org\/{rel}","templated":true}]}}