{"id":20502,"date":"2019-06-05T11:51:26","date_gmt":"2019-06-05T09:51:26","guid":{"rendered":"http:\/\/www.polyequipements.com\/produit\/bain-de-soleil-jamaica\/"},"modified":"2019-06-17T16:46:46","modified_gmt":"2019-06-17T14:46:46","slug":"bain-de-soleil-jamaica","status":"publish","type":"product","link":"https:\/\/www.sp-equipements.com\/site\/produit\/bain-de-soleil-jamaica\/","title":{"rendered":"Bain de Soleil JAMAICA"},"content":{"rendered":"","protected":false},"excerpt":{"rendered":"<p>Bain de Soleil JAMA\u00cfCA id\u00e9ale pour la piscines, plage.<\/p>\n<p>Dimension 0,70X2,08 cm &#8211; Hauteur :0,38 cm<\/p>\n","protected":false},"featured_media":37331,"comment_status":"open","ping_status":"closed","template":"","meta":[],"product_cat":[125,91],"product_tag":[],"yoast_head":"<!-- This site is optimized with the Yoast SEO plugin v22.2 - https:\/\/yoast.com\/wordpress\/plugins\/seo\/ -->\n<title>Bain de Soleil JAMAICA - SP \u00c9quipements<\/title>\n<meta name=\"robots\" content=\"index, follow, max-snippet:-1, max-image-preview:large, max-video-preview:-1\" \/>\n<link rel=\"canonical\" href=\"https:\/\/www.sp-equipements.com\/site\/produit\/bain-de-soleil-jamaica\/\" \/>\n<meta property=\"og:locale\" content=\"fr_FR\" \/>\n<meta property=\"og:type\" content=\"article\" \/>\n<meta property=\"og:title\" content=\"Bain de Soleil JAMAICA - SP \u00c9quipements\" \/>\n<meta property=\"og:description\" content=\"Bain de Soleil JAMA\u00cfCA id\u00e9ale pour la piscines, plage.  Dimension 0,70X2,08 cm - Hauteur :0,38 cm\" \/>\n<meta property=\"og:url\" content=\"https:\/\/www.sp-equipements.com\/site\/produit\/bain-de-soleil-jamaica\/\" \/>\n<meta property=\"og:site_name\" content=\"SP \u00c9quipements\" \/>\n<meta property=\"article:modified_time\" content=\"2019-06-17T14:46:46+00:00\" \/>\n<meta property=\"og:image\" content=\"https:\/\/www.sp-equipements.com\/site\/wp-content\/uploads\/2019\/06\/t_bain_de_soleil_jamaica.jpg\" \/>\n\t<meta property=\"og:image:width\" content=\"227\" \/>\n\t<meta property=\"og:image:height\" content=\"227\" \/>\n\t<meta property=\"og:image:type\" content=\"image\/jpeg\" \/>\n<meta name=\"twitter:card\" content=\"summary_large_image\" \/>\n<script type=\"application\/ld+json\" class=\"yoast-schema-graph\">{\"@context\":\"https:\/\/schema.org\",\"@graph\":[{\"@type\":\"WebPage\",\"@id\":\"https:\/\/www.sp-equipements.com\/site\/produit\/bain-de-soleil-jamaica\/\",\"url\":\"https:\/\/www.sp-equipements.com\/site\/produit\/bain-de-soleil-jamaica\/\",\"name\":\"Bain de Soleil JAMAICA - SP \u00c9quipements\",\"isPartOf\":{\"@id\":\"https:\/\/www.sp-equipements.com\/site\/#website\"},\"primaryImageOfPage\":{\"@id\":\"https:\/\/www.sp-equipements.com\/site\/produit\/bain-de-soleil-jamaica\/#primaryimage\"},\"image\":{\"@id\":\"https:\/\/www.sp-equipements.com\/site\/produit\/bain-de-soleil-jamaica\/#primaryimage\"},\"thumbnailUrl\":\"https:\/\/www.sp-equipements.com\/site\/wp-content\/uploads\/2019\/06\/t_bain_de_soleil_jamaica.jpg\",\"datePublished\":\"2019-06-05T09:51:26+00:00\",\"dateModified\":\"2019-06-17T14:46:46+00:00\",\"breadcrumb\":{\"@id\":\"https:\/\/www.sp-equipements.com\/site\/produit\/bain-de-soleil-jamaica\/#breadcrumb\"},\"inLanguage\":\"fr-FR\",\"potentialAction\":[{\"@type\":\"ReadAction\",\"target\":[\"https:\/\/www.sp-equipements.com\/site\/produit\/bain-de-soleil-jamaica\/\"]}]},{\"@type\":\"ImageObject\",\"inLanguage\":\"fr-FR\",\"@id\":\"https:\/\/www.sp-equipements.com\/site\/produit\/bain-de-soleil-jamaica\/#primaryimage\",\"url\":\"https:\/\/www.sp-equipements.com\/site\/wp-content\/uploads\/2019\/06\/t_bain_de_soleil_jamaica.jpg\",\"contentUrl\":\"https:\/\/www.sp-equipements.com\/site\/wp-content\/uploads\/2019\/06\/t_bain_de_soleil_jamaica.jpg\",\"width\":227,\"height\":227,\"caption\":\"t bain de soleil jamaica\"},{\"@type\":\"BreadcrumbList\",\"@id\":\"https:\/\/www.sp-equipements.com\/site\/produit\/bain-de-soleil-jamaica\/#breadcrumb\",\"itemListElement\":[{\"@type\":\"ListItem\",\"position\":1,\"name\":\"Accueil\",\"item\":\"https:\/\/www.sp-equipements.com\/site\/\"},{\"@type\":\"ListItem\",\"position\":2,\"name\":\"Catalogue\",\"item\":\"https:\/\/www.sp-equipements.com\/site\/catalogue\/\"},{\"@type\":\"ListItem\",\"position\":3,\"name\":\"Bain de Soleil JAMAICA\"}]},{\"@type\":\"WebSite\",\"@id\":\"https:\/\/www.sp-equipements.com\/site\/#website\",\"url\":\"https:\/\/www.sp-equipements.com\/site\/\",\"name\":\"SP \u00c9quipements\",\"description\":\"\u00c9quipements de collectivit\u00e9s\",\"potentialAction\":[{\"@type\":\"SearchAction\",\"target\":{\"@type\":\"EntryPoint\",\"urlTemplate\":\"https:\/\/www.sp-equipements.com\/site\/?s={search_term_string}\"},\"query-input\":\"required name=search_term_string\"}],\"inLanguage\":\"fr-FR\"}]}<\/script>\n<!-- \/ Yoast SEO plugin. -->","yoast_head_json":{"title":"Bain de Soleil JAMAICA - SP \u00c9quipements","robots":{"index":"index","follow":"follow","max-snippet":"max-snippet:-1","max-image-preview":"max-image-preview:large","max-video-preview":"max-video-preview:-1"},"canonical":"https:\/\/www.sp-equipements.com\/site\/produit\/bain-de-soleil-jamaica\/","og_locale":"fr_FR","og_type":"article","og_title":"Bain de Soleil JAMAICA - SP \u00c9quipements","og_description":"Bain de Soleil JAMA\u00cfCA id\u00e9ale pour la piscines, plage.  Dimension 0,70X2,08 cm - Hauteur :0,38 cm","og_url":"https:\/\/www.sp-equipements.com\/site\/produit\/bain-de-soleil-jamaica\/","og_site_name":"SP \u00c9quipements","article_modified_time":"2019-06-17T14:46:46+00:00","og_image":[{"width":227,"height":227,"url":"https:\/\/www.sp-equipements.com\/site\/wp-content\/uploads\/2019\/06\/t_bain_de_soleil_jamaica.jpg","type":"image\/jpeg"}],"twitter_card":"summary_large_image","schema":{"@context":"https:\/\/schema.org","@graph":[{"@type":"WebPage","@id":"https:\/\/www.sp-equipements.com\/site\/produit\/bain-de-soleil-jamaica\/","url":"https:\/\/www.sp-equipements.com\/site\/produit\/bain-de-soleil-jamaica\/","name":"Bain de Soleil JAMAICA - SP \u00c9quipements","isPartOf":{"@id":"https:\/\/www.sp-equipements.com\/site\/#website"},"primaryImageOfPage":{"@id":"https:\/\/www.sp-equipements.com\/site\/produit\/bain-de-soleil-jamaica\/#primaryimage"},"image":{"@id":"https:\/\/www.sp-equipements.com\/site\/produit\/bain-de-soleil-jamaica\/#primaryimage"},"thumbnailUrl":"https:\/\/www.sp-equipements.com\/site\/wp-content\/uploads\/2019\/06\/t_bain_de_soleil_jamaica.jpg","datePublished":"2019-06-05T09:51:26+00:00","dateModified":"2019-06-17T14:46:46+00:00","breadcrumb":{"@id":"https:\/\/www.sp-equipements.com\/site\/produit\/bain-de-soleil-jamaica\/#breadcrumb"},"inLanguage":"fr-FR","potentialAction":[{"@type":"ReadAction","target":["https:\/\/www.sp-equipements.com\/site\/produit\/bain-de-soleil-jamaica\/"]}]},{"@type":"ImageObject","inLanguage":"fr-FR","@id":"https:\/\/www.sp-equipements.com\/site\/produit\/bain-de-soleil-jamaica\/#primaryimage","url":"https:\/\/www.sp-equipements.com\/site\/wp-content\/uploads\/2019\/06\/t_bain_de_soleil_jamaica.jpg","contentUrl":"https:\/\/www.sp-equipements.com\/site\/wp-content\/uploads\/2019\/06\/t_bain_de_soleil_jamaica.jpg","width":227,"height":227,"caption":"t bain de soleil jamaica"},{"@type":"BreadcrumbList","@id":"https:\/\/www.sp-equipements.com\/site\/produit\/bain-de-soleil-jamaica\/#breadcrumb","itemListElement":[{"@type":"ListItem","position":1,"name":"Accueil","item":"https:\/\/www.sp-equipements.com\/site\/"},{"@type":"ListItem","position":2,"name":"Catalogue","item":"https:\/\/www.sp-equipements.com\/site\/catalogue\/"},{"@type":"ListItem","position":3,"name":"Bain de Soleil JAMAICA"}]},{"@type":"WebSite","@id":"https:\/\/www.sp-equipements.com\/site\/#website","url":"https:\/\/www.sp-equipements.com\/site\/","name":"SP \u00c9quipements","description":"\u00c9quipements de collectivit\u00e9s","potentialAction":[{"@type":"SearchAction","target":{"@type":"EntryPoint","urlTemplate":"https:\/\/www.sp-equipements.com\/site\/?s={search_term_string}"},"query-input":"required name=search_term_string"}],"inLanguage":"fr-FR"}]}},"_links":{"self":[{"href":"https:\/\/www.sp-equipements.com\/site\/wp-json\/wp\/v2\/product\/20502"}],"collection":[{"href":"https:\/\/www.sp-equipements.com\/site\/wp-json\/wp\/v2\/product"}],"about":[{"href":"https:\/\/www.sp-equipements.com\/site\/wp-json\/wp\/v2\/types\/product"}],"replies":[{"embeddable":true,"href":"https:\/\/www.sp-equipements.com\/site\/wp-json\/wp\/v2\/comments?post=20502"}],"wp:featuredmedia":[{"embeddable":true,"href":"https:\/\/www.sp-equipements.com\/site\/wp-json\/wp\/v2\/media\/37331"}],"wp:attachment":[{"href":"https:\/\/www.sp-equipements.com\/site\/wp-json\/wp\/v2\/media?parent=20502"}],"wp:term":[{"taxonomy":"product_cat","embeddable":true,"href":"https:\/\/www.sp-equipements.com\/site\/wp-json\/wp\/v2\/product_cat?post=20502"},{"taxonomy":"product_tag","embeddable":true,"href":"https:\/\/www.sp-equipements.com\/site\/wp-json\/wp\/v2\/product_tag?post=20502"}],"curies":[{"name":"wp","href":"https:\/\/api.w.org\/{rel}","templated":true}]}}