{"id":20506,"date":"2019-06-05T11:51:28","date_gmt":"2019-06-05T09:51:28","guid":{"rendered":"http:\/\/www.polyequipements.com\/produit\/promotion-lot-48-tables-200-chaises-4-rolls-4-chariots\/"},"modified":"2022-02-17T06:31:17","modified_gmt":"2022-02-17T05:31:17","slug":"promotion-lot-48-tables-200-chaises-4-rolls-4-chariots","status":"publish","type":"product","link":"https:\/\/www.sp-equipements.com\/site\/produit\/promotion-lot-48-tables-200-chaises-4-rolls-4-chariots\/","title":{"rendered":"PROMOTION Lot 48 Tables + 200 Chaises + 4 Rolls + 4 Chariots"},"content":{"rendered":"","protected":false},"excerpt":{"rendered":"<h3>PROMOTION LOT 48 TABLES + 200 CHAISES + 4 ROLLS + 4 CHARIOTS<\/h3>\n<p><b>48 Tables pliantes LIFETIME 183x76cm<\/b><br \/>\nPlateau en poly\u00e9thyl\u00e8ne moul\u00e9 haute densit\u00e9 (HDPE)<br \/>\nEpaisseur : 5.5cm &#8211; Tr\u00e8s l\u00e9g\u00e8re : 11.25kg<br \/>\nCharge maximum : 400kg &#8211; Coloris : blanc<br \/>\nPi\u00e9tement en acier avec patins en caoutchouc<br \/>\nGarantie 5 ans<\/p>\n<p><b>200 chaises pliantes accrochables POLYMAC<\/b><br \/>\nClass\u00e9 au feu M2<br \/>\nColoris au choix : marron ou beige<br \/>\nGarantie 2 ans<\/p>\n<p>+\u00a0<b>4 rolls<\/b>\u00a0pour tables 183x76cm<br \/>\nPour le stockage et la manutention OFFERT<\/p>\n<p>+\u00a0<b>4 chariots<\/b>\u00a0pour chaises POLYMAC<br \/>\nPour le stockage et la manutention OFFERT<\/p>\n<p>+\u00a0<b>40 barres de sol OFFERT<\/b><\/p>\n<p><b>Franco de port<\/b>\u00a0en France m\u00e9tropolitaine Hors Corse et DOM-TOM<\/p>\n","protected":false},"featured_media":37428,"comment_status":"open","ping_status":"closed","template":"","meta":[],"product_cat":[91,123,243],"product_tag":[],"yoast_head":"<!-- This site is optimized with the Yoast SEO plugin v22.2 - https:\/\/yoast.com\/wordpress\/plugins\/seo\/ -->\n<title>PROMOTION Lot 48 Tables + 200 Chaises + 4 Rolls + 4 Chariots - SP \u00c9quipements<\/title>\n<meta name=\"robots\" content=\"index, follow, max-snippet:-1, max-image-preview:large, max-video-preview:-1\" \/>\n<link rel=\"canonical\" href=\"https:\/\/www.sp-equipements.com\/site\/produit\/promotion-lot-48-tables-200-chaises-4-rolls-4-chariots\/\" \/>\n<meta property=\"og:locale\" content=\"fr_FR\" \/>\n<meta property=\"og:type\" content=\"article\" \/>\n<meta property=\"og:title\" content=\"PROMOTION Lot 48 Tables + 200 Chaises + 4 Rolls + 4 Chariots - SP \u00c9quipements\" \/>\n<meta property=\"og:description\" content=\"PROMOTION LOT 48 TABLES + 200 CHAISES + 4 ROLLS + 4 CHARIOTS 48 Tables pliantes LIFETIME 183x76cm Plateau en poly\u00e9thyl\u00e8ne moul\u00e9 haute densit\u00e9 (HDPE) Epaisseur : 5.5cm - Tr\u00e8s l\u00e9g\u00e8re : 11.25kg Charge maximum : 400kg - Coloris : blanc Pi\u00e9tement en acier avec patins en caoutchouc Garantie 5 ans  200 chaises pliantes accrochables POLYMAC Class\u00e9 au feu M2 Coloris au choix : marron ou beige Garantie 2 ans  +\u00a04 rolls\u00a0pour tables 183x76cm Pour le stockage et la manutention OFFERT  +\u00a04 chariots\u00a0pour chaises POLYMAC Pour le stockage et la manutention OFFERT  +\u00a040 barres de sol OFFERT  Franco de port\u00a0en France m\u00e9tropolitaine Hors Corse et DOM-TOM\" \/>\n<meta property=\"og:url\" content=\"https:\/\/www.sp-equipements.com\/site\/produit\/promotion-lot-48-tables-200-chaises-4-rolls-4-chariots\/\" \/>\n<meta property=\"og:site_name\" content=\"SP \u00c9quipements\" \/>\n<meta property=\"article:modified_time\" content=\"2022-02-17T05:31:17+00:00\" \/>\n<meta property=\"og:image\" content=\"https:\/\/www.sp-equipements.com\/site\/wp-content\/uploads\/2019\/06\/promotion_lot_tables_lifetime_chaises_polymac-1.jpg\" \/>\n\t<meta property=\"og:image:width\" content=\"190\" \/>\n\t<meta property=\"og:image:height\" content=\"190\" \/>\n\t<meta property=\"og:image:type\" content=\"image\/jpeg\" \/>\n<meta name=\"twitter:card\" content=\"summary_large_image\" \/>\n<script type=\"application\/ld+json\" class=\"yoast-schema-graph\">{\"@context\":\"https:\/\/schema.org\",\"@graph\":[{\"@type\":\"WebPage\",\"@id\":\"https:\/\/www.sp-equipements.com\/site\/produit\/promotion-lot-48-tables-200-chaises-4-rolls-4-chariots\/\",\"url\":\"https:\/\/www.sp-equipements.com\/site\/produit\/promotion-lot-48-tables-200-chaises-4-rolls-4-chariots\/\",\"name\":\"PROMOTION Lot 48 Tables + 200 Chaises + 4 Rolls + 4 Chariots - SP \u00c9quipements\",\"isPartOf\":{\"@id\":\"https:\/\/www.sp-equipements.com\/site\/#website\"},\"primaryImageOfPage\":{\"@id\":\"https:\/\/www.sp-equipements.com\/site\/produit\/promotion-lot-48-tables-200-chaises-4-rolls-4-chariots\/#primaryimage\"},\"image\":{\"@id\":\"https:\/\/www.sp-equipements.com\/site\/produit\/promotion-lot-48-tables-200-chaises-4-rolls-4-chariots\/#primaryimage\"},\"thumbnailUrl\":\"https:\/\/www.sp-equipements.com\/site\/wp-content\/uploads\/2019\/06\/promotion_lot_tables_lifetime_chaises_polymac-1.jpg\",\"datePublished\":\"2019-06-05T09:51:28+00:00\",\"dateModified\":\"2022-02-17T05:31:17+00:00\",\"breadcrumb\":{\"@id\":\"https:\/\/www.sp-equipements.com\/site\/produit\/promotion-lot-48-tables-200-chaises-4-rolls-4-chariots\/#breadcrumb\"},\"inLanguage\":\"fr-FR\",\"potentialAction\":[{\"@type\":\"ReadAction\",\"target\":[\"https:\/\/www.sp-equipements.com\/site\/produit\/promotion-lot-48-tables-200-chaises-4-rolls-4-chariots\/\"]}]},{\"@type\":\"ImageObject\",\"inLanguage\":\"fr-FR\",\"@id\":\"https:\/\/www.sp-equipements.com\/site\/produit\/promotion-lot-48-tables-200-chaises-4-rolls-4-chariots\/#primaryimage\",\"url\":\"https:\/\/www.sp-equipements.com\/site\/wp-content\/uploads\/2019\/06\/promotion_lot_tables_lifetime_chaises_polymac-1.jpg\",\"contentUrl\":\"https:\/\/www.sp-equipements.com\/site\/wp-content\/uploads\/2019\/06\/promotion_lot_tables_lifetime_chaises_polymac-1.jpg\",\"width\":190,\"height\":190,\"caption\":\"promotion lot tables lifetime chaises polymac 1\"},{\"@type\":\"BreadcrumbList\",\"@id\":\"https:\/\/www.sp-equipements.com\/site\/produit\/promotion-lot-48-tables-200-chaises-4-rolls-4-chariots\/#breadcrumb\",\"itemListElement\":[{\"@type\":\"ListItem\",\"position\":1,\"name\":\"Accueil\",\"item\":\"https:\/\/www.sp-equipements.com\/site\/\"},{\"@type\":\"ListItem\",\"position\":2,\"name\":\"Catalogue\",\"item\":\"https:\/\/www.sp-equipements.com\/site\/catalogue\/\"},{\"@type\":\"ListItem\",\"position\":3,\"name\":\"PROMOTION Lot 48 Tables + 200 Chaises + 4 Rolls + 4 Chariots\"}]},{\"@type\":\"WebSite\",\"@id\":\"https:\/\/www.sp-equipements.com\/site\/#website\",\"url\":\"https:\/\/www.sp-equipements.com\/site\/\",\"name\":\"SP \u00c9quipements\",\"description\":\"\u00c9quipements de collectivit\u00e9s\",\"potentialAction\":[{\"@type\":\"SearchAction\",\"target\":{\"@type\":\"EntryPoint\",\"urlTemplate\":\"https:\/\/www.sp-equipements.com\/site\/?s={search_term_string}\"},\"query-input\":\"required name=search_term_string\"}],\"inLanguage\":\"fr-FR\"}]}<\/script>\n<!-- \/ Yoast SEO plugin. -->","yoast_head_json":{"title":"PROMOTION Lot 48 Tables + 200 Chaises + 4 Rolls + 4 Chariots - SP \u00c9quipements","robots":{"index":"index","follow":"follow","max-snippet":"max-snippet:-1","max-image-preview":"max-image-preview:large","max-video-preview":"max-video-preview:-1"},"canonical":"https:\/\/www.sp-equipements.com\/site\/produit\/promotion-lot-48-tables-200-chaises-4-rolls-4-chariots\/","og_locale":"fr_FR","og_type":"article","og_title":"PROMOTION Lot 48 Tables + 200 Chaises + 4 Rolls + 4 Chariots - SP \u00c9quipements","og_description":"PROMOTION LOT 48 TABLES + 200 CHAISES + 4 ROLLS + 4 CHARIOTS 48 Tables pliantes LIFETIME 183x76cm Plateau en poly\u00e9thyl\u00e8ne moul\u00e9 haute densit\u00e9 (HDPE) Epaisseur : 5.5cm - Tr\u00e8s l\u00e9g\u00e8re : 11.25kg Charge maximum : 400kg - Coloris : blanc Pi\u00e9tement en acier avec patins en caoutchouc Garantie 5 ans  200 chaises pliantes accrochables POLYMAC Class\u00e9 au feu M2 Coloris au choix : marron ou beige Garantie 2 ans  +\u00a04 rolls\u00a0pour tables 183x76cm Pour le stockage et la manutention OFFERT  +\u00a04 chariots\u00a0pour chaises POLYMAC Pour le stockage et la manutention OFFERT  +\u00a040 barres de sol OFFERT  Franco de port\u00a0en France m\u00e9tropolitaine Hors Corse et DOM-TOM","og_url":"https:\/\/www.sp-equipements.com\/site\/produit\/promotion-lot-48-tables-200-chaises-4-rolls-4-chariots\/","og_site_name":"SP \u00c9quipements","article_modified_time":"2022-02-17T05:31:17+00:00","og_image":[{"width":190,"height":190,"url":"https:\/\/www.sp-equipements.com\/site\/wp-content\/uploads\/2019\/06\/promotion_lot_tables_lifetime_chaises_polymac-1.jpg","type":"image\/jpeg"}],"twitter_card":"summary_large_image","schema":{"@context":"https:\/\/schema.org","@graph":[{"@type":"WebPage","@id":"https:\/\/www.sp-equipements.com\/site\/produit\/promotion-lot-48-tables-200-chaises-4-rolls-4-chariots\/","url":"https:\/\/www.sp-equipements.com\/site\/produit\/promotion-lot-48-tables-200-chaises-4-rolls-4-chariots\/","name":"PROMOTION Lot 48 Tables + 200 Chaises + 4 Rolls + 4 Chariots - SP \u00c9quipements","isPartOf":{"@id":"https:\/\/www.sp-equipements.com\/site\/#website"},"primaryImageOfPage":{"@id":"https:\/\/www.sp-equipements.com\/site\/produit\/promotion-lot-48-tables-200-chaises-4-rolls-4-chariots\/#primaryimage"},"image":{"@id":"https:\/\/www.sp-equipements.com\/site\/produit\/promotion-lot-48-tables-200-chaises-4-rolls-4-chariots\/#primaryimage"},"thumbnailUrl":"https:\/\/www.sp-equipements.com\/site\/wp-content\/uploads\/2019\/06\/promotion_lot_tables_lifetime_chaises_polymac-1.jpg","datePublished":"2019-06-05T09:51:28+00:00","dateModified":"2022-02-17T05:31:17+00:00","breadcrumb":{"@id":"https:\/\/www.sp-equipements.com\/site\/produit\/promotion-lot-48-tables-200-chaises-4-rolls-4-chariots\/#breadcrumb"},"inLanguage":"fr-FR","potentialAction":[{"@type":"ReadAction","target":["https:\/\/www.sp-equipements.com\/site\/produit\/promotion-lot-48-tables-200-chaises-4-rolls-4-chariots\/"]}]},{"@type":"ImageObject","inLanguage":"fr-FR","@id":"https:\/\/www.sp-equipements.com\/site\/produit\/promotion-lot-48-tables-200-chaises-4-rolls-4-chariots\/#primaryimage","url":"https:\/\/www.sp-equipements.com\/site\/wp-content\/uploads\/2019\/06\/promotion_lot_tables_lifetime_chaises_polymac-1.jpg","contentUrl":"https:\/\/www.sp-equipements.com\/site\/wp-content\/uploads\/2019\/06\/promotion_lot_tables_lifetime_chaises_polymac-1.jpg","width":190,"height":190,"caption":"promotion lot tables lifetime chaises polymac 1"},{"@type":"BreadcrumbList","@id":"https:\/\/www.sp-equipements.com\/site\/produit\/promotion-lot-48-tables-200-chaises-4-rolls-4-chariots\/#breadcrumb","itemListElement":[{"@type":"ListItem","position":1,"name":"Accueil","item":"https:\/\/www.sp-equipements.com\/site\/"},{"@type":"ListItem","position":2,"name":"Catalogue","item":"https:\/\/www.sp-equipements.com\/site\/catalogue\/"},{"@type":"ListItem","position":3,"name":"PROMOTION Lot 48 Tables + 200 Chaises + 4 Rolls + 4 Chariots"}]},{"@type":"WebSite","@id":"https:\/\/www.sp-equipements.com\/site\/#website","url":"https:\/\/www.sp-equipements.com\/site\/","name":"SP \u00c9quipements","description":"\u00c9quipements de collectivit\u00e9s","potentialAction":[{"@type":"SearchAction","target":{"@type":"EntryPoint","urlTemplate":"https:\/\/www.sp-equipements.com\/site\/?s={search_term_string}"},"query-input":"required name=search_term_string"}],"inLanguage":"fr-FR"}]}},"_links":{"self":[{"href":"https:\/\/www.sp-equipements.com\/site\/wp-json\/wp\/v2\/product\/20506"}],"collection":[{"href":"https:\/\/www.sp-equipements.com\/site\/wp-json\/wp\/v2\/product"}],"about":[{"href":"https:\/\/www.sp-equipements.com\/site\/wp-json\/wp\/v2\/types\/product"}],"replies":[{"embeddable":true,"href":"https:\/\/www.sp-equipements.com\/site\/wp-json\/wp\/v2\/comments?post=20506"}],"wp:featuredmedia":[{"embeddable":true,"href":"https:\/\/www.sp-equipements.com\/site\/wp-json\/wp\/v2\/media\/37428"}],"wp:attachment":[{"href":"https:\/\/www.sp-equipements.com\/site\/wp-json\/wp\/v2\/media?parent=20506"}],"wp:term":[{"taxonomy":"product_cat","embeddable":true,"href":"https:\/\/www.sp-equipements.com\/site\/wp-json\/wp\/v2\/product_cat?post=20506"},{"taxonomy":"product_tag","embeddable":true,"href":"https:\/\/www.sp-equipements.com\/site\/wp-json\/wp\/v2\/product_tag?post=20506"}],"curies":[{"name":"wp","href":"https:\/\/api.w.org\/{rel}","templated":true}]}}