{"id":20634,"date":"2019-06-05T12:03:19","date_gmt":"2019-06-05T10:03:19","guid":{"rendered":"http:\/\/www.polyequipements.com\/produit\/plate-forme-tandempro-567-marches\/"},"modified":"2019-06-19T15:30:16","modified_gmt":"2019-06-19T13:30:16","slug":"plate-forme-tandempro-567-marches","status":"publish","type":"product","link":"https:\/\/www.sp-equipements.com\/site\/produit\/plate-forme-tandempro-567-marches\/","title":{"rendered":"Plate-forme TANDEMPRO 5,6,7 marches"},"content":{"rendered":"","protected":false},"excerpt":{"rendered":"<p><i>Avec les plate-formes aluminium 5, 6, 7 marches, F5, F6 et F7, la r\u00e9glementation s&rsquo;applique sans contrainte.\u00a0<\/i><br \/>\n\u2022\u00a0<b>Caract\u00e9ristiques techniques :<\/b><br \/>\n\u2022 D\u00e9cret du 1er septembre 2004 \u2013 Norme PIR<br \/>\n\u2022 F5 : 5 marches, F6 : 6 marches, F7 : 7 marches<br \/>\n\u2022 Hauteur travail F5 : 3,20 m<br \/>\n\u2022 Hauteur travail F6 : 3,45 m<br \/>\n\u2022 Hauteur travail F7 : 3,70 m<br \/>\n\u2022 Aluminium<br \/>\n\u2022 Etayages qui s&rsquo;adaptent automatiquement \u00e0 l&rsquo;environnement<br \/>\n\u2022 Dimensions pli\u00e9 F5 : Long 2,49 m x Larg 0,75 m x Ep 0,32 m<br \/>\n\u2022 Dimensions pli\u00e9 F6 : Long 2,80 m x Larg 0,75 m x Ep 0,32 m<br \/>\n\u2022 Dimensions pli\u00e9 F7 : Long 3,05 m x Larg 0,75 m x Ep 0,32 m<br \/>\n\u2022 Acc\u00e8s par marches antid\u00e9rapantes de 6 cm<br \/>\n\u2022 Plancher antid\u00e9rapant 0,40 x 0,50 m<br \/>\n\u2022 Charge utile 150 kg<br \/>\n\u2022 Roues de d\u00e9placement \u00d8 150 mm non porteuses en position travail<\/p>\n","protected":false},"featured_media":37496,"comment_status":"open","ping_status":"closed","template":"","meta":[],"product_cat":[95,138],"product_tag":[],"yoast_head":"<!-- This site is optimized with the Yoast SEO plugin v22.2 - https:\/\/yoast.com\/wordpress\/plugins\/seo\/ -->\n<title>Plate-forme TANDEMPRO 5,6,7 marches - SP \u00c9quipements<\/title>\n<meta name=\"robots\" content=\"index, follow, max-snippet:-1, max-image-preview:large, max-video-preview:-1\" \/>\n<link rel=\"canonical\" href=\"https:\/\/www.sp-equipements.com\/site\/produit\/plate-forme-tandempro-567-marches\/\" \/>\n<meta property=\"og:locale\" content=\"fr_FR\" \/>\n<meta property=\"og:type\" content=\"article\" \/>\n<meta property=\"og:title\" content=\"Plate-forme TANDEMPRO 5,6,7 marches - SP \u00c9quipements\" \/>\n<meta property=\"og:description\" content=\"Avec les plate-formes aluminium 5, 6, 7 marches, F5, F6 et F7, la r\u00e9glementation s&#039;applique sans contrainte.\u00a0 \u2022\u00a0Caract\u00e9ristiques techniques : \u2022 D\u00e9cret du 1er septembre 2004 \u2013 Norme PIR \u2022 F5 : 5 marches, F6 : 6 marches, F7 : 7 marches \u2022 Hauteur travail F5 : 3,20 m \u2022 Hauteur travail F6 : 3,45 m \u2022 Hauteur travail F7 : 3,70 m \u2022 Aluminium \u2022 Etayages qui s&#039;adaptent automatiquement \u00e0 l&#039;environnement \u2022 Dimensions pli\u00e9 F5 : Long 2,49 m x Larg 0,75 m x Ep 0,32 m \u2022 Dimensions pli\u00e9 F6 : Long 2,80 m x Larg 0,75 m x Ep 0,32 m \u2022 Dimensions pli\u00e9 F7 : Long 3,05 m x Larg 0,75 m x Ep 0,32 m \u2022 Acc\u00e8s par marches antid\u00e9rapantes de 6 cm \u2022 Plancher antid\u00e9rapant 0,40 x 0,50 m \u2022 Charge utile 150 kg \u2022 Roues de d\u00e9placement \u00d8 150 mm non porteuses en position travail\" \/>\n<meta property=\"og:url\" content=\"https:\/\/www.sp-equipements.com\/site\/produit\/plate-forme-tandempro-567-marches\/\" \/>\n<meta property=\"og:site_name\" content=\"SP \u00c9quipements\" \/>\n<meta property=\"article:modified_time\" content=\"2019-06-19T13:30:16+00:00\" \/>\n<meta property=\"og:image\" content=\"https:\/\/www.sp-equipements.com\/site\/wp-content\/uploads\/2019\/06\/plate_forme_tandempro_5_6_7_marches-1.jpg\" \/>\n\t<meta property=\"og:image:width\" content=\"190\" \/>\n\t<meta property=\"og:image:height\" content=\"190\" \/>\n\t<meta property=\"og:image:type\" content=\"image\/jpeg\" \/>\n<meta name=\"twitter:card\" content=\"summary_large_image\" \/>\n<script type=\"application\/ld+json\" class=\"yoast-schema-graph\">{\"@context\":\"https:\/\/schema.org\",\"@graph\":[{\"@type\":\"WebPage\",\"@id\":\"https:\/\/www.sp-equipements.com\/site\/produit\/plate-forme-tandempro-567-marches\/\",\"url\":\"https:\/\/www.sp-equipements.com\/site\/produit\/plate-forme-tandempro-567-marches\/\",\"name\":\"Plate-forme TANDEMPRO 5,6,7 marches - SP \u00c9quipements\",\"isPartOf\":{\"@id\":\"https:\/\/www.sp-equipements.com\/site\/#website\"},\"primaryImageOfPage\":{\"@id\":\"https:\/\/www.sp-equipements.com\/site\/produit\/plate-forme-tandempro-567-marches\/#primaryimage\"},\"image\":{\"@id\":\"https:\/\/www.sp-equipements.com\/site\/produit\/plate-forme-tandempro-567-marches\/#primaryimage\"},\"thumbnailUrl\":\"https:\/\/www.sp-equipements.com\/site\/wp-content\/uploads\/2019\/06\/plate_forme_tandempro_5_6_7_marches-1.jpg\",\"datePublished\":\"2019-06-05T10:03:19+00:00\",\"dateModified\":\"2019-06-19T13:30:16+00:00\",\"breadcrumb\":{\"@id\":\"https:\/\/www.sp-equipements.com\/site\/produit\/plate-forme-tandempro-567-marches\/#breadcrumb\"},\"inLanguage\":\"fr-FR\",\"potentialAction\":[{\"@type\":\"ReadAction\",\"target\":[\"https:\/\/www.sp-equipements.com\/site\/produit\/plate-forme-tandempro-567-marches\/\"]}]},{\"@type\":\"ImageObject\",\"inLanguage\":\"fr-FR\",\"@id\":\"https:\/\/www.sp-equipements.com\/site\/produit\/plate-forme-tandempro-567-marches\/#primaryimage\",\"url\":\"https:\/\/www.sp-equipements.com\/site\/wp-content\/uploads\/2019\/06\/plate_forme_tandempro_5_6_7_marches-1.jpg\",\"contentUrl\":\"https:\/\/www.sp-equipements.com\/site\/wp-content\/uploads\/2019\/06\/plate_forme_tandempro_5_6_7_marches-1.jpg\",\"width\":190,\"height\":190,\"caption\":\"plate forme tandempro 5 6 7 marches 1\"},{\"@type\":\"BreadcrumbList\",\"@id\":\"https:\/\/www.sp-equipements.com\/site\/produit\/plate-forme-tandempro-567-marches\/#breadcrumb\",\"itemListElement\":[{\"@type\":\"ListItem\",\"position\":1,\"name\":\"Accueil\",\"item\":\"https:\/\/www.sp-equipements.com\/site\/\"},{\"@type\":\"ListItem\",\"position\":2,\"name\":\"Catalogue\",\"item\":\"https:\/\/www.sp-equipements.com\/site\/catalogue\/\"},{\"@type\":\"ListItem\",\"position\":3,\"name\":\"Plate-forme TANDEMPRO 5,6,7 marches\"}]},{\"@type\":\"WebSite\",\"@id\":\"https:\/\/www.sp-equipements.com\/site\/#website\",\"url\":\"https:\/\/www.sp-equipements.com\/site\/\",\"name\":\"SP \u00c9quipements\",\"description\":\"\u00c9quipements de collectivit\u00e9s\",\"potentialAction\":[{\"@type\":\"SearchAction\",\"target\":{\"@type\":\"EntryPoint\",\"urlTemplate\":\"https:\/\/www.sp-equipements.com\/site\/?s={search_term_string}\"},\"query-input\":\"required name=search_term_string\"}],\"inLanguage\":\"fr-FR\"}]}<\/script>\n<!-- \/ Yoast SEO plugin. -->","yoast_head_json":{"title":"Plate-forme TANDEMPRO 5,6,7 marches - SP \u00c9quipements","robots":{"index":"index","follow":"follow","max-snippet":"max-snippet:-1","max-image-preview":"max-image-preview:large","max-video-preview":"max-video-preview:-1"},"canonical":"https:\/\/www.sp-equipements.com\/site\/produit\/plate-forme-tandempro-567-marches\/","og_locale":"fr_FR","og_type":"article","og_title":"Plate-forme TANDEMPRO 5,6,7 marches - SP \u00c9quipements","og_description":"Avec les plate-formes aluminium 5, 6, 7 marches, F5, F6 et F7, la r\u00e9glementation s'applique sans contrainte.\u00a0 \u2022\u00a0Caract\u00e9ristiques techniques : \u2022 D\u00e9cret du 1er septembre 2004 \u2013 Norme PIR \u2022 F5 : 5 marches, F6 : 6 marches, F7 : 7 marches \u2022 Hauteur travail F5 : 3,20 m \u2022 Hauteur travail F6 : 3,45 m \u2022 Hauteur travail F7 : 3,70 m \u2022 Aluminium \u2022 Etayages qui s'adaptent automatiquement \u00e0 l'environnement \u2022 Dimensions pli\u00e9 F5 : Long 2,49 m x Larg 0,75 m x Ep 0,32 m \u2022 Dimensions pli\u00e9 F6 : Long 2,80 m x Larg 0,75 m x Ep 0,32 m \u2022 Dimensions pli\u00e9 F7 : Long 3,05 m x Larg 0,75 m x Ep 0,32 m \u2022 Acc\u00e8s par marches antid\u00e9rapantes de 6 cm \u2022 Plancher antid\u00e9rapant 0,40 x 0,50 m \u2022 Charge utile 150 kg \u2022 Roues de d\u00e9placement \u00d8 150 mm non porteuses en position travail","og_url":"https:\/\/www.sp-equipements.com\/site\/produit\/plate-forme-tandempro-567-marches\/","og_site_name":"SP \u00c9quipements","article_modified_time":"2019-06-19T13:30:16+00:00","og_image":[{"width":190,"height":190,"url":"https:\/\/www.sp-equipements.com\/site\/wp-content\/uploads\/2019\/06\/plate_forme_tandempro_5_6_7_marches-1.jpg","type":"image\/jpeg"}],"twitter_card":"summary_large_image","schema":{"@context":"https:\/\/schema.org","@graph":[{"@type":"WebPage","@id":"https:\/\/www.sp-equipements.com\/site\/produit\/plate-forme-tandempro-567-marches\/","url":"https:\/\/www.sp-equipements.com\/site\/produit\/plate-forme-tandempro-567-marches\/","name":"Plate-forme TANDEMPRO 5,6,7 marches - SP \u00c9quipements","isPartOf":{"@id":"https:\/\/www.sp-equipements.com\/site\/#website"},"primaryImageOfPage":{"@id":"https:\/\/www.sp-equipements.com\/site\/produit\/plate-forme-tandempro-567-marches\/#primaryimage"},"image":{"@id":"https:\/\/www.sp-equipements.com\/site\/produit\/plate-forme-tandempro-567-marches\/#primaryimage"},"thumbnailUrl":"https:\/\/www.sp-equipements.com\/site\/wp-content\/uploads\/2019\/06\/plate_forme_tandempro_5_6_7_marches-1.jpg","datePublished":"2019-06-05T10:03:19+00:00","dateModified":"2019-06-19T13:30:16+00:00","breadcrumb":{"@id":"https:\/\/www.sp-equipements.com\/site\/produit\/plate-forme-tandempro-567-marches\/#breadcrumb"},"inLanguage":"fr-FR","potentialAction":[{"@type":"ReadAction","target":["https:\/\/www.sp-equipements.com\/site\/produit\/plate-forme-tandempro-567-marches\/"]}]},{"@type":"ImageObject","inLanguage":"fr-FR","@id":"https:\/\/www.sp-equipements.com\/site\/produit\/plate-forme-tandempro-567-marches\/#primaryimage","url":"https:\/\/www.sp-equipements.com\/site\/wp-content\/uploads\/2019\/06\/plate_forme_tandempro_5_6_7_marches-1.jpg","contentUrl":"https:\/\/www.sp-equipements.com\/site\/wp-content\/uploads\/2019\/06\/plate_forme_tandempro_5_6_7_marches-1.jpg","width":190,"height":190,"caption":"plate forme tandempro 5 6 7 marches 1"},{"@type":"BreadcrumbList","@id":"https:\/\/www.sp-equipements.com\/site\/produit\/plate-forme-tandempro-567-marches\/#breadcrumb","itemListElement":[{"@type":"ListItem","position":1,"name":"Accueil","item":"https:\/\/www.sp-equipements.com\/site\/"},{"@type":"ListItem","position":2,"name":"Catalogue","item":"https:\/\/www.sp-equipements.com\/site\/catalogue\/"},{"@type":"ListItem","position":3,"name":"Plate-forme TANDEMPRO 5,6,7 marches"}]},{"@type":"WebSite","@id":"https:\/\/www.sp-equipements.com\/site\/#website","url":"https:\/\/www.sp-equipements.com\/site\/","name":"SP \u00c9quipements","description":"\u00c9quipements de collectivit\u00e9s","potentialAction":[{"@type":"SearchAction","target":{"@type":"EntryPoint","urlTemplate":"https:\/\/www.sp-equipements.com\/site\/?s={search_term_string}"},"query-input":"required name=search_term_string"}],"inLanguage":"fr-FR"}]}},"_links":{"self":[{"href":"https:\/\/www.sp-equipements.com\/site\/wp-json\/wp\/v2\/product\/20634"}],"collection":[{"href":"https:\/\/www.sp-equipements.com\/site\/wp-json\/wp\/v2\/product"}],"about":[{"href":"https:\/\/www.sp-equipements.com\/site\/wp-json\/wp\/v2\/types\/product"}],"replies":[{"embeddable":true,"href":"https:\/\/www.sp-equipements.com\/site\/wp-json\/wp\/v2\/comments?post=20634"}],"wp:featuredmedia":[{"embeddable":true,"href":"https:\/\/www.sp-equipements.com\/site\/wp-json\/wp\/v2\/media\/37496"}],"wp:attachment":[{"href":"https:\/\/www.sp-equipements.com\/site\/wp-json\/wp\/v2\/media?parent=20634"}],"wp:term":[{"taxonomy":"product_cat","embeddable":true,"href":"https:\/\/www.sp-equipements.com\/site\/wp-json\/wp\/v2\/product_cat?post=20634"},{"taxonomy":"product_tag","embeddable":true,"href":"https:\/\/www.sp-equipements.com\/site\/wp-json\/wp\/v2\/product_tag?post=20634"}],"curies":[{"name":"wp","href":"https:\/\/api.w.org\/{rel}","templated":true}]}}