{"id":20641,"date":"2019-06-05T12:03:22","date_gmt":"2019-06-05T10:03:22","guid":{"rendered":"http:\/\/www.polyequipements.com\/produit\/echafaudage-roulant-alu-295m-x-085m\/"},"modified":"2019-06-19T15:30:19","modified_gmt":"2019-06-19T13:30:19","slug":"echafaudage-roulant-alu-295m-x-085m","status":"publish","type":"product","link":"https:\/\/www.sp-equipements.com\/site\/produit\/echafaudage-roulant-alu-295m-x-085m\/","title":{"rendered":"Echafaudage Roulant Alu 2,95m x 0,85m"},"content":{"rendered":"","protected":false},"excerpt":{"rendered":"<p><i>L&rsquo;\u00e9chafaudage roulant aluminium disposant d&rsquo;un haut niveau de finition et de dispositifs techniques innovants\u00a0<\/i><br \/>\n\u2022 <b>Caract\u00e9ristiques techniques<br \/>\n\u2022 D\u00e9cret du 1er septembre 2004 \u2013 Norme NF EN 1004<br \/>\n\u2022 Hauteur travail maxi : 13,90m<br \/>\n\u2022 Hauteur travail du premier mod\u00e8le: 3,90m<br \/>\n\u2022 Dimensions : long 2,95 m &#8211; larg 0,85 m<br \/>\n\u2022 Plancher Alto alu\/bois , 2 trappes, plinthes aluminium int\u00e9gr\u00e9es<br \/>\n\u2022 Surface utile du plancher : 0,60 x 2,85 m<br \/>\n\u2022 Charge admissible sur un plancher 340 kg<br \/>\n\u2022 Installation en d\u00e9nivel\u00e9s int\u00e9gr\u00e9e<br \/>\n\u2022 Roues \u00d8 200 mm r\u00e9glables sur 20 cm<\/b><\/p>\n","protected":false},"featured_media":37501,"comment_status":"open","ping_status":"closed","template":"","meta":[],"product_cat":[139,95],"product_tag":[],"yoast_head":"<!-- This site is optimized with the Yoast SEO plugin v22.2 - https:\/\/yoast.com\/wordpress\/plugins\/seo\/ -->\n<title>Echafaudage Roulant Alu 2,95m x 0,85m - SP \u00c9quipements<\/title>\n<meta name=\"robots\" content=\"index, follow, max-snippet:-1, max-image-preview:large, max-video-preview:-1\" \/>\n<link rel=\"canonical\" href=\"https:\/\/www.sp-equipements.com\/site\/produit\/echafaudage-roulant-alu-295m-x-085m\/\" \/>\n<meta property=\"og:locale\" content=\"fr_FR\" \/>\n<meta property=\"og:type\" content=\"article\" \/>\n<meta property=\"og:title\" content=\"Echafaudage Roulant Alu 2,95m x 0,85m - SP \u00c9quipements\" \/>\n<meta property=\"og:description\" content=\"L&#039;\u00e9chafaudage roulant aluminium disposant d&#039;un haut niveau de finition et de dispositifs techniques innovants\u00a0 \u2022 Caract\u00e9ristiques techniques \u2022 D\u00e9cret du 1er septembre 2004 \u2013 Norme NF EN 1004 \u2022 Hauteur travail maxi : 13,90m \u2022 Hauteur travail du premier mod\u00e8le: 3,90m \u2022 Dimensions : long 2,95 m - larg 0,85 m \u2022 Plancher Alto alu\/bois , 2 trappes, plinthes aluminium int\u00e9gr\u00e9es \u2022 Surface utile du plancher : 0,60 x 2,85 m \u2022 Charge admissible sur un plancher 340 kg \u2022 Installation en d\u00e9nivel\u00e9s int\u00e9gr\u00e9e \u2022 Roues \u00d8 200 mm r\u00e9glables sur 20 cm\" \/>\n<meta property=\"og:url\" content=\"https:\/\/www.sp-equipements.com\/site\/produit\/echafaudage-roulant-alu-295m-x-085m\/\" \/>\n<meta property=\"og:site_name\" content=\"SP \u00c9quipements\" \/>\n<meta property=\"article:modified_time\" content=\"2019-06-19T13:30:19+00:00\" \/>\n<meta property=\"og:image\" content=\"https:\/\/www.sp-equipements.com\/site\/wp-content\/uploads\/2019\/06\/echafaudage_roulant_docker_85-1.jpg\" \/>\n\t<meta property=\"og:image:width\" content=\"190\" \/>\n\t<meta property=\"og:image:height\" content=\"190\" \/>\n\t<meta property=\"og:image:type\" content=\"image\/jpeg\" \/>\n<meta name=\"twitter:card\" content=\"summary_large_image\" \/>\n<script type=\"application\/ld+json\" class=\"yoast-schema-graph\">{\"@context\":\"https:\/\/schema.org\",\"@graph\":[{\"@type\":\"WebPage\",\"@id\":\"https:\/\/www.sp-equipements.com\/site\/produit\/echafaudage-roulant-alu-295m-x-085m\/\",\"url\":\"https:\/\/www.sp-equipements.com\/site\/produit\/echafaudage-roulant-alu-295m-x-085m\/\",\"name\":\"Echafaudage Roulant Alu 2,95m x 0,85m - SP \u00c9quipements\",\"isPartOf\":{\"@id\":\"https:\/\/www.sp-equipements.com\/site\/#website\"},\"primaryImageOfPage\":{\"@id\":\"https:\/\/www.sp-equipements.com\/site\/produit\/echafaudage-roulant-alu-295m-x-085m\/#primaryimage\"},\"image\":{\"@id\":\"https:\/\/www.sp-equipements.com\/site\/produit\/echafaudage-roulant-alu-295m-x-085m\/#primaryimage\"},\"thumbnailUrl\":\"https:\/\/www.sp-equipements.com\/site\/wp-content\/uploads\/2019\/06\/echafaudage_roulant_docker_85-1.jpg\",\"datePublished\":\"2019-06-05T10:03:22+00:00\",\"dateModified\":\"2019-06-19T13:30:19+00:00\",\"breadcrumb\":{\"@id\":\"https:\/\/www.sp-equipements.com\/site\/produit\/echafaudage-roulant-alu-295m-x-085m\/#breadcrumb\"},\"inLanguage\":\"fr-FR\",\"potentialAction\":[{\"@type\":\"ReadAction\",\"target\":[\"https:\/\/www.sp-equipements.com\/site\/produit\/echafaudage-roulant-alu-295m-x-085m\/\"]}]},{\"@type\":\"ImageObject\",\"inLanguage\":\"fr-FR\",\"@id\":\"https:\/\/www.sp-equipements.com\/site\/produit\/echafaudage-roulant-alu-295m-x-085m\/#primaryimage\",\"url\":\"https:\/\/www.sp-equipements.com\/site\/wp-content\/uploads\/2019\/06\/echafaudage_roulant_docker_85-1.jpg\",\"contentUrl\":\"https:\/\/www.sp-equipements.com\/site\/wp-content\/uploads\/2019\/06\/echafaudage_roulant_docker_85-1.jpg\",\"width\":190,\"height\":190,\"caption\":\"echafaudage roulant docker 85 1\"},{\"@type\":\"BreadcrumbList\",\"@id\":\"https:\/\/www.sp-equipements.com\/site\/produit\/echafaudage-roulant-alu-295m-x-085m\/#breadcrumb\",\"itemListElement\":[{\"@type\":\"ListItem\",\"position\":1,\"name\":\"Accueil\",\"item\":\"https:\/\/www.sp-equipements.com\/site\/\"},{\"@type\":\"ListItem\",\"position\":2,\"name\":\"Catalogue\",\"item\":\"https:\/\/www.sp-equipements.com\/site\/catalogue\/\"},{\"@type\":\"ListItem\",\"position\":3,\"name\":\"Echafaudage Roulant Alu 2,95m x 0,85m\"}]},{\"@type\":\"WebSite\",\"@id\":\"https:\/\/www.sp-equipements.com\/site\/#website\",\"url\":\"https:\/\/www.sp-equipements.com\/site\/\",\"name\":\"SP \u00c9quipements\",\"description\":\"\u00c9quipements de collectivit\u00e9s\",\"potentialAction\":[{\"@type\":\"SearchAction\",\"target\":{\"@type\":\"EntryPoint\",\"urlTemplate\":\"https:\/\/www.sp-equipements.com\/site\/?s={search_term_string}\"},\"query-input\":\"required name=search_term_string\"}],\"inLanguage\":\"fr-FR\"}]}<\/script>\n<!-- \/ Yoast SEO plugin. -->","yoast_head_json":{"title":"Echafaudage Roulant Alu 2,95m x 0,85m - SP \u00c9quipements","robots":{"index":"index","follow":"follow","max-snippet":"max-snippet:-1","max-image-preview":"max-image-preview:large","max-video-preview":"max-video-preview:-1"},"canonical":"https:\/\/www.sp-equipements.com\/site\/produit\/echafaudage-roulant-alu-295m-x-085m\/","og_locale":"fr_FR","og_type":"article","og_title":"Echafaudage Roulant Alu 2,95m x 0,85m - SP \u00c9quipements","og_description":"L'\u00e9chafaudage roulant aluminium disposant d'un haut niveau de finition et de dispositifs techniques innovants\u00a0 \u2022 Caract\u00e9ristiques techniques \u2022 D\u00e9cret du 1er septembre 2004 \u2013 Norme NF EN 1004 \u2022 Hauteur travail maxi : 13,90m \u2022 Hauteur travail du premier mod\u00e8le: 3,90m \u2022 Dimensions : long 2,95 m - larg 0,85 m \u2022 Plancher Alto alu\/bois , 2 trappes, plinthes aluminium int\u00e9gr\u00e9es \u2022 Surface utile du plancher : 0,60 x 2,85 m \u2022 Charge admissible sur un plancher 340 kg \u2022 Installation en d\u00e9nivel\u00e9s int\u00e9gr\u00e9e \u2022 Roues \u00d8 200 mm r\u00e9glables sur 20 cm","og_url":"https:\/\/www.sp-equipements.com\/site\/produit\/echafaudage-roulant-alu-295m-x-085m\/","og_site_name":"SP \u00c9quipements","article_modified_time":"2019-06-19T13:30:19+00:00","og_image":[{"width":190,"height":190,"url":"https:\/\/www.sp-equipements.com\/site\/wp-content\/uploads\/2019\/06\/echafaudage_roulant_docker_85-1.jpg","type":"image\/jpeg"}],"twitter_card":"summary_large_image","schema":{"@context":"https:\/\/schema.org","@graph":[{"@type":"WebPage","@id":"https:\/\/www.sp-equipements.com\/site\/produit\/echafaudage-roulant-alu-295m-x-085m\/","url":"https:\/\/www.sp-equipements.com\/site\/produit\/echafaudage-roulant-alu-295m-x-085m\/","name":"Echafaudage Roulant Alu 2,95m x 0,85m - SP \u00c9quipements","isPartOf":{"@id":"https:\/\/www.sp-equipements.com\/site\/#website"},"primaryImageOfPage":{"@id":"https:\/\/www.sp-equipements.com\/site\/produit\/echafaudage-roulant-alu-295m-x-085m\/#primaryimage"},"image":{"@id":"https:\/\/www.sp-equipements.com\/site\/produit\/echafaudage-roulant-alu-295m-x-085m\/#primaryimage"},"thumbnailUrl":"https:\/\/www.sp-equipements.com\/site\/wp-content\/uploads\/2019\/06\/echafaudage_roulant_docker_85-1.jpg","datePublished":"2019-06-05T10:03:22+00:00","dateModified":"2019-06-19T13:30:19+00:00","breadcrumb":{"@id":"https:\/\/www.sp-equipements.com\/site\/produit\/echafaudage-roulant-alu-295m-x-085m\/#breadcrumb"},"inLanguage":"fr-FR","potentialAction":[{"@type":"ReadAction","target":["https:\/\/www.sp-equipements.com\/site\/produit\/echafaudage-roulant-alu-295m-x-085m\/"]}]},{"@type":"ImageObject","inLanguage":"fr-FR","@id":"https:\/\/www.sp-equipements.com\/site\/produit\/echafaudage-roulant-alu-295m-x-085m\/#primaryimage","url":"https:\/\/www.sp-equipements.com\/site\/wp-content\/uploads\/2019\/06\/echafaudage_roulant_docker_85-1.jpg","contentUrl":"https:\/\/www.sp-equipements.com\/site\/wp-content\/uploads\/2019\/06\/echafaudage_roulant_docker_85-1.jpg","width":190,"height":190,"caption":"echafaudage roulant docker 85 1"},{"@type":"BreadcrumbList","@id":"https:\/\/www.sp-equipements.com\/site\/produit\/echafaudage-roulant-alu-295m-x-085m\/#breadcrumb","itemListElement":[{"@type":"ListItem","position":1,"name":"Accueil","item":"https:\/\/www.sp-equipements.com\/site\/"},{"@type":"ListItem","position":2,"name":"Catalogue","item":"https:\/\/www.sp-equipements.com\/site\/catalogue\/"},{"@type":"ListItem","position":3,"name":"Echafaudage Roulant Alu 2,95m x 0,85m"}]},{"@type":"WebSite","@id":"https:\/\/www.sp-equipements.com\/site\/#website","url":"https:\/\/www.sp-equipements.com\/site\/","name":"SP \u00c9quipements","description":"\u00c9quipements de collectivit\u00e9s","potentialAction":[{"@type":"SearchAction","target":{"@type":"EntryPoint","urlTemplate":"https:\/\/www.sp-equipements.com\/site\/?s={search_term_string}"},"query-input":"required name=search_term_string"}],"inLanguage":"fr-FR"}]}},"_links":{"self":[{"href":"https:\/\/www.sp-equipements.com\/site\/wp-json\/wp\/v2\/product\/20641"}],"collection":[{"href":"https:\/\/www.sp-equipements.com\/site\/wp-json\/wp\/v2\/product"}],"about":[{"href":"https:\/\/www.sp-equipements.com\/site\/wp-json\/wp\/v2\/types\/product"}],"replies":[{"embeddable":true,"href":"https:\/\/www.sp-equipements.com\/site\/wp-json\/wp\/v2\/comments?post=20641"}],"wp:featuredmedia":[{"embeddable":true,"href":"https:\/\/www.sp-equipements.com\/site\/wp-json\/wp\/v2\/media\/37501"}],"wp:attachment":[{"href":"https:\/\/www.sp-equipements.com\/site\/wp-json\/wp\/v2\/media?parent=20641"}],"wp:term":[{"taxonomy":"product_cat","embeddable":true,"href":"https:\/\/www.sp-equipements.com\/site\/wp-json\/wp\/v2\/product_cat?post=20641"},{"taxonomy":"product_tag","embeddable":true,"href":"https:\/\/www.sp-equipements.com\/site\/wp-json\/wp\/v2\/product_tag?post=20641"}],"curies":[{"name":"wp","href":"https:\/\/api.w.org\/{rel}","templated":true}]}}