{"id":20653,"date":"2019-06-05T12:03:27","date_gmt":"2019-06-05T10:03:27","guid":{"rendered":"http:\/\/www.polyequipements.com\/produit\/rampe-aluminium-grande-largeur\/"},"modified":"2019-06-19T15:30:22","modified_gmt":"2019-06-19T13:30:22","slug":"rampe-aluminium-grande-largeur","status":"publish","type":"product","link":"https:\/\/www.sp-equipements.com\/site\/produit\/rampe-aluminium-grande-largeur\/","title":{"rendered":"Rampe Aluminium grande largeur"},"content":{"rendered":"","protected":false},"excerpt":{"rendered":"<p><i>Les rampes de chargement en aluminium pour diables, brouettes ou chariots manuels.\u00a0<\/i><\/p>\n<p><b>Caract\u00e9ristiques techniques :<\/b><br \/>\n\u2022 Rampe pour chargement de v\u00e9hicules par diables, brouettes ou chariots manuels<br \/>\n\u2022 Utilisation \u00e0 l&rsquo;unit\u00e9 Surface antid\u00e9rapante<br \/>\n\u2022 Rampes test\u00e9es par le TUV et certifi\u00e9es GS<br \/>\n\u2022 Capacit\u00e9 unitaire de 150 \u00e0 300 kg<br \/>\n\u2022 Epaisseur profil 72 mm<br \/>\n\u2022 Largeur hors tout maxi 700 mm<\/p>\n<p><b>FRANCO DE PORT<\/b><\/p>\n<p>Capacit\u00e9 de charge par paire selon dimension :<br \/>\n\u2022 Pour la 3000x600mm : 300kg<br \/>\n\u2022 Pour la 4000x600mm : 300kg<br \/>\n\u2022 Pour la 2500x700mm : 150kg<\/p>\n","protected":false},"featured_media":37510,"comment_status":"open","ping_status":"closed","template":"","meta":[],"product_cat":[95,141],"product_tag":[],"yoast_head":"<!-- This site is optimized with the Yoast SEO plugin v22.2 - https:\/\/yoast.com\/wordpress\/plugins\/seo\/ -->\n<title>Rampe Aluminium grande largeur - SP \u00c9quipements<\/title>\n<meta name=\"robots\" content=\"index, follow, max-snippet:-1, max-image-preview:large, max-video-preview:-1\" \/>\n<link rel=\"canonical\" href=\"https:\/\/www.sp-equipements.com\/site\/produit\/rampe-aluminium-grande-largeur\/\" \/>\n<meta property=\"og:locale\" content=\"fr_FR\" \/>\n<meta property=\"og:type\" content=\"article\" \/>\n<meta property=\"og:title\" content=\"Rampe Aluminium grande largeur - SP \u00c9quipements\" \/>\n<meta property=\"og:description\" content=\"Les rampes de chargement en aluminium pour diables, brouettes ou chariots manuels.\u00a0  Caract\u00e9ristiques techniques : \u2022 Rampe pour chargement de v\u00e9hicules par diables, brouettes ou chariots manuels \u2022 Utilisation \u00e0 l&#039;unit\u00e9 Surface antid\u00e9rapante \u2022 Rampes test\u00e9es par le TUV et certifi\u00e9es GS \u2022 Capacit\u00e9 unitaire de 150 \u00e0 300 kg \u2022 Epaisseur profil 72 mm \u2022 Largeur hors tout maxi 700 mm  FRANCO DE PORT  Capacit\u00e9 de charge par paire selon dimension : \u2022 Pour la 3000x600mm : 300kg \u2022 Pour la 4000x600mm : 300kg \u2022 Pour la 2500x700mm : 150kg\" \/>\n<meta property=\"og:url\" content=\"https:\/\/www.sp-equipements.com\/site\/produit\/rampe-aluminium-grande-largeur\/\" \/>\n<meta property=\"og:site_name\" content=\"SP \u00c9quipements\" \/>\n<meta property=\"article:modified_time\" content=\"2019-06-19T13:30:22+00:00\" \/>\n<meta property=\"og:image\" content=\"https:\/\/www.sp-equipements.com\/site\/wp-content\/uploads\/2019\/06\/rampe_aluminium_grande_largeur-1.jpg\" \/>\n\t<meta property=\"og:image:width\" content=\"190\" \/>\n\t<meta property=\"og:image:height\" content=\"190\" \/>\n\t<meta property=\"og:image:type\" content=\"image\/jpeg\" \/>\n<meta name=\"twitter:card\" content=\"summary_large_image\" \/>\n<script type=\"application\/ld+json\" class=\"yoast-schema-graph\">{\"@context\":\"https:\/\/schema.org\",\"@graph\":[{\"@type\":\"WebPage\",\"@id\":\"https:\/\/www.sp-equipements.com\/site\/produit\/rampe-aluminium-grande-largeur\/\",\"url\":\"https:\/\/www.sp-equipements.com\/site\/produit\/rampe-aluminium-grande-largeur\/\",\"name\":\"Rampe Aluminium grande largeur - SP \u00c9quipements\",\"isPartOf\":{\"@id\":\"https:\/\/www.sp-equipements.com\/site\/#website\"},\"primaryImageOfPage\":{\"@id\":\"https:\/\/www.sp-equipements.com\/site\/produit\/rampe-aluminium-grande-largeur\/#primaryimage\"},\"image\":{\"@id\":\"https:\/\/www.sp-equipements.com\/site\/produit\/rampe-aluminium-grande-largeur\/#primaryimage\"},\"thumbnailUrl\":\"https:\/\/www.sp-equipements.com\/site\/wp-content\/uploads\/2019\/06\/rampe_aluminium_grande_largeur-1.jpg\",\"datePublished\":\"2019-06-05T10:03:27+00:00\",\"dateModified\":\"2019-06-19T13:30:22+00:00\",\"breadcrumb\":{\"@id\":\"https:\/\/www.sp-equipements.com\/site\/produit\/rampe-aluminium-grande-largeur\/#breadcrumb\"},\"inLanguage\":\"fr-FR\",\"potentialAction\":[{\"@type\":\"ReadAction\",\"target\":[\"https:\/\/www.sp-equipements.com\/site\/produit\/rampe-aluminium-grande-largeur\/\"]}]},{\"@type\":\"ImageObject\",\"inLanguage\":\"fr-FR\",\"@id\":\"https:\/\/www.sp-equipements.com\/site\/produit\/rampe-aluminium-grande-largeur\/#primaryimage\",\"url\":\"https:\/\/www.sp-equipements.com\/site\/wp-content\/uploads\/2019\/06\/rampe_aluminium_grande_largeur-1.jpg\",\"contentUrl\":\"https:\/\/www.sp-equipements.com\/site\/wp-content\/uploads\/2019\/06\/rampe_aluminium_grande_largeur-1.jpg\",\"width\":190,\"height\":190,\"caption\":\"rampe aluminium grande largeur 1\"},{\"@type\":\"BreadcrumbList\",\"@id\":\"https:\/\/www.sp-equipements.com\/site\/produit\/rampe-aluminium-grande-largeur\/#breadcrumb\",\"itemListElement\":[{\"@type\":\"ListItem\",\"position\":1,\"name\":\"Accueil\",\"item\":\"https:\/\/www.sp-equipements.com\/site\/\"},{\"@type\":\"ListItem\",\"position\":2,\"name\":\"Catalogue\",\"item\":\"https:\/\/www.sp-equipements.com\/site\/catalogue\/\"},{\"@type\":\"ListItem\",\"position\":3,\"name\":\"Rampe Aluminium grande largeur\"}]},{\"@type\":\"WebSite\",\"@id\":\"https:\/\/www.sp-equipements.com\/site\/#website\",\"url\":\"https:\/\/www.sp-equipements.com\/site\/\",\"name\":\"SP \u00c9quipements\",\"description\":\"\u00c9quipements de collectivit\u00e9s\",\"potentialAction\":[{\"@type\":\"SearchAction\",\"target\":{\"@type\":\"EntryPoint\",\"urlTemplate\":\"https:\/\/www.sp-equipements.com\/site\/?s={search_term_string}\"},\"query-input\":\"required name=search_term_string\"}],\"inLanguage\":\"fr-FR\"}]}<\/script>\n<!-- \/ Yoast SEO plugin. -->","yoast_head_json":{"title":"Rampe Aluminium grande largeur - SP \u00c9quipements","robots":{"index":"index","follow":"follow","max-snippet":"max-snippet:-1","max-image-preview":"max-image-preview:large","max-video-preview":"max-video-preview:-1"},"canonical":"https:\/\/www.sp-equipements.com\/site\/produit\/rampe-aluminium-grande-largeur\/","og_locale":"fr_FR","og_type":"article","og_title":"Rampe Aluminium grande largeur - SP \u00c9quipements","og_description":"Les rampes de chargement en aluminium pour diables, brouettes ou chariots manuels.\u00a0  Caract\u00e9ristiques techniques : \u2022 Rampe pour chargement de v\u00e9hicules par diables, brouettes ou chariots manuels \u2022 Utilisation \u00e0 l'unit\u00e9 Surface antid\u00e9rapante \u2022 Rampes test\u00e9es par le TUV et certifi\u00e9es GS \u2022 Capacit\u00e9 unitaire de 150 \u00e0 300 kg \u2022 Epaisseur profil 72 mm \u2022 Largeur hors tout maxi 700 mm  FRANCO DE PORT  Capacit\u00e9 de charge par paire selon dimension : \u2022 Pour la 3000x600mm : 300kg \u2022 Pour la 4000x600mm : 300kg \u2022 Pour la 2500x700mm : 150kg","og_url":"https:\/\/www.sp-equipements.com\/site\/produit\/rampe-aluminium-grande-largeur\/","og_site_name":"SP \u00c9quipements","article_modified_time":"2019-06-19T13:30:22+00:00","og_image":[{"width":190,"height":190,"url":"https:\/\/www.sp-equipements.com\/site\/wp-content\/uploads\/2019\/06\/rampe_aluminium_grande_largeur-1.jpg","type":"image\/jpeg"}],"twitter_card":"summary_large_image","schema":{"@context":"https:\/\/schema.org","@graph":[{"@type":"WebPage","@id":"https:\/\/www.sp-equipements.com\/site\/produit\/rampe-aluminium-grande-largeur\/","url":"https:\/\/www.sp-equipements.com\/site\/produit\/rampe-aluminium-grande-largeur\/","name":"Rampe Aluminium grande largeur - SP \u00c9quipements","isPartOf":{"@id":"https:\/\/www.sp-equipements.com\/site\/#website"},"primaryImageOfPage":{"@id":"https:\/\/www.sp-equipements.com\/site\/produit\/rampe-aluminium-grande-largeur\/#primaryimage"},"image":{"@id":"https:\/\/www.sp-equipements.com\/site\/produit\/rampe-aluminium-grande-largeur\/#primaryimage"},"thumbnailUrl":"https:\/\/www.sp-equipements.com\/site\/wp-content\/uploads\/2019\/06\/rampe_aluminium_grande_largeur-1.jpg","datePublished":"2019-06-05T10:03:27+00:00","dateModified":"2019-06-19T13:30:22+00:00","breadcrumb":{"@id":"https:\/\/www.sp-equipements.com\/site\/produit\/rampe-aluminium-grande-largeur\/#breadcrumb"},"inLanguage":"fr-FR","potentialAction":[{"@type":"ReadAction","target":["https:\/\/www.sp-equipements.com\/site\/produit\/rampe-aluminium-grande-largeur\/"]}]},{"@type":"ImageObject","inLanguage":"fr-FR","@id":"https:\/\/www.sp-equipements.com\/site\/produit\/rampe-aluminium-grande-largeur\/#primaryimage","url":"https:\/\/www.sp-equipements.com\/site\/wp-content\/uploads\/2019\/06\/rampe_aluminium_grande_largeur-1.jpg","contentUrl":"https:\/\/www.sp-equipements.com\/site\/wp-content\/uploads\/2019\/06\/rampe_aluminium_grande_largeur-1.jpg","width":190,"height":190,"caption":"rampe aluminium grande largeur 1"},{"@type":"BreadcrumbList","@id":"https:\/\/www.sp-equipements.com\/site\/produit\/rampe-aluminium-grande-largeur\/#breadcrumb","itemListElement":[{"@type":"ListItem","position":1,"name":"Accueil","item":"https:\/\/www.sp-equipements.com\/site\/"},{"@type":"ListItem","position":2,"name":"Catalogue","item":"https:\/\/www.sp-equipements.com\/site\/catalogue\/"},{"@type":"ListItem","position":3,"name":"Rampe Aluminium grande largeur"}]},{"@type":"WebSite","@id":"https:\/\/www.sp-equipements.com\/site\/#website","url":"https:\/\/www.sp-equipements.com\/site\/","name":"SP \u00c9quipements","description":"\u00c9quipements de collectivit\u00e9s","potentialAction":[{"@type":"SearchAction","target":{"@type":"EntryPoint","urlTemplate":"https:\/\/www.sp-equipements.com\/site\/?s={search_term_string}"},"query-input":"required name=search_term_string"}],"inLanguage":"fr-FR"}]}},"_links":{"self":[{"href":"https:\/\/www.sp-equipements.com\/site\/wp-json\/wp\/v2\/product\/20653"}],"collection":[{"href":"https:\/\/www.sp-equipements.com\/site\/wp-json\/wp\/v2\/product"}],"about":[{"href":"https:\/\/www.sp-equipements.com\/site\/wp-json\/wp\/v2\/types\/product"}],"replies":[{"embeddable":true,"href":"https:\/\/www.sp-equipements.com\/site\/wp-json\/wp\/v2\/comments?post=20653"}],"wp:featuredmedia":[{"embeddable":true,"href":"https:\/\/www.sp-equipements.com\/site\/wp-json\/wp\/v2\/media\/37510"}],"wp:attachment":[{"href":"https:\/\/www.sp-equipements.com\/site\/wp-json\/wp\/v2\/media?parent=20653"}],"wp:term":[{"taxonomy":"product_cat","embeddable":true,"href":"https:\/\/www.sp-equipements.com\/site\/wp-json\/wp\/v2\/product_cat?post=20653"},{"taxonomy":"product_tag","embeddable":true,"href":"https:\/\/www.sp-equipements.com\/site\/wp-json\/wp\/v2\/product_tag?post=20653"}],"curies":[{"name":"wp","href":"https:\/\/api.w.org\/{rel}","templated":true}]}}