{"id":20655,"date":"2019-06-05T12:03:28","date_gmt":"2019-06-05T10:03:28","guid":{"rendered":"http:\/\/www.polyequipements.com\/produit\/nacelle-elevatrice-awp-avec-stabilisateurs\/"},"modified":"2022-04-19T12:56:19","modified_gmt":"2022-04-19T10:56:19","slug":"nacelle-elevatrice-awp-avec-stabilisateurs","status":"publish","type":"product","link":"https:\/\/www.sp-equipements.com\/site\/produit\/nacelle-elevatrice-awp-avec-stabilisateurs\/","title":{"rendered":"Nacelle El\u00e9vatrice AWP\u2122 <i>Avec Stabilisateurs<\/i>"},"content":{"rendered":"","protected":false},"excerpt":{"rendered":"<p><i>L\u00e9ger et portatif, il vous suivra sur tous vos chantiers pour les op\u00e9rations de maintenance et d&rsquo;entretien en hauteur.<\/i><\/p>\n<p><b>Paniers<\/b><br \/>\n\u2022 Standard avec entr\u00e9e \u00e0 guillotine (69x66x114 cm). L\u2019entr\u00e9e se situe sur la partie la plus large \u2013 en standard<br \/>\n\u2022 Standard avec portillon (69x66x114 cm) \u2013 en option<br \/>\n\u2022 Etroit avec portillon (69x51x114 cm) \u2013 en option<br \/>\n\u2022 Standard en fibre de verre (74x67x110 cm) \u2013 en option<\/p>\n<p><b>Alimentation<\/b><br \/>\n\u2022 Sur batteries : 12 V DC avec chargeur automatique int\u00e9gr\u00e9 15 amp<br \/>\n\u2022 Sur secteur : 220 V \/ 50-60 Hz<br \/>\n\u2022 Moteur \u00e0 air comprim\u00e9 (disponible uniquement sur le mod\u00e8le AWP-30S) :<br \/>\nAlimentation 1,1 kw (1,5CV) \/ Arriv\u00e9e Air<br \/>\nComprim\u00e9 2,27 m3 min \/ Pression Air requise 5,5 bars \u2013 en option<\/p>\n<p><b>Structure de base<\/b><br \/>\n\u2022 Base standard<br \/>\n\u2022 Base tout terrain (RT) (mod\u00e8les AWPTM-20S -25S -30S seulement)<br \/>\n\u2022 Accessoire Super SraddleTM \u2013 en option<\/p>\n<p><b>Specificit\u00e9s<\/b><\/p>\n<p>AWP\u2122-20S<br \/>\n\u2022 Hauteur de travail de 8,12 m<br \/>\n\u2022 Capacit\u00e9 de charge de 159 kg<br \/>\n\u2022 Largeur de l\u2019unit\u00e9 avec base standard 74 cm<br \/>\n\u2022 Largeur de l\u2019unit\u00e9 avec base RT 76 cm<\/p>\n<p>AWP\u2122-25S<br \/>\n\u2022 Hauteur de travail de 9,57 m<br \/>\n\u2022 Capacit\u00e9 de charge de 159 kg<br \/>\n\u2022 Largeur de l\u2019unit\u00e9 avec base standard 74 cm<br \/>\n\u2022 Largeur de l\u2019unit\u00e9 avec base RT 76cm<\/p>\n<p>AWP\u2122-30S<br \/>\n\u2022 Hauteur de travail de 11 m<br \/>\n\u2022 Capacit\u00e9 de charge de 159 kg<br \/>\n\u2022 Largeur de l\u2019unit\u00e9 avec base standard 74 cm<br \/>\n\u2022 Largeur de l\u2019unit\u00e9 avec base RT 76 cm<\/p>\n<p>AWP\u2122-36S (Syst\u00e8me d&rsquo;inclinaison inclus)<br \/>\n\u2022 Hauteur de travail de 13,10 m<br \/>\n\u2022 Capacit\u00e9 de charge de 159 kg<br \/>\n\u2022 Largeur de l\u2019unit\u00e9 avec base standard 74 cm<br \/>\n\u2022 Syst\u00e8me de basculement amorti \u00e0 l\u2019air en standard<\/p>\n<p>AWP\u2122-40S (Syst\u00e8me d&rsquo;inclinaison inclus)<br \/>\n\u2022 Hauteur de travail de 14,29 m<br \/>\n\u2022 Capacit\u00e9 de charge de 136 kg<br \/>\n\u2022 Largeur de l\u2019unit\u00e9 avec base standard 74 cm<br \/>\n\u2022 Syst\u00e8me de basculement amorti \u00e0 l\u2019air en standard<\/p>\n<p>\u2022 Pr\u00e9 c\u00e2blage 220 V dans le panier<br \/>\n\u2022 Descente auxiliaire de la nacelle<br \/>\n\u2022 Panneaux de commandes sur panier et au sol \u00e9quip\u00e9s d\u2019interrupteurs d\u2019arr\u00eat d\u2019urgence<br \/>\n\u2022 Bo\u00eetier \u00e0 batteries d\u00e9tachable<br \/>\n\u2022 Des voyants lumineux LED confirment la mise en place correcte des stabilisateurs<br \/>\n\u2022 Stabilisateurs \u00e0 envergure tr\u00e8s r\u00e9duite. Distance int\u00e9rieure maximale de l\u2019angle sup\u00e9rieur du panier \u00e0 l\u2019angle de la paroi 80 cm (d\u00e9pend du mod\u00e8le)<br \/>\n\u2022 R\u00e9ceptacle de stockage des stabilisateurs pendant le transport<br \/>\n\u2022 M\u00e2t brevet\u00e9 Genie extr\u00eamement rigide<br \/>\n\u2022 Syst\u00e8me exclusif de roues et roulettes en six points pour une excellente manoeuvrabilit\u00e9<br \/>\n\u2022 Tous les mod\u00e8les passent ais\u00e9ment par les portes industrielles<br \/>\n\u2022 Chargement facilit\u00e9 dans des camionnettes gr\u00e2ce \u00e0 un syst\u00e8me exclusif Genie<br \/>\n\u2022 Anneaux d\u2019arrimage incorpor\u00e9s<br \/>\n\u2022 Points de fixation pour treuils<br \/>\n\u2022 Syst\u00e8me de surcharge r\u00e9pondant \u00e0 la norme EN 280<\/p>\n","protected":false},"featured_media":37512,"comment_status":"open","ping_status":"closed","template":"","meta":[],"product_cat":[142,95],"product_tag":[],"yoast_head":"<!-- This site is optimized with the Yoast SEO plugin v22.2 - https:\/\/yoast.com\/wordpress\/plugins\/seo\/ -->\n<title>Nacelle El\u00e9vatrice AWP\u2122 Avec Stabilisateurs - SP \u00c9quipements<\/title>\n<meta name=\"robots\" content=\"index, follow, max-snippet:-1, max-image-preview:large, max-video-preview:-1\" \/>\n<link rel=\"canonical\" href=\"https:\/\/www.sp-equipements.com\/site\/produit\/nacelle-elevatrice-awp-avec-stabilisateurs\/\" \/>\n<meta property=\"og:locale\" content=\"fr_FR\" \/>\n<meta property=\"og:type\" content=\"article\" \/>\n<meta property=\"og:title\" content=\"Nacelle El\u00e9vatrice AWP\u2122 Avec Stabilisateurs - SP \u00c9quipements\" \/>\n<meta property=\"og:description\" content=\"L\u00e9ger et portatif, il vous suivra sur tous vos chantiers pour les op\u00e9rations de maintenance et d&#039;entretien en hauteur.  Paniers \u2022 Standard avec entr\u00e9e \u00e0 guillotine (69x66x114 cm). L\u2019entr\u00e9e se situe sur la partie la plus large \u2013 en standard \u2022 Standard avec portillon (69x66x114 cm) \u2013 en option \u2022 Etroit avec portillon (69x51x114 cm) \u2013 en option \u2022 Standard en fibre de verre (74x67x110 cm) \u2013 en option  Alimentation \u2022 Sur batteries : 12 V DC avec chargeur automatique int\u00e9gr\u00e9 15 amp \u2022 Sur secteur : 220 V \/ 50-60 Hz \u2022 Moteur \u00e0 air comprim\u00e9 (disponible uniquement sur le mod\u00e8le AWP-30S) : Alimentation 1,1 kw (1,5CV) \/ Arriv\u00e9e Air Comprim\u00e9 2,27 m3 min \/ Pression Air requise 5,5 bars \u2013 en option  Structure de base \u2022 Base standard \u2022 Base tout terrain (RT) (mod\u00e8les AWPTM-20S -25S -30S seulement) \u2022 Accessoire Super SraddleTM \u2013 en option  Specificit\u00e9s  AWP\u2122-20S \u2022 Hauteur de travail de 8,12 m \u2022 Capacit\u00e9 de charge de 159 kg \u2022 Largeur de l\u2019unit\u00e9 avec base standard 74 cm \u2022 Largeur de l\u2019unit\u00e9 avec base RT 76 cm  AWP\u2122-25S \u2022 Hauteur de travail de 9,57 m \u2022 Capacit\u00e9 de charge de 159 kg \u2022 Largeur de l\u2019unit\u00e9 avec base standard 74 cm \u2022 Largeur de l\u2019unit\u00e9 avec base RT 76cm  AWP\u2122-30S \u2022 Hauteur de travail de 11 m \u2022 Capacit\u00e9 de charge de 159 kg \u2022 Largeur de l\u2019unit\u00e9 avec base standard 74 cm \u2022 Largeur de l\u2019unit\u00e9 avec base RT 76 cm  AWP\u2122-36S (Syst\u00e8me d&#039;inclinaison inclus) \u2022 Hauteur de travail de 13,10 m \u2022 Capacit\u00e9 de charge de 159 kg \u2022 Largeur de l\u2019unit\u00e9 avec base standard 74 cm \u2022 Syst\u00e8me de basculement amorti \u00e0 l\u2019air en standard  AWP\u2122-40S (Syst\u00e8me d&#039;inclinaison inclus) \u2022 Hauteur de travail de 14,29 m \u2022 Capacit\u00e9 de charge de 136 kg \u2022 Largeur de l\u2019unit\u00e9 avec base standard 74 cm \u2022 Syst\u00e8me de basculement amorti \u00e0 l\u2019air en standard  \u2022 Pr\u00e9 c\u00e2blage 220 V dans le panier \u2022 Descente auxiliaire de la nacelle \u2022 Panneaux de commandes sur panier et au sol \u00e9quip\u00e9s d\u2019interrupteurs d\u2019arr\u00eat d\u2019urgence \u2022 Bo\u00eetier \u00e0 batteries d\u00e9tachable \u2022 Des voyants lumineux LED confirment la mise en place correcte des stabilisateurs \u2022 Stabilisateurs \u00e0 envergure tr\u00e8s r\u00e9duite. Distance int\u00e9rieure maximale de l\u2019angle sup\u00e9rieur du panier \u00e0 l\u2019angle de la paroi 80 cm (d\u00e9pend du mod\u00e8le) \u2022 R\u00e9ceptacle de stockage des stabilisateurs pendant le transport \u2022 M\u00e2t brevet\u00e9 Genie extr\u00eamement rigide \u2022 Syst\u00e8me exclusif de roues et roulettes en six points pour une excellente manoeuvrabilit\u00e9 \u2022 Tous les mod\u00e8les passent ais\u00e9ment par les portes industrielles \u2022 Chargement facilit\u00e9 dans des camionnettes gr\u00e2ce \u00e0 un syst\u00e8me exclusif Genie \u2022 Anneaux d\u2019arrimage incorpor\u00e9s \u2022 Points de fixation pour treuils \u2022 Syst\u00e8me de surcharge r\u00e9pondant \u00e0 la norme EN 280\" \/>\n<meta property=\"og:url\" content=\"https:\/\/www.sp-equipements.com\/site\/produit\/nacelle-elevatrice-awp-avec-stabilisateurs\/\" \/>\n<meta property=\"og:site_name\" content=\"SP \u00c9quipements\" \/>\n<meta property=\"article:modified_time\" content=\"2022-04-19T10:56:19+00:00\" \/>\n<meta property=\"og:image\" content=\"https:\/\/www.sp-equipements.com\/site\/wp-content\/uploads\/2019\/06\/nacelle_awp-1.jpg\" \/>\n\t<meta property=\"og:image:width\" content=\"190\" \/>\n\t<meta property=\"og:image:height\" content=\"190\" \/>\n\t<meta property=\"og:image:type\" content=\"image\/jpeg\" \/>\n<meta name=\"twitter:card\" content=\"summary_large_image\" \/>\n<script type=\"application\/ld+json\" class=\"yoast-schema-graph\">{\"@context\":\"https:\/\/schema.org\",\"@graph\":[{\"@type\":\"WebPage\",\"@id\":\"https:\/\/www.sp-equipements.com\/site\/produit\/nacelle-elevatrice-awp-avec-stabilisateurs\/\",\"url\":\"https:\/\/www.sp-equipements.com\/site\/produit\/nacelle-elevatrice-awp-avec-stabilisateurs\/\",\"name\":\"Nacelle El\u00e9vatrice AWP\u2122 Avec Stabilisateurs - SP \u00c9quipements\",\"isPartOf\":{\"@id\":\"https:\/\/www.sp-equipements.com\/site\/#website\"},\"primaryImageOfPage\":{\"@id\":\"https:\/\/www.sp-equipements.com\/site\/produit\/nacelle-elevatrice-awp-avec-stabilisateurs\/#primaryimage\"},\"image\":{\"@id\":\"https:\/\/www.sp-equipements.com\/site\/produit\/nacelle-elevatrice-awp-avec-stabilisateurs\/#primaryimage\"},\"thumbnailUrl\":\"https:\/\/www.sp-equipements.com\/site\/wp-content\/uploads\/2019\/06\/nacelle_awp-1.jpg\",\"datePublished\":\"2019-06-05T10:03:28+00:00\",\"dateModified\":\"2022-04-19T10:56:19+00:00\",\"breadcrumb\":{\"@id\":\"https:\/\/www.sp-equipements.com\/site\/produit\/nacelle-elevatrice-awp-avec-stabilisateurs\/#breadcrumb\"},\"inLanguage\":\"fr-FR\",\"potentialAction\":[{\"@type\":\"ReadAction\",\"target\":[\"https:\/\/www.sp-equipements.com\/site\/produit\/nacelle-elevatrice-awp-avec-stabilisateurs\/\"]}]},{\"@type\":\"ImageObject\",\"inLanguage\":\"fr-FR\",\"@id\":\"https:\/\/www.sp-equipements.com\/site\/produit\/nacelle-elevatrice-awp-avec-stabilisateurs\/#primaryimage\",\"url\":\"https:\/\/www.sp-equipements.com\/site\/wp-content\/uploads\/2019\/06\/nacelle_awp-1.jpg\",\"contentUrl\":\"https:\/\/www.sp-equipements.com\/site\/wp-content\/uploads\/2019\/06\/nacelle_awp-1.jpg\",\"width\":190,\"height\":190,\"caption\":\"nacelle awp 1\"},{\"@type\":\"BreadcrumbList\",\"@id\":\"https:\/\/www.sp-equipements.com\/site\/produit\/nacelle-elevatrice-awp-avec-stabilisateurs\/#breadcrumb\",\"itemListElement\":[{\"@type\":\"ListItem\",\"position\":1,\"name\":\"Accueil\",\"item\":\"https:\/\/www.sp-equipements.com\/site\/\"},{\"@type\":\"ListItem\",\"position\":2,\"name\":\"Catalogue\",\"item\":\"https:\/\/www.sp-equipements.com\/site\/catalogue\/\"},{\"@type\":\"ListItem\",\"position\":3,\"name\":\"Nacelle El\u00e9vatrice AWP\u2122 Avec Stabilisateurs\"}]},{\"@type\":\"WebSite\",\"@id\":\"https:\/\/www.sp-equipements.com\/site\/#website\",\"url\":\"https:\/\/www.sp-equipements.com\/site\/\",\"name\":\"SP \u00c9quipements\",\"description\":\"\u00c9quipements de collectivit\u00e9s\",\"potentialAction\":[{\"@type\":\"SearchAction\",\"target\":{\"@type\":\"EntryPoint\",\"urlTemplate\":\"https:\/\/www.sp-equipements.com\/site\/?s={search_term_string}\"},\"query-input\":\"required name=search_term_string\"}],\"inLanguage\":\"fr-FR\"}]}<\/script>\n<!-- \/ Yoast SEO plugin. -->","yoast_head_json":{"title":"Nacelle El\u00e9vatrice AWP\u2122 Avec Stabilisateurs - SP \u00c9quipements","robots":{"index":"index","follow":"follow","max-snippet":"max-snippet:-1","max-image-preview":"max-image-preview:large","max-video-preview":"max-video-preview:-1"},"canonical":"https:\/\/www.sp-equipements.com\/site\/produit\/nacelle-elevatrice-awp-avec-stabilisateurs\/","og_locale":"fr_FR","og_type":"article","og_title":"Nacelle El\u00e9vatrice AWP\u2122 Avec Stabilisateurs - SP \u00c9quipements","og_description":"L\u00e9ger et portatif, il vous suivra sur tous vos chantiers pour les op\u00e9rations de maintenance et d'entretien en hauteur.  Paniers \u2022 Standard avec entr\u00e9e \u00e0 guillotine (69x66x114 cm). L\u2019entr\u00e9e se situe sur la partie la plus large \u2013 en standard \u2022 Standard avec portillon (69x66x114 cm) \u2013 en option \u2022 Etroit avec portillon (69x51x114 cm) \u2013 en option \u2022 Standard en fibre de verre (74x67x110 cm) \u2013 en option  Alimentation \u2022 Sur batteries : 12 V DC avec chargeur automatique int\u00e9gr\u00e9 15 amp \u2022 Sur secteur : 220 V \/ 50-60 Hz \u2022 Moteur \u00e0 air comprim\u00e9 (disponible uniquement sur le mod\u00e8le AWP-30S) : Alimentation 1,1 kw (1,5CV) \/ Arriv\u00e9e Air Comprim\u00e9 2,27 m3 min \/ Pression Air requise 5,5 bars \u2013 en option  Structure de base \u2022 Base standard \u2022 Base tout terrain (RT) (mod\u00e8les AWPTM-20S -25S -30S seulement) \u2022 Accessoire Super SraddleTM \u2013 en option  Specificit\u00e9s  AWP\u2122-20S \u2022 Hauteur de travail de 8,12 m \u2022 Capacit\u00e9 de charge de 159 kg \u2022 Largeur de l\u2019unit\u00e9 avec base standard 74 cm \u2022 Largeur de l\u2019unit\u00e9 avec base RT 76 cm  AWP\u2122-25S \u2022 Hauteur de travail de 9,57 m \u2022 Capacit\u00e9 de charge de 159 kg \u2022 Largeur de l\u2019unit\u00e9 avec base standard 74 cm \u2022 Largeur de l\u2019unit\u00e9 avec base RT 76cm  AWP\u2122-30S \u2022 Hauteur de travail de 11 m \u2022 Capacit\u00e9 de charge de 159 kg \u2022 Largeur de l\u2019unit\u00e9 avec base standard 74 cm \u2022 Largeur de l\u2019unit\u00e9 avec base RT 76 cm  AWP\u2122-36S (Syst\u00e8me d'inclinaison inclus) \u2022 Hauteur de travail de 13,10 m \u2022 Capacit\u00e9 de charge de 159 kg \u2022 Largeur de l\u2019unit\u00e9 avec base standard 74 cm \u2022 Syst\u00e8me de basculement amorti \u00e0 l\u2019air en standard  AWP\u2122-40S (Syst\u00e8me d'inclinaison inclus) \u2022 Hauteur de travail de 14,29 m \u2022 Capacit\u00e9 de charge de 136 kg \u2022 Largeur de l\u2019unit\u00e9 avec base standard 74 cm \u2022 Syst\u00e8me de basculement amorti \u00e0 l\u2019air en standard  \u2022 Pr\u00e9 c\u00e2blage 220 V dans le panier \u2022 Descente auxiliaire de la nacelle \u2022 Panneaux de commandes sur panier et au sol \u00e9quip\u00e9s d\u2019interrupteurs d\u2019arr\u00eat d\u2019urgence \u2022 Bo\u00eetier \u00e0 batteries d\u00e9tachable \u2022 Des voyants lumineux LED confirment la mise en place correcte des stabilisateurs \u2022 Stabilisateurs \u00e0 envergure tr\u00e8s r\u00e9duite. Distance int\u00e9rieure maximale de l\u2019angle sup\u00e9rieur du panier \u00e0 l\u2019angle de la paroi 80 cm (d\u00e9pend du mod\u00e8le) \u2022 R\u00e9ceptacle de stockage des stabilisateurs pendant le transport \u2022 M\u00e2t brevet\u00e9 Genie extr\u00eamement rigide \u2022 Syst\u00e8me exclusif de roues et roulettes en six points pour une excellente manoeuvrabilit\u00e9 \u2022 Tous les mod\u00e8les passent ais\u00e9ment par les portes industrielles \u2022 Chargement facilit\u00e9 dans des camionnettes gr\u00e2ce \u00e0 un syst\u00e8me exclusif Genie \u2022 Anneaux d\u2019arrimage incorpor\u00e9s \u2022 Points de fixation pour treuils \u2022 Syst\u00e8me de surcharge r\u00e9pondant \u00e0 la norme EN 280","og_url":"https:\/\/www.sp-equipements.com\/site\/produit\/nacelle-elevatrice-awp-avec-stabilisateurs\/","og_site_name":"SP \u00c9quipements","article_modified_time":"2022-04-19T10:56:19+00:00","og_image":[{"width":190,"height":190,"url":"https:\/\/www.sp-equipements.com\/site\/wp-content\/uploads\/2019\/06\/nacelle_awp-1.jpg","type":"image\/jpeg"}],"twitter_card":"summary_large_image","schema":{"@context":"https:\/\/schema.org","@graph":[{"@type":"WebPage","@id":"https:\/\/www.sp-equipements.com\/site\/produit\/nacelle-elevatrice-awp-avec-stabilisateurs\/","url":"https:\/\/www.sp-equipements.com\/site\/produit\/nacelle-elevatrice-awp-avec-stabilisateurs\/","name":"Nacelle El\u00e9vatrice AWP\u2122 Avec Stabilisateurs - SP \u00c9quipements","isPartOf":{"@id":"https:\/\/www.sp-equipements.com\/site\/#website"},"primaryImageOfPage":{"@id":"https:\/\/www.sp-equipements.com\/site\/produit\/nacelle-elevatrice-awp-avec-stabilisateurs\/#primaryimage"},"image":{"@id":"https:\/\/www.sp-equipements.com\/site\/produit\/nacelle-elevatrice-awp-avec-stabilisateurs\/#primaryimage"},"thumbnailUrl":"https:\/\/www.sp-equipements.com\/site\/wp-content\/uploads\/2019\/06\/nacelle_awp-1.jpg","datePublished":"2019-06-05T10:03:28+00:00","dateModified":"2022-04-19T10:56:19+00:00","breadcrumb":{"@id":"https:\/\/www.sp-equipements.com\/site\/produit\/nacelle-elevatrice-awp-avec-stabilisateurs\/#breadcrumb"},"inLanguage":"fr-FR","potentialAction":[{"@type":"ReadAction","target":["https:\/\/www.sp-equipements.com\/site\/produit\/nacelle-elevatrice-awp-avec-stabilisateurs\/"]}]},{"@type":"ImageObject","inLanguage":"fr-FR","@id":"https:\/\/www.sp-equipements.com\/site\/produit\/nacelle-elevatrice-awp-avec-stabilisateurs\/#primaryimage","url":"https:\/\/www.sp-equipements.com\/site\/wp-content\/uploads\/2019\/06\/nacelle_awp-1.jpg","contentUrl":"https:\/\/www.sp-equipements.com\/site\/wp-content\/uploads\/2019\/06\/nacelle_awp-1.jpg","width":190,"height":190,"caption":"nacelle awp 1"},{"@type":"BreadcrumbList","@id":"https:\/\/www.sp-equipements.com\/site\/produit\/nacelle-elevatrice-awp-avec-stabilisateurs\/#breadcrumb","itemListElement":[{"@type":"ListItem","position":1,"name":"Accueil","item":"https:\/\/www.sp-equipements.com\/site\/"},{"@type":"ListItem","position":2,"name":"Catalogue","item":"https:\/\/www.sp-equipements.com\/site\/catalogue\/"},{"@type":"ListItem","position":3,"name":"Nacelle El\u00e9vatrice AWP\u2122 Avec Stabilisateurs"}]},{"@type":"WebSite","@id":"https:\/\/www.sp-equipements.com\/site\/#website","url":"https:\/\/www.sp-equipements.com\/site\/","name":"SP \u00c9quipements","description":"\u00c9quipements de collectivit\u00e9s","potentialAction":[{"@type":"SearchAction","target":{"@type":"EntryPoint","urlTemplate":"https:\/\/www.sp-equipements.com\/site\/?s={search_term_string}"},"query-input":"required name=search_term_string"}],"inLanguage":"fr-FR"}]}},"_links":{"self":[{"href":"https:\/\/www.sp-equipements.com\/site\/wp-json\/wp\/v2\/product\/20655"}],"collection":[{"href":"https:\/\/www.sp-equipements.com\/site\/wp-json\/wp\/v2\/product"}],"about":[{"href":"https:\/\/www.sp-equipements.com\/site\/wp-json\/wp\/v2\/types\/product"}],"replies":[{"embeddable":true,"href":"https:\/\/www.sp-equipements.com\/site\/wp-json\/wp\/v2\/comments?post=20655"}],"wp:featuredmedia":[{"embeddable":true,"href":"https:\/\/www.sp-equipements.com\/site\/wp-json\/wp\/v2\/media\/37512"}],"wp:attachment":[{"href":"https:\/\/www.sp-equipements.com\/site\/wp-json\/wp\/v2\/media?parent=20655"}],"wp:term":[{"taxonomy":"product_cat","embeddable":true,"href":"https:\/\/www.sp-equipements.com\/site\/wp-json\/wp\/v2\/product_cat?post=20655"},{"taxonomy":"product_tag","embeddable":true,"href":"https:\/\/www.sp-equipements.com\/site\/wp-json\/wp\/v2\/product_tag?post=20655"}],"curies":[{"name":"wp","href":"https:\/\/api.w.org\/{rel}","templated":true}]}}