{"id":20661,"date":"2019-06-05T12:03:33","date_gmt":"2019-06-05T10:03:33","guid":{"rendered":"http:\/\/www.polyequipements.com\/produit\/passage-de-cables-4-voies-angle-4-directions\/"},"modified":"2019-06-19T15:30:24","modified_gmt":"2019-06-19T13:30:24","slug":"passage-de-cables-4-voies-angle-4-directions","status":"publish","type":"product","link":"https:\/\/www.sp-equipements.com\/site\/produit\/passage-de-cables-4-voies-angle-4-directions\/","title":{"rendered":"Passage de C\u00e2bles 4 voies &#8211; Angle 4 Directions"},"content":{"rendered":"","protected":false},"excerpt":{"rendered":"<p><i>Le syst\u00e8me de passage de c\u00e2bles praticables par des v\u00e9hicules PASCAB est une installation de protection des c\u00e2bles et des tuyaux souples, \u00e0 placer dans les rues, les places, les couloirs, ou simplement sur les sols.<\/i><\/p>\n<p>Le syst\u00e8me PASCAB offre plusieurs avantages : <br \/>\u2022 Elimine les obstacles au d\u00e9placement des chaises roulantes, des poussettes, des diables, des lits d&rsquo;h\u00f4pital etc. <br \/>\u2022 Supprime les risques de sectionnement des c\u00e2bles par les passages des v\u00e9hicules ou des chariots <br \/>\u2022 Permet de r\u00e9aliser un c\u00e2blage esth\u00e9tique de qualit\u00e9 <br \/>\u2022 R\u00e9alise une signalisation forte des zones d&rsquo;activit\u00e9 <br \/>\u2022 Elimine les obstacles et supprime des risques li\u00e9s au d\u00e9placement des v\u00e9hicules et des pi\u00e9tons <br \/>\u2022 Participe \u00e0 la mise en conformit\u00e9 avec les r\u00e8glementations sur la s\u00e9curit\u00e9 dans les lieux publics.<\/p>\n<p><b>Caract\u00e9ristiques<\/b><br \/>Angle 4 directions 4 voies<br \/>Dimensions (LxlxH): 550x550x65 mm<br \/>Dimensions voie : 550x40x45 mm (LxlxH)<br \/>Poids : 16,50 kg<\/p>\n","protected":false},"featured_media":37518,"comment_status":"open","ping_status":"closed","template":"","meta":[],"product_cat":[95,143],"product_tag":[],"yoast_head":"<!-- This site is optimized with the Yoast SEO plugin v22.2 - https:\/\/yoast.com\/wordpress\/plugins\/seo\/ -->\n<title>Passage de C\u00e2bles 4 voies - Angle 4 Directions - SP \u00c9quipements<\/title>\n<meta name=\"robots\" content=\"index, follow, max-snippet:-1, max-image-preview:large, max-video-preview:-1\" \/>\n<link rel=\"canonical\" href=\"https:\/\/www.sp-equipements.com\/site\/produit\/passage-de-cables-4-voies-angle-4-directions\/\" \/>\n<meta property=\"og:locale\" content=\"fr_FR\" \/>\n<meta property=\"og:type\" content=\"article\" \/>\n<meta property=\"og:title\" content=\"Passage de C\u00e2bles 4 voies - Angle 4 Directions - SP \u00c9quipements\" \/>\n<meta property=\"og:description\" content=\"Le syst\u00e8me de passage de c\u00e2bles praticables par des v\u00e9hicules PASCAB est une installation de protection des c\u00e2bles et des tuyaux souples, \u00e0 placer dans les rues, les places, les couloirs, ou simplement sur les sols.Le syst\u00e8me PASCAB offre plusieurs avantages : \u2022 Elimine les obstacles au d\u00e9placement des chaises roulantes, des poussettes, des diables, des lits d&#039;h\u00f4pital etc. \u2022 Supprime les risques de sectionnement des c\u00e2bles par les passages des v\u00e9hicules ou des chariots \u2022 Permet de r\u00e9aliser un c\u00e2blage esth\u00e9tique de qualit\u00e9 \u2022 R\u00e9alise une signalisation forte des zones d&#039;activit\u00e9 \u2022 Elimine les obstacles et supprime des risques li\u00e9s au d\u00e9placement des v\u00e9hicules et des pi\u00e9tons \u2022 Participe \u00e0 la mise en conformit\u00e9 avec les r\u00e8glementations sur la s\u00e9curit\u00e9 dans les lieux publics.Caract\u00e9ristiquesAngle 4 directions 4 voiesDimensions (LxlxH): 550x550x65 mmDimensions voie : 550x40x45 mm (LxlxH)Poids : 16,50 kg\" \/>\n<meta property=\"og:url\" content=\"https:\/\/www.sp-equipements.com\/site\/produit\/passage-de-cables-4-voies-angle-4-directions\/\" \/>\n<meta property=\"og:site_name\" content=\"SP \u00c9quipements\" \/>\n<meta property=\"article:modified_time\" content=\"2019-06-19T13:30:24+00:00\" \/>\n<meta property=\"og:image\" content=\"https:\/\/www.sp-equipements.com\/site\/wp-content\/uploads\/2019\/06\/passage_de_cables_4_voies_angle_4_directions-1.jpg\" \/>\n\t<meta property=\"og:image:width\" content=\"190\" \/>\n\t<meta property=\"og:image:height\" content=\"190\" \/>\n\t<meta property=\"og:image:type\" content=\"image\/jpeg\" \/>\n<meta name=\"twitter:card\" content=\"summary_large_image\" \/>\n<script type=\"application\/ld+json\" class=\"yoast-schema-graph\">{\"@context\":\"https:\/\/schema.org\",\"@graph\":[{\"@type\":\"WebPage\",\"@id\":\"https:\/\/www.sp-equipements.com\/site\/produit\/passage-de-cables-4-voies-angle-4-directions\/\",\"url\":\"https:\/\/www.sp-equipements.com\/site\/produit\/passage-de-cables-4-voies-angle-4-directions\/\",\"name\":\"Passage de C\u00e2bles 4 voies - Angle 4 Directions - SP \u00c9quipements\",\"isPartOf\":{\"@id\":\"https:\/\/www.sp-equipements.com\/site\/#website\"},\"primaryImageOfPage\":{\"@id\":\"https:\/\/www.sp-equipements.com\/site\/produit\/passage-de-cables-4-voies-angle-4-directions\/#primaryimage\"},\"image\":{\"@id\":\"https:\/\/www.sp-equipements.com\/site\/produit\/passage-de-cables-4-voies-angle-4-directions\/#primaryimage\"},\"thumbnailUrl\":\"https:\/\/www.sp-equipements.com\/site\/wp-content\/uploads\/2019\/06\/passage_de_cables_4_voies_angle_4_directions-1.jpg\",\"datePublished\":\"2019-06-05T10:03:33+00:00\",\"dateModified\":\"2019-06-19T13:30:24+00:00\",\"breadcrumb\":{\"@id\":\"https:\/\/www.sp-equipements.com\/site\/produit\/passage-de-cables-4-voies-angle-4-directions\/#breadcrumb\"},\"inLanguage\":\"fr-FR\",\"potentialAction\":[{\"@type\":\"ReadAction\",\"target\":[\"https:\/\/www.sp-equipements.com\/site\/produit\/passage-de-cables-4-voies-angle-4-directions\/\"]}]},{\"@type\":\"ImageObject\",\"inLanguage\":\"fr-FR\",\"@id\":\"https:\/\/www.sp-equipements.com\/site\/produit\/passage-de-cables-4-voies-angle-4-directions\/#primaryimage\",\"url\":\"https:\/\/www.sp-equipements.com\/site\/wp-content\/uploads\/2019\/06\/passage_de_cables_4_voies_angle_4_directions-1.jpg\",\"contentUrl\":\"https:\/\/www.sp-equipements.com\/site\/wp-content\/uploads\/2019\/06\/passage_de_cables_4_voies_angle_4_directions-1.jpg\",\"width\":190,\"height\":190,\"caption\":\"passage de cables 4 voies angle 4 directions 1\"},{\"@type\":\"BreadcrumbList\",\"@id\":\"https:\/\/www.sp-equipements.com\/site\/produit\/passage-de-cables-4-voies-angle-4-directions\/#breadcrumb\",\"itemListElement\":[{\"@type\":\"ListItem\",\"position\":1,\"name\":\"Accueil\",\"item\":\"https:\/\/www.sp-equipements.com\/site\/\"},{\"@type\":\"ListItem\",\"position\":2,\"name\":\"Catalogue\",\"item\":\"https:\/\/www.sp-equipements.com\/site\/catalogue\/\"},{\"@type\":\"ListItem\",\"position\":3,\"name\":\"Passage de C\u00e2bles 4 voies &#8211; Angle 4 Directions\"}]},{\"@type\":\"WebSite\",\"@id\":\"https:\/\/www.sp-equipements.com\/site\/#website\",\"url\":\"https:\/\/www.sp-equipements.com\/site\/\",\"name\":\"SP \u00c9quipements\",\"description\":\"\u00c9quipements de collectivit\u00e9s\",\"potentialAction\":[{\"@type\":\"SearchAction\",\"target\":{\"@type\":\"EntryPoint\",\"urlTemplate\":\"https:\/\/www.sp-equipements.com\/site\/?s={search_term_string}\"},\"query-input\":\"required name=search_term_string\"}],\"inLanguage\":\"fr-FR\"}]}<\/script>\n<!-- \/ Yoast SEO plugin. -->","yoast_head_json":{"title":"Passage de C\u00e2bles 4 voies - Angle 4 Directions - SP \u00c9quipements","robots":{"index":"index","follow":"follow","max-snippet":"max-snippet:-1","max-image-preview":"max-image-preview:large","max-video-preview":"max-video-preview:-1"},"canonical":"https:\/\/www.sp-equipements.com\/site\/produit\/passage-de-cables-4-voies-angle-4-directions\/","og_locale":"fr_FR","og_type":"article","og_title":"Passage de C\u00e2bles 4 voies - Angle 4 Directions - SP \u00c9quipements","og_description":"Le syst\u00e8me de passage de c\u00e2bles praticables par des v\u00e9hicules PASCAB est une installation de protection des c\u00e2bles et des tuyaux souples, \u00e0 placer dans les rues, les places, les couloirs, ou simplement sur les sols.Le syst\u00e8me PASCAB offre plusieurs avantages : \u2022 Elimine les obstacles au d\u00e9placement des chaises roulantes, des poussettes, des diables, des lits d'h\u00f4pital etc. \u2022 Supprime les risques de sectionnement des c\u00e2bles par les passages des v\u00e9hicules ou des chariots \u2022 Permet de r\u00e9aliser un c\u00e2blage esth\u00e9tique de qualit\u00e9 \u2022 R\u00e9alise une signalisation forte des zones d'activit\u00e9 \u2022 Elimine les obstacles et supprime des risques li\u00e9s au d\u00e9placement des v\u00e9hicules et des pi\u00e9tons \u2022 Participe \u00e0 la mise en conformit\u00e9 avec les r\u00e8glementations sur la s\u00e9curit\u00e9 dans les lieux publics.Caract\u00e9ristiquesAngle 4 directions 4 voiesDimensions (LxlxH): 550x550x65 mmDimensions voie : 550x40x45 mm (LxlxH)Poids : 16,50 kg","og_url":"https:\/\/www.sp-equipements.com\/site\/produit\/passage-de-cables-4-voies-angle-4-directions\/","og_site_name":"SP \u00c9quipements","article_modified_time":"2019-06-19T13:30:24+00:00","og_image":[{"width":190,"height":190,"url":"https:\/\/www.sp-equipements.com\/site\/wp-content\/uploads\/2019\/06\/passage_de_cables_4_voies_angle_4_directions-1.jpg","type":"image\/jpeg"}],"twitter_card":"summary_large_image","schema":{"@context":"https:\/\/schema.org","@graph":[{"@type":"WebPage","@id":"https:\/\/www.sp-equipements.com\/site\/produit\/passage-de-cables-4-voies-angle-4-directions\/","url":"https:\/\/www.sp-equipements.com\/site\/produit\/passage-de-cables-4-voies-angle-4-directions\/","name":"Passage de C\u00e2bles 4 voies - Angle 4 Directions - SP \u00c9quipements","isPartOf":{"@id":"https:\/\/www.sp-equipements.com\/site\/#website"},"primaryImageOfPage":{"@id":"https:\/\/www.sp-equipements.com\/site\/produit\/passage-de-cables-4-voies-angle-4-directions\/#primaryimage"},"image":{"@id":"https:\/\/www.sp-equipements.com\/site\/produit\/passage-de-cables-4-voies-angle-4-directions\/#primaryimage"},"thumbnailUrl":"https:\/\/www.sp-equipements.com\/site\/wp-content\/uploads\/2019\/06\/passage_de_cables_4_voies_angle_4_directions-1.jpg","datePublished":"2019-06-05T10:03:33+00:00","dateModified":"2019-06-19T13:30:24+00:00","breadcrumb":{"@id":"https:\/\/www.sp-equipements.com\/site\/produit\/passage-de-cables-4-voies-angle-4-directions\/#breadcrumb"},"inLanguage":"fr-FR","potentialAction":[{"@type":"ReadAction","target":["https:\/\/www.sp-equipements.com\/site\/produit\/passage-de-cables-4-voies-angle-4-directions\/"]}]},{"@type":"ImageObject","inLanguage":"fr-FR","@id":"https:\/\/www.sp-equipements.com\/site\/produit\/passage-de-cables-4-voies-angle-4-directions\/#primaryimage","url":"https:\/\/www.sp-equipements.com\/site\/wp-content\/uploads\/2019\/06\/passage_de_cables_4_voies_angle_4_directions-1.jpg","contentUrl":"https:\/\/www.sp-equipements.com\/site\/wp-content\/uploads\/2019\/06\/passage_de_cables_4_voies_angle_4_directions-1.jpg","width":190,"height":190,"caption":"passage de cables 4 voies angle 4 directions 1"},{"@type":"BreadcrumbList","@id":"https:\/\/www.sp-equipements.com\/site\/produit\/passage-de-cables-4-voies-angle-4-directions\/#breadcrumb","itemListElement":[{"@type":"ListItem","position":1,"name":"Accueil","item":"https:\/\/www.sp-equipements.com\/site\/"},{"@type":"ListItem","position":2,"name":"Catalogue","item":"https:\/\/www.sp-equipements.com\/site\/catalogue\/"},{"@type":"ListItem","position":3,"name":"Passage de C\u00e2bles 4 voies &#8211; Angle 4 Directions"}]},{"@type":"WebSite","@id":"https:\/\/www.sp-equipements.com\/site\/#website","url":"https:\/\/www.sp-equipements.com\/site\/","name":"SP \u00c9quipements","description":"\u00c9quipements de collectivit\u00e9s","potentialAction":[{"@type":"SearchAction","target":{"@type":"EntryPoint","urlTemplate":"https:\/\/www.sp-equipements.com\/site\/?s={search_term_string}"},"query-input":"required name=search_term_string"}],"inLanguage":"fr-FR"}]}},"_links":{"self":[{"href":"https:\/\/www.sp-equipements.com\/site\/wp-json\/wp\/v2\/product\/20661"}],"collection":[{"href":"https:\/\/www.sp-equipements.com\/site\/wp-json\/wp\/v2\/product"}],"about":[{"href":"https:\/\/www.sp-equipements.com\/site\/wp-json\/wp\/v2\/types\/product"}],"replies":[{"embeddable":true,"href":"https:\/\/www.sp-equipements.com\/site\/wp-json\/wp\/v2\/comments?post=20661"}],"wp:featuredmedia":[{"embeddable":true,"href":"https:\/\/www.sp-equipements.com\/site\/wp-json\/wp\/v2\/media\/37518"}],"wp:attachment":[{"href":"https:\/\/www.sp-equipements.com\/site\/wp-json\/wp\/v2\/media?parent=20661"}],"wp:term":[{"taxonomy":"product_cat","embeddable":true,"href":"https:\/\/www.sp-equipements.com\/site\/wp-json\/wp\/v2\/product_cat?post=20661"},{"taxonomy":"product_tag","embeddable":true,"href":"https:\/\/www.sp-equipements.com\/site\/wp-json\/wp\/v2\/product_tag?post=20661"}],"curies":[{"name":"wp","href":"https:\/\/api.w.org\/{rel}","templated":true}]}}