{"id":20663,"date":"2019-06-05T12:03:33","date_gmt":"2019-06-05T10:03:33","guid":{"rendered":"http:\/\/www.polyequipements.com\/produit\/rampe-aluminium-sans-rebords\/"},"modified":"2020-06-03T14:16:28","modified_gmt":"2020-06-03T12:16:28","slug":"rampe-aluminium-sans-rebords","status":"publish","type":"product","link":"https:\/\/www.sp-equipements.com\/site\/produit\/rampe-aluminium-sans-rebords\/","title":{"rendered":"Rampe Aluminium sans rebords"},"content":{"rendered":"","protected":false},"excerpt":{"rendered":"<p><i>Les rampes de chargement sans rebords en aluminium pourchargement de machines l\u00e9g\u00e8res.<\/i><\/p>\n<p><b>Caract\u00e9ristiques techniques :<\/b><br \/>\n\u2022 Test\u00e9es par le TUV et certifi\u00e9es GS<br \/>\n\u2022 Epaisseur profil : 35 mm<br \/>\n\u2022 Largeur hors tout : 200 mm<br \/>\n\u2022 L\u00e9g\u00e8ret\u00e9 et faible encombrement<br \/>\n\u2022 Bon rapport poids \/ chargement<br \/>\n\u2022 Surface emboutie antid\u00e9rapante<br \/>\n\u2022 Accrochage par goujon (non fourni)<br \/>\n\u2022 Capacit\u00e9 de charge par paire 1180 \u00e0 1800 kg<\/p>\n","protected":false},"featured_media":37520,"comment_status":"open","ping_status":"closed","template":"","meta":[],"product_cat":[95,243,141],"product_tag":[],"yoast_head":"<!-- This site is optimized with the Yoast SEO plugin v22.2 - https:\/\/yoast.com\/wordpress\/plugins\/seo\/ -->\n<title>Rampe Aluminium sans rebords - SP \u00c9quipements<\/title>\n<meta name=\"robots\" content=\"index, follow, max-snippet:-1, max-image-preview:large, max-video-preview:-1\" \/>\n<link rel=\"canonical\" href=\"https:\/\/www.sp-equipements.com\/site\/produit\/rampe-aluminium-sans-rebords\/\" \/>\n<meta property=\"og:locale\" content=\"fr_FR\" \/>\n<meta property=\"og:type\" content=\"article\" \/>\n<meta property=\"og:title\" content=\"Rampe Aluminium sans rebords - SP \u00c9quipements\" \/>\n<meta property=\"og:description\" content=\"Les rampes de chargement sans rebords en aluminium pourchargement de machines l\u00e9g\u00e8res.  Caract\u00e9ristiques techniques : \u2022 Test\u00e9es par le TUV et certifi\u00e9es GS \u2022 Epaisseur profil : 35 mm \u2022 Largeur hors tout : 200 mm \u2022 L\u00e9g\u00e8ret\u00e9 et faible encombrement \u2022 Bon rapport poids \/ chargement \u2022 Surface emboutie antid\u00e9rapante \u2022 Accrochage par goujon (non fourni) \u2022 Capacit\u00e9 de charge par paire 1180 \u00e0 1800 kg\" \/>\n<meta property=\"og:url\" content=\"https:\/\/www.sp-equipements.com\/site\/produit\/rampe-aluminium-sans-rebords\/\" \/>\n<meta property=\"og:site_name\" content=\"SP \u00c9quipements\" \/>\n<meta property=\"article:modified_time\" content=\"2020-06-03T12:16:28+00:00\" \/>\n<meta property=\"og:image\" content=\"https:\/\/www.sp-equipements.com\/site\/wp-content\/uploads\/2019\/06\/rampe_aluminium_sans_rebords-1.jpg\" \/>\n\t<meta property=\"og:image:width\" content=\"190\" \/>\n\t<meta property=\"og:image:height\" content=\"190\" \/>\n\t<meta property=\"og:image:type\" content=\"image\/jpeg\" \/>\n<meta name=\"twitter:card\" content=\"summary_large_image\" \/>\n<script type=\"application\/ld+json\" class=\"yoast-schema-graph\">{\"@context\":\"https:\/\/schema.org\",\"@graph\":[{\"@type\":\"WebPage\",\"@id\":\"https:\/\/www.sp-equipements.com\/site\/produit\/rampe-aluminium-sans-rebords\/\",\"url\":\"https:\/\/www.sp-equipements.com\/site\/produit\/rampe-aluminium-sans-rebords\/\",\"name\":\"Rampe Aluminium sans rebords - SP \u00c9quipements\",\"isPartOf\":{\"@id\":\"https:\/\/www.sp-equipements.com\/site\/#website\"},\"primaryImageOfPage\":{\"@id\":\"https:\/\/www.sp-equipements.com\/site\/produit\/rampe-aluminium-sans-rebords\/#primaryimage\"},\"image\":{\"@id\":\"https:\/\/www.sp-equipements.com\/site\/produit\/rampe-aluminium-sans-rebords\/#primaryimage\"},\"thumbnailUrl\":\"https:\/\/www.sp-equipements.com\/site\/wp-content\/uploads\/2019\/06\/rampe_aluminium_sans_rebords-1.jpg\",\"datePublished\":\"2019-06-05T10:03:33+00:00\",\"dateModified\":\"2020-06-03T12:16:28+00:00\",\"breadcrumb\":{\"@id\":\"https:\/\/www.sp-equipements.com\/site\/produit\/rampe-aluminium-sans-rebords\/#breadcrumb\"},\"inLanguage\":\"fr-FR\",\"potentialAction\":[{\"@type\":\"ReadAction\",\"target\":[\"https:\/\/www.sp-equipements.com\/site\/produit\/rampe-aluminium-sans-rebords\/\"]}]},{\"@type\":\"ImageObject\",\"inLanguage\":\"fr-FR\",\"@id\":\"https:\/\/www.sp-equipements.com\/site\/produit\/rampe-aluminium-sans-rebords\/#primaryimage\",\"url\":\"https:\/\/www.sp-equipements.com\/site\/wp-content\/uploads\/2019\/06\/rampe_aluminium_sans_rebords-1.jpg\",\"contentUrl\":\"https:\/\/www.sp-equipements.com\/site\/wp-content\/uploads\/2019\/06\/rampe_aluminium_sans_rebords-1.jpg\",\"width\":190,\"height\":190,\"caption\":\"rampe aluminium sans rebords 1\"},{\"@type\":\"BreadcrumbList\",\"@id\":\"https:\/\/www.sp-equipements.com\/site\/produit\/rampe-aluminium-sans-rebords\/#breadcrumb\",\"itemListElement\":[{\"@type\":\"ListItem\",\"position\":1,\"name\":\"Accueil\",\"item\":\"https:\/\/www.sp-equipements.com\/site\/\"},{\"@type\":\"ListItem\",\"position\":2,\"name\":\"Catalogue\",\"item\":\"https:\/\/www.sp-equipements.com\/site\/catalogue\/\"},{\"@type\":\"ListItem\",\"position\":3,\"name\":\"Rampe Aluminium sans rebords\"}]},{\"@type\":\"WebSite\",\"@id\":\"https:\/\/www.sp-equipements.com\/site\/#website\",\"url\":\"https:\/\/www.sp-equipements.com\/site\/\",\"name\":\"SP \u00c9quipements\",\"description\":\"\u00c9quipements de collectivit\u00e9s\",\"potentialAction\":[{\"@type\":\"SearchAction\",\"target\":{\"@type\":\"EntryPoint\",\"urlTemplate\":\"https:\/\/www.sp-equipements.com\/site\/?s={search_term_string}\"},\"query-input\":\"required name=search_term_string\"}],\"inLanguage\":\"fr-FR\"}]}<\/script>\n<!-- \/ Yoast SEO plugin. -->","yoast_head_json":{"title":"Rampe Aluminium sans rebords - SP \u00c9quipements","robots":{"index":"index","follow":"follow","max-snippet":"max-snippet:-1","max-image-preview":"max-image-preview:large","max-video-preview":"max-video-preview:-1"},"canonical":"https:\/\/www.sp-equipements.com\/site\/produit\/rampe-aluminium-sans-rebords\/","og_locale":"fr_FR","og_type":"article","og_title":"Rampe Aluminium sans rebords - SP \u00c9quipements","og_description":"Les rampes de chargement sans rebords en aluminium pourchargement de machines l\u00e9g\u00e8res.  Caract\u00e9ristiques techniques : \u2022 Test\u00e9es par le TUV et certifi\u00e9es GS \u2022 Epaisseur profil : 35 mm \u2022 Largeur hors tout : 200 mm \u2022 L\u00e9g\u00e8ret\u00e9 et faible encombrement \u2022 Bon rapport poids \/ chargement \u2022 Surface emboutie antid\u00e9rapante \u2022 Accrochage par goujon (non fourni) \u2022 Capacit\u00e9 de charge par paire 1180 \u00e0 1800 kg","og_url":"https:\/\/www.sp-equipements.com\/site\/produit\/rampe-aluminium-sans-rebords\/","og_site_name":"SP \u00c9quipements","article_modified_time":"2020-06-03T12:16:28+00:00","og_image":[{"width":190,"height":190,"url":"https:\/\/www.sp-equipements.com\/site\/wp-content\/uploads\/2019\/06\/rampe_aluminium_sans_rebords-1.jpg","type":"image\/jpeg"}],"twitter_card":"summary_large_image","schema":{"@context":"https:\/\/schema.org","@graph":[{"@type":"WebPage","@id":"https:\/\/www.sp-equipements.com\/site\/produit\/rampe-aluminium-sans-rebords\/","url":"https:\/\/www.sp-equipements.com\/site\/produit\/rampe-aluminium-sans-rebords\/","name":"Rampe Aluminium sans rebords - SP \u00c9quipements","isPartOf":{"@id":"https:\/\/www.sp-equipements.com\/site\/#website"},"primaryImageOfPage":{"@id":"https:\/\/www.sp-equipements.com\/site\/produit\/rampe-aluminium-sans-rebords\/#primaryimage"},"image":{"@id":"https:\/\/www.sp-equipements.com\/site\/produit\/rampe-aluminium-sans-rebords\/#primaryimage"},"thumbnailUrl":"https:\/\/www.sp-equipements.com\/site\/wp-content\/uploads\/2019\/06\/rampe_aluminium_sans_rebords-1.jpg","datePublished":"2019-06-05T10:03:33+00:00","dateModified":"2020-06-03T12:16:28+00:00","breadcrumb":{"@id":"https:\/\/www.sp-equipements.com\/site\/produit\/rampe-aluminium-sans-rebords\/#breadcrumb"},"inLanguage":"fr-FR","potentialAction":[{"@type":"ReadAction","target":["https:\/\/www.sp-equipements.com\/site\/produit\/rampe-aluminium-sans-rebords\/"]}]},{"@type":"ImageObject","inLanguage":"fr-FR","@id":"https:\/\/www.sp-equipements.com\/site\/produit\/rampe-aluminium-sans-rebords\/#primaryimage","url":"https:\/\/www.sp-equipements.com\/site\/wp-content\/uploads\/2019\/06\/rampe_aluminium_sans_rebords-1.jpg","contentUrl":"https:\/\/www.sp-equipements.com\/site\/wp-content\/uploads\/2019\/06\/rampe_aluminium_sans_rebords-1.jpg","width":190,"height":190,"caption":"rampe aluminium sans rebords 1"},{"@type":"BreadcrumbList","@id":"https:\/\/www.sp-equipements.com\/site\/produit\/rampe-aluminium-sans-rebords\/#breadcrumb","itemListElement":[{"@type":"ListItem","position":1,"name":"Accueil","item":"https:\/\/www.sp-equipements.com\/site\/"},{"@type":"ListItem","position":2,"name":"Catalogue","item":"https:\/\/www.sp-equipements.com\/site\/catalogue\/"},{"@type":"ListItem","position":3,"name":"Rampe Aluminium sans rebords"}]},{"@type":"WebSite","@id":"https:\/\/www.sp-equipements.com\/site\/#website","url":"https:\/\/www.sp-equipements.com\/site\/","name":"SP \u00c9quipements","description":"\u00c9quipements de collectivit\u00e9s","potentialAction":[{"@type":"SearchAction","target":{"@type":"EntryPoint","urlTemplate":"https:\/\/www.sp-equipements.com\/site\/?s={search_term_string}"},"query-input":"required name=search_term_string"}],"inLanguage":"fr-FR"}]}},"_links":{"self":[{"href":"https:\/\/www.sp-equipements.com\/site\/wp-json\/wp\/v2\/product\/20663"}],"collection":[{"href":"https:\/\/www.sp-equipements.com\/site\/wp-json\/wp\/v2\/product"}],"about":[{"href":"https:\/\/www.sp-equipements.com\/site\/wp-json\/wp\/v2\/types\/product"}],"replies":[{"embeddable":true,"href":"https:\/\/www.sp-equipements.com\/site\/wp-json\/wp\/v2\/comments?post=20663"}],"wp:featuredmedia":[{"embeddable":true,"href":"https:\/\/www.sp-equipements.com\/site\/wp-json\/wp\/v2\/media\/37520"}],"wp:attachment":[{"href":"https:\/\/www.sp-equipements.com\/site\/wp-json\/wp\/v2\/media?parent=20663"}],"wp:term":[{"taxonomy":"product_cat","embeddable":true,"href":"https:\/\/www.sp-equipements.com\/site\/wp-json\/wp\/v2\/product_cat?post=20663"},{"taxonomy":"product_tag","embeddable":true,"href":"https:\/\/www.sp-equipements.com\/site\/wp-json\/wp\/v2\/product_tag?post=20663"}],"curies":[{"name":"wp","href":"https:\/\/api.w.org\/{rel}","templated":true}]}}