{"id":20770,"date":"2019-06-05T12:11:31","date_gmt":"2019-06-05T10:11:31","guid":{"rendered":"http:\/\/www.polyequipements.com\/produit\/treuil-manuel-tirfor-gamme-tu\/"},"modified":"2022-01-07T12:14:41","modified_gmt":"2022-01-07T11:14:41","slug":"treuil-manuel-tirfor-gamme-tu","status":"publish","type":"product","link":"https:\/\/www.sp-equipements.com\/site\/produit\/treuil-manuel-tirfor-gamme-tu\/","title":{"rendered":"Treuil Manuel TIRFOR\u00ae <i>gamme TU<\/i>"},"content":{"rendered":"","protected":false},"excerpt":{"rendered":"<p><i>Les appareils Tirfor\u00ae sont des treuils manuels portables \u00e0 c\u00e2ble passant. Ils peuvent lever, tirer et positionner des charges sur une grande longueur tout en gardant leur couple maximum. Ils peuvent \u00eatre utilis\u00e9s dans de multiples configurations. Les man\u0153uvres se font \u00e0 l\u2019aide d\u2019un levier.<br \/>\n<b>Treuil portable pour le levage et la traction de charges utilisable dans diff\u00e9rentes configurations avec de tr\u00e8s grandes longueurs de c\u00e2bles.<\/b><\/i><\/p>\n<p>\u2022 Capacit\u00e9 de levage :<br \/>\nTU-8 : 0,8T<br \/>\nT-516 : 1,6T<br \/>\nT-532 : 3,2T<br \/>\n\u2022 Poids r\u00e9duit &#8211; Mise en place rapide<br \/>\n\u2022 Pas de limitation de la longueur du c\u00e2ble<br \/>\n\u2022 Maniable, l\u00e9ger, robuste, puissant<br \/>\n\u2022 Multiplications des capacit\u00e9s avec poulies de mouflage<br \/>\n\u2022 Protection contre les surcharges<br \/>\n\u2022 Positionnement millim\u00e9trique de la charge<br \/>\n\u2022 Longueur standard : 20m<\/p>\n","protected":false},"featured_media":37544,"comment_status":"open","ping_status":"closed","template":"","meta":[],"product_cat":[97,148],"product_tag":[],"yoast_head":"<!-- This site is optimized with the Yoast SEO plugin v22.2 - https:\/\/yoast.com\/wordpress\/plugins\/seo\/ -->\n<title>Treuil Manuel TIRFOR\u00ae gamme TU - SP \u00c9quipements<\/title>\n<meta name=\"robots\" content=\"index, follow, max-snippet:-1, max-image-preview:large, max-video-preview:-1\" \/>\n<link rel=\"canonical\" href=\"https:\/\/www.sp-equipements.com\/site\/produit\/treuil-manuel-tirfor-gamme-tu\/\" \/>\n<meta property=\"og:locale\" content=\"fr_FR\" \/>\n<meta property=\"og:type\" content=\"article\" \/>\n<meta property=\"og:title\" content=\"Treuil Manuel TIRFOR\u00ae gamme TU - SP \u00c9quipements\" \/>\n<meta property=\"og:description\" content=\"Les appareils Tirfor\u00ae sont des treuils manuels portables \u00e0 c\u00e2ble passant. Ils peuvent lever, tirer et positionner des charges sur une grande longueur tout en gardant leur couple maximum. Ils peuvent \u00eatre utilis\u00e9s dans de multiples configurations. Les man\u0153uvres se font \u00e0 l\u2019aide d\u2019un levier. Treuil portable pour le levage et la traction de charges utilisable dans diff\u00e9rentes configurations avec de tr\u00e8s grandes longueurs de c\u00e2bles.  \u2022 Capacit\u00e9 de levage : TU-8 : 0,8T T-516 : 1,6T T-532 : 3,2T \u2022 Poids r\u00e9duit - Mise en place rapide \u2022 Pas de limitation de la longueur du c\u00e2ble \u2022 Maniable, l\u00e9ger, robuste, puissant \u2022 Multiplications des capacit\u00e9s avec poulies de mouflage \u2022 Protection contre les surcharges \u2022 Positionnement millim\u00e9trique de la charge \u2022 Longueur standard : 20m\" \/>\n<meta property=\"og:url\" content=\"https:\/\/www.sp-equipements.com\/site\/produit\/treuil-manuel-tirfor-gamme-tu\/\" \/>\n<meta property=\"og:site_name\" content=\"SP \u00c9quipements\" \/>\n<meta property=\"article:modified_time\" content=\"2022-01-07T11:14:41+00:00\" \/>\n<meta property=\"og:image\" content=\"https:\/\/www.sp-equipements.com\/site\/wp-content\/uploads\/2019\/06\/tirfor_tu-1.jpg\" \/>\n\t<meta property=\"og:image:width\" content=\"190\" \/>\n\t<meta property=\"og:image:height\" content=\"190\" \/>\n\t<meta property=\"og:image:type\" content=\"image\/jpeg\" \/>\n<meta name=\"twitter:card\" content=\"summary_large_image\" \/>\n<script type=\"application\/ld+json\" class=\"yoast-schema-graph\">{\"@context\":\"https:\/\/schema.org\",\"@graph\":[{\"@type\":\"WebPage\",\"@id\":\"https:\/\/www.sp-equipements.com\/site\/produit\/treuil-manuel-tirfor-gamme-tu\/\",\"url\":\"https:\/\/www.sp-equipements.com\/site\/produit\/treuil-manuel-tirfor-gamme-tu\/\",\"name\":\"Treuil Manuel TIRFOR\u00ae gamme TU - SP \u00c9quipements\",\"isPartOf\":{\"@id\":\"https:\/\/www.sp-equipements.com\/site\/#website\"},\"primaryImageOfPage\":{\"@id\":\"https:\/\/www.sp-equipements.com\/site\/produit\/treuil-manuel-tirfor-gamme-tu\/#primaryimage\"},\"image\":{\"@id\":\"https:\/\/www.sp-equipements.com\/site\/produit\/treuil-manuel-tirfor-gamme-tu\/#primaryimage\"},\"thumbnailUrl\":\"https:\/\/www.sp-equipements.com\/site\/wp-content\/uploads\/2019\/06\/tirfor_tu-1.jpg\",\"datePublished\":\"2019-06-05T10:11:31+00:00\",\"dateModified\":\"2022-01-07T11:14:41+00:00\",\"breadcrumb\":{\"@id\":\"https:\/\/www.sp-equipements.com\/site\/produit\/treuil-manuel-tirfor-gamme-tu\/#breadcrumb\"},\"inLanguage\":\"fr-FR\",\"potentialAction\":[{\"@type\":\"ReadAction\",\"target\":[\"https:\/\/www.sp-equipements.com\/site\/produit\/treuil-manuel-tirfor-gamme-tu\/\"]}]},{\"@type\":\"ImageObject\",\"inLanguage\":\"fr-FR\",\"@id\":\"https:\/\/www.sp-equipements.com\/site\/produit\/treuil-manuel-tirfor-gamme-tu\/#primaryimage\",\"url\":\"https:\/\/www.sp-equipements.com\/site\/wp-content\/uploads\/2019\/06\/tirfor_tu-1.jpg\",\"contentUrl\":\"https:\/\/www.sp-equipements.com\/site\/wp-content\/uploads\/2019\/06\/tirfor_tu-1.jpg\",\"width\":190,\"height\":190,\"caption\":\"tirfor tu 1\"},{\"@type\":\"BreadcrumbList\",\"@id\":\"https:\/\/www.sp-equipements.com\/site\/produit\/treuil-manuel-tirfor-gamme-tu\/#breadcrumb\",\"itemListElement\":[{\"@type\":\"ListItem\",\"position\":1,\"name\":\"Accueil\",\"item\":\"https:\/\/www.sp-equipements.com\/site\/\"},{\"@type\":\"ListItem\",\"position\":2,\"name\":\"Catalogue\",\"item\":\"https:\/\/www.sp-equipements.com\/site\/catalogue\/\"},{\"@type\":\"ListItem\",\"position\":3,\"name\":\"Treuil Manuel TIRFOR\u00ae gamme TU\"}]},{\"@type\":\"WebSite\",\"@id\":\"https:\/\/www.sp-equipements.com\/site\/#website\",\"url\":\"https:\/\/www.sp-equipements.com\/site\/\",\"name\":\"SP \u00c9quipements\",\"description\":\"\u00c9quipements de collectivit\u00e9s\",\"potentialAction\":[{\"@type\":\"SearchAction\",\"target\":{\"@type\":\"EntryPoint\",\"urlTemplate\":\"https:\/\/www.sp-equipements.com\/site\/?s={search_term_string}\"},\"query-input\":\"required name=search_term_string\"}],\"inLanguage\":\"fr-FR\"}]}<\/script>\n<!-- \/ Yoast SEO plugin. -->","yoast_head_json":{"title":"Treuil Manuel TIRFOR\u00ae gamme TU - SP \u00c9quipements","robots":{"index":"index","follow":"follow","max-snippet":"max-snippet:-1","max-image-preview":"max-image-preview:large","max-video-preview":"max-video-preview:-1"},"canonical":"https:\/\/www.sp-equipements.com\/site\/produit\/treuil-manuel-tirfor-gamme-tu\/","og_locale":"fr_FR","og_type":"article","og_title":"Treuil Manuel TIRFOR\u00ae gamme TU - SP \u00c9quipements","og_description":"Les appareils Tirfor\u00ae sont des treuils manuels portables \u00e0 c\u00e2ble passant. Ils peuvent lever, tirer et positionner des charges sur une grande longueur tout en gardant leur couple maximum. Ils peuvent \u00eatre utilis\u00e9s dans de multiples configurations. Les man\u0153uvres se font \u00e0 l\u2019aide d\u2019un levier. Treuil portable pour le levage et la traction de charges utilisable dans diff\u00e9rentes configurations avec de tr\u00e8s grandes longueurs de c\u00e2bles.  \u2022 Capacit\u00e9 de levage : TU-8 : 0,8T T-516 : 1,6T T-532 : 3,2T \u2022 Poids r\u00e9duit - Mise en place rapide \u2022 Pas de limitation de la longueur du c\u00e2ble \u2022 Maniable, l\u00e9ger, robuste, puissant \u2022 Multiplications des capacit\u00e9s avec poulies de mouflage \u2022 Protection contre les surcharges \u2022 Positionnement millim\u00e9trique de la charge \u2022 Longueur standard : 20m","og_url":"https:\/\/www.sp-equipements.com\/site\/produit\/treuil-manuel-tirfor-gamme-tu\/","og_site_name":"SP \u00c9quipements","article_modified_time":"2022-01-07T11:14:41+00:00","og_image":[{"width":190,"height":190,"url":"https:\/\/www.sp-equipements.com\/site\/wp-content\/uploads\/2019\/06\/tirfor_tu-1.jpg","type":"image\/jpeg"}],"twitter_card":"summary_large_image","schema":{"@context":"https:\/\/schema.org","@graph":[{"@type":"WebPage","@id":"https:\/\/www.sp-equipements.com\/site\/produit\/treuil-manuel-tirfor-gamme-tu\/","url":"https:\/\/www.sp-equipements.com\/site\/produit\/treuil-manuel-tirfor-gamme-tu\/","name":"Treuil Manuel TIRFOR\u00ae gamme TU - SP \u00c9quipements","isPartOf":{"@id":"https:\/\/www.sp-equipements.com\/site\/#website"},"primaryImageOfPage":{"@id":"https:\/\/www.sp-equipements.com\/site\/produit\/treuil-manuel-tirfor-gamme-tu\/#primaryimage"},"image":{"@id":"https:\/\/www.sp-equipements.com\/site\/produit\/treuil-manuel-tirfor-gamme-tu\/#primaryimage"},"thumbnailUrl":"https:\/\/www.sp-equipements.com\/site\/wp-content\/uploads\/2019\/06\/tirfor_tu-1.jpg","datePublished":"2019-06-05T10:11:31+00:00","dateModified":"2022-01-07T11:14:41+00:00","breadcrumb":{"@id":"https:\/\/www.sp-equipements.com\/site\/produit\/treuil-manuel-tirfor-gamme-tu\/#breadcrumb"},"inLanguage":"fr-FR","potentialAction":[{"@type":"ReadAction","target":["https:\/\/www.sp-equipements.com\/site\/produit\/treuil-manuel-tirfor-gamme-tu\/"]}]},{"@type":"ImageObject","inLanguage":"fr-FR","@id":"https:\/\/www.sp-equipements.com\/site\/produit\/treuil-manuel-tirfor-gamme-tu\/#primaryimage","url":"https:\/\/www.sp-equipements.com\/site\/wp-content\/uploads\/2019\/06\/tirfor_tu-1.jpg","contentUrl":"https:\/\/www.sp-equipements.com\/site\/wp-content\/uploads\/2019\/06\/tirfor_tu-1.jpg","width":190,"height":190,"caption":"tirfor tu 1"},{"@type":"BreadcrumbList","@id":"https:\/\/www.sp-equipements.com\/site\/produit\/treuil-manuel-tirfor-gamme-tu\/#breadcrumb","itemListElement":[{"@type":"ListItem","position":1,"name":"Accueil","item":"https:\/\/www.sp-equipements.com\/site\/"},{"@type":"ListItem","position":2,"name":"Catalogue","item":"https:\/\/www.sp-equipements.com\/site\/catalogue\/"},{"@type":"ListItem","position":3,"name":"Treuil Manuel TIRFOR\u00ae gamme TU"}]},{"@type":"WebSite","@id":"https:\/\/www.sp-equipements.com\/site\/#website","url":"https:\/\/www.sp-equipements.com\/site\/","name":"SP \u00c9quipements","description":"\u00c9quipements de collectivit\u00e9s","potentialAction":[{"@type":"SearchAction","target":{"@type":"EntryPoint","urlTemplate":"https:\/\/www.sp-equipements.com\/site\/?s={search_term_string}"},"query-input":"required name=search_term_string"}],"inLanguage":"fr-FR"}]}},"_links":{"self":[{"href":"https:\/\/www.sp-equipements.com\/site\/wp-json\/wp\/v2\/product\/20770"}],"collection":[{"href":"https:\/\/www.sp-equipements.com\/site\/wp-json\/wp\/v2\/product"}],"about":[{"href":"https:\/\/www.sp-equipements.com\/site\/wp-json\/wp\/v2\/types\/product"}],"replies":[{"embeddable":true,"href":"https:\/\/www.sp-equipements.com\/site\/wp-json\/wp\/v2\/comments?post=20770"}],"wp:featuredmedia":[{"embeddable":true,"href":"https:\/\/www.sp-equipements.com\/site\/wp-json\/wp\/v2\/media\/37544"}],"wp:attachment":[{"href":"https:\/\/www.sp-equipements.com\/site\/wp-json\/wp\/v2\/media?parent=20770"}],"wp:term":[{"taxonomy":"product_cat","embeddable":true,"href":"https:\/\/www.sp-equipements.com\/site\/wp-json\/wp\/v2\/product_cat?post=20770"},{"taxonomy":"product_tag","embeddable":true,"href":"https:\/\/www.sp-equipements.com\/site\/wp-json\/wp\/v2\/product_tag?post=20770"}],"curies":[{"name":"wp","href":"https:\/\/api.w.org\/{rel}","templated":true}]}}