{"id":20772,"date":"2019-06-05T12:11:32","date_gmt":"2019-06-05T10:11:32","guid":{"rendered":"http:\/\/www.polyequipements.com\/produit\/treuil-manuel-tirfor-jockey\/"},"modified":"2019-06-19T15:30:34","modified_gmt":"2019-06-19T13:30:34","slug":"treuil-manuel-tirfor-jockey","status":"publish","type":"product","link":"https:\/\/www.sp-equipements.com\/site\/produit\/treuil-manuel-tirfor-jockey\/","title":{"rendered":"Treuil Manuel TIRFOR\u00ae JOCKEY\u00ae"},"content":{"rendered":"","protected":false},"excerpt":{"rendered":"<p><i>Ces appareils Jockey\u00ae extra-l\u00e9gers et robustes sont faciles \u00e0 utiliser et \u00e0 entretenir. Ils rendront de nombreux services aux professionnels comme aux particuliers.<\/i><\/p>\n<p>Longueur standard : 10m<\/p>\n","protected":false},"featured_media":37545,"comment_status":"open","ping_status":"closed","template":"","meta":[],"product_cat":[97,148],"product_tag":[],"yoast_head":"<!-- This site is optimized with the Yoast SEO plugin v22.2 - https:\/\/yoast.com\/wordpress\/plugins\/seo\/ -->\n<title>Treuil Manuel TIRFOR\u00ae JOCKEY\u00ae - SP \u00c9quipements<\/title>\n<meta name=\"robots\" content=\"index, follow, max-snippet:-1, max-image-preview:large, max-video-preview:-1\" \/>\n<link rel=\"canonical\" href=\"https:\/\/www.sp-equipements.com\/site\/produit\/treuil-manuel-tirfor-jockey\/\" \/>\n<meta property=\"og:locale\" content=\"fr_FR\" \/>\n<meta property=\"og:type\" content=\"article\" \/>\n<meta property=\"og:title\" content=\"Treuil Manuel TIRFOR\u00ae JOCKEY\u00ae - SP \u00c9quipements\" \/>\n<meta property=\"og:description\" content=\"Ces appareils Jockey\u00ae extra-l\u00e9gers et robustes sont faciles \u00e0 utiliser et \u00e0 entretenir. Ils rendront de nombreux services aux professionnels comme aux particuliers.  Longueur standard : 10m\" \/>\n<meta property=\"og:url\" content=\"https:\/\/www.sp-equipements.com\/site\/produit\/treuil-manuel-tirfor-jockey\/\" \/>\n<meta property=\"og:site_name\" content=\"SP \u00c9quipements\" \/>\n<meta property=\"article:modified_time\" content=\"2019-06-19T13:30:34+00:00\" \/>\n<meta property=\"og:image\" content=\"https:\/\/www.sp-equipements.com\/site\/wp-content\/uploads\/2019\/06\/tirfor_jockey-1.jpg\" \/>\n\t<meta property=\"og:image:width\" content=\"190\" \/>\n\t<meta property=\"og:image:height\" content=\"190\" \/>\n\t<meta property=\"og:image:type\" content=\"image\/jpeg\" \/>\n<meta name=\"twitter:card\" content=\"summary_large_image\" \/>\n<script type=\"application\/ld+json\" class=\"yoast-schema-graph\">{\"@context\":\"https:\/\/schema.org\",\"@graph\":[{\"@type\":\"WebPage\",\"@id\":\"https:\/\/www.sp-equipements.com\/site\/produit\/treuil-manuel-tirfor-jockey\/\",\"url\":\"https:\/\/www.sp-equipements.com\/site\/produit\/treuil-manuel-tirfor-jockey\/\",\"name\":\"Treuil Manuel TIRFOR\u00ae JOCKEY\u00ae - SP \u00c9quipements\",\"isPartOf\":{\"@id\":\"https:\/\/www.sp-equipements.com\/site\/#website\"},\"primaryImageOfPage\":{\"@id\":\"https:\/\/www.sp-equipements.com\/site\/produit\/treuil-manuel-tirfor-jockey\/#primaryimage\"},\"image\":{\"@id\":\"https:\/\/www.sp-equipements.com\/site\/produit\/treuil-manuel-tirfor-jockey\/#primaryimage\"},\"thumbnailUrl\":\"https:\/\/www.sp-equipements.com\/site\/wp-content\/uploads\/2019\/06\/tirfor_jockey-1.jpg\",\"datePublished\":\"2019-06-05T10:11:32+00:00\",\"dateModified\":\"2019-06-19T13:30:34+00:00\",\"breadcrumb\":{\"@id\":\"https:\/\/www.sp-equipements.com\/site\/produit\/treuil-manuel-tirfor-jockey\/#breadcrumb\"},\"inLanguage\":\"fr-FR\",\"potentialAction\":[{\"@type\":\"ReadAction\",\"target\":[\"https:\/\/www.sp-equipements.com\/site\/produit\/treuil-manuel-tirfor-jockey\/\"]}]},{\"@type\":\"ImageObject\",\"inLanguage\":\"fr-FR\",\"@id\":\"https:\/\/www.sp-equipements.com\/site\/produit\/treuil-manuel-tirfor-jockey\/#primaryimage\",\"url\":\"https:\/\/www.sp-equipements.com\/site\/wp-content\/uploads\/2019\/06\/tirfor_jockey-1.jpg\",\"contentUrl\":\"https:\/\/www.sp-equipements.com\/site\/wp-content\/uploads\/2019\/06\/tirfor_jockey-1.jpg\",\"width\":190,\"height\":190,\"caption\":\"tirfor jockey 1\"},{\"@type\":\"BreadcrumbList\",\"@id\":\"https:\/\/www.sp-equipements.com\/site\/produit\/treuil-manuel-tirfor-jockey\/#breadcrumb\",\"itemListElement\":[{\"@type\":\"ListItem\",\"position\":1,\"name\":\"Accueil\",\"item\":\"https:\/\/www.sp-equipements.com\/site\/\"},{\"@type\":\"ListItem\",\"position\":2,\"name\":\"Catalogue\",\"item\":\"https:\/\/www.sp-equipements.com\/site\/catalogue\/\"},{\"@type\":\"ListItem\",\"position\":3,\"name\":\"Treuil Manuel TIRFOR\u00ae JOCKEY\u00ae\"}]},{\"@type\":\"WebSite\",\"@id\":\"https:\/\/www.sp-equipements.com\/site\/#website\",\"url\":\"https:\/\/www.sp-equipements.com\/site\/\",\"name\":\"SP \u00c9quipements\",\"description\":\"\u00c9quipements de collectivit\u00e9s\",\"potentialAction\":[{\"@type\":\"SearchAction\",\"target\":{\"@type\":\"EntryPoint\",\"urlTemplate\":\"https:\/\/www.sp-equipements.com\/site\/?s={search_term_string}\"},\"query-input\":\"required name=search_term_string\"}],\"inLanguage\":\"fr-FR\"}]}<\/script>\n<!-- \/ Yoast SEO plugin. -->","yoast_head_json":{"title":"Treuil Manuel TIRFOR\u00ae JOCKEY\u00ae - SP \u00c9quipements","robots":{"index":"index","follow":"follow","max-snippet":"max-snippet:-1","max-image-preview":"max-image-preview:large","max-video-preview":"max-video-preview:-1"},"canonical":"https:\/\/www.sp-equipements.com\/site\/produit\/treuil-manuel-tirfor-jockey\/","og_locale":"fr_FR","og_type":"article","og_title":"Treuil Manuel TIRFOR\u00ae JOCKEY\u00ae - SP \u00c9quipements","og_description":"Ces appareils Jockey\u00ae extra-l\u00e9gers et robustes sont faciles \u00e0 utiliser et \u00e0 entretenir. Ils rendront de nombreux services aux professionnels comme aux particuliers.  Longueur standard : 10m","og_url":"https:\/\/www.sp-equipements.com\/site\/produit\/treuil-manuel-tirfor-jockey\/","og_site_name":"SP \u00c9quipements","article_modified_time":"2019-06-19T13:30:34+00:00","og_image":[{"width":190,"height":190,"url":"https:\/\/www.sp-equipements.com\/site\/wp-content\/uploads\/2019\/06\/tirfor_jockey-1.jpg","type":"image\/jpeg"}],"twitter_card":"summary_large_image","schema":{"@context":"https:\/\/schema.org","@graph":[{"@type":"WebPage","@id":"https:\/\/www.sp-equipements.com\/site\/produit\/treuil-manuel-tirfor-jockey\/","url":"https:\/\/www.sp-equipements.com\/site\/produit\/treuil-manuel-tirfor-jockey\/","name":"Treuil Manuel TIRFOR\u00ae JOCKEY\u00ae - SP \u00c9quipements","isPartOf":{"@id":"https:\/\/www.sp-equipements.com\/site\/#website"},"primaryImageOfPage":{"@id":"https:\/\/www.sp-equipements.com\/site\/produit\/treuil-manuel-tirfor-jockey\/#primaryimage"},"image":{"@id":"https:\/\/www.sp-equipements.com\/site\/produit\/treuil-manuel-tirfor-jockey\/#primaryimage"},"thumbnailUrl":"https:\/\/www.sp-equipements.com\/site\/wp-content\/uploads\/2019\/06\/tirfor_jockey-1.jpg","datePublished":"2019-06-05T10:11:32+00:00","dateModified":"2019-06-19T13:30:34+00:00","breadcrumb":{"@id":"https:\/\/www.sp-equipements.com\/site\/produit\/treuil-manuel-tirfor-jockey\/#breadcrumb"},"inLanguage":"fr-FR","potentialAction":[{"@type":"ReadAction","target":["https:\/\/www.sp-equipements.com\/site\/produit\/treuil-manuel-tirfor-jockey\/"]}]},{"@type":"ImageObject","inLanguage":"fr-FR","@id":"https:\/\/www.sp-equipements.com\/site\/produit\/treuil-manuel-tirfor-jockey\/#primaryimage","url":"https:\/\/www.sp-equipements.com\/site\/wp-content\/uploads\/2019\/06\/tirfor_jockey-1.jpg","contentUrl":"https:\/\/www.sp-equipements.com\/site\/wp-content\/uploads\/2019\/06\/tirfor_jockey-1.jpg","width":190,"height":190,"caption":"tirfor jockey 1"},{"@type":"BreadcrumbList","@id":"https:\/\/www.sp-equipements.com\/site\/produit\/treuil-manuel-tirfor-jockey\/#breadcrumb","itemListElement":[{"@type":"ListItem","position":1,"name":"Accueil","item":"https:\/\/www.sp-equipements.com\/site\/"},{"@type":"ListItem","position":2,"name":"Catalogue","item":"https:\/\/www.sp-equipements.com\/site\/catalogue\/"},{"@type":"ListItem","position":3,"name":"Treuil Manuel TIRFOR\u00ae JOCKEY\u00ae"}]},{"@type":"WebSite","@id":"https:\/\/www.sp-equipements.com\/site\/#website","url":"https:\/\/www.sp-equipements.com\/site\/","name":"SP \u00c9quipements","description":"\u00c9quipements de collectivit\u00e9s","potentialAction":[{"@type":"SearchAction","target":{"@type":"EntryPoint","urlTemplate":"https:\/\/www.sp-equipements.com\/site\/?s={search_term_string}"},"query-input":"required name=search_term_string"}],"inLanguage":"fr-FR"}]}},"_links":{"self":[{"href":"https:\/\/www.sp-equipements.com\/site\/wp-json\/wp\/v2\/product\/20772"}],"collection":[{"href":"https:\/\/www.sp-equipements.com\/site\/wp-json\/wp\/v2\/product"}],"about":[{"href":"https:\/\/www.sp-equipements.com\/site\/wp-json\/wp\/v2\/types\/product"}],"replies":[{"embeddable":true,"href":"https:\/\/www.sp-equipements.com\/site\/wp-json\/wp\/v2\/comments?post=20772"}],"wp:featuredmedia":[{"embeddable":true,"href":"https:\/\/www.sp-equipements.com\/site\/wp-json\/wp\/v2\/media\/37545"}],"wp:attachment":[{"href":"https:\/\/www.sp-equipements.com\/site\/wp-json\/wp\/v2\/media?parent=20772"}],"wp:term":[{"taxonomy":"product_cat","embeddable":true,"href":"https:\/\/www.sp-equipements.com\/site\/wp-json\/wp\/v2\/product_cat?post=20772"},{"taxonomy":"product_tag","embeddable":true,"href":"https:\/\/www.sp-equipements.com\/site\/wp-json\/wp\/v2\/product_tag?post=20772"}],"curies":[{"name":"wp","href":"https:\/\/api.w.org\/{rel}","templated":true}]}}