{"id":20780,"date":"2019-06-05T12:11:35","date_gmt":"2019-06-05T10:11:35","guid":{"rendered":"http:\/\/www.polyequipements.com\/produit\/palan-electrique-chainmaster\/"},"modified":"2022-05-11T08:37:28","modified_gmt":"2022-05-11T06:37:28","slug":"palan-electrique-chainmaster","status":"publish","type":"product","link":"https:\/\/www.sp-equipements.com\/site\/produit\/palan-electrique-chainmaster\/","title":{"rendered":"Palan Electrique CHAINMASTER"},"content":{"rendered":"","protected":false},"excerpt":{"rendered":"<p><i>Qu&rsquo;il s&rsquo;agisse d&rsquo;installations fixes ou mobiles dans les studios, les halls, les th\u00e9\u00e2tres et les expositions, les palans \u00e9lectriques CHAINMASTER se sont impos\u00e9s sur le march\u00e9 mondial de l&rsquo;\u00e9quipement sc\u00e8nique.<\/i><\/p>\n<p><b>Caract\u00e9ristiques<\/b><br \/>\n\u2022 Capacit\u00e9 250kg \u00e0 5000kg<br \/>\n\u2022 Version sc\u00e9nique par d\u00e9faut, existe \u00e9galement en version industrie (nous consulter)<br \/>\n\u2022 Protection de surcharge par limiteur de couple \u00e0 friction brevet\u00e9<br \/>\n\u2022 Commande l\u00e9g\u00e8re et compacte<br \/>\n\u2022 Guidage pr\u00e9cis de la cha\u00eene<br \/>\n\u2022 Bac \u00e0 cha\u00eene textile<\/p>\n<p><b>Les +<\/b><br \/>\n\u2022 Assemblage limiteur de couple \u00e0 friction \u00e0 frein brevet\u00e9<br \/>\n\u2022 Plaque de guidage en polyamide minimise le risque de formation de noeuds<br \/>\n\u2022 Pignon de guidage \u00e0 5 empreintes pour une mobilit\u00e9 plus s\u00fbre<br \/>\n\u2022 Console \u00e0 crochet orientable (option) pour des charges de 250 \u00e0 5000 kg<br \/>\n\u2022 Crochet de mouflage (option) pour des capacit\u00e9s de charge de 250 \u00e0 5000 kg<\/p>\n","protected":false},"featured_media":37551,"comment_status":"open","ping_status":"closed","template":"","meta":[],"product_cat":[152,97],"product_tag":[],"yoast_head":"<!-- This site is optimized with the Yoast SEO plugin v22.2 - https:\/\/yoast.com\/wordpress\/plugins\/seo\/ -->\n<title>Palan Electrique CHAINMASTER - SP \u00c9quipements<\/title>\n<meta name=\"robots\" content=\"index, follow, max-snippet:-1, max-image-preview:large, max-video-preview:-1\" \/>\n<link rel=\"canonical\" href=\"https:\/\/www.sp-equipements.com\/site\/produit\/palan-electrique-chainmaster\/\" \/>\n<meta property=\"og:locale\" content=\"fr_FR\" \/>\n<meta property=\"og:type\" content=\"article\" \/>\n<meta property=\"og:title\" content=\"Palan Electrique CHAINMASTER - SP \u00c9quipements\" \/>\n<meta property=\"og:description\" content=\"Qu&#039;il s&#039;agisse d&#039;installations fixes ou mobiles dans les studios, les halls, les th\u00e9\u00e2tres et les expositions, les palans \u00e9lectriques CHAINMASTER se sont impos\u00e9s sur le march\u00e9 mondial de l&#039;\u00e9quipement sc\u00e8nique.  Caract\u00e9ristiques \u2022 Capacit\u00e9 250kg \u00e0 5000kg \u2022 Version sc\u00e9nique par d\u00e9faut, existe \u00e9galement en version industrie (nous consulter) \u2022 Protection de surcharge par limiteur de couple \u00e0 friction brevet\u00e9 \u2022 Commande l\u00e9g\u00e8re et compacte \u2022 Guidage pr\u00e9cis de la cha\u00eene \u2022 Bac \u00e0 cha\u00eene textile  Les + \u2022 Assemblage limiteur de couple \u00e0 friction \u00e0 frein brevet\u00e9 \u2022 Plaque de guidage en polyamide minimise le risque de formation de noeuds \u2022 Pignon de guidage \u00e0 5 empreintes pour une mobilit\u00e9 plus s\u00fbre \u2022 Console \u00e0 crochet orientable (option) pour des charges de 250 \u00e0 5000 kg \u2022 Crochet de mouflage (option) pour des capacit\u00e9s de charge de 250 \u00e0 5000 kg\" \/>\n<meta property=\"og:url\" content=\"https:\/\/www.sp-equipements.com\/site\/produit\/palan-electrique-chainmaster\/\" \/>\n<meta property=\"og:site_name\" content=\"SP \u00c9quipements\" \/>\n<meta property=\"article:modified_time\" content=\"2022-05-11T06:37:28+00:00\" \/>\n<meta property=\"og:image\" content=\"https:\/\/www.sp-equipements.com\/site\/wp-content\/uploads\/2019\/06\/moteur_chainmaster-1.jpg\" \/>\n\t<meta property=\"og:image:width\" content=\"190\" \/>\n\t<meta property=\"og:image:height\" content=\"190\" \/>\n\t<meta property=\"og:image:type\" content=\"image\/jpeg\" \/>\n<meta name=\"twitter:card\" content=\"summary_large_image\" \/>\n<script type=\"application\/ld+json\" class=\"yoast-schema-graph\">{\"@context\":\"https:\/\/schema.org\",\"@graph\":[{\"@type\":\"WebPage\",\"@id\":\"https:\/\/www.sp-equipements.com\/site\/produit\/palan-electrique-chainmaster\/\",\"url\":\"https:\/\/www.sp-equipements.com\/site\/produit\/palan-electrique-chainmaster\/\",\"name\":\"Palan Electrique CHAINMASTER - SP \u00c9quipements\",\"isPartOf\":{\"@id\":\"https:\/\/www.sp-equipements.com\/site\/#website\"},\"primaryImageOfPage\":{\"@id\":\"https:\/\/www.sp-equipements.com\/site\/produit\/palan-electrique-chainmaster\/#primaryimage\"},\"image\":{\"@id\":\"https:\/\/www.sp-equipements.com\/site\/produit\/palan-electrique-chainmaster\/#primaryimage\"},\"thumbnailUrl\":\"https:\/\/www.sp-equipements.com\/site\/wp-content\/uploads\/2019\/06\/moteur_chainmaster-1.jpg\",\"datePublished\":\"2019-06-05T10:11:35+00:00\",\"dateModified\":\"2022-05-11T06:37:28+00:00\",\"breadcrumb\":{\"@id\":\"https:\/\/www.sp-equipements.com\/site\/produit\/palan-electrique-chainmaster\/#breadcrumb\"},\"inLanguage\":\"fr-FR\",\"potentialAction\":[{\"@type\":\"ReadAction\",\"target\":[\"https:\/\/www.sp-equipements.com\/site\/produit\/palan-electrique-chainmaster\/\"]}]},{\"@type\":\"ImageObject\",\"inLanguage\":\"fr-FR\",\"@id\":\"https:\/\/www.sp-equipements.com\/site\/produit\/palan-electrique-chainmaster\/#primaryimage\",\"url\":\"https:\/\/www.sp-equipements.com\/site\/wp-content\/uploads\/2019\/06\/moteur_chainmaster-1.jpg\",\"contentUrl\":\"https:\/\/www.sp-equipements.com\/site\/wp-content\/uploads\/2019\/06\/moteur_chainmaster-1.jpg\",\"width\":190,\"height\":190,\"caption\":\"moteur chainmaster 1\"},{\"@type\":\"BreadcrumbList\",\"@id\":\"https:\/\/www.sp-equipements.com\/site\/produit\/palan-electrique-chainmaster\/#breadcrumb\",\"itemListElement\":[{\"@type\":\"ListItem\",\"position\":1,\"name\":\"Accueil\",\"item\":\"https:\/\/www.sp-equipements.com\/site\/\"},{\"@type\":\"ListItem\",\"position\":2,\"name\":\"Catalogue\",\"item\":\"https:\/\/www.sp-equipements.com\/site\/catalogue\/\"},{\"@type\":\"ListItem\",\"position\":3,\"name\":\"Palan Electrique CHAINMASTER\"}]},{\"@type\":\"WebSite\",\"@id\":\"https:\/\/www.sp-equipements.com\/site\/#website\",\"url\":\"https:\/\/www.sp-equipements.com\/site\/\",\"name\":\"SP \u00c9quipements\",\"description\":\"\u00c9quipements de collectivit\u00e9s\",\"potentialAction\":[{\"@type\":\"SearchAction\",\"target\":{\"@type\":\"EntryPoint\",\"urlTemplate\":\"https:\/\/www.sp-equipements.com\/site\/?s={search_term_string}\"},\"query-input\":\"required name=search_term_string\"}],\"inLanguage\":\"fr-FR\"}]}<\/script>\n<!-- \/ Yoast SEO plugin. -->","yoast_head_json":{"title":"Palan Electrique CHAINMASTER - SP \u00c9quipements","robots":{"index":"index","follow":"follow","max-snippet":"max-snippet:-1","max-image-preview":"max-image-preview:large","max-video-preview":"max-video-preview:-1"},"canonical":"https:\/\/www.sp-equipements.com\/site\/produit\/palan-electrique-chainmaster\/","og_locale":"fr_FR","og_type":"article","og_title":"Palan Electrique CHAINMASTER - SP \u00c9quipements","og_description":"Qu'il s'agisse d'installations fixes ou mobiles dans les studios, les halls, les th\u00e9\u00e2tres et les expositions, les palans \u00e9lectriques CHAINMASTER se sont impos\u00e9s sur le march\u00e9 mondial de l'\u00e9quipement sc\u00e8nique.  Caract\u00e9ristiques \u2022 Capacit\u00e9 250kg \u00e0 5000kg \u2022 Version sc\u00e9nique par d\u00e9faut, existe \u00e9galement en version industrie (nous consulter) \u2022 Protection de surcharge par limiteur de couple \u00e0 friction brevet\u00e9 \u2022 Commande l\u00e9g\u00e8re et compacte \u2022 Guidage pr\u00e9cis de la cha\u00eene \u2022 Bac \u00e0 cha\u00eene textile  Les + \u2022 Assemblage limiteur de couple \u00e0 friction \u00e0 frein brevet\u00e9 \u2022 Plaque de guidage en polyamide minimise le risque de formation de noeuds \u2022 Pignon de guidage \u00e0 5 empreintes pour une mobilit\u00e9 plus s\u00fbre \u2022 Console \u00e0 crochet orientable (option) pour des charges de 250 \u00e0 5000 kg \u2022 Crochet de mouflage (option) pour des capacit\u00e9s de charge de 250 \u00e0 5000 kg","og_url":"https:\/\/www.sp-equipements.com\/site\/produit\/palan-electrique-chainmaster\/","og_site_name":"SP \u00c9quipements","article_modified_time":"2022-05-11T06:37:28+00:00","og_image":[{"width":190,"height":190,"url":"https:\/\/www.sp-equipements.com\/site\/wp-content\/uploads\/2019\/06\/moteur_chainmaster-1.jpg","type":"image\/jpeg"}],"twitter_card":"summary_large_image","schema":{"@context":"https:\/\/schema.org","@graph":[{"@type":"WebPage","@id":"https:\/\/www.sp-equipements.com\/site\/produit\/palan-electrique-chainmaster\/","url":"https:\/\/www.sp-equipements.com\/site\/produit\/palan-electrique-chainmaster\/","name":"Palan Electrique CHAINMASTER - SP \u00c9quipements","isPartOf":{"@id":"https:\/\/www.sp-equipements.com\/site\/#website"},"primaryImageOfPage":{"@id":"https:\/\/www.sp-equipements.com\/site\/produit\/palan-electrique-chainmaster\/#primaryimage"},"image":{"@id":"https:\/\/www.sp-equipements.com\/site\/produit\/palan-electrique-chainmaster\/#primaryimage"},"thumbnailUrl":"https:\/\/www.sp-equipements.com\/site\/wp-content\/uploads\/2019\/06\/moteur_chainmaster-1.jpg","datePublished":"2019-06-05T10:11:35+00:00","dateModified":"2022-05-11T06:37:28+00:00","breadcrumb":{"@id":"https:\/\/www.sp-equipements.com\/site\/produit\/palan-electrique-chainmaster\/#breadcrumb"},"inLanguage":"fr-FR","potentialAction":[{"@type":"ReadAction","target":["https:\/\/www.sp-equipements.com\/site\/produit\/palan-electrique-chainmaster\/"]}]},{"@type":"ImageObject","inLanguage":"fr-FR","@id":"https:\/\/www.sp-equipements.com\/site\/produit\/palan-electrique-chainmaster\/#primaryimage","url":"https:\/\/www.sp-equipements.com\/site\/wp-content\/uploads\/2019\/06\/moteur_chainmaster-1.jpg","contentUrl":"https:\/\/www.sp-equipements.com\/site\/wp-content\/uploads\/2019\/06\/moteur_chainmaster-1.jpg","width":190,"height":190,"caption":"moteur chainmaster 1"},{"@type":"BreadcrumbList","@id":"https:\/\/www.sp-equipements.com\/site\/produit\/palan-electrique-chainmaster\/#breadcrumb","itemListElement":[{"@type":"ListItem","position":1,"name":"Accueil","item":"https:\/\/www.sp-equipements.com\/site\/"},{"@type":"ListItem","position":2,"name":"Catalogue","item":"https:\/\/www.sp-equipements.com\/site\/catalogue\/"},{"@type":"ListItem","position":3,"name":"Palan Electrique CHAINMASTER"}]},{"@type":"WebSite","@id":"https:\/\/www.sp-equipements.com\/site\/#website","url":"https:\/\/www.sp-equipements.com\/site\/","name":"SP \u00c9quipements","description":"\u00c9quipements de collectivit\u00e9s","potentialAction":[{"@type":"SearchAction","target":{"@type":"EntryPoint","urlTemplate":"https:\/\/www.sp-equipements.com\/site\/?s={search_term_string}"},"query-input":"required name=search_term_string"}],"inLanguage":"fr-FR"}]}},"_links":{"self":[{"href":"https:\/\/www.sp-equipements.com\/site\/wp-json\/wp\/v2\/product\/20780"}],"collection":[{"href":"https:\/\/www.sp-equipements.com\/site\/wp-json\/wp\/v2\/product"}],"about":[{"href":"https:\/\/www.sp-equipements.com\/site\/wp-json\/wp\/v2\/types\/product"}],"replies":[{"embeddable":true,"href":"https:\/\/www.sp-equipements.com\/site\/wp-json\/wp\/v2\/comments?post=20780"}],"wp:featuredmedia":[{"embeddable":true,"href":"https:\/\/www.sp-equipements.com\/site\/wp-json\/wp\/v2\/media\/37551"}],"wp:attachment":[{"href":"https:\/\/www.sp-equipements.com\/site\/wp-json\/wp\/v2\/media?parent=20780"}],"wp:term":[{"taxonomy":"product_cat","embeddable":true,"href":"https:\/\/www.sp-equipements.com\/site\/wp-json\/wp\/v2\/product_cat?post=20780"},{"taxonomy":"product_tag","embeddable":true,"href":"https:\/\/www.sp-equipements.com\/site\/wp-json\/wp\/v2\/product_tag?post=20780"}],"curies":[{"name":"wp","href":"https:\/\/api.w.org\/{rel}","templated":true}]}}