{"id":20785,"date":"2019-06-05T12:11:39","date_gmt":"2019-06-05T10:11:39","guid":{"rendered":"http:\/\/www.polyequipements.com\/produit\/palan-manuel-a-chaine\/"},"modified":"2019-06-19T15:30:38","modified_gmt":"2019-06-19T13:30:38","slug":"palan-manuel-a-chaine","status":"publish","type":"product","link":"https:\/\/www.sp-equipements.com\/site\/produit\/palan-manuel-a-chaine\/","title":{"rendered":"Palan Manuel \u00e0 Cha\u00eene"},"content":{"rendered":"","protected":false},"excerpt":{"rendered":"<p>\u2022 Conception monobloc du palan \u00e0 3 axes traversants entre les flasques, offrant ainsi une parfaite rigidit\u00e9 contre les efforts et d\u00e9formations.<\/p>\n<p>\u2022 M\u00e9canique interne bichromat\u00e9e offrant une meilleur r\u00e9sistance \u00e0 la corrosion.<\/p>\n<p>\u2022 M\u00e9canique de frein enti\u00e8rement cart\u00e9ris\u00e9e prot\u00e9geant le palan contre les poussi\u00e8res et particules ext\u00e9rieures, ce qui permet d\u2019avoir une ouverture de capot beaucoup plus large por l\u2019angle de tirage de la cha\u00eene de manoeuvre. Le syst\u00e8me de frein est enti\u00e8rement int\u00e9gr\u00e9 au carter.<\/p>\n<p>\u2022 Crochets en acier forg\u00e9 rotatifs \u00e0 360\u00b0, con\u00e7us de telle mani\u00e8re qu\u2019en cas de surcharge, ils ne cassent pas mais s\u2019ouvrent lentement. La cha\u00eene en acier zingu\u00e9 satisfait \u00e0 toutes les normes nationales et internationales en vigueur.<\/p>\n<p>\u2022 Longueur de base : 3m, 6m ou 12m de cha\u00eene. Pour m\u00e9trage suppl\u00e9mentaire, voir l&rsquo;article <i>Metre Supp. Cha\u00eene du Palan Manuel<\/i>.<\/p>\n","protected":false},"featured_media":37555,"comment_status":"open","ping_status":"closed","template":"","meta":[],"product_cat":[97,149],"product_tag":[],"yoast_head":"<!-- This site is optimized with the Yoast SEO plugin v22.2 - https:\/\/yoast.com\/wordpress\/plugins\/seo\/ -->\n<title>Palan Manuel \u00e0 Cha\u00eene - SP \u00c9quipements<\/title>\n<meta name=\"robots\" content=\"index, follow, max-snippet:-1, max-image-preview:large, max-video-preview:-1\" \/>\n<link rel=\"canonical\" href=\"https:\/\/www.sp-equipements.com\/site\/produit\/palan-manuel-a-chaine\/\" \/>\n<meta property=\"og:locale\" content=\"fr_FR\" \/>\n<meta property=\"og:type\" content=\"article\" \/>\n<meta property=\"og:title\" content=\"Palan Manuel \u00e0 Cha\u00eene - SP \u00c9quipements\" \/>\n<meta property=\"og:description\" content=\"\u2022 Conception monobloc du palan \u00e0 3 axes traversants entre les flasques, offrant ainsi une parfaite rigidit\u00e9 contre les efforts et d\u00e9formations.  \u2022 M\u00e9canique interne bichromat\u00e9e offrant une meilleur r\u00e9sistance \u00e0 la corrosion.  \u2022 M\u00e9canique de frein enti\u00e8rement cart\u00e9ris\u00e9e prot\u00e9geant le palan contre les poussi\u00e8res et particules ext\u00e9rieures, ce qui permet d\u2019avoir une ouverture de capot beaucoup plus large por l\u2019angle de tirage de la cha\u00eene de manoeuvre. Le syst\u00e8me de frein est enti\u00e8rement int\u00e9gr\u00e9 au carter.  \u2022 Crochets en acier forg\u00e9 rotatifs \u00e0 360\u00b0, con\u00e7us de telle mani\u00e8re qu\u2019en cas de surcharge, ils ne cassent pas mais s\u2019ouvrent lentement. La cha\u00eene en acier zingu\u00e9 satisfait \u00e0 toutes les normes nationales et internationales en vigueur.  \u2022 Longueur de base : 3m, 6m ou 12m de cha\u00eene. Pour m\u00e9trage suppl\u00e9mentaire, voir l&#039;article Metre Supp. Cha\u00eene du Palan Manuel.\" \/>\n<meta property=\"og:url\" content=\"https:\/\/www.sp-equipements.com\/site\/produit\/palan-manuel-a-chaine\/\" \/>\n<meta property=\"og:site_name\" content=\"SP \u00c9quipements\" \/>\n<meta property=\"article:modified_time\" content=\"2019-06-19T13:30:38+00:00\" \/>\n<meta property=\"og:image\" content=\"https:\/\/www.sp-equipements.com\/site\/wp-content\/uploads\/2019\/06\/palan_manuel-1.jpg\" \/>\n\t<meta property=\"og:image:width\" content=\"190\" \/>\n\t<meta property=\"og:image:height\" content=\"190\" \/>\n\t<meta property=\"og:image:type\" content=\"image\/jpeg\" \/>\n<meta name=\"twitter:card\" content=\"summary_large_image\" \/>\n<script type=\"application\/ld+json\" class=\"yoast-schema-graph\">{\"@context\":\"https:\/\/schema.org\",\"@graph\":[{\"@type\":\"WebPage\",\"@id\":\"https:\/\/www.sp-equipements.com\/site\/produit\/palan-manuel-a-chaine\/\",\"url\":\"https:\/\/www.sp-equipements.com\/site\/produit\/palan-manuel-a-chaine\/\",\"name\":\"Palan Manuel \u00e0 Cha\u00eene - SP \u00c9quipements\",\"isPartOf\":{\"@id\":\"https:\/\/www.sp-equipements.com\/site\/#website\"},\"primaryImageOfPage\":{\"@id\":\"https:\/\/www.sp-equipements.com\/site\/produit\/palan-manuel-a-chaine\/#primaryimage\"},\"image\":{\"@id\":\"https:\/\/www.sp-equipements.com\/site\/produit\/palan-manuel-a-chaine\/#primaryimage\"},\"thumbnailUrl\":\"https:\/\/www.sp-equipements.com\/site\/wp-content\/uploads\/2019\/06\/palan_manuel-1.jpg\",\"datePublished\":\"2019-06-05T10:11:39+00:00\",\"dateModified\":\"2019-06-19T13:30:38+00:00\",\"breadcrumb\":{\"@id\":\"https:\/\/www.sp-equipements.com\/site\/produit\/palan-manuel-a-chaine\/#breadcrumb\"},\"inLanguage\":\"fr-FR\",\"potentialAction\":[{\"@type\":\"ReadAction\",\"target\":[\"https:\/\/www.sp-equipements.com\/site\/produit\/palan-manuel-a-chaine\/\"]}]},{\"@type\":\"ImageObject\",\"inLanguage\":\"fr-FR\",\"@id\":\"https:\/\/www.sp-equipements.com\/site\/produit\/palan-manuel-a-chaine\/#primaryimage\",\"url\":\"https:\/\/www.sp-equipements.com\/site\/wp-content\/uploads\/2019\/06\/palan_manuel-1.jpg\",\"contentUrl\":\"https:\/\/www.sp-equipements.com\/site\/wp-content\/uploads\/2019\/06\/palan_manuel-1.jpg\",\"width\":190,\"height\":190,\"caption\":\"palan manuel 1\"},{\"@type\":\"BreadcrumbList\",\"@id\":\"https:\/\/www.sp-equipements.com\/site\/produit\/palan-manuel-a-chaine\/#breadcrumb\",\"itemListElement\":[{\"@type\":\"ListItem\",\"position\":1,\"name\":\"Accueil\",\"item\":\"https:\/\/www.sp-equipements.com\/site\/\"},{\"@type\":\"ListItem\",\"position\":2,\"name\":\"Catalogue\",\"item\":\"https:\/\/www.sp-equipements.com\/site\/catalogue\/\"},{\"@type\":\"ListItem\",\"position\":3,\"name\":\"Palan Manuel \u00e0 Cha\u00eene\"}]},{\"@type\":\"WebSite\",\"@id\":\"https:\/\/www.sp-equipements.com\/site\/#website\",\"url\":\"https:\/\/www.sp-equipements.com\/site\/\",\"name\":\"SP \u00c9quipements\",\"description\":\"\u00c9quipements de collectivit\u00e9s\",\"potentialAction\":[{\"@type\":\"SearchAction\",\"target\":{\"@type\":\"EntryPoint\",\"urlTemplate\":\"https:\/\/www.sp-equipements.com\/site\/?s={search_term_string}\"},\"query-input\":\"required name=search_term_string\"}],\"inLanguage\":\"fr-FR\"}]}<\/script>\n<!-- \/ Yoast SEO plugin. -->","yoast_head_json":{"title":"Palan Manuel \u00e0 Cha\u00eene - SP \u00c9quipements","robots":{"index":"index","follow":"follow","max-snippet":"max-snippet:-1","max-image-preview":"max-image-preview:large","max-video-preview":"max-video-preview:-1"},"canonical":"https:\/\/www.sp-equipements.com\/site\/produit\/palan-manuel-a-chaine\/","og_locale":"fr_FR","og_type":"article","og_title":"Palan Manuel \u00e0 Cha\u00eene - SP \u00c9quipements","og_description":"\u2022 Conception monobloc du palan \u00e0 3 axes traversants entre les flasques, offrant ainsi une parfaite rigidit\u00e9 contre les efforts et d\u00e9formations.  \u2022 M\u00e9canique interne bichromat\u00e9e offrant une meilleur r\u00e9sistance \u00e0 la corrosion.  \u2022 M\u00e9canique de frein enti\u00e8rement cart\u00e9ris\u00e9e prot\u00e9geant le palan contre les poussi\u00e8res et particules ext\u00e9rieures, ce qui permet d\u2019avoir une ouverture de capot beaucoup plus large por l\u2019angle de tirage de la cha\u00eene de manoeuvre. Le syst\u00e8me de frein est enti\u00e8rement int\u00e9gr\u00e9 au carter.  \u2022 Crochets en acier forg\u00e9 rotatifs \u00e0 360\u00b0, con\u00e7us de telle mani\u00e8re qu\u2019en cas de surcharge, ils ne cassent pas mais s\u2019ouvrent lentement. La cha\u00eene en acier zingu\u00e9 satisfait \u00e0 toutes les normes nationales et internationales en vigueur.  \u2022 Longueur de base : 3m, 6m ou 12m de cha\u00eene. Pour m\u00e9trage suppl\u00e9mentaire, voir l'article Metre Supp. Cha\u00eene du Palan Manuel.","og_url":"https:\/\/www.sp-equipements.com\/site\/produit\/palan-manuel-a-chaine\/","og_site_name":"SP \u00c9quipements","article_modified_time":"2019-06-19T13:30:38+00:00","og_image":[{"width":190,"height":190,"url":"https:\/\/www.sp-equipements.com\/site\/wp-content\/uploads\/2019\/06\/palan_manuel-1.jpg","type":"image\/jpeg"}],"twitter_card":"summary_large_image","schema":{"@context":"https:\/\/schema.org","@graph":[{"@type":"WebPage","@id":"https:\/\/www.sp-equipements.com\/site\/produit\/palan-manuel-a-chaine\/","url":"https:\/\/www.sp-equipements.com\/site\/produit\/palan-manuel-a-chaine\/","name":"Palan Manuel \u00e0 Cha\u00eene - SP \u00c9quipements","isPartOf":{"@id":"https:\/\/www.sp-equipements.com\/site\/#website"},"primaryImageOfPage":{"@id":"https:\/\/www.sp-equipements.com\/site\/produit\/palan-manuel-a-chaine\/#primaryimage"},"image":{"@id":"https:\/\/www.sp-equipements.com\/site\/produit\/palan-manuel-a-chaine\/#primaryimage"},"thumbnailUrl":"https:\/\/www.sp-equipements.com\/site\/wp-content\/uploads\/2019\/06\/palan_manuel-1.jpg","datePublished":"2019-06-05T10:11:39+00:00","dateModified":"2019-06-19T13:30:38+00:00","breadcrumb":{"@id":"https:\/\/www.sp-equipements.com\/site\/produit\/palan-manuel-a-chaine\/#breadcrumb"},"inLanguage":"fr-FR","potentialAction":[{"@type":"ReadAction","target":["https:\/\/www.sp-equipements.com\/site\/produit\/palan-manuel-a-chaine\/"]}]},{"@type":"ImageObject","inLanguage":"fr-FR","@id":"https:\/\/www.sp-equipements.com\/site\/produit\/palan-manuel-a-chaine\/#primaryimage","url":"https:\/\/www.sp-equipements.com\/site\/wp-content\/uploads\/2019\/06\/palan_manuel-1.jpg","contentUrl":"https:\/\/www.sp-equipements.com\/site\/wp-content\/uploads\/2019\/06\/palan_manuel-1.jpg","width":190,"height":190,"caption":"palan manuel 1"},{"@type":"BreadcrumbList","@id":"https:\/\/www.sp-equipements.com\/site\/produit\/palan-manuel-a-chaine\/#breadcrumb","itemListElement":[{"@type":"ListItem","position":1,"name":"Accueil","item":"https:\/\/www.sp-equipements.com\/site\/"},{"@type":"ListItem","position":2,"name":"Catalogue","item":"https:\/\/www.sp-equipements.com\/site\/catalogue\/"},{"@type":"ListItem","position":3,"name":"Palan Manuel \u00e0 Cha\u00eene"}]},{"@type":"WebSite","@id":"https:\/\/www.sp-equipements.com\/site\/#website","url":"https:\/\/www.sp-equipements.com\/site\/","name":"SP \u00c9quipements","description":"\u00c9quipements de collectivit\u00e9s","potentialAction":[{"@type":"SearchAction","target":{"@type":"EntryPoint","urlTemplate":"https:\/\/www.sp-equipements.com\/site\/?s={search_term_string}"},"query-input":"required name=search_term_string"}],"inLanguage":"fr-FR"}]}},"_links":{"self":[{"href":"https:\/\/www.sp-equipements.com\/site\/wp-json\/wp\/v2\/product\/20785"}],"collection":[{"href":"https:\/\/www.sp-equipements.com\/site\/wp-json\/wp\/v2\/product"}],"about":[{"href":"https:\/\/www.sp-equipements.com\/site\/wp-json\/wp\/v2\/types\/product"}],"replies":[{"embeddable":true,"href":"https:\/\/www.sp-equipements.com\/site\/wp-json\/wp\/v2\/comments?post=20785"}],"wp:featuredmedia":[{"embeddable":true,"href":"https:\/\/www.sp-equipements.com\/site\/wp-json\/wp\/v2\/media\/37555"}],"wp:attachment":[{"href":"https:\/\/www.sp-equipements.com\/site\/wp-json\/wp\/v2\/media?parent=20785"}],"wp:term":[{"taxonomy":"product_cat","embeddable":true,"href":"https:\/\/www.sp-equipements.com\/site\/wp-json\/wp\/v2\/product_cat?post=20785"},{"taxonomy":"product_tag","embeddable":true,"href":"https:\/\/www.sp-equipements.com\/site\/wp-json\/wp\/v2\/product_tag?post=20785"}],"curies":[{"name":"wp","href":"https:\/\/api.w.org\/{rel}","templated":true}]}}