{"id":20788,"date":"2019-06-05T12:11:40","date_gmt":"2019-06-05T10:11:40","guid":{"rendered":"http:\/\/www.polyequipements.com\/produit\/palan-electrique-portable-minifor\/"},"modified":"2019-06-19T15:30:39","modified_gmt":"2019-06-19T13:30:39","slug":"palan-electrique-portable-minifor","status":"publish","type":"product","link":"https:\/\/www.sp-equipements.com\/site\/produit\/palan-electrique-portable-minifor\/","title":{"rendered":"Palan Electrique Portable MINIFOR"},"content":{"rendered":"","protected":false},"excerpt":{"rendered":"<p><i>Maniable, course illimit\u00e9e, robuste et puissant<\/i><\/p>\n<p>Le MINIFOR\u00ae est un treuil \u00e9lectrique portable \u00e0 c\u00e2ble passant, particuli\u00e8rement int\u00e9ressant pour les grandes hauteurs de levage. Il trouve de multiples applications dans les diff\u00e9rents corps de m\u00e9tier : b\u00e2timent, second oeuvre, charpentes m\u00e9talliques, industrie, artisanat, etc.<\/p>\n<p>Commande par bo\u00eete \u00e0 bouton longueur 2,5m<br \/>\nSecurit\u00e9 fin de course haut et bas<\/p>\n<p><b>Caract\u00e9ristiques du 300kg :<\/b><br \/>\nCapacit\u00e9 : 300kg<br \/>\nVitesse : 5m\/minute<br \/>\nVolts : 230V<br \/>\nMoteur : monophase 0,37kW<br \/>\nPoids : 21kg<br \/>\nDimensions : 350 \/ 415 \/ 245mm<br \/>\nC\u00e2ble : 6.5mm (Charge minimum de rupture de c\u00e2ble : 2800kg)<\/p>\n<p><b>Caract\u00e9ristiques du 500kg :<\/b><br \/>\nCapacit\u00e9 : 500kg<br \/>\nVitesse : 7m\/minute<br \/>\nVolts : 230V mono ou 400 tri<br \/>\nMoteur : 1.1kW<br \/>\nPoids : 32 ou 28kg selon mono ou tri<br \/>\nDimensions : 350 \/ 415 \/ 245mm<br \/>\nC\u00e2ble : 6.5mm (Charge minimum de rupture de c\u00e2ble : 2800kg)<br \/>\nOption Commande radio avec\u00a0<b>arr\u00eat coup de poing<\/b><\/p>\n<p>C\u00e2ble non fournie (voir article c\u00e2ble aviation)<\/p>\n","protected":false},"featured_media":37556,"comment_status":"open","ping_status":"closed","template":"","meta":[],"product_cat":[152,97],"product_tag":[],"yoast_head":"<!-- This site is optimized with the Yoast SEO plugin v22.2 - https:\/\/yoast.com\/wordpress\/plugins\/seo\/ -->\n<title>Palan Electrique Portable MINIFOR - SP \u00c9quipements<\/title>\n<meta name=\"robots\" content=\"index, follow, max-snippet:-1, max-image-preview:large, max-video-preview:-1\" \/>\n<link rel=\"canonical\" href=\"https:\/\/www.sp-equipements.com\/site\/produit\/palan-electrique-portable-minifor\/\" \/>\n<meta property=\"og:locale\" content=\"fr_FR\" \/>\n<meta property=\"og:type\" content=\"article\" \/>\n<meta property=\"og:title\" content=\"Palan Electrique Portable MINIFOR - SP \u00c9quipements\" \/>\n<meta property=\"og:description\" content=\"Maniable, course illimit\u00e9e, robuste et puissant  Le MINIFOR\u00ae est un treuil \u00e9lectrique portable \u00e0 c\u00e2ble passant, particuli\u00e8rement int\u00e9ressant pour les grandes hauteurs de levage. Il trouve de multiples applications dans les diff\u00e9rents corps de m\u00e9tier : b\u00e2timent, second oeuvre, charpentes m\u00e9talliques, industrie, artisanat, etc.  Commande par bo\u00eete \u00e0 bouton longueur 2,5m Securit\u00e9 fin de course haut et bas  Caract\u00e9ristiques du 300kg : Capacit\u00e9 : 300kg Vitesse : 5m\/minute Volts : 230V Moteur : monophase 0,37kW Poids : 21kg Dimensions : 350 \/ 415 \/ 245mm C\u00e2ble : 6.5mm (Charge minimum de rupture de c\u00e2ble : 2800kg)  Caract\u00e9ristiques du 500kg : Capacit\u00e9 : 500kg Vitesse : 7m\/minute Volts : 230V mono ou 400 tri Moteur : 1.1kW Poids : 32 ou 28kg selon mono ou tri Dimensions : 350 \/ 415 \/ 245mm C\u00e2ble : 6.5mm (Charge minimum de rupture de c\u00e2ble : 2800kg) Option Commande radio avec\u00a0arr\u00eat coup de poing  C\u00e2ble non fournie (voir article c\u00e2ble aviation)\" \/>\n<meta property=\"og:url\" content=\"https:\/\/www.sp-equipements.com\/site\/produit\/palan-electrique-portable-minifor\/\" \/>\n<meta property=\"og:site_name\" content=\"SP \u00c9quipements\" \/>\n<meta property=\"article:modified_time\" content=\"2019-06-19T13:30:39+00:00\" \/>\n<meta property=\"og:image\" content=\"https:\/\/www.sp-equipements.com\/site\/wp-content\/uploads\/2019\/06\/minifor-1.jpg\" \/>\n\t<meta property=\"og:image:width\" content=\"190\" \/>\n\t<meta property=\"og:image:height\" content=\"190\" \/>\n\t<meta property=\"og:image:type\" content=\"image\/jpeg\" \/>\n<meta name=\"twitter:card\" content=\"summary_large_image\" \/>\n<script type=\"application\/ld+json\" class=\"yoast-schema-graph\">{\"@context\":\"https:\/\/schema.org\",\"@graph\":[{\"@type\":\"WebPage\",\"@id\":\"https:\/\/www.sp-equipements.com\/site\/produit\/palan-electrique-portable-minifor\/\",\"url\":\"https:\/\/www.sp-equipements.com\/site\/produit\/palan-electrique-portable-minifor\/\",\"name\":\"Palan Electrique Portable MINIFOR - SP \u00c9quipements\",\"isPartOf\":{\"@id\":\"https:\/\/www.sp-equipements.com\/site\/#website\"},\"primaryImageOfPage\":{\"@id\":\"https:\/\/www.sp-equipements.com\/site\/produit\/palan-electrique-portable-minifor\/#primaryimage\"},\"image\":{\"@id\":\"https:\/\/www.sp-equipements.com\/site\/produit\/palan-electrique-portable-minifor\/#primaryimage\"},\"thumbnailUrl\":\"https:\/\/www.sp-equipements.com\/site\/wp-content\/uploads\/2019\/06\/minifor-1.jpg\",\"datePublished\":\"2019-06-05T10:11:40+00:00\",\"dateModified\":\"2019-06-19T13:30:39+00:00\",\"breadcrumb\":{\"@id\":\"https:\/\/www.sp-equipements.com\/site\/produit\/palan-electrique-portable-minifor\/#breadcrumb\"},\"inLanguage\":\"fr-FR\",\"potentialAction\":[{\"@type\":\"ReadAction\",\"target\":[\"https:\/\/www.sp-equipements.com\/site\/produit\/palan-electrique-portable-minifor\/\"]}]},{\"@type\":\"ImageObject\",\"inLanguage\":\"fr-FR\",\"@id\":\"https:\/\/www.sp-equipements.com\/site\/produit\/palan-electrique-portable-minifor\/#primaryimage\",\"url\":\"https:\/\/www.sp-equipements.com\/site\/wp-content\/uploads\/2019\/06\/minifor-1.jpg\",\"contentUrl\":\"https:\/\/www.sp-equipements.com\/site\/wp-content\/uploads\/2019\/06\/minifor-1.jpg\",\"width\":190,\"height\":190,\"caption\":\"minifor 1\"},{\"@type\":\"BreadcrumbList\",\"@id\":\"https:\/\/www.sp-equipements.com\/site\/produit\/palan-electrique-portable-minifor\/#breadcrumb\",\"itemListElement\":[{\"@type\":\"ListItem\",\"position\":1,\"name\":\"Accueil\",\"item\":\"https:\/\/www.sp-equipements.com\/site\/\"},{\"@type\":\"ListItem\",\"position\":2,\"name\":\"Catalogue\",\"item\":\"https:\/\/www.sp-equipements.com\/site\/catalogue\/\"},{\"@type\":\"ListItem\",\"position\":3,\"name\":\"Palan Electrique Portable MINIFOR\"}]},{\"@type\":\"WebSite\",\"@id\":\"https:\/\/www.sp-equipements.com\/site\/#website\",\"url\":\"https:\/\/www.sp-equipements.com\/site\/\",\"name\":\"SP \u00c9quipements\",\"description\":\"\u00c9quipements de collectivit\u00e9s\",\"potentialAction\":[{\"@type\":\"SearchAction\",\"target\":{\"@type\":\"EntryPoint\",\"urlTemplate\":\"https:\/\/www.sp-equipements.com\/site\/?s={search_term_string}\"},\"query-input\":\"required name=search_term_string\"}],\"inLanguage\":\"fr-FR\"}]}<\/script>\n<!-- \/ Yoast SEO plugin. -->","yoast_head_json":{"title":"Palan Electrique Portable MINIFOR - SP \u00c9quipements","robots":{"index":"index","follow":"follow","max-snippet":"max-snippet:-1","max-image-preview":"max-image-preview:large","max-video-preview":"max-video-preview:-1"},"canonical":"https:\/\/www.sp-equipements.com\/site\/produit\/palan-electrique-portable-minifor\/","og_locale":"fr_FR","og_type":"article","og_title":"Palan Electrique Portable MINIFOR - SP \u00c9quipements","og_description":"Maniable, course illimit\u00e9e, robuste et puissant  Le MINIFOR\u00ae est un treuil \u00e9lectrique portable \u00e0 c\u00e2ble passant, particuli\u00e8rement int\u00e9ressant pour les grandes hauteurs de levage. Il trouve de multiples applications dans les diff\u00e9rents corps de m\u00e9tier : b\u00e2timent, second oeuvre, charpentes m\u00e9talliques, industrie, artisanat, etc.  Commande par bo\u00eete \u00e0 bouton longueur 2,5m Securit\u00e9 fin de course haut et bas  Caract\u00e9ristiques du 300kg : Capacit\u00e9 : 300kg Vitesse : 5m\/minute Volts : 230V Moteur : monophase 0,37kW Poids : 21kg Dimensions : 350 \/ 415 \/ 245mm C\u00e2ble : 6.5mm (Charge minimum de rupture de c\u00e2ble : 2800kg)  Caract\u00e9ristiques du 500kg : Capacit\u00e9 : 500kg Vitesse : 7m\/minute Volts : 230V mono ou 400 tri Moteur : 1.1kW Poids : 32 ou 28kg selon mono ou tri Dimensions : 350 \/ 415 \/ 245mm C\u00e2ble : 6.5mm (Charge minimum de rupture de c\u00e2ble : 2800kg) Option Commande radio avec\u00a0arr\u00eat coup de poing  C\u00e2ble non fournie (voir article c\u00e2ble aviation)","og_url":"https:\/\/www.sp-equipements.com\/site\/produit\/palan-electrique-portable-minifor\/","og_site_name":"SP \u00c9quipements","article_modified_time":"2019-06-19T13:30:39+00:00","og_image":[{"width":190,"height":190,"url":"https:\/\/www.sp-equipements.com\/site\/wp-content\/uploads\/2019\/06\/minifor-1.jpg","type":"image\/jpeg"}],"twitter_card":"summary_large_image","schema":{"@context":"https:\/\/schema.org","@graph":[{"@type":"WebPage","@id":"https:\/\/www.sp-equipements.com\/site\/produit\/palan-electrique-portable-minifor\/","url":"https:\/\/www.sp-equipements.com\/site\/produit\/palan-electrique-portable-minifor\/","name":"Palan Electrique Portable MINIFOR - SP \u00c9quipements","isPartOf":{"@id":"https:\/\/www.sp-equipements.com\/site\/#website"},"primaryImageOfPage":{"@id":"https:\/\/www.sp-equipements.com\/site\/produit\/palan-electrique-portable-minifor\/#primaryimage"},"image":{"@id":"https:\/\/www.sp-equipements.com\/site\/produit\/palan-electrique-portable-minifor\/#primaryimage"},"thumbnailUrl":"https:\/\/www.sp-equipements.com\/site\/wp-content\/uploads\/2019\/06\/minifor-1.jpg","datePublished":"2019-06-05T10:11:40+00:00","dateModified":"2019-06-19T13:30:39+00:00","breadcrumb":{"@id":"https:\/\/www.sp-equipements.com\/site\/produit\/palan-electrique-portable-minifor\/#breadcrumb"},"inLanguage":"fr-FR","potentialAction":[{"@type":"ReadAction","target":["https:\/\/www.sp-equipements.com\/site\/produit\/palan-electrique-portable-minifor\/"]}]},{"@type":"ImageObject","inLanguage":"fr-FR","@id":"https:\/\/www.sp-equipements.com\/site\/produit\/palan-electrique-portable-minifor\/#primaryimage","url":"https:\/\/www.sp-equipements.com\/site\/wp-content\/uploads\/2019\/06\/minifor-1.jpg","contentUrl":"https:\/\/www.sp-equipements.com\/site\/wp-content\/uploads\/2019\/06\/minifor-1.jpg","width":190,"height":190,"caption":"minifor 1"},{"@type":"BreadcrumbList","@id":"https:\/\/www.sp-equipements.com\/site\/produit\/palan-electrique-portable-minifor\/#breadcrumb","itemListElement":[{"@type":"ListItem","position":1,"name":"Accueil","item":"https:\/\/www.sp-equipements.com\/site\/"},{"@type":"ListItem","position":2,"name":"Catalogue","item":"https:\/\/www.sp-equipements.com\/site\/catalogue\/"},{"@type":"ListItem","position":3,"name":"Palan Electrique Portable MINIFOR"}]},{"@type":"WebSite","@id":"https:\/\/www.sp-equipements.com\/site\/#website","url":"https:\/\/www.sp-equipements.com\/site\/","name":"SP \u00c9quipements","description":"\u00c9quipements de collectivit\u00e9s","potentialAction":[{"@type":"SearchAction","target":{"@type":"EntryPoint","urlTemplate":"https:\/\/www.sp-equipements.com\/site\/?s={search_term_string}"},"query-input":"required name=search_term_string"}],"inLanguage":"fr-FR"}]}},"_links":{"self":[{"href":"https:\/\/www.sp-equipements.com\/site\/wp-json\/wp\/v2\/product\/20788"}],"collection":[{"href":"https:\/\/www.sp-equipements.com\/site\/wp-json\/wp\/v2\/product"}],"about":[{"href":"https:\/\/www.sp-equipements.com\/site\/wp-json\/wp\/v2\/types\/product"}],"replies":[{"embeddable":true,"href":"https:\/\/www.sp-equipements.com\/site\/wp-json\/wp\/v2\/comments?post=20788"}],"wp:featuredmedia":[{"embeddable":true,"href":"https:\/\/www.sp-equipements.com\/site\/wp-json\/wp\/v2\/media\/37556"}],"wp:attachment":[{"href":"https:\/\/www.sp-equipements.com\/site\/wp-json\/wp\/v2\/media?parent=20788"}],"wp:term":[{"taxonomy":"product_cat","embeddable":true,"href":"https:\/\/www.sp-equipements.com\/site\/wp-json\/wp\/v2\/product_cat?post=20788"},{"taxonomy":"product_tag","embeddable":true,"href":"https:\/\/www.sp-equipements.com\/site\/wp-json\/wp\/v2\/product_tag?post=20788"}],"curies":[{"name":"wp","href":"https:\/\/api.w.org\/{rel}","templated":true}]}}