{"id":20789,"date":"2019-06-05T12:11:40","date_gmt":"2019-06-05T10:11:40","guid":{"rendered":"http:\/\/www.polyequipements.com\/produit\/antichute-de-charge-serie-l\/"},"modified":"2019-06-19T15:30:39","modified_gmt":"2019-06-19T13:30:39","slug":"antichute-de-charge-serie-l","status":"publish","type":"product","link":"https:\/\/www.sp-equipements.com\/site\/produit\/antichute-de-charge-serie-l\/","title":{"rendered":"Antichute de Charge S\u00e9rie L"},"content":{"rendered":"","protected":false},"excerpt":{"rendered":"<p><i>Antichute serie L<\/i><\/p>\n<p><b>Charge 200kg :\u00a0<\/b><br \/>\n\u2022 Longueur longe c\u00e2ble 15m<br \/>\n\u2022 Dimensions : Largeur 245mm x Hauteur 415mm x Profondeur 140mm<br \/>\n\u2022 Poids 10 kg<br \/>\n\u2022 Diam\u00e8tre du c\u00e2ble acier : 4,5mm<\/p>\n<p><b>Charge 250kg :\u00a0<\/b><br \/>\n\u2022 Longueur longe c\u00e2ble 12m<br \/>\n\u2022 Dimensions : Largeur 245mm x Hauteur 415mm x Profondeur 140mm<br \/>\n\u2022 Poids 11 kg<br \/>\n\u2022 Diam\u00e8tre du c\u00e2ble acier : 4,8mm<\/p>\n<p><b>Charge 300kg :\u00a0<\/b><br \/>\n\u2022 Longueur longe c\u00e2ble 12m<br \/>\n\u2022 Dimensions : Largeur 245mm x Hauteur 415mm x Profondeur 140mm<br \/>\n\u2022 Poids 12 kg<br \/>\n\u2022 Diam\u00e8tre du c\u00e2ble acier : 5mm<\/p>\n<p><b>Charge 400kg :\u00a0<\/b><br \/>\n\u2022 Longueur longe c\u00e2ble 12m<br \/>\n\u2022 Dimensions : Largeur 285mm x Hauteur 500mm x Profondeur 140mm<br \/>\n\u2022 Poids 14 kg<br \/>\n\u2022 Diam\u00e8tre du c\u00e2ble acier : 6,4mm<\/p>\n<p><b>Charge 500kg :\u00a0<\/b><br \/>\n\u2022 Longueur longe c\u00e2ble 12m<br \/>\n\u2022 Dimensions : Largeur 285mm x Hauteur 500mm x Profondeur 140mm<br \/>\n\u2022 Poids 16 kg<br \/>\n\u2022 Diam\u00e8tre du c\u00e2ble acier : 6,4mm<\/p>\n<p><b>Usage moins de 50 cycles par jour. R\u00e9glage vitesse standard \u00e0 20m\/min.<\/b><\/p>\n","protected":false},"featured_media":37557,"comment_status":"open","ping_status":"closed","template":"","meta":[],"product_cat":[153,97],"product_tag":[],"yoast_head":"<!-- This site is optimized with the Yoast SEO plugin v22.2 - https:\/\/yoast.com\/wordpress\/plugins\/seo\/ -->\n<title>Antichute de Charge S\u00e9rie L - SP \u00c9quipements<\/title>\n<meta name=\"robots\" content=\"index, follow, max-snippet:-1, max-image-preview:large, max-video-preview:-1\" \/>\n<link rel=\"canonical\" href=\"https:\/\/www.sp-equipements.com\/site\/produit\/antichute-de-charge-serie-l\/\" \/>\n<meta property=\"og:locale\" content=\"fr_FR\" \/>\n<meta property=\"og:type\" content=\"article\" \/>\n<meta property=\"og:title\" content=\"Antichute de Charge S\u00e9rie L - SP \u00c9quipements\" \/>\n<meta property=\"og:description\" content=\"Antichute serie L  Charge 200kg :\u00a0 \u2022 Longueur longe c\u00e2ble 15m \u2022 Dimensions : Largeur 245mm x Hauteur 415mm x Profondeur 140mm \u2022 Poids 10 kg \u2022 Diam\u00e8tre du c\u00e2ble acier : 4,5mm  Charge 250kg :\u00a0 \u2022 Longueur longe c\u00e2ble 12m \u2022 Dimensions : Largeur 245mm x Hauteur 415mm x Profondeur 140mm \u2022 Poids 11 kg \u2022 Diam\u00e8tre du c\u00e2ble acier : 4,8mm  Charge 300kg :\u00a0 \u2022 Longueur longe c\u00e2ble 12m \u2022 Dimensions : Largeur 245mm x Hauteur 415mm x Profondeur 140mm \u2022 Poids 12 kg \u2022 Diam\u00e8tre du c\u00e2ble acier : 5mm  Charge 400kg :\u00a0 \u2022 Longueur longe c\u00e2ble 12m \u2022 Dimensions : Largeur 285mm x Hauteur 500mm x Profondeur 140mm \u2022 Poids 14 kg \u2022 Diam\u00e8tre du c\u00e2ble acier : 6,4mm  Charge 500kg :\u00a0 \u2022 Longueur longe c\u00e2ble 12m \u2022 Dimensions : Largeur 285mm x Hauteur 500mm x Profondeur 140mm \u2022 Poids 16 kg \u2022 Diam\u00e8tre du c\u00e2ble acier : 6,4mm  Usage moins de 50 cycles par jour. R\u00e9glage vitesse standard \u00e0 20m\/min.\" \/>\n<meta property=\"og:url\" content=\"https:\/\/www.sp-equipements.com\/site\/produit\/antichute-de-charge-serie-l\/\" \/>\n<meta property=\"og:site_name\" content=\"SP \u00c9quipements\" \/>\n<meta property=\"article:modified_time\" content=\"2019-06-19T13:30:39+00:00\" \/>\n<meta property=\"og:image\" content=\"https:\/\/www.sp-equipements.com\/site\/wp-content\/uploads\/2019\/06\/antichute_de_charge-1.jpg\" \/>\n\t<meta property=\"og:image:width\" content=\"190\" \/>\n\t<meta property=\"og:image:height\" content=\"190\" \/>\n\t<meta property=\"og:image:type\" content=\"image\/jpeg\" \/>\n<meta name=\"twitter:card\" content=\"summary_large_image\" \/>\n<script type=\"application\/ld+json\" class=\"yoast-schema-graph\">{\"@context\":\"https:\/\/schema.org\",\"@graph\":[{\"@type\":\"WebPage\",\"@id\":\"https:\/\/www.sp-equipements.com\/site\/produit\/antichute-de-charge-serie-l\/\",\"url\":\"https:\/\/www.sp-equipements.com\/site\/produit\/antichute-de-charge-serie-l\/\",\"name\":\"Antichute de Charge S\u00e9rie L - SP \u00c9quipements\",\"isPartOf\":{\"@id\":\"https:\/\/www.sp-equipements.com\/site\/#website\"},\"primaryImageOfPage\":{\"@id\":\"https:\/\/www.sp-equipements.com\/site\/produit\/antichute-de-charge-serie-l\/#primaryimage\"},\"image\":{\"@id\":\"https:\/\/www.sp-equipements.com\/site\/produit\/antichute-de-charge-serie-l\/#primaryimage\"},\"thumbnailUrl\":\"https:\/\/www.sp-equipements.com\/site\/wp-content\/uploads\/2019\/06\/antichute_de_charge-1.jpg\",\"datePublished\":\"2019-06-05T10:11:40+00:00\",\"dateModified\":\"2019-06-19T13:30:39+00:00\",\"breadcrumb\":{\"@id\":\"https:\/\/www.sp-equipements.com\/site\/produit\/antichute-de-charge-serie-l\/#breadcrumb\"},\"inLanguage\":\"fr-FR\",\"potentialAction\":[{\"@type\":\"ReadAction\",\"target\":[\"https:\/\/www.sp-equipements.com\/site\/produit\/antichute-de-charge-serie-l\/\"]}]},{\"@type\":\"ImageObject\",\"inLanguage\":\"fr-FR\",\"@id\":\"https:\/\/www.sp-equipements.com\/site\/produit\/antichute-de-charge-serie-l\/#primaryimage\",\"url\":\"https:\/\/www.sp-equipements.com\/site\/wp-content\/uploads\/2019\/06\/antichute_de_charge-1.jpg\",\"contentUrl\":\"https:\/\/www.sp-equipements.com\/site\/wp-content\/uploads\/2019\/06\/antichute_de_charge-1.jpg\",\"width\":190,\"height\":190,\"caption\":\"antichute de charge 1\"},{\"@type\":\"BreadcrumbList\",\"@id\":\"https:\/\/www.sp-equipements.com\/site\/produit\/antichute-de-charge-serie-l\/#breadcrumb\",\"itemListElement\":[{\"@type\":\"ListItem\",\"position\":1,\"name\":\"Accueil\",\"item\":\"https:\/\/www.sp-equipements.com\/site\/\"},{\"@type\":\"ListItem\",\"position\":2,\"name\":\"Catalogue\",\"item\":\"https:\/\/www.sp-equipements.com\/site\/catalogue\/\"},{\"@type\":\"ListItem\",\"position\":3,\"name\":\"Antichute de Charge S\u00e9rie L\"}]},{\"@type\":\"WebSite\",\"@id\":\"https:\/\/www.sp-equipements.com\/site\/#website\",\"url\":\"https:\/\/www.sp-equipements.com\/site\/\",\"name\":\"SP \u00c9quipements\",\"description\":\"\u00c9quipements de collectivit\u00e9s\",\"potentialAction\":[{\"@type\":\"SearchAction\",\"target\":{\"@type\":\"EntryPoint\",\"urlTemplate\":\"https:\/\/www.sp-equipements.com\/site\/?s={search_term_string}\"},\"query-input\":\"required name=search_term_string\"}],\"inLanguage\":\"fr-FR\"}]}<\/script>\n<!-- \/ Yoast SEO plugin. -->","yoast_head_json":{"title":"Antichute de Charge S\u00e9rie L - SP \u00c9quipements","robots":{"index":"index","follow":"follow","max-snippet":"max-snippet:-1","max-image-preview":"max-image-preview:large","max-video-preview":"max-video-preview:-1"},"canonical":"https:\/\/www.sp-equipements.com\/site\/produit\/antichute-de-charge-serie-l\/","og_locale":"fr_FR","og_type":"article","og_title":"Antichute de Charge S\u00e9rie L - SP \u00c9quipements","og_description":"Antichute serie L  Charge 200kg :\u00a0 \u2022 Longueur longe c\u00e2ble 15m \u2022 Dimensions : Largeur 245mm x Hauteur 415mm x Profondeur 140mm \u2022 Poids 10 kg \u2022 Diam\u00e8tre du c\u00e2ble acier : 4,5mm  Charge 250kg :\u00a0 \u2022 Longueur longe c\u00e2ble 12m \u2022 Dimensions : Largeur 245mm x Hauteur 415mm x Profondeur 140mm \u2022 Poids 11 kg \u2022 Diam\u00e8tre du c\u00e2ble acier : 4,8mm  Charge 300kg :\u00a0 \u2022 Longueur longe c\u00e2ble 12m \u2022 Dimensions : Largeur 245mm x Hauteur 415mm x Profondeur 140mm \u2022 Poids 12 kg \u2022 Diam\u00e8tre du c\u00e2ble acier : 5mm  Charge 400kg :\u00a0 \u2022 Longueur longe c\u00e2ble 12m \u2022 Dimensions : Largeur 285mm x Hauteur 500mm x Profondeur 140mm \u2022 Poids 14 kg \u2022 Diam\u00e8tre du c\u00e2ble acier : 6,4mm  Charge 500kg :\u00a0 \u2022 Longueur longe c\u00e2ble 12m \u2022 Dimensions : Largeur 285mm x Hauteur 500mm x Profondeur 140mm \u2022 Poids 16 kg \u2022 Diam\u00e8tre du c\u00e2ble acier : 6,4mm  Usage moins de 50 cycles par jour. R\u00e9glage vitesse standard \u00e0 20m\/min.","og_url":"https:\/\/www.sp-equipements.com\/site\/produit\/antichute-de-charge-serie-l\/","og_site_name":"SP \u00c9quipements","article_modified_time":"2019-06-19T13:30:39+00:00","og_image":[{"width":190,"height":190,"url":"https:\/\/www.sp-equipements.com\/site\/wp-content\/uploads\/2019\/06\/antichute_de_charge-1.jpg","type":"image\/jpeg"}],"twitter_card":"summary_large_image","schema":{"@context":"https:\/\/schema.org","@graph":[{"@type":"WebPage","@id":"https:\/\/www.sp-equipements.com\/site\/produit\/antichute-de-charge-serie-l\/","url":"https:\/\/www.sp-equipements.com\/site\/produit\/antichute-de-charge-serie-l\/","name":"Antichute de Charge S\u00e9rie L - SP \u00c9quipements","isPartOf":{"@id":"https:\/\/www.sp-equipements.com\/site\/#website"},"primaryImageOfPage":{"@id":"https:\/\/www.sp-equipements.com\/site\/produit\/antichute-de-charge-serie-l\/#primaryimage"},"image":{"@id":"https:\/\/www.sp-equipements.com\/site\/produit\/antichute-de-charge-serie-l\/#primaryimage"},"thumbnailUrl":"https:\/\/www.sp-equipements.com\/site\/wp-content\/uploads\/2019\/06\/antichute_de_charge-1.jpg","datePublished":"2019-06-05T10:11:40+00:00","dateModified":"2019-06-19T13:30:39+00:00","breadcrumb":{"@id":"https:\/\/www.sp-equipements.com\/site\/produit\/antichute-de-charge-serie-l\/#breadcrumb"},"inLanguage":"fr-FR","potentialAction":[{"@type":"ReadAction","target":["https:\/\/www.sp-equipements.com\/site\/produit\/antichute-de-charge-serie-l\/"]}]},{"@type":"ImageObject","inLanguage":"fr-FR","@id":"https:\/\/www.sp-equipements.com\/site\/produit\/antichute-de-charge-serie-l\/#primaryimage","url":"https:\/\/www.sp-equipements.com\/site\/wp-content\/uploads\/2019\/06\/antichute_de_charge-1.jpg","contentUrl":"https:\/\/www.sp-equipements.com\/site\/wp-content\/uploads\/2019\/06\/antichute_de_charge-1.jpg","width":190,"height":190,"caption":"antichute de charge 1"},{"@type":"BreadcrumbList","@id":"https:\/\/www.sp-equipements.com\/site\/produit\/antichute-de-charge-serie-l\/#breadcrumb","itemListElement":[{"@type":"ListItem","position":1,"name":"Accueil","item":"https:\/\/www.sp-equipements.com\/site\/"},{"@type":"ListItem","position":2,"name":"Catalogue","item":"https:\/\/www.sp-equipements.com\/site\/catalogue\/"},{"@type":"ListItem","position":3,"name":"Antichute de Charge S\u00e9rie L"}]},{"@type":"WebSite","@id":"https:\/\/www.sp-equipements.com\/site\/#website","url":"https:\/\/www.sp-equipements.com\/site\/","name":"SP \u00c9quipements","description":"\u00c9quipements de collectivit\u00e9s","potentialAction":[{"@type":"SearchAction","target":{"@type":"EntryPoint","urlTemplate":"https:\/\/www.sp-equipements.com\/site\/?s={search_term_string}"},"query-input":"required name=search_term_string"}],"inLanguage":"fr-FR"}]}},"_links":{"self":[{"href":"https:\/\/www.sp-equipements.com\/site\/wp-json\/wp\/v2\/product\/20789"}],"collection":[{"href":"https:\/\/www.sp-equipements.com\/site\/wp-json\/wp\/v2\/product"}],"about":[{"href":"https:\/\/www.sp-equipements.com\/site\/wp-json\/wp\/v2\/types\/product"}],"replies":[{"embeddable":true,"href":"https:\/\/www.sp-equipements.com\/site\/wp-json\/wp\/v2\/comments?post=20789"}],"wp:featuredmedia":[{"embeddable":true,"href":"https:\/\/www.sp-equipements.com\/site\/wp-json\/wp\/v2\/media\/37557"}],"wp:attachment":[{"href":"https:\/\/www.sp-equipements.com\/site\/wp-json\/wp\/v2\/media?parent=20789"}],"wp:term":[{"taxonomy":"product_cat","embeddable":true,"href":"https:\/\/www.sp-equipements.com\/site\/wp-json\/wp\/v2\/product_cat?post=20789"},{"taxonomy":"product_tag","embeddable":true,"href":"https:\/\/www.sp-equipements.com\/site\/wp-json\/wp\/v2\/product_tag?post=20789"}],"curies":[{"name":"wp","href":"https:\/\/api.w.org\/{rel}","templated":true}]}}