{"id":20835,"date":"2019-06-05T12:23:55","date_gmt":"2019-06-05T10:23:55","guid":{"rendered":"http:\/\/www.polyequipements.com\/produit\/chariot-1-dossier-rabattable\/"},"modified":"2019-06-19T15:30:39","modified_gmt":"2019-06-19T13:30:39","slug":"chariot-1-dossier-rabattable","status":"publish","type":"product","link":"https:\/\/www.sp-equipements.com\/site\/produit\/chariot-1-dossier-rabattable\/","title":{"rendered":"Chariot 1 Dossier Rabattable"},"content":{"rendered":"","protected":false},"excerpt":{"rendered":"<p><b>Fabrication fran\u00e7aise<\/p>\n<p>\u2022 Conception industrielle, construction en tube d&rsquo;acier laqu\u00e9 \u00f8 30 mm.<br \/>\n\u2022 Plateau bois encastr\u00e9 \u00e9paisseur 10 mm.<br \/>\n\u2022 Coins arrondis pour une s\u00e9curit\u00e9 accrue.<br \/>\n\u2022 Dossier rabattable, verrouill\u00e9 en position verticale.<br \/>\n\u2022 2 roulettes fixes + 2 pivotantes c\u00f4t\u00e9 poign\u00e9es \u00e0 bandage caoutchouc semi-\u00e9lastique et roulements \u00e0 rouleaux.<br \/>\n\u2022 Facile \u00e0 ranger dans le coffre d&rsquo;une voiture.<\/b><\/p>\n","protected":false},"featured_media":37559,"comment_status":"open","ping_status":"closed","template":"","meta":[],"product_cat":[161,98],"product_tag":[],"yoast_head":"<!-- This site is optimized with the Yoast SEO plugin v22.2 - https:\/\/yoast.com\/wordpress\/plugins\/seo\/ -->\n<title>Chariot 1 Dossier Rabattable - SP \u00c9quipements<\/title>\n<meta name=\"robots\" content=\"index, follow, max-snippet:-1, max-image-preview:large, max-video-preview:-1\" \/>\n<link rel=\"canonical\" href=\"https:\/\/www.sp-equipements.com\/site\/produit\/chariot-1-dossier-rabattable\/\" \/>\n<meta property=\"og:locale\" content=\"fr_FR\" \/>\n<meta property=\"og:type\" content=\"article\" \/>\n<meta property=\"og:title\" content=\"Chariot 1 Dossier Rabattable - SP \u00c9quipements\" \/>\n<meta property=\"og:description\" content=\"Fabrication fran\u00e7aise  \u2022 Conception industrielle, construction en tube d&#039;acier laqu\u00e9 \u00f8 30 mm. \u2022 Plateau bois encastr\u00e9 \u00e9paisseur 10 mm. \u2022 Coins arrondis pour une s\u00e9curit\u00e9 accrue. \u2022 Dossier rabattable, verrouill\u00e9 en position verticale. \u2022 2 roulettes fixes + 2 pivotantes c\u00f4t\u00e9 poign\u00e9es \u00e0 bandage caoutchouc semi-\u00e9lastique et roulements \u00e0 rouleaux. \u2022 Facile \u00e0 ranger dans le coffre d&#039;une voiture.\" \/>\n<meta property=\"og:url\" content=\"https:\/\/www.sp-equipements.com\/site\/produit\/chariot-1-dossier-rabattable\/\" \/>\n<meta property=\"og:site_name\" content=\"SP \u00c9quipements\" \/>\n<meta property=\"article:modified_time\" content=\"2019-06-19T13:30:39+00:00\" \/>\n<meta property=\"og:image\" content=\"https:\/\/www.sp-equipements.com\/site\/wp-content\/uploads\/2019\/06\/chariot_1_dossier_rabattable-1.jpg\" \/>\n\t<meta property=\"og:image:width\" content=\"190\" \/>\n\t<meta property=\"og:image:height\" content=\"190\" \/>\n\t<meta property=\"og:image:type\" content=\"image\/jpeg\" \/>\n<meta name=\"twitter:card\" content=\"summary_large_image\" \/>\n<script type=\"application\/ld+json\" class=\"yoast-schema-graph\">{\"@context\":\"https:\/\/schema.org\",\"@graph\":[{\"@type\":\"WebPage\",\"@id\":\"https:\/\/www.sp-equipements.com\/site\/produit\/chariot-1-dossier-rabattable\/\",\"url\":\"https:\/\/www.sp-equipements.com\/site\/produit\/chariot-1-dossier-rabattable\/\",\"name\":\"Chariot 1 Dossier Rabattable - SP \u00c9quipements\",\"isPartOf\":{\"@id\":\"https:\/\/www.sp-equipements.com\/site\/#website\"},\"primaryImageOfPage\":{\"@id\":\"https:\/\/www.sp-equipements.com\/site\/produit\/chariot-1-dossier-rabattable\/#primaryimage\"},\"image\":{\"@id\":\"https:\/\/www.sp-equipements.com\/site\/produit\/chariot-1-dossier-rabattable\/#primaryimage\"},\"thumbnailUrl\":\"https:\/\/www.sp-equipements.com\/site\/wp-content\/uploads\/2019\/06\/chariot_1_dossier_rabattable-1.jpg\",\"datePublished\":\"2019-06-05T10:23:55+00:00\",\"dateModified\":\"2019-06-19T13:30:39+00:00\",\"breadcrumb\":{\"@id\":\"https:\/\/www.sp-equipements.com\/site\/produit\/chariot-1-dossier-rabattable\/#breadcrumb\"},\"inLanguage\":\"fr-FR\",\"potentialAction\":[{\"@type\":\"ReadAction\",\"target\":[\"https:\/\/www.sp-equipements.com\/site\/produit\/chariot-1-dossier-rabattable\/\"]}]},{\"@type\":\"ImageObject\",\"inLanguage\":\"fr-FR\",\"@id\":\"https:\/\/www.sp-equipements.com\/site\/produit\/chariot-1-dossier-rabattable\/#primaryimage\",\"url\":\"https:\/\/www.sp-equipements.com\/site\/wp-content\/uploads\/2019\/06\/chariot_1_dossier_rabattable-1.jpg\",\"contentUrl\":\"https:\/\/www.sp-equipements.com\/site\/wp-content\/uploads\/2019\/06\/chariot_1_dossier_rabattable-1.jpg\",\"width\":190,\"height\":190,\"caption\":\"chariot 1 dossier rabattable 1\"},{\"@type\":\"BreadcrumbList\",\"@id\":\"https:\/\/www.sp-equipements.com\/site\/produit\/chariot-1-dossier-rabattable\/#breadcrumb\",\"itemListElement\":[{\"@type\":\"ListItem\",\"position\":1,\"name\":\"Accueil\",\"item\":\"https:\/\/www.sp-equipements.com\/site\/\"},{\"@type\":\"ListItem\",\"position\":2,\"name\":\"Catalogue\",\"item\":\"https:\/\/www.sp-equipements.com\/site\/catalogue\/\"},{\"@type\":\"ListItem\",\"position\":3,\"name\":\"Chariot 1 Dossier Rabattable\"}]},{\"@type\":\"WebSite\",\"@id\":\"https:\/\/www.sp-equipements.com\/site\/#website\",\"url\":\"https:\/\/www.sp-equipements.com\/site\/\",\"name\":\"SP \u00c9quipements\",\"description\":\"\u00c9quipements de collectivit\u00e9s\",\"potentialAction\":[{\"@type\":\"SearchAction\",\"target\":{\"@type\":\"EntryPoint\",\"urlTemplate\":\"https:\/\/www.sp-equipements.com\/site\/?s={search_term_string}\"},\"query-input\":\"required name=search_term_string\"}],\"inLanguage\":\"fr-FR\"}]}<\/script>\n<!-- \/ Yoast SEO plugin. -->","yoast_head_json":{"title":"Chariot 1 Dossier Rabattable - SP \u00c9quipements","robots":{"index":"index","follow":"follow","max-snippet":"max-snippet:-1","max-image-preview":"max-image-preview:large","max-video-preview":"max-video-preview:-1"},"canonical":"https:\/\/www.sp-equipements.com\/site\/produit\/chariot-1-dossier-rabattable\/","og_locale":"fr_FR","og_type":"article","og_title":"Chariot 1 Dossier Rabattable - SP \u00c9quipements","og_description":"Fabrication fran\u00e7aise  \u2022 Conception industrielle, construction en tube d'acier laqu\u00e9 \u00f8 30 mm. \u2022 Plateau bois encastr\u00e9 \u00e9paisseur 10 mm. \u2022 Coins arrondis pour une s\u00e9curit\u00e9 accrue. \u2022 Dossier rabattable, verrouill\u00e9 en position verticale. \u2022 2 roulettes fixes + 2 pivotantes c\u00f4t\u00e9 poign\u00e9es \u00e0 bandage caoutchouc semi-\u00e9lastique et roulements \u00e0 rouleaux. \u2022 Facile \u00e0 ranger dans le coffre d'une voiture.","og_url":"https:\/\/www.sp-equipements.com\/site\/produit\/chariot-1-dossier-rabattable\/","og_site_name":"SP \u00c9quipements","article_modified_time":"2019-06-19T13:30:39+00:00","og_image":[{"width":190,"height":190,"url":"https:\/\/www.sp-equipements.com\/site\/wp-content\/uploads\/2019\/06\/chariot_1_dossier_rabattable-1.jpg","type":"image\/jpeg"}],"twitter_card":"summary_large_image","schema":{"@context":"https:\/\/schema.org","@graph":[{"@type":"WebPage","@id":"https:\/\/www.sp-equipements.com\/site\/produit\/chariot-1-dossier-rabattable\/","url":"https:\/\/www.sp-equipements.com\/site\/produit\/chariot-1-dossier-rabattable\/","name":"Chariot 1 Dossier Rabattable - SP \u00c9quipements","isPartOf":{"@id":"https:\/\/www.sp-equipements.com\/site\/#website"},"primaryImageOfPage":{"@id":"https:\/\/www.sp-equipements.com\/site\/produit\/chariot-1-dossier-rabattable\/#primaryimage"},"image":{"@id":"https:\/\/www.sp-equipements.com\/site\/produit\/chariot-1-dossier-rabattable\/#primaryimage"},"thumbnailUrl":"https:\/\/www.sp-equipements.com\/site\/wp-content\/uploads\/2019\/06\/chariot_1_dossier_rabattable-1.jpg","datePublished":"2019-06-05T10:23:55+00:00","dateModified":"2019-06-19T13:30:39+00:00","breadcrumb":{"@id":"https:\/\/www.sp-equipements.com\/site\/produit\/chariot-1-dossier-rabattable\/#breadcrumb"},"inLanguage":"fr-FR","potentialAction":[{"@type":"ReadAction","target":["https:\/\/www.sp-equipements.com\/site\/produit\/chariot-1-dossier-rabattable\/"]}]},{"@type":"ImageObject","inLanguage":"fr-FR","@id":"https:\/\/www.sp-equipements.com\/site\/produit\/chariot-1-dossier-rabattable\/#primaryimage","url":"https:\/\/www.sp-equipements.com\/site\/wp-content\/uploads\/2019\/06\/chariot_1_dossier_rabattable-1.jpg","contentUrl":"https:\/\/www.sp-equipements.com\/site\/wp-content\/uploads\/2019\/06\/chariot_1_dossier_rabattable-1.jpg","width":190,"height":190,"caption":"chariot 1 dossier rabattable 1"},{"@type":"BreadcrumbList","@id":"https:\/\/www.sp-equipements.com\/site\/produit\/chariot-1-dossier-rabattable\/#breadcrumb","itemListElement":[{"@type":"ListItem","position":1,"name":"Accueil","item":"https:\/\/www.sp-equipements.com\/site\/"},{"@type":"ListItem","position":2,"name":"Catalogue","item":"https:\/\/www.sp-equipements.com\/site\/catalogue\/"},{"@type":"ListItem","position":3,"name":"Chariot 1 Dossier Rabattable"}]},{"@type":"WebSite","@id":"https:\/\/www.sp-equipements.com\/site\/#website","url":"https:\/\/www.sp-equipements.com\/site\/","name":"SP \u00c9quipements","description":"\u00c9quipements de collectivit\u00e9s","potentialAction":[{"@type":"SearchAction","target":{"@type":"EntryPoint","urlTemplate":"https:\/\/www.sp-equipements.com\/site\/?s={search_term_string}"},"query-input":"required name=search_term_string"}],"inLanguage":"fr-FR"}]}},"_links":{"self":[{"href":"https:\/\/www.sp-equipements.com\/site\/wp-json\/wp\/v2\/product\/20835"}],"collection":[{"href":"https:\/\/www.sp-equipements.com\/site\/wp-json\/wp\/v2\/product"}],"about":[{"href":"https:\/\/www.sp-equipements.com\/site\/wp-json\/wp\/v2\/types\/product"}],"replies":[{"embeddable":true,"href":"https:\/\/www.sp-equipements.com\/site\/wp-json\/wp\/v2\/comments?post=20835"}],"wp:featuredmedia":[{"embeddable":true,"href":"https:\/\/www.sp-equipements.com\/site\/wp-json\/wp\/v2\/media\/37559"}],"wp:attachment":[{"href":"https:\/\/www.sp-equipements.com\/site\/wp-json\/wp\/v2\/media?parent=20835"}],"wp:term":[{"taxonomy":"product_cat","embeddable":true,"href":"https:\/\/www.sp-equipements.com\/site\/wp-json\/wp\/v2\/product_cat?post=20835"},{"taxonomy":"product_tag","embeddable":true,"href":"https:\/\/www.sp-equipements.com\/site\/wp-json\/wp\/v2\/product_tag?post=20835"}],"curies":[{"name":"wp","href":"https:\/\/api.w.org\/{rel}","templated":true}]}}