{"id":20839,"date":"2019-06-05T12:23:56","date_gmt":"2019-06-05T10:23:56","guid":{"rendered":"http:\/\/www.polyequipements.com\/produit\/mini-diable-compact-aluminium\/"},"modified":"2019-06-19T15:30:40","modified_gmt":"2019-06-19T13:30:40","slug":"mini-diable-compact-aluminium","status":"publish","type":"product","link":"https:\/\/www.sp-equipements.com\/site\/produit\/mini-diable-compact-aluminium\/","title":{"rendered":"Mini Diable Compact Aluminium"},"content":{"rendered":"","protected":false},"excerpt":{"rendered":"<p><b>Fabrication fran\u00e7aise<b><\/p>\n<p>Mini diable compact en aluminium. Force 80 kg.<br \/>\nL\u00e9ger, de faible encombrement gr\u00e2ce \u00e0 son dossier t\u00e9lescopique et \u00e0 sa pelle repliable.<br \/>\nEquip\u00e9 de 2 roues de \u00d8 150 mm en caoutchouc.<\/p>\n<p>\u2022 Dim. repli\u00e9 (h x l x p) : 720 x 420 x 200 mm.<br \/>\n\u2022 Charge (kg) : 80<br \/>\n\u2022 Dim. hors-tout hxl (mm) : 1100 x 420<br \/>\n\u2022 Dim. pelle lxp (mm) : 360 x 240<br \/>\n\u2022 \u00d8 roues (mm) : 150<br \/>\n\u2022 Type de roue : Caout. semi \u00e9lastique<br \/>\n\u2022 Finition : Epoxy<br \/>\n\u2022 Coloris : Gris aluminium<br \/>\n\u2022 Poids (kg) : 7.00 <\/b><\/b><\/p>\n","protected":false},"featured_media":37563,"comment_status":"open","ping_status":"closed","template":"","meta":[],"product_cat":[162,98],"product_tag":[],"yoast_head":"<!-- This site is optimized with the Yoast SEO plugin v22.2 - https:\/\/yoast.com\/wordpress\/plugins\/seo\/ -->\n<title>Mini Diable Compact Aluminium - SP \u00c9quipements<\/title>\n<meta name=\"robots\" content=\"index, follow, max-snippet:-1, max-image-preview:large, max-video-preview:-1\" \/>\n<link rel=\"canonical\" href=\"https:\/\/www.sp-equipements.com\/site\/produit\/mini-diable-compact-aluminium\/\" \/>\n<meta property=\"og:locale\" content=\"fr_FR\" \/>\n<meta property=\"og:type\" content=\"article\" \/>\n<meta property=\"og:title\" content=\"Mini Diable Compact Aluminium - SP \u00c9quipements\" \/>\n<meta property=\"og:description\" content=\"Fabrication fran\u00e7aise  Mini diable compact en aluminium. Force 80 kg. L\u00e9ger, de faible encombrement gr\u00e2ce \u00e0 son dossier t\u00e9lescopique et \u00e0 sa pelle repliable. Equip\u00e9 de 2 roues de \u00d8 150 mm en caoutchouc.  \u2022 Dim. repli\u00e9 (h x l x p) : 720 x 420 x 200 mm. \u2022 Charge (kg) : 80 \u2022 Dim. hors-tout hxl (mm) : 1100 x 420 \u2022 Dim. pelle lxp (mm) : 360 x 240 \u2022 \u00d8 roues (mm) : 150 \u2022 Type de roue : Caout. semi \u00e9lastique \u2022 Finition : Epoxy \u2022 Coloris : Gris aluminium \u2022 Poids (kg) : 7.00\" \/>\n<meta property=\"og:url\" content=\"https:\/\/www.sp-equipements.com\/site\/produit\/mini-diable-compact-aluminium\/\" \/>\n<meta property=\"og:site_name\" content=\"SP \u00c9quipements\" \/>\n<meta property=\"article:modified_time\" content=\"2019-06-19T13:30:40+00:00\" \/>\n<meta property=\"og:image\" content=\"https:\/\/www.sp-equipements.com\/site\/wp-content\/uploads\/2019\/06\/mini_diable_compact_aluminium-1.jpg\" \/>\n\t<meta property=\"og:image:width\" content=\"190\" \/>\n\t<meta property=\"og:image:height\" content=\"190\" \/>\n\t<meta property=\"og:image:type\" content=\"image\/jpeg\" \/>\n<meta name=\"twitter:card\" content=\"summary_large_image\" \/>\n<script type=\"application\/ld+json\" class=\"yoast-schema-graph\">{\"@context\":\"https:\/\/schema.org\",\"@graph\":[{\"@type\":\"WebPage\",\"@id\":\"https:\/\/www.sp-equipements.com\/site\/produit\/mini-diable-compact-aluminium\/\",\"url\":\"https:\/\/www.sp-equipements.com\/site\/produit\/mini-diable-compact-aluminium\/\",\"name\":\"Mini Diable Compact Aluminium - SP \u00c9quipements\",\"isPartOf\":{\"@id\":\"https:\/\/www.sp-equipements.com\/site\/#website\"},\"primaryImageOfPage\":{\"@id\":\"https:\/\/www.sp-equipements.com\/site\/produit\/mini-diable-compact-aluminium\/#primaryimage\"},\"image\":{\"@id\":\"https:\/\/www.sp-equipements.com\/site\/produit\/mini-diable-compact-aluminium\/#primaryimage\"},\"thumbnailUrl\":\"https:\/\/www.sp-equipements.com\/site\/wp-content\/uploads\/2019\/06\/mini_diable_compact_aluminium-1.jpg\",\"datePublished\":\"2019-06-05T10:23:56+00:00\",\"dateModified\":\"2019-06-19T13:30:40+00:00\",\"breadcrumb\":{\"@id\":\"https:\/\/www.sp-equipements.com\/site\/produit\/mini-diable-compact-aluminium\/#breadcrumb\"},\"inLanguage\":\"fr-FR\",\"potentialAction\":[{\"@type\":\"ReadAction\",\"target\":[\"https:\/\/www.sp-equipements.com\/site\/produit\/mini-diable-compact-aluminium\/\"]}]},{\"@type\":\"ImageObject\",\"inLanguage\":\"fr-FR\",\"@id\":\"https:\/\/www.sp-equipements.com\/site\/produit\/mini-diable-compact-aluminium\/#primaryimage\",\"url\":\"https:\/\/www.sp-equipements.com\/site\/wp-content\/uploads\/2019\/06\/mini_diable_compact_aluminium-1.jpg\",\"contentUrl\":\"https:\/\/www.sp-equipements.com\/site\/wp-content\/uploads\/2019\/06\/mini_diable_compact_aluminium-1.jpg\",\"width\":190,\"height\":190,\"caption\":\"mini diable compact aluminium 1\"},{\"@type\":\"BreadcrumbList\",\"@id\":\"https:\/\/www.sp-equipements.com\/site\/produit\/mini-diable-compact-aluminium\/#breadcrumb\",\"itemListElement\":[{\"@type\":\"ListItem\",\"position\":1,\"name\":\"Accueil\",\"item\":\"https:\/\/www.sp-equipements.com\/site\/\"},{\"@type\":\"ListItem\",\"position\":2,\"name\":\"Catalogue\",\"item\":\"https:\/\/www.sp-equipements.com\/site\/catalogue\/\"},{\"@type\":\"ListItem\",\"position\":3,\"name\":\"Mini Diable Compact Aluminium\"}]},{\"@type\":\"WebSite\",\"@id\":\"https:\/\/www.sp-equipements.com\/site\/#website\",\"url\":\"https:\/\/www.sp-equipements.com\/site\/\",\"name\":\"SP \u00c9quipements\",\"description\":\"\u00c9quipements de collectivit\u00e9s\",\"potentialAction\":[{\"@type\":\"SearchAction\",\"target\":{\"@type\":\"EntryPoint\",\"urlTemplate\":\"https:\/\/www.sp-equipements.com\/site\/?s={search_term_string}\"},\"query-input\":\"required name=search_term_string\"}],\"inLanguage\":\"fr-FR\"}]}<\/script>\n<!-- \/ Yoast SEO plugin. -->","yoast_head_json":{"title":"Mini Diable Compact Aluminium - SP \u00c9quipements","robots":{"index":"index","follow":"follow","max-snippet":"max-snippet:-1","max-image-preview":"max-image-preview:large","max-video-preview":"max-video-preview:-1"},"canonical":"https:\/\/www.sp-equipements.com\/site\/produit\/mini-diable-compact-aluminium\/","og_locale":"fr_FR","og_type":"article","og_title":"Mini Diable Compact Aluminium - SP \u00c9quipements","og_description":"Fabrication fran\u00e7aise  Mini diable compact en aluminium. Force 80 kg. L\u00e9ger, de faible encombrement gr\u00e2ce \u00e0 son dossier t\u00e9lescopique et \u00e0 sa pelle repliable. Equip\u00e9 de 2 roues de \u00d8 150 mm en caoutchouc.  \u2022 Dim. repli\u00e9 (h x l x p) : 720 x 420 x 200 mm. \u2022 Charge (kg) : 80 \u2022 Dim. hors-tout hxl (mm) : 1100 x 420 \u2022 Dim. pelle lxp (mm) : 360 x 240 \u2022 \u00d8 roues (mm) : 150 \u2022 Type de roue : Caout. semi \u00e9lastique \u2022 Finition : Epoxy \u2022 Coloris : Gris aluminium \u2022 Poids (kg) : 7.00","og_url":"https:\/\/www.sp-equipements.com\/site\/produit\/mini-diable-compact-aluminium\/","og_site_name":"SP \u00c9quipements","article_modified_time":"2019-06-19T13:30:40+00:00","og_image":[{"width":190,"height":190,"url":"https:\/\/www.sp-equipements.com\/site\/wp-content\/uploads\/2019\/06\/mini_diable_compact_aluminium-1.jpg","type":"image\/jpeg"}],"twitter_card":"summary_large_image","schema":{"@context":"https:\/\/schema.org","@graph":[{"@type":"WebPage","@id":"https:\/\/www.sp-equipements.com\/site\/produit\/mini-diable-compact-aluminium\/","url":"https:\/\/www.sp-equipements.com\/site\/produit\/mini-diable-compact-aluminium\/","name":"Mini Diable Compact Aluminium - SP \u00c9quipements","isPartOf":{"@id":"https:\/\/www.sp-equipements.com\/site\/#website"},"primaryImageOfPage":{"@id":"https:\/\/www.sp-equipements.com\/site\/produit\/mini-diable-compact-aluminium\/#primaryimage"},"image":{"@id":"https:\/\/www.sp-equipements.com\/site\/produit\/mini-diable-compact-aluminium\/#primaryimage"},"thumbnailUrl":"https:\/\/www.sp-equipements.com\/site\/wp-content\/uploads\/2019\/06\/mini_diable_compact_aluminium-1.jpg","datePublished":"2019-06-05T10:23:56+00:00","dateModified":"2019-06-19T13:30:40+00:00","breadcrumb":{"@id":"https:\/\/www.sp-equipements.com\/site\/produit\/mini-diable-compact-aluminium\/#breadcrumb"},"inLanguage":"fr-FR","potentialAction":[{"@type":"ReadAction","target":["https:\/\/www.sp-equipements.com\/site\/produit\/mini-diable-compact-aluminium\/"]}]},{"@type":"ImageObject","inLanguage":"fr-FR","@id":"https:\/\/www.sp-equipements.com\/site\/produit\/mini-diable-compact-aluminium\/#primaryimage","url":"https:\/\/www.sp-equipements.com\/site\/wp-content\/uploads\/2019\/06\/mini_diable_compact_aluminium-1.jpg","contentUrl":"https:\/\/www.sp-equipements.com\/site\/wp-content\/uploads\/2019\/06\/mini_diable_compact_aluminium-1.jpg","width":190,"height":190,"caption":"mini diable compact aluminium 1"},{"@type":"BreadcrumbList","@id":"https:\/\/www.sp-equipements.com\/site\/produit\/mini-diable-compact-aluminium\/#breadcrumb","itemListElement":[{"@type":"ListItem","position":1,"name":"Accueil","item":"https:\/\/www.sp-equipements.com\/site\/"},{"@type":"ListItem","position":2,"name":"Catalogue","item":"https:\/\/www.sp-equipements.com\/site\/catalogue\/"},{"@type":"ListItem","position":3,"name":"Mini Diable Compact Aluminium"}]},{"@type":"WebSite","@id":"https:\/\/www.sp-equipements.com\/site\/#website","url":"https:\/\/www.sp-equipements.com\/site\/","name":"SP \u00c9quipements","description":"\u00c9quipements de collectivit\u00e9s","potentialAction":[{"@type":"SearchAction","target":{"@type":"EntryPoint","urlTemplate":"https:\/\/www.sp-equipements.com\/site\/?s={search_term_string}"},"query-input":"required name=search_term_string"}],"inLanguage":"fr-FR"}]}},"_links":{"self":[{"href":"https:\/\/www.sp-equipements.com\/site\/wp-json\/wp\/v2\/product\/20839"}],"collection":[{"href":"https:\/\/www.sp-equipements.com\/site\/wp-json\/wp\/v2\/product"}],"about":[{"href":"https:\/\/www.sp-equipements.com\/site\/wp-json\/wp\/v2\/types\/product"}],"replies":[{"embeddable":true,"href":"https:\/\/www.sp-equipements.com\/site\/wp-json\/wp\/v2\/comments?post=20839"}],"wp:featuredmedia":[{"embeddable":true,"href":"https:\/\/www.sp-equipements.com\/site\/wp-json\/wp\/v2\/media\/37563"}],"wp:attachment":[{"href":"https:\/\/www.sp-equipements.com\/site\/wp-json\/wp\/v2\/media?parent=20839"}],"wp:term":[{"taxonomy":"product_cat","embeddable":true,"href":"https:\/\/www.sp-equipements.com\/site\/wp-json\/wp\/v2\/product_cat?post=20839"},{"taxonomy":"product_tag","embeddable":true,"href":"https:\/\/www.sp-equipements.com\/site\/wp-json\/wp\/v2\/product_tag?post=20839"}],"curies":[{"name":"wp","href":"https:\/\/api.w.org\/{rel}","templated":true}]}}