{"id":20841,"date":"2019-06-05T12:23:57","date_gmt":"2019-06-05T10:23:57","guid":{"rendered":"http:\/\/www.polyequipements.com\/produit\/mini-diable-compact-a-dossier-telescopique\/"},"modified":"2019-06-19T15:30:41","modified_gmt":"2019-06-19T13:30:41","slug":"mini-diable-compact-a-dossier-telescopique","status":"publish","type":"product","link":"https:\/\/www.sp-equipements.com\/site\/produit\/mini-diable-compact-a-dossier-telescopique\/","title":{"rendered":"Mini Diable Compact \u00e0 Dossier T\u00e9lescopique"},"content":{"rendered":"","protected":false},"excerpt":{"rendered":"<p><b>Fabrication fran\u00e7aise<b><\/p>\n<p>Dossier t\u00e9lescopique pouvant supporter une chage de 50 kg.<br \/>\nSon encombrement r\u00e9duit en position repli\u00e9e et son faible poids permettent de le glisser facilement dans le coffre d&rsquo;une voiture.<\/p>\n<p>\u2022 Hauteur repli\u00e9: 620 mm<br \/>\n\u2022 Charge (kg) : 50<br \/>\n\u2022 Dim. hors-tout repli\u00e9es HxLxp (mm) : 985 x 415 x 220<br \/>\n\u2022 Dim. pelle lxp (mm) : 270 x 330<br \/>\n\u2022 Type de roue : caoutchouc semi-elastique<br \/>\n\u2022 \u00d8 roues (mm) : 150<br \/>\n\u2022 Finition : Epoxy<br \/>\n\u2022 Coloris : Gris aluminium<br \/>\n\u2022 Poids (kg) : 4.00 <\/b><\/b><\/p>\n","protected":false},"featured_media":37565,"comment_status":"open","ping_status":"closed","template":"","meta":[],"product_cat":[162,98],"product_tag":[],"yoast_head":"<!-- This site is optimized with the Yoast SEO plugin v22.2 - https:\/\/yoast.com\/wordpress\/plugins\/seo\/ -->\n<title>Mini Diable Compact \u00e0 Dossier T\u00e9lescopique - SP \u00c9quipements<\/title>\n<meta name=\"robots\" content=\"index, follow, max-snippet:-1, max-image-preview:large, max-video-preview:-1\" \/>\n<link rel=\"canonical\" href=\"https:\/\/www.sp-equipements.com\/site\/produit\/mini-diable-compact-a-dossier-telescopique\/\" \/>\n<meta property=\"og:locale\" content=\"fr_FR\" \/>\n<meta property=\"og:type\" content=\"article\" \/>\n<meta property=\"og:title\" content=\"Mini Diable Compact \u00e0 Dossier T\u00e9lescopique - SP \u00c9quipements\" \/>\n<meta property=\"og:description\" content=\"Fabrication fran\u00e7aise  Dossier t\u00e9lescopique pouvant supporter une chage de 50 kg. Son encombrement r\u00e9duit en position repli\u00e9e et son faible poids permettent de le glisser facilement dans le coffre d&#039;une voiture.  \u2022 Hauteur repli\u00e9: 620 mm \u2022 Charge (kg) : 50 \u2022 Dim. hors-tout repli\u00e9es HxLxp (mm) : 985 x 415 x 220 \u2022 Dim. pelle lxp (mm) : 270 x 330 \u2022 Type de roue : caoutchouc semi-elastique \u2022 \u00d8 roues (mm) : 150 \u2022 Finition : Epoxy \u2022 Coloris : Gris aluminium \u2022 Poids (kg) : 4.00\" \/>\n<meta property=\"og:url\" content=\"https:\/\/www.sp-equipements.com\/site\/produit\/mini-diable-compact-a-dossier-telescopique\/\" \/>\n<meta property=\"og:site_name\" content=\"SP \u00c9quipements\" \/>\n<meta property=\"article:modified_time\" content=\"2019-06-19T13:30:41+00:00\" \/>\n<meta property=\"og:image\" content=\"https:\/\/www.sp-equipements.com\/site\/wp-content\/uploads\/2019\/06\/mini_diable_compact_a_dossier_telescopique-1.jpg\" \/>\n\t<meta property=\"og:image:width\" content=\"190\" \/>\n\t<meta property=\"og:image:height\" content=\"190\" \/>\n\t<meta property=\"og:image:type\" content=\"image\/jpeg\" \/>\n<meta name=\"twitter:card\" content=\"summary_large_image\" \/>\n<script type=\"application\/ld+json\" class=\"yoast-schema-graph\">{\"@context\":\"https:\/\/schema.org\",\"@graph\":[{\"@type\":\"WebPage\",\"@id\":\"https:\/\/www.sp-equipements.com\/site\/produit\/mini-diable-compact-a-dossier-telescopique\/\",\"url\":\"https:\/\/www.sp-equipements.com\/site\/produit\/mini-diable-compact-a-dossier-telescopique\/\",\"name\":\"Mini Diable Compact \u00e0 Dossier T\u00e9lescopique - SP \u00c9quipements\",\"isPartOf\":{\"@id\":\"https:\/\/www.sp-equipements.com\/site\/#website\"},\"primaryImageOfPage\":{\"@id\":\"https:\/\/www.sp-equipements.com\/site\/produit\/mini-diable-compact-a-dossier-telescopique\/#primaryimage\"},\"image\":{\"@id\":\"https:\/\/www.sp-equipements.com\/site\/produit\/mini-diable-compact-a-dossier-telescopique\/#primaryimage\"},\"thumbnailUrl\":\"https:\/\/www.sp-equipements.com\/site\/wp-content\/uploads\/2019\/06\/mini_diable_compact_a_dossier_telescopique-1.jpg\",\"datePublished\":\"2019-06-05T10:23:57+00:00\",\"dateModified\":\"2019-06-19T13:30:41+00:00\",\"breadcrumb\":{\"@id\":\"https:\/\/www.sp-equipements.com\/site\/produit\/mini-diable-compact-a-dossier-telescopique\/#breadcrumb\"},\"inLanguage\":\"fr-FR\",\"potentialAction\":[{\"@type\":\"ReadAction\",\"target\":[\"https:\/\/www.sp-equipements.com\/site\/produit\/mini-diable-compact-a-dossier-telescopique\/\"]}]},{\"@type\":\"ImageObject\",\"inLanguage\":\"fr-FR\",\"@id\":\"https:\/\/www.sp-equipements.com\/site\/produit\/mini-diable-compact-a-dossier-telescopique\/#primaryimage\",\"url\":\"https:\/\/www.sp-equipements.com\/site\/wp-content\/uploads\/2019\/06\/mini_diable_compact_a_dossier_telescopique-1.jpg\",\"contentUrl\":\"https:\/\/www.sp-equipements.com\/site\/wp-content\/uploads\/2019\/06\/mini_diable_compact_a_dossier_telescopique-1.jpg\",\"width\":190,\"height\":190,\"caption\":\"mini diable compact a dossier telescopique 1\"},{\"@type\":\"BreadcrumbList\",\"@id\":\"https:\/\/www.sp-equipements.com\/site\/produit\/mini-diable-compact-a-dossier-telescopique\/#breadcrumb\",\"itemListElement\":[{\"@type\":\"ListItem\",\"position\":1,\"name\":\"Accueil\",\"item\":\"https:\/\/www.sp-equipements.com\/site\/\"},{\"@type\":\"ListItem\",\"position\":2,\"name\":\"Catalogue\",\"item\":\"https:\/\/www.sp-equipements.com\/site\/catalogue\/\"},{\"@type\":\"ListItem\",\"position\":3,\"name\":\"Mini Diable Compact \u00e0 Dossier T\u00e9lescopique\"}]},{\"@type\":\"WebSite\",\"@id\":\"https:\/\/www.sp-equipements.com\/site\/#website\",\"url\":\"https:\/\/www.sp-equipements.com\/site\/\",\"name\":\"SP \u00c9quipements\",\"description\":\"\u00c9quipements de collectivit\u00e9s\",\"potentialAction\":[{\"@type\":\"SearchAction\",\"target\":{\"@type\":\"EntryPoint\",\"urlTemplate\":\"https:\/\/www.sp-equipements.com\/site\/?s={search_term_string}\"},\"query-input\":\"required name=search_term_string\"}],\"inLanguage\":\"fr-FR\"}]}<\/script>\n<!-- \/ Yoast SEO plugin. -->","yoast_head_json":{"title":"Mini Diable Compact \u00e0 Dossier T\u00e9lescopique - SP \u00c9quipements","robots":{"index":"index","follow":"follow","max-snippet":"max-snippet:-1","max-image-preview":"max-image-preview:large","max-video-preview":"max-video-preview:-1"},"canonical":"https:\/\/www.sp-equipements.com\/site\/produit\/mini-diable-compact-a-dossier-telescopique\/","og_locale":"fr_FR","og_type":"article","og_title":"Mini Diable Compact \u00e0 Dossier T\u00e9lescopique - SP \u00c9quipements","og_description":"Fabrication fran\u00e7aise  Dossier t\u00e9lescopique pouvant supporter une chage de 50 kg. Son encombrement r\u00e9duit en position repli\u00e9e et son faible poids permettent de le glisser facilement dans le coffre d'une voiture.  \u2022 Hauteur repli\u00e9: 620 mm \u2022 Charge (kg) : 50 \u2022 Dim. hors-tout repli\u00e9es HxLxp (mm) : 985 x 415 x 220 \u2022 Dim. pelle lxp (mm) : 270 x 330 \u2022 Type de roue : caoutchouc semi-elastique \u2022 \u00d8 roues (mm) : 150 \u2022 Finition : Epoxy \u2022 Coloris : Gris aluminium \u2022 Poids (kg) : 4.00","og_url":"https:\/\/www.sp-equipements.com\/site\/produit\/mini-diable-compact-a-dossier-telescopique\/","og_site_name":"SP \u00c9quipements","article_modified_time":"2019-06-19T13:30:41+00:00","og_image":[{"width":190,"height":190,"url":"https:\/\/www.sp-equipements.com\/site\/wp-content\/uploads\/2019\/06\/mini_diable_compact_a_dossier_telescopique-1.jpg","type":"image\/jpeg"}],"twitter_card":"summary_large_image","schema":{"@context":"https:\/\/schema.org","@graph":[{"@type":"WebPage","@id":"https:\/\/www.sp-equipements.com\/site\/produit\/mini-diable-compact-a-dossier-telescopique\/","url":"https:\/\/www.sp-equipements.com\/site\/produit\/mini-diable-compact-a-dossier-telescopique\/","name":"Mini Diable Compact \u00e0 Dossier T\u00e9lescopique - SP \u00c9quipements","isPartOf":{"@id":"https:\/\/www.sp-equipements.com\/site\/#website"},"primaryImageOfPage":{"@id":"https:\/\/www.sp-equipements.com\/site\/produit\/mini-diable-compact-a-dossier-telescopique\/#primaryimage"},"image":{"@id":"https:\/\/www.sp-equipements.com\/site\/produit\/mini-diable-compact-a-dossier-telescopique\/#primaryimage"},"thumbnailUrl":"https:\/\/www.sp-equipements.com\/site\/wp-content\/uploads\/2019\/06\/mini_diable_compact_a_dossier_telescopique-1.jpg","datePublished":"2019-06-05T10:23:57+00:00","dateModified":"2019-06-19T13:30:41+00:00","breadcrumb":{"@id":"https:\/\/www.sp-equipements.com\/site\/produit\/mini-diable-compact-a-dossier-telescopique\/#breadcrumb"},"inLanguage":"fr-FR","potentialAction":[{"@type":"ReadAction","target":["https:\/\/www.sp-equipements.com\/site\/produit\/mini-diable-compact-a-dossier-telescopique\/"]}]},{"@type":"ImageObject","inLanguage":"fr-FR","@id":"https:\/\/www.sp-equipements.com\/site\/produit\/mini-diable-compact-a-dossier-telescopique\/#primaryimage","url":"https:\/\/www.sp-equipements.com\/site\/wp-content\/uploads\/2019\/06\/mini_diable_compact_a_dossier_telescopique-1.jpg","contentUrl":"https:\/\/www.sp-equipements.com\/site\/wp-content\/uploads\/2019\/06\/mini_diable_compact_a_dossier_telescopique-1.jpg","width":190,"height":190,"caption":"mini diable compact a dossier telescopique 1"},{"@type":"BreadcrumbList","@id":"https:\/\/www.sp-equipements.com\/site\/produit\/mini-diable-compact-a-dossier-telescopique\/#breadcrumb","itemListElement":[{"@type":"ListItem","position":1,"name":"Accueil","item":"https:\/\/www.sp-equipements.com\/site\/"},{"@type":"ListItem","position":2,"name":"Catalogue","item":"https:\/\/www.sp-equipements.com\/site\/catalogue\/"},{"@type":"ListItem","position":3,"name":"Mini Diable Compact \u00e0 Dossier T\u00e9lescopique"}]},{"@type":"WebSite","@id":"https:\/\/www.sp-equipements.com\/site\/#website","url":"https:\/\/www.sp-equipements.com\/site\/","name":"SP \u00c9quipements","description":"\u00c9quipements de collectivit\u00e9s","potentialAction":[{"@type":"SearchAction","target":{"@type":"EntryPoint","urlTemplate":"https:\/\/www.sp-equipements.com\/site\/?s={search_term_string}"},"query-input":"required name=search_term_string"}],"inLanguage":"fr-FR"}]}},"_links":{"self":[{"href":"https:\/\/www.sp-equipements.com\/site\/wp-json\/wp\/v2\/product\/20841"}],"collection":[{"href":"https:\/\/www.sp-equipements.com\/site\/wp-json\/wp\/v2\/product"}],"about":[{"href":"https:\/\/www.sp-equipements.com\/site\/wp-json\/wp\/v2\/types\/product"}],"replies":[{"embeddable":true,"href":"https:\/\/www.sp-equipements.com\/site\/wp-json\/wp\/v2\/comments?post=20841"}],"wp:featuredmedia":[{"embeddable":true,"href":"https:\/\/www.sp-equipements.com\/site\/wp-json\/wp\/v2\/media\/37565"}],"wp:attachment":[{"href":"https:\/\/www.sp-equipements.com\/site\/wp-json\/wp\/v2\/media?parent=20841"}],"wp:term":[{"taxonomy":"product_cat","embeddable":true,"href":"https:\/\/www.sp-equipements.com\/site\/wp-json\/wp\/v2\/product_cat?post=20841"},{"taxonomy":"product_tag","embeddable":true,"href":"https:\/\/www.sp-equipements.com\/site\/wp-json\/wp\/v2\/product_tag?post=20841"}],"curies":[{"name":"wp","href":"https:\/\/api.w.org\/{rel}","templated":true}]}}