{"id":20846,"date":"2019-06-05T12:24:00","date_gmt":"2019-06-05T10:24:00","guid":{"rendered":"http:\/\/www.polyequipements.com\/produit\/diable-escalier-a-pelle-fixe\/"},"modified":"2019-06-19T15:30:42","modified_gmt":"2019-06-19T13:30:42","slug":"diable-escalier-a-pelle-fixe","status":"publish","type":"product","link":"https:\/\/www.sp-equipements.com\/site\/produit\/diable-escalier-a-pelle-fixe\/","title":{"rendered":"Diable Escalier \u00e0 Pelle Fixe"},"content":{"rendered":"","protected":false},"excerpt":{"rendered":"<p><b>Fabrication fran\u00e7aise<b><\/p>\n<p>Force 150 kg<br \/>\nDiable escalier roues en \u00e9toile facilitant le franchissement des marches, quais et tout obstacle.<br \/>\nDossier l\u00e9g\u00e8rement incurv\u00e9 adapt\u00e9 \u00e0 tout type de charge.<\/p>\n<p>\u2022 Charge (kg) : 150<br \/>\n\u2022 Dim. hors-tout hxlxp (mm) : 1100 x 530 x 495<br \/>\n\u2022 Dim. pelle lxp (mm) : 400 x 150<br \/>\n\u2022 Type de roue : Caout. semi-\u00e9last.<br \/>\n\u2022 \u00d8 roues (mm) : 3 x 160<br \/>\n\u2022 Finition : Epoxy<br \/>\n\u2022 Coloris : Rouge 3001<br \/>\n\u2022 Poids (kg) 11.00 <\/b><\/b><\/p>\n","protected":false},"featured_media":37570,"comment_status":"open","ping_status":"closed","template":"","meta":[],"product_cat":[162,98],"product_tag":[],"yoast_head":"<!-- This site is optimized with the Yoast SEO plugin v22.2 - https:\/\/yoast.com\/wordpress\/plugins\/seo\/ -->\n<title>Diable Escalier \u00e0 Pelle Fixe - SP \u00c9quipements<\/title>\n<meta name=\"robots\" content=\"index, follow, max-snippet:-1, max-image-preview:large, max-video-preview:-1\" \/>\n<link rel=\"canonical\" href=\"https:\/\/www.sp-equipements.com\/site\/produit\/diable-escalier-a-pelle-fixe\/\" \/>\n<meta property=\"og:locale\" content=\"fr_FR\" \/>\n<meta property=\"og:type\" content=\"article\" \/>\n<meta property=\"og:title\" content=\"Diable Escalier \u00e0 Pelle Fixe - SP \u00c9quipements\" \/>\n<meta property=\"og:description\" content=\"Fabrication fran\u00e7aise  Force 150 kg Diable escalier roues en \u00e9toile facilitant le franchissement des marches, quais et tout obstacle. Dossier l\u00e9g\u00e8rement incurv\u00e9 adapt\u00e9 \u00e0 tout type de charge.  \u2022 Charge (kg) : 150 \u2022 Dim. hors-tout hxlxp (mm) : 1100 x 530 x 495 \u2022 Dim. pelle lxp (mm) : 400 x 150 \u2022 Type de roue : Caout. semi-\u00e9last. \u2022 \u00d8 roues (mm) : 3 x 160 \u2022 Finition : Epoxy \u2022 Coloris : Rouge 3001 \u2022 Poids (kg) 11.00\" \/>\n<meta property=\"og:url\" content=\"https:\/\/www.sp-equipements.com\/site\/produit\/diable-escalier-a-pelle-fixe\/\" \/>\n<meta property=\"og:site_name\" content=\"SP \u00c9quipements\" \/>\n<meta property=\"article:modified_time\" content=\"2019-06-19T13:30:42+00:00\" \/>\n<meta property=\"og:image\" content=\"https:\/\/www.sp-equipements.com\/site\/wp-content\/uploads\/2019\/06\/diable_escalier_a_pelle_fixe-1.jpg\" \/>\n\t<meta property=\"og:image:width\" content=\"190\" \/>\n\t<meta property=\"og:image:height\" content=\"190\" \/>\n\t<meta property=\"og:image:type\" content=\"image\/jpeg\" \/>\n<meta name=\"twitter:card\" content=\"summary_large_image\" \/>\n<script type=\"application\/ld+json\" class=\"yoast-schema-graph\">{\"@context\":\"https:\/\/schema.org\",\"@graph\":[{\"@type\":\"WebPage\",\"@id\":\"https:\/\/www.sp-equipements.com\/site\/produit\/diable-escalier-a-pelle-fixe\/\",\"url\":\"https:\/\/www.sp-equipements.com\/site\/produit\/diable-escalier-a-pelle-fixe\/\",\"name\":\"Diable Escalier \u00e0 Pelle Fixe - SP \u00c9quipements\",\"isPartOf\":{\"@id\":\"https:\/\/www.sp-equipements.com\/site\/#website\"},\"primaryImageOfPage\":{\"@id\":\"https:\/\/www.sp-equipements.com\/site\/produit\/diable-escalier-a-pelle-fixe\/#primaryimage\"},\"image\":{\"@id\":\"https:\/\/www.sp-equipements.com\/site\/produit\/diable-escalier-a-pelle-fixe\/#primaryimage\"},\"thumbnailUrl\":\"https:\/\/www.sp-equipements.com\/site\/wp-content\/uploads\/2019\/06\/diable_escalier_a_pelle_fixe-1.jpg\",\"datePublished\":\"2019-06-05T10:24:00+00:00\",\"dateModified\":\"2019-06-19T13:30:42+00:00\",\"breadcrumb\":{\"@id\":\"https:\/\/www.sp-equipements.com\/site\/produit\/diable-escalier-a-pelle-fixe\/#breadcrumb\"},\"inLanguage\":\"fr-FR\",\"potentialAction\":[{\"@type\":\"ReadAction\",\"target\":[\"https:\/\/www.sp-equipements.com\/site\/produit\/diable-escalier-a-pelle-fixe\/\"]}]},{\"@type\":\"ImageObject\",\"inLanguage\":\"fr-FR\",\"@id\":\"https:\/\/www.sp-equipements.com\/site\/produit\/diable-escalier-a-pelle-fixe\/#primaryimage\",\"url\":\"https:\/\/www.sp-equipements.com\/site\/wp-content\/uploads\/2019\/06\/diable_escalier_a_pelle_fixe-1.jpg\",\"contentUrl\":\"https:\/\/www.sp-equipements.com\/site\/wp-content\/uploads\/2019\/06\/diable_escalier_a_pelle_fixe-1.jpg\",\"width\":190,\"height\":190,\"caption\":\"diable escalier a pelle fixe 1\"},{\"@type\":\"BreadcrumbList\",\"@id\":\"https:\/\/www.sp-equipements.com\/site\/produit\/diable-escalier-a-pelle-fixe\/#breadcrumb\",\"itemListElement\":[{\"@type\":\"ListItem\",\"position\":1,\"name\":\"Accueil\",\"item\":\"https:\/\/www.sp-equipements.com\/site\/\"},{\"@type\":\"ListItem\",\"position\":2,\"name\":\"Catalogue\",\"item\":\"https:\/\/www.sp-equipements.com\/site\/catalogue\/\"},{\"@type\":\"ListItem\",\"position\":3,\"name\":\"Diable Escalier \u00e0 Pelle Fixe\"}]},{\"@type\":\"WebSite\",\"@id\":\"https:\/\/www.sp-equipements.com\/site\/#website\",\"url\":\"https:\/\/www.sp-equipements.com\/site\/\",\"name\":\"SP \u00c9quipements\",\"description\":\"\u00c9quipements de collectivit\u00e9s\",\"potentialAction\":[{\"@type\":\"SearchAction\",\"target\":{\"@type\":\"EntryPoint\",\"urlTemplate\":\"https:\/\/www.sp-equipements.com\/site\/?s={search_term_string}\"},\"query-input\":\"required name=search_term_string\"}],\"inLanguage\":\"fr-FR\"}]}<\/script>\n<!-- \/ Yoast SEO plugin. -->","yoast_head_json":{"title":"Diable Escalier \u00e0 Pelle Fixe - SP \u00c9quipements","robots":{"index":"index","follow":"follow","max-snippet":"max-snippet:-1","max-image-preview":"max-image-preview:large","max-video-preview":"max-video-preview:-1"},"canonical":"https:\/\/www.sp-equipements.com\/site\/produit\/diable-escalier-a-pelle-fixe\/","og_locale":"fr_FR","og_type":"article","og_title":"Diable Escalier \u00e0 Pelle Fixe - SP \u00c9quipements","og_description":"Fabrication fran\u00e7aise  Force 150 kg Diable escalier roues en \u00e9toile facilitant le franchissement des marches, quais et tout obstacle. Dossier l\u00e9g\u00e8rement incurv\u00e9 adapt\u00e9 \u00e0 tout type de charge.  \u2022 Charge (kg) : 150 \u2022 Dim. hors-tout hxlxp (mm) : 1100 x 530 x 495 \u2022 Dim. pelle lxp (mm) : 400 x 150 \u2022 Type de roue : Caout. semi-\u00e9last. \u2022 \u00d8 roues (mm) : 3 x 160 \u2022 Finition : Epoxy \u2022 Coloris : Rouge 3001 \u2022 Poids (kg) 11.00","og_url":"https:\/\/www.sp-equipements.com\/site\/produit\/diable-escalier-a-pelle-fixe\/","og_site_name":"SP \u00c9quipements","article_modified_time":"2019-06-19T13:30:42+00:00","og_image":[{"width":190,"height":190,"url":"https:\/\/www.sp-equipements.com\/site\/wp-content\/uploads\/2019\/06\/diable_escalier_a_pelle_fixe-1.jpg","type":"image\/jpeg"}],"twitter_card":"summary_large_image","schema":{"@context":"https:\/\/schema.org","@graph":[{"@type":"WebPage","@id":"https:\/\/www.sp-equipements.com\/site\/produit\/diable-escalier-a-pelle-fixe\/","url":"https:\/\/www.sp-equipements.com\/site\/produit\/diable-escalier-a-pelle-fixe\/","name":"Diable Escalier \u00e0 Pelle Fixe - SP \u00c9quipements","isPartOf":{"@id":"https:\/\/www.sp-equipements.com\/site\/#website"},"primaryImageOfPage":{"@id":"https:\/\/www.sp-equipements.com\/site\/produit\/diable-escalier-a-pelle-fixe\/#primaryimage"},"image":{"@id":"https:\/\/www.sp-equipements.com\/site\/produit\/diable-escalier-a-pelle-fixe\/#primaryimage"},"thumbnailUrl":"https:\/\/www.sp-equipements.com\/site\/wp-content\/uploads\/2019\/06\/diable_escalier_a_pelle_fixe-1.jpg","datePublished":"2019-06-05T10:24:00+00:00","dateModified":"2019-06-19T13:30:42+00:00","breadcrumb":{"@id":"https:\/\/www.sp-equipements.com\/site\/produit\/diable-escalier-a-pelle-fixe\/#breadcrumb"},"inLanguage":"fr-FR","potentialAction":[{"@type":"ReadAction","target":["https:\/\/www.sp-equipements.com\/site\/produit\/diable-escalier-a-pelle-fixe\/"]}]},{"@type":"ImageObject","inLanguage":"fr-FR","@id":"https:\/\/www.sp-equipements.com\/site\/produit\/diable-escalier-a-pelle-fixe\/#primaryimage","url":"https:\/\/www.sp-equipements.com\/site\/wp-content\/uploads\/2019\/06\/diable_escalier_a_pelle_fixe-1.jpg","contentUrl":"https:\/\/www.sp-equipements.com\/site\/wp-content\/uploads\/2019\/06\/diable_escalier_a_pelle_fixe-1.jpg","width":190,"height":190,"caption":"diable escalier a pelle fixe 1"},{"@type":"BreadcrumbList","@id":"https:\/\/www.sp-equipements.com\/site\/produit\/diable-escalier-a-pelle-fixe\/#breadcrumb","itemListElement":[{"@type":"ListItem","position":1,"name":"Accueil","item":"https:\/\/www.sp-equipements.com\/site\/"},{"@type":"ListItem","position":2,"name":"Catalogue","item":"https:\/\/www.sp-equipements.com\/site\/catalogue\/"},{"@type":"ListItem","position":3,"name":"Diable Escalier \u00e0 Pelle Fixe"}]},{"@type":"WebSite","@id":"https:\/\/www.sp-equipements.com\/site\/#website","url":"https:\/\/www.sp-equipements.com\/site\/","name":"SP \u00c9quipements","description":"\u00c9quipements de collectivit\u00e9s","potentialAction":[{"@type":"SearchAction","target":{"@type":"EntryPoint","urlTemplate":"https:\/\/www.sp-equipements.com\/site\/?s={search_term_string}"},"query-input":"required name=search_term_string"}],"inLanguage":"fr-FR"}]}},"_links":{"self":[{"href":"https:\/\/www.sp-equipements.com\/site\/wp-json\/wp\/v2\/product\/20846"}],"collection":[{"href":"https:\/\/www.sp-equipements.com\/site\/wp-json\/wp\/v2\/product"}],"about":[{"href":"https:\/\/www.sp-equipements.com\/site\/wp-json\/wp\/v2\/types\/product"}],"replies":[{"embeddable":true,"href":"https:\/\/www.sp-equipements.com\/site\/wp-json\/wp\/v2\/comments?post=20846"}],"wp:featuredmedia":[{"embeddable":true,"href":"https:\/\/www.sp-equipements.com\/site\/wp-json\/wp\/v2\/media\/37570"}],"wp:attachment":[{"href":"https:\/\/www.sp-equipements.com\/site\/wp-json\/wp\/v2\/media?parent=20846"}],"wp:term":[{"taxonomy":"product_cat","embeddable":true,"href":"https:\/\/www.sp-equipements.com\/site\/wp-json\/wp\/v2\/product_cat?post=20846"},{"taxonomy":"product_tag","embeddable":true,"href":"https:\/\/www.sp-equipements.com\/site\/wp-json\/wp\/v2\/product_tag?post=20846"}],"curies":[{"name":"wp","href":"https:\/\/api.w.org\/{rel}","templated":true}]}}