{"id":20851,"date":"2019-06-05T12:24:03","date_gmt":"2019-06-05T10:24:03","guid":{"rendered":"http:\/\/www.polyequipements.com\/produit\/chariot-escabeaux-2-plateaux-3-marches\/"},"modified":"2022-06-09T22:42:24","modified_gmt":"2022-06-09T20:42:24","slug":"chariot-escabeaux-2-plateaux-3-marches","status":"publish","type":"product","link":"https:\/\/www.sp-equipements.com\/site\/produit\/chariot-escabeaux-2-plateaux-3-marches\/","title":{"rendered":"Chariot Escabeaux &#8211; 2 Plateaux &#8211; 3 Marches"},"content":{"rendered":"","protected":false},"excerpt":{"rendered":"<p><b>Fabrication fran\u00e7aise<b><\/p>\n<p>Id\u00e9al pour la pr\u00e9paration de commande, le chariot escabeau permet d&rsquo;acc\u00e9der aux rayonnages en toute s\u00e9curit\u00e9 et sans perte de temps. En position utilisation (escabeau baiss\u00e9) le chariot est immobilis\u00e9 par 2 patins au sol : maintien de l&rsquo;escabeau en position relev\u00e9e pour les d\u00e9placements.<br \/>\nMarches en bois antid\u00e9rapant \u00e9p. 19 mm, dimensions 470 x 130 mm, espace utile entre marches : 250 mm, hauteur derni\u00e8re marche : 740 mm\/sol (soit 1 hauteur de prise \u00e0 environ 2700 mm).<\/p>\n<p>Charge 300 kg<br \/>\n2 plateaux fixes<br \/>\ncharge admissible par plateau : 150 kg (uniform\u00e9ment r\u00e9partie)<br \/>\n3 marches.<\/b><\/b><\/p>\n","protected":false},"featured_media":37575,"comment_status":"open","ping_status":"closed","template":"","meta":[],"product_cat":[161,98],"product_tag":[],"yoast_head":"<!-- This site is optimized with the Yoast SEO plugin v22.2 - https:\/\/yoast.com\/wordpress\/plugins\/seo\/ -->\n<title>Chariot Escabeaux - 2 Plateaux - 3 Marches - SP \u00c9quipements<\/title>\n<meta name=\"robots\" content=\"index, follow, max-snippet:-1, max-image-preview:large, max-video-preview:-1\" \/>\n<link rel=\"canonical\" href=\"https:\/\/www.sp-equipements.com\/site\/produit\/chariot-escabeaux-2-plateaux-3-marches\/\" \/>\n<meta property=\"og:locale\" content=\"fr_FR\" \/>\n<meta property=\"og:type\" content=\"article\" \/>\n<meta property=\"og:title\" content=\"Chariot Escabeaux - 2 Plateaux - 3 Marches - SP \u00c9quipements\" \/>\n<meta property=\"og:description\" content=\"Fabrication fran\u00e7aise  Id\u00e9al pour la pr\u00e9paration de commande, le chariot escabeau permet d&#039;acc\u00e9der aux rayonnages en toute s\u00e9curit\u00e9 et sans perte de temps. En position utilisation (escabeau baiss\u00e9) le chariot est immobilis\u00e9 par 2 patins au sol : maintien de l&#039;escabeau en position relev\u00e9e pour les d\u00e9placements. Marches en bois antid\u00e9rapant \u00e9p. 19 mm, dimensions 470 x 130 mm, espace utile entre marches : 250 mm, hauteur derni\u00e8re marche : 740 mm\/sol (soit 1 hauteur de prise \u00e0 environ 2700 mm).  Charge 300 kg 2 plateaux fixes charge admissible par plateau : 150 kg (uniform\u00e9ment r\u00e9partie) 3 marches.\" \/>\n<meta property=\"og:url\" content=\"https:\/\/www.sp-equipements.com\/site\/produit\/chariot-escabeaux-2-plateaux-3-marches\/\" \/>\n<meta property=\"og:site_name\" content=\"SP \u00c9quipements\" \/>\n<meta property=\"article:modified_time\" content=\"2022-06-09T20:42:24+00:00\" \/>\n<meta property=\"og:image\" content=\"https:\/\/www.sp-equipements.com\/site\/wp-content\/uploads\/2019\/06\/chariot_escabeaux-1.jpg\" \/>\n\t<meta property=\"og:image:width\" content=\"190\" \/>\n\t<meta property=\"og:image:height\" content=\"190\" \/>\n\t<meta property=\"og:image:type\" content=\"image\/jpeg\" \/>\n<meta name=\"twitter:card\" content=\"summary_large_image\" \/>\n<script type=\"application\/ld+json\" class=\"yoast-schema-graph\">{\"@context\":\"https:\/\/schema.org\",\"@graph\":[{\"@type\":\"WebPage\",\"@id\":\"https:\/\/www.sp-equipements.com\/site\/produit\/chariot-escabeaux-2-plateaux-3-marches\/\",\"url\":\"https:\/\/www.sp-equipements.com\/site\/produit\/chariot-escabeaux-2-plateaux-3-marches\/\",\"name\":\"Chariot Escabeaux - 2 Plateaux - 3 Marches - SP \u00c9quipements\",\"isPartOf\":{\"@id\":\"https:\/\/www.sp-equipements.com\/site\/#website\"},\"primaryImageOfPage\":{\"@id\":\"https:\/\/www.sp-equipements.com\/site\/produit\/chariot-escabeaux-2-plateaux-3-marches\/#primaryimage\"},\"image\":{\"@id\":\"https:\/\/www.sp-equipements.com\/site\/produit\/chariot-escabeaux-2-plateaux-3-marches\/#primaryimage\"},\"thumbnailUrl\":\"https:\/\/www.sp-equipements.com\/site\/wp-content\/uploads\/2019\/06\/chariot_escabeaux-1.jpg\",\"datePublished\":\"2019-06-05T10:24:03+00:00\",\"dateModified\":\"2022-06-09T20:42:24+00:00\",\"breadcrumb\":{\"@id\":\"https:\/\/www.sp-equipements.com\/site\/produit\/chariot-escabeaux-2-plateaux-3-marches\/#breadcrumb\"},\"inLanguage\":\"fr-FR\",\"potentialAction\":[{\"@type\":\"ReadAction\",\"target\":[\"https:\/\/www.sp-equipements.com\/site\/produit\/chariot-escabeaux-2-plateaux-3-marches\/\"]}]},{\"@type\":\"ImageObject\",\"inLanguage\":\"fr-FR\",\"@id\":\"https:\/\/www.sp-equipements.com\/site\/produit\/chariot-escabeaux-2-plateaux-3-marches\/#primaryimage\",\"url\":\"https:\/\/www.sp-equipements.com\/site\/wp-content\/uploads\/2019\/06\/chariot_escabeaux-1.jpg\",\"contentUrl\":\"https:\/\/www.sp-equipements.com\/site\/wp-content\/uploads\/2019\/06\/chariot_escabeaux-1.jpg\",\"width\":190,\"height\":190,\"caption\":\"chariot escabeaux 1\"},{\"@type\":\"BreadcrumbList\",\"@id\":\"https:\/\/www.sp-equipements.com\/site\/produit\/chariot-escabeaux-2-plateaux-3-marches\/#breadcrumb\",\"itemListElement\":[{\"@type\":\"ListItem\",\"position\":1,\"name\":\"Accueil\",\"item\":\"https:\/\/www.sp-equipements.com\/site\/\"},{\"@type\":\"ListItem\",\"position\":2,\"name\":\"Catalogue\",\"item\":\"https:\/\/www.sp-equipements.com\/site\/catalogue\/\"},{\"@type\":\"ListItem\",\"position\":3,\"name\":\"Chariot Escabeaux &#8211; 2 Plateaux &#8211; 3 Marches\"}]},{\"@type\":\"WebSite\",\"@id\":\"https:\/\/www.sp-equipements.com\/site\/#website\",\"url\":\"https:\/\/www.sp-equipements.com\/site\/\",\"name\":\"SP \u00c9quipements\",\"description\":\"\u00c9quipements de collectivit\u00e9s\",\"potentialAction\":[{\"@type\":\"SearchAction\",\"target\":{\"@type\":\"EntryPoint\",\"urlTemplate\":\"https:\/\/www.sp-equipements.com\/site\/?s={search_term_string}\"},\"query-input\":\"required name=search_term_string\"}],\"inLanguage\":\"fr-FR\"}]}<\/script>\n<!-- \/ Yoast SEO plugin. -->","yoast_head_json":{"title":"Chariot Escabeaux - 2 Plateaux - 3 Marches - SP \u00c9quipements","robots":{"index":"index","follow":"follow","max-snippet":"max-snippet:-1","max-image-preview":"max-image-preview:large","max-video-preview":"max-video-preview:-1"},"canonical":"https:\/\/www.sp-equipements.com\/site\/produit\/chariot-escabeaux-2-plateaux-3-marches\/","og_locale":"fr_FR","og_type":"article","og_title":"Chariot Escabeaux - 2 Plateaux - 3 Marches - SP \u00c9quipements","og_description":"Fabrication fran\u00e7aise  Id\u00e9al pour la pr\u00e9paration de commande, le chariot escabeau permet d'acc\u00e9der aux rayonnages en toute s\u00e9curit\u00e9 et sans perte de temps. En position utilisation (escabeau baiss\u00e9) le chariot est immobilis\u00e9 par 2 patins au sol : maintien de l'escabeau en position relev\u00e9e pour les d\u00e9placements. Marches en bois antid\u00e9rapant \u00e9p. 19 mm, dimensions 470 x 130 mm, espace utile entre marches : 250 mm, hauteur derni\u00e8re marche : 740 mm\/sol (soit 1 hauteur de prise \u00e0 environ 2700 mm).  Charge 300 kg 2 plateaux fixes charge admissible par plateau : 150 kg (uniform\u00e9ment r\u00e9partie) 3 marches.","og_url":"https:\/\/www.sp-equipements.com\/site\/produit\/chariot-escabeaux-2-plateaux-3-marches\/","og_site_name":"SP \u00c9quipements","article_modified_time":"2022-06-09T20:42:24+00:00","og_image":[{"width":190,"height":190,"url":"https:\/\/www.sp-equipements.com\/site\/wp-content\/uploads\/2019\/06\/chariot_escabeaux-1.jpg","type":"image\/jpeg"}],"twitter_card":"summary_large_image","schema":{"@context":"https:\/\/schema.org","@graph":[{"@type":"WebPage","@id":"https:\/\/www.sp-equipements.com\/site\/produit\/chariot-escabeaux-2-plateaux-3-marches\/","url":"https:\/\/www.sp-equipements.com\/site\/produit\/chariot-escabeaux-2-plateaux-3-marches\/","name":"Chariot Escabeaux - 2 Plateaux - 3 Marches - SP \u00c9quipements","isPartOf":{"@id":"https:\/\/www.sp-equipements.com\/site\/#website"},"primaryImageOfPage":{"@id":"https:\/\/www.sp-equipements.com\/site\/produit\/chariot-escabeaux-2-plateaux-3-marches\/#primaryimage"},"image":{"@id":"https:\/\/www.sp-equipements.com\/site\/produit\/chariot-escabeaux-2-plateaux-3-marches\/#primaryimage"},"thumbnailUrl":"https:\/\/www.sp-equipements.com\/site\/wp-content\/uploads\/2019\/06\/chariot_escabeaux-1.jpg","datePublished":"2019-06-05T10:24:03+00:00","dateModified":"2022-06-09T20:42:24+00:00","breadcrumb":{"@id":"https:\/\/www.sp-equipements.com\/site\/produit\/chariot-escabeaux-2-plateaux-3-marches\/#breadcrumb"},"inLanguage":"fr-FR","potentialAction":[{"@type":"ReadAction","target":["https:\/\/www.sp-equipements.com\/site\/produit\/chariot-escabeaux-2-plateaux-3-marches\/"]}]},{"@type":"ImageObject","inLanguage":"fr-FR","@id":"https:\/\/www.sp-equipements.com\/site\/produit\/chariot-escabeaux-2-plateaux-3-marches\/#primaryimage","url":"https:\/\/www.sp-equipements.com\/site\/wp-content\/uploads\/2019\/06\/chariot_escabeaux-1.jpg","contentUrl":"https:\/\/www.sp-equipements.com\/site\/wp-content\/uploads\/2019\/06\/chariot_escabeaux-1.jpg","width":190,"height":190,"caption":"chariot escabeaux 1"},{"@type":"BreadcrumbList","@id":"https:\/\/www.sp-equipements.com\/site\/produit\/chariot-escabeaux-2-plateaux-3-marches\/#breadcrumb","itemListElement":[{"@type":"ListItem","position":1,"name":"Accueil","item":"https:\/\/www.sp-equipements.com\/site\/"},{"@type":"ListItem","position":2,"name":"Catalogue","item":"https:\/\/www.sp-equipements.com\/site\/catalogue\/"},{"@type":"ListItem","position":3,"name":"Chariot Escabeaux &#8211; 2 Plateaux &#8211; 3 Marches"}]},{"@type":"WebSite","@id":"https:\/\/www.sp-equipements.com\/site\/#website","url":"https:\/\/www.sp-equipements.com\/site\/","name":"SP \u00c9quipements","description":"\u00c9quipements de collectivit\u00e9s","potentialAction":[{"@type":"SearchAction","target":{"@type":"EntryPoint","urlTemplate":"https:\/\/www.sp-equipements.com\/site\/?s={search_term_string}"},"query-input":"required name=search_term_string"}],"inLanguage":"fr-FR"}]}},"_links":{"self":[{"href":"https:\/\/www.sp-equipements.com\/site\/wp-json\/wp\/v2\/product\/20851"}],"collection":[{"href":"https:\/\/www.sp-equipements.com\/site\/wp-json\/wp\/v2\/product"}],"about":[{"href":"https:\/\/www.sp-equipements.com\/site\/wp-json\/wp\/v2\/types\/product"}],"replies":[{"embeddable":true,"href":"https:\/\/www.sp-equipements.com\/site\/wp-json\/wp\/v2\/comments?post=20851"}],"wp:featuredmedia":[{"embeddable":true,"href":"https:\/\/www.sp-equipements.com\/site\/wp-json\/wp\/v2\/media\/37575"}],"wp:attachment":[{"href":"https:\/\/www.sp-equipements.com\/site\/wp-json\/wp\/v2\/media?parent=20851"}],"wp:term":[{"taxonomy":"product_cat","embeddable":true,"href":"https:\/\/www.sp-equipements.com\/site\/wp-json\/wp\/v2\/product_cat?post=20851"},{"taxonomy":"product_tag","embeddable":true,"href":"https:\/\/www.sp-equipements.com\/site\/wp-json\/wp\/v2\/product_tag?post=20851"}],"curies":[{"name":"wp","href":"https:\/\/api.w.org\/{rel}","templated":true}]}}