{"id":20852,"date":"2019-06-05T12:24:03","date_gmt":"2019-06-05T10:24:03","guid":{"rendered":"http:\/\/www.polyequipements.com\/produit\/pupitre-datelier-a-tablette-horizontale-fixe\/"},"modified":"2022-06-10T08:20:20","modified_gmt":"2022-06-10T06:20:20","slug":"pupitre-datelier-a-tablette-horizontale-fixe","status":"publish","type":"product","link":"https:\/\/www.sp-equipements.com\/site\/produit\/pupitre-datelier-a-tablette-horizontale-fixe\/","title":{"rendered":"Pupitre d&rsquo;Atelier \u00e0 Tablette Horizontale Fixe"},"content":{"rendered":"","protected":false},"excerpt":{"rendered":"<p><b>Fabrication fran\u00e7aise<b><\/p>\n<p>Charge : 150 kg<br \/>\nHauteur r\u00e9glable de 770 \u00e0 1200 mm au pas de 100 mm.<br \/>\nVersion tablette inclin\u00e9e.<br \/>\n4 roulettes pivotantes \u00e0 \u0153il de \u00f8 100 mm dont 2 \u00e0 blocage, \u00e0 bandage caoutchouc synth\u00e9tique non tachant.<\/p>\n<p><b>Sp\u00e9cifications g\u00e9n\u00e9rales<\/b><br \/>\nDim. utiles LxI (mm) : 425 x 330<br \/>\nDim. hors-tout LxIxh (mm) : 470 x 400 x 1200<br \/>\nHauteur tablette en position basse (mm) : 770<br \/>\n\u00d8 roues (mm) : 100<br \/>\nFinition Epoxy<br \/>\nColoris : Bleu RAL 5005<br \/>\nPoids (kg) : 12.00<\/b><\/b><\/p>\n","protected":false},"featured_media":37576,"comment_status":"open","ping_status":"closed","template":"","meta":[],"product_cat":[98,163],"product_tag":[],"yoast_head":"<!-- This site is optimized with the Yoast SEO plugin v22.2 - https:\/\/yoast.com\/wordpress\/plugins\/seo\/ -->\n<title>Pupitre d&#039;Atelier \u00e0 Tablette Horizontale Fixe - SP \u00c9quipements<\/title>\n<meta name=\"robots\" content=\"index, follow, max-snippet:-1, max-image-preview:large, max-video-preview:-1\" \/>\n<link rel=\"canonical\" href=\"https:\/\/www.sp-equipements.com\/site\/produit\/pupitre-datelier-a-tablette-horizontale-fixe\/\" \/>\n<meta property=\"og:locale\" content=\"fr_FR\" \/>\n<meta property=\"og:type\" content=\"article\" \/>\n<meta property=\"og:title\" content=\"Pupitre d&#039;Atelier \u00e0 Tablette Horizontale Fixe - SP \u00c9quipements\" \/>\n<meta property=\"og:description\" content=\"Fabrication fran\u00e7aise  Charge : 150 kg Hauteur r\u00e9glable de 770 \u00e0 1200 mm au pas de 100 mm. Version tablette inclin\u00e9e. 4 roulettes pivotantes \u00e0 \u0153il de \u00f8 100 mm dont 2 \u00e0 blocage, \u00e0 bandage caoutchouc synth\u00e9tique non tachant.  Sp\u00e9cifications g\u00e9n\u00e9rales Dim. utiles LxI (mm) : 425 x 330 Dim. hors-tout LxIxh (mm) : 470 x 400 x 1200 Hauteur tablette en position basse (mm) : 770 \u00d8 roues (mm) : 100 Finition Epoxy Coloris : Bleu RAL 5005 Poids (kg) : 12.00\" \/>\n<meta property=\"og:url\" content=\"https:\/\/www.sp-equipements.com\/site\/produit\/pupitre-datelier-a-tablette-horizontale-fixe\/\" \/>\n<meta property=\"og:site_name\" content=\"SP \u00c9quipements\" \/>\n<meta property=\"article:modified_time\" content=\"2022-06-10T06:20:20+00:00\" \/>\n<meta property=\"og:image\" content=\"https:\/\/www.sp-equipements.com\/site\/wp-content\/uploads\/2019\/06\/pupitre_atelier_a_tablette_horizontale_fixe-1.jpg\" \/>\n\t<meta property=\"og:image:width\" content=\"190\" \/>\n\t<meta property=\"og:image:height\" content=\"190\" \/>\n\t<meta property=\"og:image:type\" content=\"image\/jpeg\" \/>\n<meta name=\"twitter:card\" content=\"summary_large_image\" \/>\n<script type=\"application\/ld+json\" class=\"yoast-schema-graph\">{\"@context\":\"https:\/\/schema.org\",\"@graph\":[{\"@type\":\"WebPage\",\"@id\":\"https:\/\/www.sp-equipements.com\/site\/produit\/pupitre-datelier-a-tablette-horizontale-fixe\/\",\"url\":\"https:\/\/www.sp-equipements.com\/site\/produit\/pupitre-datelier-a-tablette-horizontale-fixe\/\",\"name\":\"Pupitre d'Atelier \u00e0 Tablette Horizontale Fixe - SP \u00c9quipements\",\"isPartOf\":{\"@id\":\"https:\/\/www.sp-equipements.com\/site\/#website\"},\"primaryImageOfPage\":{\"@id\":\"https:\/\/www.sp-equipements.com\/site\/produit\/pupitre-datelier-a-tablette-horizontale-fixe\/#primaryimage\"},\"image\":{\"@id\":\"https:\/\/www.sp-equipements.com\/site\/produit\/pupitre-datelier-a-tablette-horizontale-fixe\/#primaryimage\"},\"thumbnailUrl\":\"https:\/\/www.sp-equipements.com\/site\/wp-content\/uploads\/2019\/06\/pupitre_atelier_a_tablette_horizontale_fixe-1.jpg\",\"datePublished\":\"2019-06-05T10:24:03+00:00\",\"dateModified\":\"2022-06-10T06:20:20+00:00\",\"breadcrumb\":{\"@id\":\"https:\/\/www.sp-equipements.com\/site\/produit\/pupitre-datelier-a-tablette-horizontale-fixe\/#breadcrumb\"},\"inLanguage\":\"fr-FR\",\"potentialAction\":[{\"@type\":\"ReadAction\",\"target\":[\"https:\/\/www.sp-equipements.com\/site\/produit\/pupitre-datelier-a-tablette-horizontale-fixe\/\"]}]},{\"@type\":\"ImageObject\",\"inLanguage\":\"fr-FR\",\"@id\":\"https:\/\/www.sp-equipements.com\/site\/produit\/pupitre-datelier-a-tablette-horizontale-fixe\/#primaryimage\",\"url\":\"https:\/\/www.sp-equipements.com\/site\/wp-content\/uploads\/2019\/06\/pupitre_atelier_a_tablette_horizontale_fixe-1.jpg\",\"contentUrl\":\"https:\/\/www.sp-equipements.com\/site\/wp-content\/uploads\/2019\/06\/pupitre_atelier_a_tablette_horizontale_fixe-1.jpg\",\"width\":190,\"height\":190,\"caption\":\"pupitre atelier a tablette horizontale fixe 1\"},{\"@type\":\"BreadcrumbList\",\"@id\":\"https:\/\/www.sp-equipements.com\/site\/produit\/pupitre-datelier-a-tablette-horizontale-fixe\/#breadcrumb\",\"itemListElement\":[{\"@type\":\"ListItem\",\"position\":1,\"name\":\"Accueil\",\"item\":\"https:\/\/www.sp-equipements.com\/site\/\"},{\"@type\":\"ListItem\",\"position\":2,\"name\":\"Catalogue\",\"item\":\"https:\/\/www.sp-equipements.com\/site\/catalogue\/\"},{\"@type\":\"ListItem\",\"position\":3,\"name\":\"Pupitre d&rsquo;Atelier \u00e0 Tablette Horizontale Fixe\"}]},{\"@type\":\"WebSite\",\"@id\":\"https:\/\/www.sp-equipements.com\/site\/#website\",\"url\":\"https:\/\/www.sp-equipements.com\/site\/\",\"name\":\"SP \u00c9quipements\",\"description\":\"\u00c9quipements de collectivit\u00e9s\",\"potentialAction\":[{\"@type\":\"SearchAction\",\"target\":{\"@type\":\"EntryPoint\",\"urlTemplate\":\"https:\/\/www.sp-equipements.com\/site\/?s={search_term_string}\"},\"query-input\":\"required name=search_term_string\"}],\"inLanguage\":\"fr-FR\"}]}<\/script>\n<!-- \/ Yoast SEO plugin. -->","yoast_head_json":{"title":"Pupitre d'Atelier \u00e0 Tablette Horizontale Fixe - SP \u00c9quipements","robots":{"index":"index","follow":"follow","max-snippet":"max-snippet:-1","max-image-preview":"max-image-preview:large","max-video-preview":"max-video-preview:-1"},"canonical":"https:\/\/www.sp-equipements.com\/site\/produit\/pupitre-datelier-a-tablette-horizontale-fixe\/","og_locale":"fr_FR","og_type":"article","og_title":"Pupitre d'Atelier \u00e0 Tablette Horizontale Fixe - SP \u00c9quipements","og_description":"Fabrication fran\u00e7aise  Charge : 150 kg Hauteur r\u00e9glable de 770 \u00e0 1200 mm au pas de 100 mm. Version tablette inclin\u00e9e. 4 roulettes pivotantes \u00e0 \u0153il de \u00f8 100 mm dont 2 \u00e0 blocage, \u00e0 bandage caoutchouc synth\u00e9tique non tachant.  Sp\u00e9cifications g\u00e9n\u00e9rales Dim. utiles LxI (mm) : 425 x 330 Dim. hors-tout LxIxh (mm) : 470 x 400 x 1200 Hauteur tablette en position basse (mm) : 770 \u00d8 roues (mm) : 100 Finition Epoxy Coloris : Bleu RAL 5005 Poids (kg) : 12.00","og_url":"https:\/\/www.sp-equipements.com\/site\/produit\/pupitre-datelier-a-tablette-horizontale-fixe\/","og_site_name":"SP \u00c9quipements","article_modified_time":"2022-06-10T06:20:20+00:00","og_image":[{"width":190,"height":190,"url":"https:\/\/www.sp-equipements.com\/site\/wp-content\/uploads\/2019\/06\/pupitre_atelier_a_tablette_horizontale_fixe-1.jpg","type":"image\/jpeg"}],"twitter_card":"summary_large_image","schema":{"@context":"https:\/\/schema.org","@graph":[{"@type":"WebPage","@id":"https:\/\/www.sp-equipements.com\/site\/produit\/pupitre-datelier-a-tablette-horizontale-fixe\/","url":"https:\/\/www.sp-equipements.com\/site\/produit\/pupitre-datelier-a-tablette-horizontale-fixe\/","name":"Pupitre d'Atelier \u00e0 Tablette Horizontale Fixe - SP \u00c9quipements","isPartOf":{"@id":"https:\/\/www.sp-equipements.com\/site\/#website"},"primaryImageOfPage":{"@id":"https:\/\/www.sp-equipements.com\/site\/produit\/pupitre-datelier-a-tablette-horizontale-fixe\/#primaryimage"},"image":{"@id":"https:\/\/www.sp-equipements.com\/site\/produit\/pupitre-datelier-a-tablette-horizontale-fixe\/#primaryimage"},"thumbnailUrl":"https:\/\/www.sp-equipements.com\/site\/wp-content\/uploads\/2019\/06\/pupitre_atelier_a_tablette_horizontale_fixe-1.jpg","datePublished":"2019-06-05T10:24:03+00:00","dateModified":"2022-06-10T06:20:20+00:00","breadcrumb":{"@id":"https:\/\/www.sp-equipements.com\/site\/produit\/pupitre-datelier-a-tablette-horizontale-fixe\/#breadcrumb"},"inLanguage":"fr-FR","potentialAction":[{"@type":"ReadAction","target":["https:\/\/www.sp-equipements.com\/site\/produit\/pupitre-datelier-a-tablette-horizontale-fixe\/"]}]},{"@type":"ImageObject","inLanguage":"fr-FR","@id":"https:\/\/www.sp-equipements.com\/site\/produit\/pupitre-datelier-a-tablette-horizontale-fixe\/#primaryimage","url":"https:\/\/www.sp-equipements.com\/site\/wp-content\/uploads\/2019\/06\/pupitre_atelier_a_tablette_horizontale_fixe-1.jpg","contentUrl":"https:\/\/www.sp-equipements.com\/site\/wp-content\/uploads\/2019\/06\/pupitre_atelier_a_tablette_horizontale_fixe-1.jpg","width":190,"height":190,"caption":"pupitre atelier a tablette horizontale fixe 1"},{"@type":"BreadcrumbList","@id":"https:\/\/www.sp-equipements.com\/site\/produit\/pupitre-datelier-a-tablette-horizontale-fixe\/#breadcrumb","itemListElement":[{"@type":"ListItem","position":1,"name":"Accueil","item":"https:\/\/www.sp-equipements.com\/site\/"},{"@type":"ListItem","position":2,"name":"Catalogue","item":"https:\/\/www.sp-equipements.com\/site\/catalogue\/"},{"@type":"ListItem","position":3,"name":"Pupitre d&rsquo;Atelier \u00e0 Tablette Horizontale Fixe"}]},{"@type":"WebSite","@id":"https:\/\/www.sp-equipements.com\/site\/#website","url":"https:\/\/www.sp-equipements.com\/site\/","name":"SP \u00c9quipements","description":"\u00c9quipements de collectivit\u00e9s","potentialAction":[{"@type":"SearchAction","target":{"@type":"EntryPoint","urlTemplate":"https:\/\/www.sp-equipements.com\/site\/?s={search_term_string}"},"query-input":"required name=search_term_string"}],"inLanguage":"fr-FR"}]}},"_links":{"self":[{"href":"https:\/\/www.sp-equipements.com\/site\/wp-json\/wp\/v2\/product\/20852"}],"collection":[{"href":"https:\/\/www.sp-equipements.com\/site\/wp-json\/wp\/v2\/product"}],"about":[{"href":"https:\/\/www.sp-equipements.com\/site\/wp-json\/wp\/v2\/types\/product"}],"replies":[{"embeddable":true,"href":"https:\/\/www.sp-equipements.com\/site\/wp-json\/wp\/v2\/comments?post=20852"}],"wp:featuredmedia":[{"embeddable":true,"href":"https:\/\/www.sp-equipements.com\/site\/wp-json\/wp\/v2\/media\/37576"}],"wp:attachment":[{"href":"https:\/\/www.sp-equipements.com\/site\/wp-json\/wp\/v2\/media?parent=20852"}],"wp:term":[{"taxonomy":"product_cat","embeddable":true,"href":"https:\/\/www.sp-equipements.com\/site\/wp-json\/wp\/v2\/product_cat?post=20852"},{"taxonomy":"product_tag","embeddable":true,"href":"https:\/\/www.sp-equipements.com\/site\/wp-json\/wp\/v2\/product_tag?post=20852"}],"curies":[{"name":"wp","href":"https:\/\/api.w.org\/{rel}","templated":true}]}}