{"id":20859,"date":"2019-06-05T12:24:07","date_gmt":"2019-06-05T10:24:07","guid":{"rendered":"http:\/\/www.polyequipements.com\/produit\/servante-datelier-a-2-plateaux-collecteur-de-dechets\/"},"modified":"2019-06-19T15:30:48","modified_gmt":"2019-06-19T13:30:48","slug":"servante-datelier-a-2-plateaux-collecteur-de-dechets","status":"publish","type":"product","link":"https:\/\/www.sp-equipements.com\/site\/produit\/servante-datelier-a-2-plateaux-collecteur-de-dechets\/","title":{"rendered":"Servante d&rsquo;Atelier \u00e0 2 Plateaux + Collecteur de D\u00e9chets"},"content":{"rendered":"","protected":false},"excerpt":{"rendered":"<p><b>Fabrication fran\u00e7aise<b><\/p>\n<p>Charge 150 kg.<br \/>\nConstruction ch\u00e2ssis en tube d\u2019acier carr\u00e9 soud\u00e9 de 25 x 25 x 2 mm.<br \/>\n2 plateaux fixes.<br \/>\nPoign\u00e9e en tube de \u00f825 mm.<br \/>\n4 roulettes pivotantes de \u00f8 75 mm dont 2 \u00e0 frein.<br \/>\nBandage caoutchouc synth\u00e9tique gris non tachant avec pare-fil .<br \/>\nFinition Epoxy Gris RAL 7024.<br \/>\nCollecteur de d\u00e9chets 150kg.<\/b><\/b><\/p>\n","protected":false},"featured_media":37583,"comment_status":"open","ping_status":"closed","template":"","meta":[],"product_cat":[98,163],"product_tag":[],"yoast_head":"<!-- This site is optimized with the Yoast SEO plugin v22.2 - https:\/\/yoast.com\/wordpress\/plugins\/seo\/ -->\n<title>Servante d&#039;Atelier \u00e0 2 Plateaux + Collecteur de D\u00e9chets - SP \u00c9quipements<\/title>\n<meta name=\"robots\" content=\"index, follow, max-snippet:-1, max-image-preview:large, max-video-preview:-1\" \/>\n<link rel=\"canonical\" href=\"https:\/\/www.sp-equipements.com\/site\/produit\/servante-datelier-a-2-plateaux-collecteur-de-dechets\/\" \/>\n<meta property=\"og:locale\" content=\"fr_FR\" \/>\n<meta property=\"og:type\" content=\"article\" \/>\n<meta property=\"og:title\" content=\"Servante d&#039;Atelier \u00e0 2 Plateaux + Collecteur de D\u00e9chets - SP \u00c9quipements\" \/>\n<meta property=\"og:description\" content=\"Fabrication fran\u00e7aise  Charge 150 kg. Construction ch\u00e2ssis en tube d\u2019acier carr\u00e9 soud\u00e9 de 25 x 25 x 2 mm. 2 plateaux fixes. Poign\u00e9e en tube de \u00f825 mm. 4 roulettes pivotantes de \u00f8 75 mm dont 2 \u00e0 frein. Bandage caoutchouc synth\u00e9tique gris non tachant avec pare-fil . Finition Epoxy Gris RAL 7024. Collecteur de d\u00e9chets 150kg.\" \/>\n<meta property=\"og:url\" content=\"https:\/\/www.sp-equipements.com\/site\/produit\/servante-datelier-a-2-plateaux-collecteur-de-dechets\/\" \/>\n<meta property=\"og:site_name\" content=\"SP \u00c9quipements\" \/>\n<meta property=\"article:modified_time\" content=\"2019-06-19T13:30:48+00:00\" \/>\n<meta property=\"og:image\" content=\"https:\/\/www.sp-equipements.com\/site\/wp-content\/uploads\/2019\/06\/servante_atelier_a_2_plateaux_collecteur_de_dechets-1.jpg\" \/>\n\t<meta property=\"og:image:width\" content=\"190\" \/>\n\t<meta property=\"og:image:height\" content=\"190\" \/>\n\t<meta property=\"og:image:type\" content=\"image\/jpeg\" \/>\n<meta name=\"twitter:card\" content=\"summary_large_image\" \/>\n<script type=\"application\/ld+json\" class=\"yoast-schema-graph\">{\"@context\":\"https:\/\/schema.org\",\"@graph\":[{\"@type\":\"WebPage\",\"@id\":\"https:\/\/www.sp-equipements.com\/site\/produit\/servante-datelier-a-2-plateaux-collecteur-de-dechets\/\",\"url\":\"https:\/\/www.sp-equipements.com\/site\/produit\/servante-datelier-a-2-plateaux-collecteur-de-dechets\/\",\"name\":\"Servante d'Atelier \u00e0 2 Plateaux + Collecteur de D\u00e9chets - SP \u00c9quipements\",\"isPartOf\":{\"@id\":\"https:\/\/www.sp-equipements.com\/site\/#website\"},\"primaryImageOfPage\":{\"@id\":\"https:\/\/www.sp-equipements.com\/site\/produit\/servante-datelier-a-2-plateaux-collecteur-de-dechets\/#primaryimage\"},\"image\":{\"@id\":\"https:\/\/www.sp-equipements.com\/site\/produit\/servante-datelier-a-2-plateaux-collecteur-de-dechets\/#primaryimage\"},\"thumbnailUrl\":\"https:\/\/www.sp-equipements.com\/site\/wp-content\/uploads\/2019\/06\/servante_atelier_a_2_plateaux_collecteur_de_dechets-1.jpg\",\"datePublished\":\"2019-06-05T10:24:07+00:00\",\"dateModified\":\"2019-06-19T13:30:48+00:00\",\"breadcrumb\":{\"@id\":\"https:\/\/www.sp-equipements.com\/site\/produit\/servante-datelier-a-2-plateaux-collecteur-de-dechets\/#breadcrumb\"},\"inLanguage\":\"fr-FR\",\"potentialAction\":[{\"@type\":\"ReadAction\",\"target\":[\"https:\/\/www.sp-equipements.com\/site\/produit\/servante-datelier-a-2-plateaux-collecteur-de-dechets\/\"]}]},{\"@type\":\"ImageObject\",\"inLanguage\":\"fr-FR\",\"@id\":\"https:\/\/www.sp-equipements.com\/site\/produit\/servante-datelier-a-2-plateaux-collecteur-de-dechets\/#primaryimage\",\"url\":\"https:\/\/www.sp-equipements.com\/site\/wp-content\/uploads\/2019\/06\/servante_atelier_a_2_plateaux_collecteur_de_dechets-1.jpg\",\"contentUrl\":\"https:\/\/www.sp-equipements.com\/site\/wp-content\/uploads\/2019\/06\/servante_atelier_a_2_plateaux_collecteur_de_dechets-1.jpg\",\"width\":190,\"height\":190,\"caption\":\"servante atelier a 2 plateaux collecteur de dechets 1\"},{\"@type\":\"BreadcrumbList\",\"@id\":\"https:\/\/www.sp-equipements.com\/site\/produit\/servante-datelier-a-2-plateaux-collecteur-de-dechets\/#breadcrumb\",\"itemListElement\":[{\"@type\":\"ListItem\",\"position\":1,\"name\":\"Accueil\",\"item\":\"https:\/\/www.sp-equipements.com\/site\/\"},{\"@type\":\"ListItem\",\"position\":2,\"name\":\"Catalogue\",\"item\":\"https:\/\/www.sp-equipements.com\/site\/catalogue\/\"},{\"@type\":\"ListItem\",\"position\":3,\"name\":\"Servante d&rsquo;Atelier \u00e0 2 Plateaux + Collecteur de D\u00e9chets\"}]},{\"@type\":\"WebSite\",\"@id\":\"https:\/\/www.sp-equipements.com\/site\/#website\",\"url\":\"https:\/\/www.sp-equipements.com\/site\/\",\"name\":\"SP \u00c9quipements\",\"description\":\"\u00c9quipements de collectivit\u00e9s\",\"potentialAction\":[{\"@type\":\"SearchAction\",\"target\":{\"@type\":\"EntryPoint\",\"urlTemplate\":\"https:\/\/www.sp-equipements.com\/site\/?s={search_term_string}\"},\"query-input\":\"required name=search_term_string\"}],\"inLanguage\":\"fr-FR\"}]}<\/script>\n<!-- \/ Yoast SEO plugin. -->","yoast_head_json":{"title":"Servante d'Atelier \u00e0 2 Plateaux + Collecteur de D\u00e9chets - SP \u00c9quipements","robots":{"index":"index","follow":"follow","max-snippet":"max-snippet:-1","max-image-preview":"max-image-preview:large","max-video-preview":"max-video-preview:-1"},"canonical":"https:\/\/www.sp-equipements.com\/site\/produit\/servante-datelier-a-2-plateaux-collecteur-de-dechets\/","og_locale":"fr_FR","og_type":"article","og_title":"Servante d'Atelier \u00e0 2 Plateaux + Collecteur de D\u00e9chets - SP \u00c9quipements","og_description":"Fabrication fran\u00e7aise  Charge 150 kg. Construction ch\u00e2ssis en tube d\u2019acier carr\u00e9 soud\u00e9 de 25 x 25 x 2 mm. 2 plateaux fixes. Poign\u00e9e en tube de \u00f825 mm. 4 roulettes pivotantes de \u00f8 75 mm dont 2 \u00e0 frein. Bandage caoutchouc synth\u00e9tique gris non tachant avec pare-fil . Finition Epoxy Gris RAL 7024. Collecteur de d\u00e9chets 150kg.","og_url":"https:\/\/www.sp-equipements.com\/site\/produit\/servante-datelier-a-2-plateaux-collecteur-de-dechets\/","og_site_name":"SP \u00c9quipements","article_modified_time":"2019-06-19T13:30:48+00:00","og_image":[{"width":190,"height":190,"url":"https:\/\/www.sp-equipements.com\/site\/wp-content\/uploads\/2019\/06\/servante_atelier_a_2_plateaux_collecteur_de_dechets-1.jpg","type":"image\/jpeg"}],"twitter_card":"summary_large_image","schema":{"@context":"https:\/\/schema.org","@graph":[{"@type":"WebPage","@id":"https:\/\/www.sp-equipements.com\/site\/produit\/servante-datelier-a-2-plateaux-collecteur-de-dechets\/","url":"https:\/\/www.sp-equipements.com\/site\/produit\/servante-datelier-a-2-plateaux-collecteur-de-dechets\/","name":"Servante d'Atelier \u00e0 2 Plateaux + Collecteur de D\u00e9chets - SP \u00c9quipements","isPartOf":{"@id":"https:\/\/www.sp-equipements.com\/site\/#website"},"primaryImageOfPage":{"@id":"https:\/\/www.sp-equipements.com\/site\/produit\/servante-datelier-a-2-plateaux-collecteur-de-dechets\/#primaryimage"},"image":{"@id":"https:\/\/www.sp-equipements.com\/site\/produit\/servante-datelier-a-2-plateaux-collecteur-de-dechets\/#primaryimage"},"thumbnailUrl":"https:\/\/www.sp-equipements.com\/site\/wp-content\/uploads\/2019\/06\/servante_atelier_a_2_plateaux_collecteur_de_dechets-1.jpg","datePublished":"2019-06-05T10:24:07+00:00","dateModified":"2019-06-19T13:30:48+00:00","breadcrumb":{"@id":"https:\/\/www.sp-equipements.com\/site\/produit\/servante-datelier-a-2-plateaux-collecteur-de-dechets\/#breadcrumb"},"inLanguage":"fr-FR","potentialAction":[{"@type":"ReadAction","target":["https:\/\/www.sp-equipements.com\/site\/produit\/servante-datelier-a-2-plateaux-collecteur-de-dechets\/"]}]},{"@type":"ImageObject","inLanguage":"fr-FR","@id":"https:\/\/www.sp-equipements.com\/site\/produit\/servante-datelier-a-2-plateaux-collecteur-de-dechets\/#primaryimage","url":"https:\/\/www.sp-equipements.com\/site\/wp-content\/uploads\/2019\/06\/servante_atelier_a_2_plateaux_collecteur_de_dechets-1.jpg","contentUrl":"https:\/\/www.sp-equipements.com\/site\/wp-content\/uploads\/2019\/06\/servante_atelier_a_2_plateaux_collecteur_de_dechets-1.jpg","width":190,"height":190,"caption":"servante atelier a 2 plateaux collecteur de dechets 1"},{"@type":"BreadcrumbList","@id":"https:\/\/www.sp-equipements.com\/site\/produit\/servante-datelier-a-2-plateaux-collecteur-de-dechets\/#breadcrumb","itemListElement":[{"@type":"ListItem","position":1,"name":"Accueil","item":"https:\/\/www.sp-equipements.com\/site\/"},{"@type":"ListItem","position":2,"name":"Catalogue","item":"https:\/\/www.sp-equipements.com\/site\/catalogue\/"},{"@type":"ListItem","position":3,"name":"Servante d&rsquo;Atelier \u00e0 2 Plateaux + Collecteur de D\u00e9chets"}]},{"@type":"WebSite","@id":"https:\/\/www.sp-equipements.com\/site\/#website","url":"https:\/\/www.sp-equipements.com\/site\/","name":"SP \u00c9quipements","description":"\u00c9quipements de collectivit\u00e9s","potentialAction":[{"@type":"SearchAction","target":{"@type":"EntryPoint","urlTemplate":"https:\/\/www.sp-equipements.com\/site\/?s={search_term_string}"},"query-input":"required name=search_term_string"}],"inLanguage":"fr-FR"}]}},"_links":{"self":[{"href":"https:\/\/www.sp-equipements.com\/site\/wp-json\/wp\/v2\/product\/20859"}],"collection":[{"href":"https:\/\/www.sp-equipements.com\/site\/wp-json\/wp\/v2\/product"}],"about":[{"href":"https:\/\/www.sp-equipements.com\/site\/wp-json\/wp\/v2\/types\/product"}],"replies":[{"embeddable":true,"href":"https:\/\/www.sp-equipements.com\/site\/wp-json\/wp\/v2\/comments?post=20859"}],"wp:featuredmedia":[{"embeddable":true,"href":"https:\/\/www.sp-equipements.com\/site\/wp-json\/wp\/v2\/media\/37583"}],"wp:attachment":[{"href":"https:\/\/www.sp-equipements.com\/site\/wp-json\/wp\/v2\/media?parent=20859"}],"wp:term":[{"taxonomy":"product_cat","embeddable":true,"href":"https:\/\/www.sp-equipements.com\/site\/wp-json\/wp\/v2\/product_cat?post=20859"},{"taxonomy":"product_tag","embeddable":true,"href":"https:\/\/www.sp-equipements.com\/site\/wp-json\/wp\/v2\/product_tag?post=20859"}],"curies":[{"name":"wp","href":"https:\/\/api.w.org\/{rel}","templated":true}]}}