{"id":20865,"date":"2019-06-05T12:24:11","date_gmt":"2019-06-05T10:24:11","guid":{"rendered":"http:\/\/www.polyequipements.com\/produit\/servante-datelier-a-2-plateaux-bois\/"},"modified":"2019-06-19T15:30:50","modified_gmt":"2019-06-19T13:30:50","slug":"servante-datelier-a-2-plateaux-bois","status":"publish","type":"product","link":"https:\/\/www.sp-equipements.com\/site\/produit\/servante-datelier-a-2-plateaux-bois\/","title":{"rendered":"Servante d&rsquo;Atelier \u00e0 2 Plateaux Bois"},"content":{"rendered":"","protected":false},"excerpt":{"rendered":"<p><b>Fabrication fran\u00e7aise<\/p>\n<p>Charge 500 kg, soit 300 kg sur plateau inf\u00e9rieur et 200 kg sur plateau sup\u00e9rieur.<br \/>\nDimension hors tout Lxlxh(mm) : 1180x715x880 ou 1380x815x880.<\/p>\n<p>Construction robuste : ch\u00e2ssis en tube de 40 x 27 mm et montants en tube de 30 x 30 mm.<br \/>\nBarre de pouss\u00e9e en tube de \u00f8 25 mm. Plateaux fixes en bois \u00e9p. 16 mm.<br \/>\n4 roulettes de \u00f8 200 mm en caoutchoucsemi-\u00e9lastique dont 2 fixes et 2 pivotantes.<br \/>\nOption blocage sur 1 roulette pivotante ref. OP R200 D3N ou autres options roulettes page 25.<br \/>\nFinition Epoxy Bleu RAL 5005.<\/b><\/p>\n","protected":false},"featured_media":37589,"comment_status":"open","ping_status":"closed","template":"","meta":[],"product_cat":[98,163],"product_tag":[],"yoast_head":"<!-- This site is optimized with the Yoast SEO plugin v22.2 - https:\/\/yoast.com\/wordpress\/plugins\/seo\/ -->\n<title>Servante d&#039;Atelier \u00e0 2 Plateaux Bois - SP \u00c9quipements<\/title>\n<meta name=\"robots\" content=\"index, follow, max-snippet:-1, max-image-preview:large, max-video-preview:-1\" \/>\n<link rel=\"canonical\" href=\"https:\/\/www.sp-equipements.com\/site\/produit\/servante-datelier-a-2-plateaux-bois\/\" \/>\n<meta property=\"og:locale\" content=\"fr_FR\" \/>\n<meta property=\"og:type\" content=\"article\" \/>\n<meta property=\"og:title\" content=\"Servante d&#039;Atelier \u00e0 2 Plateaux Bois - SP \u00c9quipements\" \/>\n<meta property=\"og:description\" content=\"Fabrication fran\u00e7aise  Charge 500 kg, soit 300 kg sur plateau inf\u00e9rieur et 200 kg sur plateau sup\u00e9rieur. Dimension hors tout Lxlxh(mm) : 1180x715x880 ou 1380x815x880.  Construction robuste : ch\u00e2ssis en tube de 40 x 27 mm et montants en tube de 30 x 30 mm. Barre de pouss\u00e9e en tube de \u00f8 25 mm. Plateaux fixes en bois \u00e9p. 16 mm. 4 roulettes de \u00f8 200 mm en caoutchoucsemi-\u00e9lastique dont 2 fixes et 2 pivotantes. Option blocage sur 1 roulette pivotante ref. OP R200 D3N ou autres options roulettes page 25. Finition Epoxy Bleu RAL 5005.\" \/>\n<meta property=\"og:url\" content=\"https:\/\/www.sp-equipements.com\/site\/produit\/servante-datelier-a-2-plateaux-bois\/\" \/>\n<meta property=\"og:site_name\" content=\"SP \u00c9quipements\" \/>\n<meta property=\"article:modified_time\" content=\"2019-06-19T13:30:50+00:00\" \/>\n<meta property=\"og:image\" content=\"https:\/\/www.sp-equipements.com\/site\/wp-content\/uploads\/2019\/06\/servante_atelier_a_2_plateaux_bois-1.jpg\" \/>\n\t<meta property=\"og:image:width\" content=\"190\" \/>\n\t<meta property=\"og:image:height\" content=\"190\" \/>\n\t<meta property=\"og:image:type\" content=\"image\/jpeg\" \/>\n<meta name=\"twitter:card\" content=\"summary_large_image\" \/>\n<script type=\"application\/ld+json\" class=\"yoast-schema-graph\">{\"@context\":\"https:\/\/schema.org\",\"@graph\":[{\"@type\":\"WebPage\",\"@id\":\"https:\/\/www.sp-equipements.com\/site\/produit\/servante-datelier-a-2-plateaux-bois\/\",\"url\":\"https:\/\/www.sp-equipements.com\/site\/produit\/servante-datelier-a-2-plateaux-bois\/\",\"name\":\"Servante d'Atelier \u00e0 2 Plateaux Bois - SP \u00c9quipements\",\"isPartOf\":{\"@id\":\"https:\/\/www.sp-equipements.com\/site\/#website\"},\"primaryImageOfPage\":{\"@id\":\"https:\/\/www.sp-equipements.com\/site\/produit\/servante-datelier-a-2-plateaux-bois\/#primaryimage\"},\"image\":{\"@id\":\"https:\/\/www.sp-equipements.com\/site\/produit\/servante-datelier-a-2-plateaux-bois\/#primaryimage\"},\"thumbnailUrl\":\"https:\/\/www.sp-equipements.com\/site\/wp-content\/uploads\/2019\/06\/servante_atelier_a_2_plateaux_bois-1.jpg\",\"datePublished\":\"2019-06-05T10:24:11+00:00\",\"dateModified\":\"2019-06-19T13:30:50+00:00\",\"breadcrumb\":{\"@id\":\"https:\/\/www.sp-equipements.com\/site\/produit\/servante-datelier-a-2-plateaux-bois\/#breadcrumb\"},\"inLanguage\":\"fr-FR\",\"potentialAction\":[{\"@type\":\"ReadAction\",\"target\":[\"https:\/\/www.sp-equipements.com\/site\/produit\/servante-datelier-a-2-plateaux-bois\/\"]}]},{\"@type\":\"ImageObject\",\"inLanguage\":\"fr-FR\",\"@id\":\"https:\/\/www.sp-equipements.com\/site\/produit\/servante-datelier-a-2-plateaux-bois\/#primaryimage\",\"url\":\"https:\/\/www.sp-equipements.com\/site\/wp-content\/uploads\/2019\/06\/servante_atelier_a_2_plateaux_bois-1.jpg\",\"contentUrl\":\"https:\/\/www.sp-equipements.com\/site\/wp-content\/uploads\/2019\/06\/servante_atelier_a_2_plateaux_bois-1.jpg\",\"width\":190,\"height\":190,\"caption\":\"servante atelier a 2 plateaux bois 1\"},{\"@type\":\"BreadcrumbList\",\"@id\":\"https:\/\/www.sp-equipements.com\/site\/produit\/servante-datelier-a-2-plateaux-bois\/#breadcrumb\",\"itemListElement\":[{\"@type\":\"ListItem\",\"position\":1,\"name\":\"Accueil\",\"item\":\"https:\/\/www.sp-equipements.com\/site\/\"},{\"@type\":\"ListItem\",\"position\":2,\"name\":\"Catalogue\",\"item\":\"https:\/\/www.sp-equipements.com\/site\/catalogue\/\"},{\"@type\":\"ListItem\",\"position\":3,\"name\":\"Servante d&rsquo;Atelier \u00e0 2 Plateaux Bois\"}]},{\"@type\":\"WebSite\",\"@id\":\"https:\/\/www.sp-equipements.com\/site\/#website\",\"url\":\"https:\/\/www.sp-equipements.com\/site\/\",\"name\":\"SP \u00c9quipements\",\"description\":\"\u00c9quipements de collectivit\u00e9s\",\"potentialAction\":[{\"@type\":\"SearchAction\",\"target\":{\"@type\":\"EntryPoint\",\"urlTemplate\":\"https:\/\/www.sp-equipements.com\/site\/?s={search_term_string}\"},\"query-input\":\"required name=search_term_string\"}],\"inLanguage\":\"fr-FR\"}]}<\/script>\n<!-- \/ Yoast SEO plugin. -->","yoast_head_json":{"title":"Servante d'Atelier \u00e0 2 Plateaux Bois - SP \u00c9quipements","robots":{"index":"index","follow":"follow","max-snippet":"max-snippet:-1","max-image-preview":"max-image-preview:large","max-video-preview":"max-video-preview:-1"},"canonical":"https:\/\/www.sp-equipements.com\/site\/produit\/servante-datelier-a-2-plateaux-bois\/","og_locale":"fr_FR","og_type":"article","og_title":"Servante d'Atelier \u00e0 2 Plateaux Bois - SP \u00c9quipements","og_description":"Fabrication fran\u00e7aise  Charge 500 kg, soit 300 kg sur plateau inf\u00e9rieur et 200 kg sur plateau sup\u00e9rieur. Dimension hors tout Lxlxh(mm) : 1180x715x880 ou 1380x815x880.  Construction robuste : ch\u00e2ssis en tube de 40 x 27 mm et montants en tube de 30 x 30 mm. Barre de pouss\u00e9e en tube de \u00f8 25 mm. Plateaux fixes en bois \u00e9p. 16 mm. 4 roulettes de \u00f8 200 mm en caoutchoucsemi-\u00e9lastique dont 2 fixes et 2 pivotantes. Option blocage sur 1 roulette pivotante ref. OP R200 D3N ou autres options roulettes page 25. Finition Epoxy Bleu RAL 5005.","og_url":"https:\/\/www.sp-equipements.com\/site\/produit\/servante-datelier-a-2-plateaux-bois\/","og_site_name":"SP \u00c9quipements","article_modified_time":"2019-06-19T13:30:50+00:00","og_image":[{"width":190,"height":190,"url":"https:\/\/www.sp-equipements.com\/site\/wp-content\/uploads\/2019\/06\/servante_atelier_a_2_plateaux_bois-1.jpg","type":"image\/jpeg"}],"twitter_card":"summary_large_image","schema":{"@context":"https:\/\/schema.org","@graph":[{"@type":"WebPage","@id":"https:\/\/www.sp-equipements.com\/site\/produit\/servante-datelier-a-2-plateaux-bois\/","url":"https:\/\/www.sp-equipements.com\/site\/produit\/servante-datelier-a-2-plateaux-bois\/","name":"Servante d'Atelier \u00e0 2 Plateaux Bois - SP \u00c9quipements","isPartOf":{"@id":"https:\/\/www.sp-equipements.com\/site\/#website"},"primaryImageOfPage":{"@id":"https:\/\/www.sp-equipements.com\/site\/produit\/servante-datelier-a-2-plateaux-bois\/#primaryimage"},"image":{"@id":"https:\/\/www.sp-equipements.com\/site\/produit\/servante-datelier-a-2-plateaux-bois\/#primaryimage"},"thumbnailUrl":"https:\/\/www.sp-equipements.com\/site\/wp-content\/uploads\/2019\/06\/servante_atelier_a_2_plateaux_bois-1.jpg","datePublished":"2019-06-05T10:24:11+00:00","dateModified":"2019-06-19T13:30:50+00:00","breadcrumb":{"@id":"https:\/\/www.sp-equipements.com\/site\/produit\/servante-datelier-a-2-plateaux-bois\/#breadcrumb"},"inLanguage":"fr-FR","potentialAction":[{"@type":"ReadAction","target":["https:\/\/www.sp-equipements.com\/site\/produit\/servante-datelier-a-2-plateaux-bois\/"]}]},{"@type":"ImageObject","inLanguage":"fr-FR","@id":"https:\/\/www.sp-equipements.com\/site\/produit\/servante-datelier-a-2-plateaux-bois\/#primaryimage","url":"https:\/\/www.sp-equipements.com\/site\/wp-content\/uploads\/2019\/06\/servante_atelier_a_2_plateaux_bois-1.jpg","contentUrl":"https:\/\/www.sp-equipements.com\/site\/wp-content\/uploads\/2019\/06\/servante_atelier_a_2_plateaux_bois-1.jpg","width":190,"height":190,"caption":"servante atelier a 2 plateaux bois 1"},{"@type":"BreadcrumbList","@id":"https:\/\/www.sp-equipements.com\/site\/produit\/servante-datelier-a-2-plateaux-bois\/#breadcrumb","itemListElement":[{"@type":"ListItem","position":1,"name":"Accueil","item":"https:\/\/www.sp-equipements.com\/site\/"},{"@type":"ListItem","position":2,"name":"Catalogue","item":"https:\/\/www.sp-equipements.com\/site\/catalogue\/"},{"@type":"ListItem","position":3,"name":"Servante d&rsquo;Atelier \u00e0 2 Plateaux Bois"}]},{"@type":"WebSite","@id":"https:\/\/www.sp-equipements.com\/site\/#website","url":"https:\/\/www.sp-equipements.com\/site\/","name":"SP \u00c9quipements","description":"\u00c9quipements de collectivit\u00e9s","potentialAction":[{"@type":"SearchAction","target":{"@type":"EntryPoint","urlTemplate":"https:\/\/www.sp-equipements.com\/site\/?s={search_term_string}"},"query-input":"required name=search_term_string"}],"inLanguage":"fr-FR"}]}},"_links":{"self":[{"href":"https:\/\/www.sp-equipements.com\/site\/wp-json\/wp\/v2\/product\/20865"}],"collection":[{"href":"https:\/\/www.sp-equipements.com\/site\/wp-json\/wp\/v2\/product"}],"about":[{"href":"https:\/\/www.sp-equipements.com\/site\/wp-json\/wp\/v2\/types\/product"}],"replies":[{"embeddable":true,"href":"https:\/\/www.sp-equipements.com\/site\/wp-json\/wp\/v2\/comments?post=20865"}],"wp:featuredmedia":[{"embeddable":true,"href":"https:\/\/www.sp-equipements.com\/site\/wp-json\/wp\/v2\/media\/37589"}],"wp:attachment":[{"href":"https:\/\/www.sp-equipements.com\/site\/wp-json\/wp\/v2\/media?parent=20865"}],"wp:term":[{"taxonomy":"product_cat","embeddable":true,"href":"https:\/\/www.sp-equipements.com\/site\/wp-json\/wp\/v2\/product_cat?post=20865"},{"taxonomy":"product_tag","embeddable":true,"href":"https:\/\/www.sp-equipements.com\/site\/wp-json\/wp\/v2\/product_tag?post=20865"}],"curies":[{"name":"wp","href":"https:\/\/api.w.org\/{rel}","templated":true}]}}