{"id":20867,"date":"2019-06-06T11:33:40","date_gmt":"2019-06-06T09:33:40","guid":{"rendered":"http:\/\/www.polyequipements.com\/produit\/miroir-sur-roulettes\/"},"modified":"2022-08-17T15:12:53","modified_gmt":"2022-08-17T13:12:53","slug":"miroir-sur-roulettes","status":"publish","type":"product","link":"https:\/\/www.sp-equipements.com\/site\/produit\/miroir-sur-roulettes\/","title":{"rendered":"Miroir sur Roulettes"},"content":{"rendered":"","protected":false},"excerpt":{"rendered":"<p><b>Miroir sur roulettes argent de dimension Hauteur 1.75 m (2,00 m avec les roulettes) x Largeur 2.00 m.<\/b><\/p>\n<p><i>Un cadre en aluminium est fabriqu\u00e9 \u00e0 la dimension d\u00e9sir\u00e9e, sur ce cadre nous tendons un film m\u00e9tallis\u00e9, l&rsquo;ensemble est pass\u00e9 dans un four afin d&rsquo;obtenir une r\u00e9traction du film. Ensuite un PVC noir est appos\u00e9 au dos du cadre + fixation de 2 poign\u00e9es.<br \/>\nLes roulettes sont livr\u00e9es avec le miroir, non fix\u00e9es pour le transport.\u00a0 La fixation se fait \u00e0 l&rsquo;aide de vis avec molette pour serrage \u00e0 la main.<\/i><\/p>\n<p><b>Facilit\u00e9 de mise en \u0153uvre<\/b><br \/>\nPar leur l\u00e9g\u00e8ret\u00e9, la manutention et la pose de nos miroirs sont particuli\u00e8rement ais\u00e9es. Leur fixation est simplifi\u00e9e car elle peut s&rsquo;effectuer par cha\u00eenettes ou par c\u00e2bles.<\/p>\n<p><b>Le choix de la s\u00e9curit\u00e9<\/b><br \/>\nPar rapport \u00e0 un miroir traditionnel, nos produits ne comportent pas d&rsquo;\u00e9l\u00e9ments coupants. M\u00eame en subissant une d\u00e9t\u00e9rioration lors d&rsquo;un incendie, ils demeurent inoffensifs (classification M1).<\/p>\n<p><b>La qualit\u00e9 de r\u00e9flexion <\/b><br \/>\nSup\u00e9rieur dans la majorit\u00e9 des cas \u00e0 des miroirs traditionnels, le potentiel de r\u00e9flexion de la lumi\u00e8re peut d\u00e9passer les 95%.<\/p>\n<p><b>Comme sur des roulettes<\/b><br \/>\nNos miroirs tendus sur des cadres munis de roulettes vous permettent une manipulation et un remisage ais\u00e9s dans le cadre d&rsquo;une salle pluridisciplinaire.<\/p>\n<p><b>Emballage carton sp\u00e9cial pour \u00e9viter la d\u00e9terioration lors de la livraison.<\/b><\/p>\n","protected":false},"featured_media":37491,"comment_status":"open","ping_status":"closed","template":"","meta":[],"product_cat":[93,160,243],"product_tag":[],"yoast_head":"<!-- This site is optimized with the Yoast SEO plugin v22.2 - https:\/\/yoast.com\/wordpress\/plugins\/seo\/ -->\n<title>Miroir sur Roulettes - SP \u00c9quipements<\/title>\n<meta name=\"robots\" content=\"index, follow, max-snippet:-1, max-image-preview:large, max-video-preview:-1\" \/>\n<link rel=\"canonical\" href=\"https:\/\/www.sp-equipements.com\/site\/produit\/miroir-sur-roulettes\/\" \/>\n<meta property=\"og:locale\" content=\"fr_FR\" \/>\n<meta property=\"og:type\" content=\"article\" \/>\n<meta property=\"og:title\" content=\"Miroir sur Roulettes - SP \u00c9quipements\" \/>\n<meta property=\"og:description\" content=\"Miroir sur roulettes argent de dimension Hauteur 1.75 m (2,00 m avec les roulettes) x Largeur 2.00 m.  Un cadre en aluminium est fabriqu\u00e9 \u00e0 la dimension d\u00e9sir\u00e9e, sur ce cadre nous tendons un film m\u00e9tallis\u00e9, l&#039;ensemble est pass\u00e9 dans un four afin d&#039;obtenir une r\u00e9traction du film. Ensuite un PVC noir est appos\u00e9 au dos du cadre + fixation de 2 poign\u00e9es. Les roulettes sont livr\u00e9es avec le miroir, non fix\u00e9es pour le transport.\u00a0 La fixation se fait \u00e0 l&#039;aide de vis avec molette pour serrage \u00e0 la main.  Facilit\u00e9 de mise en \u0153uvre Par leur l\u00e9g\u00e8ret\u00e9, la manutention et la pose de nos miroirs sont particuli\u00e8rement ais\u00e9es. Leur fixation est simplifi\u00e9e car elle peut s&#039;effectuer par cha\u00eenettes ou par c\u00e2bles.  Le choix de la s\u00e9curit\u00e9 Par rapport \u00e0 un miroir traditionnel, nos produits ne comportent pas d&#039;\u00e9l\u00e9ments coupants. M\u00eame en subissant une d\u00e9t\u00e9rioration lors d&#039;un incendie, ils demeurent inoffensifs (classification M1).  La qualit\u00e9 de r\u00e9flexion  Sup\u00e9rieur dans la majorit\u00e9 des cas \u00e0 des miroirs traditionnels, le potentiel de r\u00e9flexion de la lumi\u00e8re peut d\u00e9passer les 95%.  Comme sur des roulettes Nos miroirs tendus sur des cadres munis de roulettes vous permettent une manipulation et un remisage ais\u00e9s dans le cadre d&#039;une salle pluridisciplinaire.  Emballage carton sp\u00e9cial pour \u00e9viter la d\u00e9terioration lors de la livraison.\" \/>\n<meta property=\"og:url\" content=\"https:\/\/www.sp-equipements.com\/site\/produit\/miroir-sur-roulettes\/\" \/>\n<meta property=\"og:site_name\" content=\"SP \u00c9quipements\" \/>\n<meta property=\"article:modified_time\" content=\"2022-08-17T13:12:53+00:00\" \/>\n<meta property=\"og:image\" content=\"https:\/\/www.sp-equipements.com\/site\/wp-content\/uploads\/2019\/06\/miroir_sur_roulette-1.jpg\" \/>\n\t<meta property=\"og:image:width\" content=\"190\" \/>\n\t<meta property=\"og:image:height\" content=\"190\" \/>\n\t<meta property=\"og:image:type\" content=\"image\/jpeg\" \/>\n<meta name=\"twitter:card\" content=\"summary_large_image\" \/>\n<script type=\"application\/ld+json\" class=\"yoast-schema-graph\">{\"@context\":\"https:\/\/schema.org\",\"@graph\":[{\"@type\":\"WebPage\",\"@id\":\"https:\/\/www.sp-equipements.com\/site\/produit\/miroir-sur-roulettes\/\",\"url\":\"https:\/\/www.sp-equipements.com\/site\/produit\/miroir-sur-roulettes\/\",\"name\":\"Miroir sur Roulettes - SP \u00c9quipements\",\"isPartOf\":{\"@id\":\"https:\/\/www.sp-equipements.com\/site\/#website\"},\"primaryImageOfPage\":{\"@id\":\"https:\/\/www.sp-equipements.com\/site\/produit\/miroir-sur-roulettes\/#primaryimage\"},\"image\":{\"@id\":\"https:\/\/www.sp-equipements.com\/site\/produit\/miroir-sur-roulettes\/#primaryimage\"},\"thumbnailUrl\":\"https:\/\/www.sp-equipements.com\/site\/wp-content\/uploads\/2019\/06\/miroir_sur_roulette-1.jpg\",\"datePublished\":\"2019-06-06T09:33:40+00:00\",\"dateModified\":\"2022-08-17T13:12:53+00:00\",\"breadcrumb\":{\"@id\":\"https:\/\/www.sp-equipements.com\/site\/produit\/miroir-sur-roulettes\/#breadcrumb\"},\"inLanguage\":\"fr-FR\",\"potentialAction\":[{\"@type\":\"ReadAction\",\"target\":[\"https:\/\/www.sp-equipements.com\/site\/produit\/miroir-sur-roulettes\/\"]}]},{\"@type\":\"ImageObject\",\"inLanguage\":\"fr-FR\",\"@id\":\"https:\/\/www.sp-equipements.com\/site\/produit\/miroir-sur-roulettes\/#primaryimage\",\"url\":\"https:\/\/www.sp-equipements.com\/site\/wp-content\/uploads\/2019\/06\/miroir_sur_roulette-1.jpg\",\"contentUrl\":\"https:\/\/www.sp-equipements.com\/site\/wp-content\/uploads\/2019\/06\/miroir_sur_roulette-1.jpg\",\"width\":190,\"height\":190,\"caption\":\"miroir sur roulette 1\"},{\"@type\":\"BreadcrumbList\",\"@id\":\"https:\/\/www.sp-equipements.com\/site\/produit\/miroir-sur-roulettes\/#breadcrumb\",\"itemListElement\":[{\"@type\":\"ListItem\",\"position\":1,\"name\":\"Accueil\",\"item\":\"https:\/\/www.sp-equipements.com\/site\/\"},{\"@type\":\"ListItem\",\"position\":2,\"name\":\"Catalogue\",\"item\":\"https:\/\/www.sp-equipements.com\/site\/catalogue\/\"},{\"@type\":\"ListItem\",\"position\":3,\"name\":\"Miroir sur Roulettes\"}]},{\"@type\":\"WebSite\",\"@id\":\"https:\/\/www.sp-equipements.com\/site\/#website\",\"url\":\"https:\/\/www.sp-equipements.com\/site\/\",\"name\":\"SP \u00c9quipements\",\"description\":\"\u00c9quipements de collectivit\u00e9s\",\"potentialAction\":[{\"@type\":\"SearchAction\",\"target\":{\"@type\":\"EntryPoint\",\"urlTemplate\":\"https:\/\/www.sp-equipements.com\/site\/?s={search_term_string}\"},\"query-input\":\"required name=search_term_string\"}],\"inLanguage\":\"fr-FR\"}]}<\/script>\n<!-- \/ Yoast SEO plugin. -->","yoast_head_json":{"title":"Miroir sur Roulettes - SP \u00c9quipements","robots":{"index":"index","follow":"follow","max-snippet":"max-snippet:-1","max-image-preview":"max-image-preview:large","max-video-preview":"max-video-preview:-1"},"canonical":"https:\/\/www.sp-equipements.com\/site\/produit\/miroir-sur-roulettes\/","og_locale":"fr_FR","og_type":"article","og_title":"Miroir sur Roulettes - SP \u00c9quipements","og_description":"Miroir sur roulettes argent de dimension Hauteur 1.75 m (2,00 m avec les roulettes) x Largeur 2.00 m.  Un cadre en aluminium est fabriqu\u00e9 \u00e0 la dimension d\u00e9sir\u00e9e, sur ce cadre nous tendons un film m\u00e9tallis\u00e9, l'ensemble est pass\u00e9 dans un four afin d'obtenir une r\u00e9traction du film. Ensuite un PVC noir est appos\u00e9 au dos du cadre + fixation de 2 poign\u00e9es. Les roulettes sont livr\u00e9es avec le miroir, non fix\u00e9es pour le transport.\u00a0 La fixation se fait \u00e0 l'aide de vis avec molette pour serrage \u00e0 la main.  Facilit\u00e9 de mise en \u0153uvre Par leur l\u00e9g\u00e8ret\u00e9, la manutention et la pose de nos miroirs sont particuli\u00e8rement ais\u00e9es. Leur fixation est simplifi\u00e9e car elle peut s'effectuer par cha\u00eenettes ou par c\u00e2bles.  Le choix de la s\u00e9curit\u00e9 Par rapport \u00e0 un miroir traditionnel, nos produits ne comportent pas d'\u00e9l\u00e9ments coupants. M\u00eame en subissant une d\u00e9t\u00e9rioration lors d'un incendie, ils demeurent inoffensifs (classification M1).  La qualit\u00e9 de r\u00e9flexion  Sup\u00e9rieur dans la majorit\u00e9 des cas \u00e0 des miroirs traditionnels, le potentiel de r\u00e9flexion de la lumi\u00e8re peut d\u00e9passer les 95%.  Comme sur des roulettes Nos miroirs tendus sur des cadres munis de roulettes vous permettent une manipulation et un remisage ais\u00e9s dans le cadre d'une salle pluridisciplinaire.  Emballage carton sp\u00e9cial pour \u00e9viter la d\u00e9terioration lors de la livraison.","og_url":"https:\/\/www.sp-equipements.com\/site\/produit\/miroir-sur-roulettes\/","og_site_name":"SP \u00c9quipements","article_modified_time":"2022-08-17T13:12:53+00:00","og_image":[{"width":190,"height":190,"url":"https:\/\/www.sp-equipements.com\/site\/wp-content\/uploads\/2019\/06\/miroir_sur_roulette-1.jpg","type":"image\/jpeg"}],"twitter_card":"summary_large_image","schema":{"@context":"https:\/\/schema.org","@graph":[{"@type":"WebPage","@id":"https:\/\/www.sp-equipements.com\/site\/produit\/miroir-sur-roulettes\/","url":"https:\/\/www.sp-equipements.com\/site\/produit\/miroir-sur-roulettes\/","name":"Miroir sur Roulettes - SP \u00c9quipements","isPartOf":{"@id":"https:\/\/www.sp-equipements.com\/site\/#website"},"primaryImageOfPage":{"@id":"https:\/\/www.sp-equipements.com\/site\/produit\/miroir-sur-roulettes\/#primaryimage"},"image":{"@id":"https:\/\/www.sp-equipements.com\/site\/produit\/miroir-sur-roulettes\/#primaryimage"},"thumbnailUrl":"https:\/\/www.sp-equipements.com\/site\/wp-content\/uploads\/2019\/06\/miroir_sur_roulette-1.jpg","datePublished":"2019-06-06T09:33:40+00:00","dateModified":"2022-08-17T13:12:53+00:00","breadcrumb":{"@id":"https:\/\/www.sp-equipements.com\/site\/produit\/miroir-sur-roulettes\/#breadcrumb"},"inLanguage":"fr-FR","potentialAction":[{"@type":"ReadAction","target":["https:\/\/www.sp-equipements.com\/site\/produit\/miroir-sur-roulettes\/"]}]},{"@type":"ImageObject","inLanguage":"fr-FR","@id":"https:\/\/www.sp-equipements.com\/site\/produit\/miroir-sur-roulettes\/#primaryimage","url":"https:\/\/www.sp-equipements.com\/site\/wp-content\/uploads\/2019\/06\/miroir_sur_roulette-1.jpg","contentUrl":"https:\/\/www.sp-equipements.com\/site\/wp-content\/uploads\/2019\/06\/miroir_sur_roulette-1.jpg","width":190,"height":190,"caption":"miroir sur roulette 1"},{"@type":"BreadcrumbList","@id":"https:\/\/www.sp-equipements.com\/site\/produit\/miroir-sur-roulettes\/#breadcrumb","itemListElement":[{"@type":"ListItem","position":1,"name":"Accueil","item":"https:\/\/www.sp-equipements.com\/site\/"},{"@type":"ListItem","position":2,"name":"Catalogue","item":"https:\/\/www.sp-equipements.com\/site\/catalogue\/"},{"@type":"ListItem","position":3,"name":"Miroir sur Roulettes"}]},{"@type":"WebSite","@id":"https:\/\/www.sp-equipements.com\/site\/#website","url":"https:\/\/www.sp-equipements.com\/site\/","name":"SP \u00c9quipements","description":"\u00c9quipements de collectivit\u00e9s","potentialAction":[{"@type":"SearchAction","target":{"@type":"EntryPoint","urlTemplate":"https:\/\/www.sp-equipements.com\/site\/?s={search_term_string}"},"query-input":"required name=search_term_string"}],"inLanguage":"fr-FR"}]}},"_links":{"self":[{"href":"https:\/\/www.sp-equipements.com\/site\/wp-json\/wp\/v2\/product\/20867"}],"collection":[{"href":"https:\/\/www.sp-equipements.com\/site\/wp-json\/wp\/v2\/product"}],"about":[{"href":"https:\/\/www.sp-equipements.com\/site\/wp-json\/wp\/v2\/types\/product"}],"replies":[{"embeddable":true,"href":"https:\/\/www.sp-equipements.com\/site\/wp-json\/wp\/v2\/comments?post=20867"}],"wp:featuredmedia":[{"embeddable":true,"href":"https:\/\/www.sp-equipements.com\/site\/wp-json\/wp\/v2\/media\/37491"}],"wp:attachment":[{"href":"https:\/\/www.sp-equipements.com\/site\/wp-json\/wp\/v2\/media?parent=20867"}],"wp:term":[{"taxonomy":"product_cat","embeddable":true,"href":"https:\/\/www.sp-equipements.com\/site\/wp-json\/wp\/v2\/product_cat?post=20867"},{"taxonomy":"product_tag","embeddable":true,"href":"https:\/\/www.sp-equipements.com\/site\/wp-json\/wp\/v2\/product_tag?post=20867"}],"curies":[{"name":"wp","href":"https:\/\/api.w.org\/{rel}","templated":true}]}}