{"id":21653,"date":"2019-06-07T10:12:26","date_gmt":"2019-06-07T08:12:26","guid":{"rendered":"http:\/\/www.polyequipements.com\/produit\/panneau-electoral\/"},"modified":"2020-12-03T14:20:36","modified_gmt":"2020-12-03T13:20:36","slug":"panneau-electoral","status":"publish","type":"product","link":"https:\/\/www.sp-equipements.com\/site\/produit\/panneau-electoral\/","title":{"rendered":"Panneau Electoral"},"content":{"rendered":"<h2>Panneau Electoral\u00a0 : Description du produit<\/h2>\n<p>&nbsp;<\/p>\n<p>Les panneaux \u00e9lectoraux SPL sont des panneaux d&rsquo;une qualit\u00e9 sup\u00e9rieure enti\u00e8rement conformes aux normes en vigueur dans la r\u00e9glementation des formats autoris\u00e9s des affiches \u00e9lectorales (Code \u00e9lectoral L.51 art.R39).<\/p>\n<p>Ces panneaux disposent de plusieurs options de fixation, afin de r\u00e9pondre au mieux \u00e0 vos besoins.<\/p>\n<p>&nbsp;<\/p>\n<h2>Caract\u00e9ristiques techniques<\/h2>\n<ul>\n<li>2 dimensions de panneaux \u00e9lectoraux<\/li>\n<\/ul>\n<ol>\n<li>\u00a0Pour 1 candidat : largeur 1000 mm<br \/>\n(une plaque de num\u00e9rotation)<\/li>\n<li>\u00a0Pour 2 candidats : largeur 1500 mm<br \/>\n(deux plaques de num\u00e9rotation)<\/li>\n<\/ol>\n<ul>\n<li>Une hauteur d\u2019affichage gage de conformit\u00e9 : 1700 mm<\/li>\n<li>\u00a0Hauteur totale : 2300 mm<\/li>\n<li>\u00a0Tube rond \u00d8 35 mm<\/li>\n<li>\u00a0Finition : t\u00f4le 12\/10e , galvanis\u00e9 \u00e0 chaud<\/li>\n<\/ul>\n<p>&nbsp;<\/p>\n<h2>Recommandations de pose<\/h2>\n<ul>\n<li>Accrochage en ligne* ou en kiosque<\/li>\n<li>Sur pieds amovibles*, fourreaux \u00e0 sceller<br \/>\nou plots b\u00e9ton*<\/li>\n<\/ul>\n<p><em>*L\u2019installation en ligne, sur pieds amovibles ou sur plots b\u00e9ton n\u00e9cessite un accrochage de pr\u00e9caution<\/em><\/p>\n<h2>Options<\/h2>\n<ul>\n<li>Pieds amovibles* :<br \/>\n&#8211; Longueur 505 x hauteur 260 mm<br \/>\n&#8211; Pieds : tube 35 x 35 mm<br \/>\n&#8211; Fourreaux 40 x 40 mm<br \/>\n&#8211; Acier galvanis\u00e9 \u00e0 chaud, \u00e9p. 1,5 mm<\/li>\n<li>Fourreaux \u00e0 sceller :<br \/>\n&#8211; Hauteur : 180 mm<br \/>\n&#8211; Fourreaux 40 x 40 mm<br \/>\n&#8211; Bouchon en plastique noir fourni<br \/>\n(\u00e0 poser apr\u00e8s le retrait des panneaux)<br \/>\n&#8211; Acier galvanis\u00e9 \u00e0 chaud, \u00e9p. 1,5 mm<\/li>\n<\/ul>\n<p>&nbsp;<\/p>\n<p>&nbsp;<\/p>\n<p><em>*L\u2019installation en ligne, sur pieds amovibles ou sur plots b\u00e9ton n\u00e9cessite un accrochage de pr\u00e9caution<\/em><\/p>\n<p>&nbsp;<\/p>\n<h2>R\u00e9f\u00e9rences et Dimensions<\/h2>\n<p>Dimension affichage (mm)<\/p>\n<p>Tube \u00d8 35 &#8211; 1 candidat L 1000 x H 1700<br \/>\nTube \u00d8 35 &#8211; 2 candidats L 1500 x H 1700<\/p>\n<p>Dimension totale (mm)<\/p>\n<p>Tube \u00d8 35 &#8211; 1 candidat\u00a0 L 1085 x H 2300<br \/>\nTube \u00d8 35 &#8211; 2 candidats\u00a0 L 1585 x H 2300<\/p>\n<p>Options<\/p>\n<p>Pied amovible pour tube \u00d8 35 mm<br \/>\nFourreau pour tube \u00d8 35 mm<\/p>\n","protected":false},"excerpt":{"rendered":"<p><i>Deux dimensions de panneaux \u00e9lectoraux (largeur 1000mm ou largeur 1500mm), en tube \u00d8 35 , adapt\u00e9es aux formats normalis\u00e9s des affiches \u00e9lectorales.<\/i><\/p>\n<p>T\u00f4le 12\/10e, galvanis\u00e9 \u00e0 chaud.<\/p>\n<p>Hauteur totale de 2300mm<\/p>\n<p>Hauteur d&rsquo;affichage conforme : 1700mm<\/p>\n<p>Mise en place rapide par accrochage en ligne ou en kiosque.<\/p>\n<p><b>Montage :<\/b><br \/>\n\u2022 accrochage en ligne* ou en kiosque<br \/>\n\u2022 en option, fourreau pour tube, pieds amovibles pour tube, plots en b\u00e9ton.<\/p>\n<p><em>*L\u2019installation en ligne, sur pieds amovibles ou sur plots b\u00e9ton n\u00e9cessite un accrochage de pr\u00e9caution<\/em><\/p>\n","protected":false},"featured_media":38309,"comment_status":"open","ping_status":"closed","template":"","meta":[],"product_cat":[99,165],"product_tag":[],"yoast_head":"<!-- This site is optimized with the Yoast SEO plugin v22.2 - https:\/\/yoast.com\/wordpress\/plugins\/seo\/ -->\n<title>Panneau Electoral - SP \u00c9quipements<\/title>\n<meta name=\"robots\" content=\"index, follow, max-snippet:-1, max-image-preview:large, max-video-preview:-1\" \/>\n<link rel=\"canonical\" href=\"https:\/\/www.sp-equipements.com\/site\/produit\/panneau-electoral\/\" \/>\n<meta property=\"og:locale\" content=\"fr_FR\" \/>\n<meta property=\"og:type\" content=\"article\" \/>\n<meta property=\"og:title\" content=\"Panneau Electoral - SP \u00c9quipements\" \/>\n<meta property=\"og:description\" content=\"Deux dimensions de panneaux \u00e9lectoraux (largeur 1000mm ou largeur 1500mm), en tube \u00d8 35 , adapt\u00e9es aux formats normalis\u00e9s des affiches \u00e9lectorales.  T\u00f4le 12\/10e, galvanis\u00e9 \u00e0 chaud.  Hauteur totale de 2300mm  Hauteur d&#039;affichage conforme : 1700mm  Mise en place rapide par accrochage en ligne ou en kiosque.  Montage : \u2022 accrochage en ligne* ou en kiosque \u2022 en option, fourreau pour tube, pieds amovibles pour tube, plots en b\u00e9ton.  *L\u2019installation en ligne, sur pieds amovibles ou sur plots b\u00e9ton n\u00e9cessite un accrochage de pr\u00e9caution\" \/>\n<meta property=\"og:url\" content=\"https:\/\/www.sp-equipements.com\/site\/produit\/panneau-electoral\/\" \/>\n<meta property=\"og:site_name\" content=\"SP \u00c9quipements\" \/>\n<meta property=\"article:modified_time\" content=\"2020-12-03T13:20:36+00:00\" \/>\n<meta property=\"og:image\" content=\"https:\/\/www.sp-equipements.com\/site\/wp-content\/uploads\/2019\/06\/Panneau-electoral-SPL.png\" \/>\n\t<meta property=\"og:image:width\" content=\"190\" \/>\n\t<meta property=\"og:image:height\" content=\"190\" \/>\n\t<meta property=\"og:image:type\" content=\"image\/png\" \/>\n<meta name=\"twitter:card\" content=\"summary_large_image\" \/>\n<meta name=\"twitter:label1\" content=\"Dur\u00e9e de lecture estim\u00e9e\" \/>\n\t<meta name=\"twitter:data1\" content=\"1 minute\" \/>\n<script type=\"application\/ld+json\" class=\"yoast-schema-graph\">{\"@context\":\"https:\/\/schema.org\",\"@graph\":[{\"@type\":\"WebPage\",\"@id\":\"https:\/\/www.sp-equipements.com\/site\/produit\/panneau-electoral\/\",\"url\":\"https:\/\/www.sp-equipements.com\/site\/produit\/panneau-electoral\/\",\"name\":\"Panneau Electoral - SP \u00c9quipements\",\"isPartOf\":{\"@id\":\"https:\/\/www.sp-equipements.com\/site\/#website\"},\"primaryImageOfPage\":{\"@id\":\"https:\/\/www.sp-equipements.com\/site\/produit\/panneau-electoral\/#primaryimage\"},\"image\":{\"@id\":\"https:\/\/www.sp-equipements.com\/site\/produit\/panneau-electoral\/#primaryimage\"},\"thumbnailUrl\":\"https:\/\/www.sp-equipements.com\/site\/wp-content\/uploads\/2019\/06\/Panneau-electoral-SPL.png\",\"datePublished\":\"2019-06-07T08:12:26+00:00\",\"dateModified\":\"2020-12-03T13:20:36+00:00\",\"breadcrumb\":{\"@id\":\"https:\/\/www.sp-equipements.com\/site\/produit\/panneau-electoral\/#breadcrumb\"},\"inLanguage\":\"fr-FR\",\"potentialAction\":[{\"@type\":\"ReadAction\",\"target\":[\"https:\/\/www.sp-equipements.com\/site\/produit\/panneau-electoral\/\"]}]},{\"@type\":\"ImageObject\",\"inLanguage\":\"fr-FR\",\"@id\":\"https:\/\/www.sp-equipements.com\/site\/produit\/panneau-electoral\/#primaryimage\",\"url\":\"https:\/\/www.sp-equipements.com\/site\/wp-content\/uploads\/2019\/06\/Panneau-electoral-SPL.png\",\"contentUrl\":\"https:\/\/www.sp-equipements.com\/site\/wp-content\/uploads\/2019\/06\/Panneau-electoral-SPL.png\",\"width\":190,\"height\":190},{\"@type\":\"BreadcrumbList\",\"@id\":\"https:\/\/www.sp-equipements.com\/site\/produit\/panneau-electoral\/#breadcrumb\",\"itemListElement\":[{\"@type\":\"ListItem\",\"position\":1,\"name\":\"Accueil\",\"item\":\"https:\/\/www.sp-equipements.com\/site\/\"},{\"@type\":\"ListItem\",\"position\":2,\"name\":\"Catalogue\",\"item\":\"https:\/\/www.sp-equipements.com\/site\/catalogue\/\"},{\"@type\":\"ListItem\",\"position\":3,\"name\":\"Panneau Electoral\"}]},{\"@type\":\"WebSite\",\"@id\":\"https:\/\/www.sp-equipements.com\/site\/#website\",\"url\":\"https:\/\/www.sp-equipements.com\/site\/\",\"name\":\"SP \u00c9quipements\",\"description\":\"\u00c9quipements de collectivit\u00e9s\",\"potentialAction\":[{\"@type\":\"SearchAction\",\"target\":{\"@type\":\"EntryPoint\",\"urlTemplate\":\"https:\/\/www.sp-equipements.com\/site\/?s={search_term_string}\"},\"query-input\":\"required name=search_term_string\"}],\"inLanguage\":\"fr-FR\"}]}<\/script>\n<!-- \/ Yoast SEO plugin. -->","yoast_head_json":{"title":"Panneau Electoral - SP \u00c9quipements","robots":{"index":"index","follow":"follow","max-snippet":"max-snippet:-1","max-image-preview":"max-image-preview:large","max-video-preview":"max-video-preview:-1"},"canonical":"https:\/\/www.sp-equipements.com\/site\/produit\/panneau-electoral\/","og_locale":"fr_FR","og_type":"article","og_title":"Panneau Electoral - SP \u00c9quipements","og_description":"Deux dimensions de panneaux \u00e9lectoraux (largeur 1000mm ou largeur 1500mm), en tube \u00d8 35 , adapt\u00e9es aux formats normalis\u00e9s des affiches \u00e9lectorales.  T\u00f4le 12\/10e, galvanis\u00e9 \u00e0 chaud.  Hauteur totale de 2300mm  Hauteur d'affichage conforme : 1700mm  Mise en place rapide par accrochage en ligne ou en kiosque.  Montage : \u2022 accrochage en ligne* ou en kiosque \u2022 en option, fourreau pour tube, pieds amovibles pour tube, plots en b\u00e9ton.  *L\u2019installation en ligne, sur pieds amovibles ou sur plots b\u00e9ton n\u00e9cessite un accrochage de pr\u00e9caution","og_url":"https:\/\/www.sp-equipements.com\/site\/produit\/panneau-electoral\/","og_site_name":"SP \u00c9quipements","article_modified_time":"2020-12-03T13:20:36+00:00","og_image":[{"width":190,"height":190,"url":"https:\/\/www.sp-equipements.com\/site\/wp-content\/uploads\/2019\/06\/Panneau-electoral-SPL.png","type":"image\/png"}],"twitter_card":"summary_large_image","twitter_misc":{"Dur\u00e9e de lecture estim\u00e9e":"1 minute"},"schema":{"@context":"https:\/\/schema.org","@graph":[{"@type":"WebPage","@id":"https:\/\/www.sp-equipements.com\/site\/produit\/panneau-electoral\/","url":"https:\/\/www.sp-equipements.com\/site\/produit\/panneau-electoral\/","name":"Panneau Electoral - SP \u00c9quipements","isPartOf":{"@id":"https:\/\/www.sp-equipements.com\/site\/#website"},"primaryImageOfPage":{"@id":"https:\/\/www.sp-equipements.com\/site\/produit\/panneau-electoral\/#primaryimage"},"image":{"@id":"https:\/\/www.sp-equipements.com\/site\/produit\/panneau-electoral\/#primaryimage"},"thumbnailUrl":"https:\/\/www.sp-equipements.com\/site\/wp-content\/uploads\/2019\/06\/Panneau-electoral-SPL.png","datePublished":"2019-06-07T08:12:26+00:00","dateModified":"2020-12-03T13:20:36+00:00","breadcrumb":{"@id":"https:\/\/www.sp-equipements.com\/site\/produit\/panneau-electoral\/#breadcrumb"},"inLanguage":"fr-FR","potentialAction":[{"@type":"ReadAction","target":["https:\/\/www.sp-equipements.com\/site\/produit\/panneau-electoral\/"]}]},{"@type":"ImageObject","inLanguage":"fr-FR","@id":"https:\/\/www.sp-equipements.com\/site\/produit\/panneau-electoral\/#primaryimage","url":"https:\/\/www.sp-equipements.com\/site\/wp-content\/uploads\/2019\/06\/Panneau-electoral-SPL.png","contentUrl":"https:\/\/www.sp-equipements.com\/site\/wp-content\/uploads\/2019\/06\/Panneau-electoral-SPL.png","width":190,"height":190},{"@type":"BreadcrumbList","@id":"https:\/\/www.sp-equipements.com\/site\/produit\/panneau-electoral\/#breadcrumb","itemListElement":[{"@type":"ListItem","position":1,"name":"Accueil","item":"https:\/\/www.sp-equipements.com\/site\/"},{"@type":"ListItem","position":2,"name":"Catalogue","item":"https:\/\/www.sp-equipements.com\/site\/catalogue\/"},{"@type":"ListItem","position":3,"name":"Panneau Electoral"}]},{"@type":"WebSite","@id":"https:\/\/www.sp-equipements.com\/site\/#website","url":"https:\/\/www.sp-equipements.com\/site\/","name":"SP \u00c9quipements","description":"\u00c9quipements de collectivit\u00e9s","potentialAction":[{"@type":"SearchAction","target":{"@type":"EntryPoint","urlTemplate":"https:\/\/www.sp-equipements.com\/site\/?s={search_term_string}"},"query-input":"required name=search_term_string"}],"inLanguage":"fr-FR"}]}},"_links":{"self":[{"href":"https:\/\/www.sp-equipements.com\/site\/wp-json\/wp\/v2\/product\/21653"}],"collection":[{"href":"https:\/\/www.sp-equipements.com\/site\/wp-json\/wp\/v2\/product"}],"about":[{"href":"https:\/\/www.sp-equipements.com\/site\/wp-json\/wp\/v2\/types\/product"}],"replies":[{"embeddable":true,"href":"https:\/\/www.sp-equipements.com\/site\/wp-json\/wp\/v2\/comments?post=21653"}],"wp:featuredmedia":[{"embeddable":true,"href":"https:\/\/www.sp-equipements.com\/site\/wp-json\/wp\/v2\/media\/38309"}],"wp:attachment":[{"href":"https:\/\/www.sp-equipements.com\/site\/wp-json\/wp\/v2\/media?parent=21653"}],"wp:term":[{"taxonomy":"product_cat","embeddable":true,"href":"https:\/\/www.sp-equipements.com\/site\/wp-json\/wp\/v2\/product_cat?post=21653"},{"taxonomy":"product_tag","embeddable":true,"href":"https:\/\/www.sp-equipements.com\/site\/wp-json\/wp\/v2\/product_tag?post=21653"}],"curies":[{"name":"wp","href":"https:\/\/api.w.org\/{rel}","templated":true}]}}