{"id":21654,"date":"2019-06-07T10:12:26","date_gmt":"2019-06-07T08:12:26","guid":{"rendered":"http:\/\/www.polyequipements.com\/produit\/isoloir-initial\/"},"modified":"2022-08-25T03:15:04","modified_gmt":"2022-08-25T01:15:04","slug":"isoloir-tole","status":"publish","type":"product","link":"https:\/\/www.sp-equipements.com\/site\/produit\/isoloir-tole\/","title":{"rendered":"Isoloir t\u00f4le"},"content":{"rendered":"<h2>Isoloir t\u00f4le : description du produit<\/h2>\n<p>L&rsquo;isoloir est un indispensable pour se pr\u00e9parer \u00e0 l&rsquo;accueil de tous les \u00e9lecteurs. Il est important de pr\u00e9voir d&rsquo;accueillir tout type d&rsquo;\u00e9lecteur, via des structures adapt\u00e9es.<\/p>\n<p>Nos isoloirs respectent toutes les normes en vigueur.<\/p>\n<p>Leur structure en acier vous garantie une solidit\u00e9 et une fiabilit\u00e9 dans le temps. Le montage-d\u00e9montage est facile.<\/p>\n<h2>Caract\u00e9ristiques<\/h2>\n<p><strong>3 isoloirs \u00e9lectoraux :\u00a0<\/strong><\/p>\n<ul>\n<li>Isoloir initial<\/li>\n<li>Isoloir compl\u00e9mentaire<\/li>\n<li>Isoloir pour personnes \u00e0 mobilit\u00e9 r\u00e9duite<\/li>\n<\/ul>\n<p><strong>Conception :\u00a0<\/strong><\/p>\n<ul>\n<li>Structure en acier laqu\u00e9 marron<\/li>\n<li>Pas de barre de seuil pour un acc\u00e8s ais\u00e9<\/li>\n<li>Tubes de 20 x 20 mm<\/li>\n<li>Panneaux lat\u00e9raux en t\u00f4le laqu\u00e9e beige<\/li>\n<li>Fa\u00e7ade et fond \u00e9quip\u00e9s d\u2019un rideau coton \u00e9cru opaque; classement feu M1 \u00ab non inflammables \u00bb<\/li>\n<li>Tablettes amovibles \u00e0 hauteurs adapt\u00e9es<\/li>\n<li>Tablette PMR ajustable<\/li>\n<li>Possibilit\u00e9 de raccorder \u00e0 l\u2019isoloir initial un ou plusieurs isoloirs compl\u00e9mentaires<\/li>\n<\/ul>\n<h2>Finition &#8211; peinture<\/h2>\n<ul>\n<li>Acier laqu\u00e9 marron<\/li>\n<li>Rideau en coton \u00e9cru opaque<\/li>\n<\/ul>\n<h2>Recommandations de pose<\/h2>\n<ul>\n<li>Montage ais\u00e9 par emmanchement<\/li>\n<li>D\u00e9montable pour faciliter le stockage en 1\u20442 format<\/li>\n<\/ul>\n<h2>Dimensions :<\/h2>\n<ul>\n<li>Isoloir initial : 800 x 800 x H 2 000 mm<\/li>\n<li>Isoloir compl\u00e9mentaire : 800 x 800 x H 2 000 mm<\/li>\n<li>Isoloir pour personnes \u00e0 mobilit\u00e9 r\u00e9duite : 1 000 x 1 300 x H 2 000 mm<\/li>\n<\/ul>\n<h2>Dimensions de stockage :<\/h2>\n<ul>\n<li>Isoloir initial : 1150 x 860 x H 80<\/li>\n<li>Isoloir compl\u00e9mentaire : 1150 x 860 x H 80<\/li>\n<li>Isoloir pour personnes \u00e0 mobilit\u00e9 r\u00e9duite : 1370 x 1340 x H 80<\/li>\n<\/ul>\n","protected":false},"excerpt":{"rendered":"<p>Les isoloirs t\u00f4les de poly-\u00e9quipement sont adapt\u00e9s \u00e0 tous les \u00e9lecteurs, et respectent toutes les normes en cours en mati\u00e8re de s\u00e9curit\u00e9.<\/p>\n<h3>Isoloir t\u00f4le initial<\/h3>\n<p>\u2022 Isoloir initial extensible par ajout d&rsquo;isoloirs compl\u00e9ments.<br \/>\n\u2022 Larg. 800 x prof. 800mm, tablette mobile, \u00e0 hauteur adapt\u00e9e et situ\u00e9e de face.<\/p>\n<h3>Isoloir t\u00f4le pour personnes \u00e0 mobilit\u00e9 r\u00e9duite<\/h3>\n<p>\u2022 Isoloir sp\u00e9cial pour personne \u00e0 mobilit\u00e9 r\u00e9duite approuv\u00e9 par l&rsquo;Association des Paralys\u00e9s de France.<br \/>\n\u2022 Larg. 1 000 x prof. 1 300mm, tablette mobile, \u00e0 hauteur adapt\u00e9e et situ\u00e9e de face.<\/p>\n<h3>Isoloir t\u00f4le compl\u00e9mentaire<\/h3>\n<p>\u2022 Isoloir initial extensible par ajout de cet isoloir compl\u00e9mentaire.<br \/>\n\u2022 Larg. 800 x prof. 800mm, tablette mobile, \u00e0 hauteur adapt\u00e9e et situ\u00e9e de face.<\/p>\n","protected":false},"featured_media":38374,"comment_status":"open","ping_status":"closed","template":"","meta":[],"product_cat":[166,99],"product_tag":[],"yoast_head":"<!-- This site is optimized with the Yoast SEO plugin v22.2 - https:\/\/yoast.com\/wordpress\/plugins\/seo\/ -->\n<title>Isoloir t\u00f4le - SP \u00c9quipements<\/title>\n<meta name=\"robots\" content=\"index, follow, max-snippet:-1, max-image-preview:large, max-video-preview:-1\" \/>\n<link rel=\"canonical\" href=\"https:\/\/www.sp-equipements.com\/site\/produit\/isoloir-tole\/\" \/>\n<meta property=\"og:locale\" content=\"fr_FR\" \/>\n<meta property=\"og:type\" content=\"article\" \/>\n<meta property=\"og:title\" content=\"Isoloir t\u00f4le - SP \u00c9quipements\" \/>\n<meta property=\"og:description\" content=\"Les isoloirs t\u00f4les de poly-\u00e9quipement sont adapt\u00e9s \u00e0 tous les \u00e9lecteurs, et respectent toutes les normes en cours en mati\u00e8re de s\u00e9curit\u00e9. Isoloir t\u00f4le initial \u2022 Isoloir initial extensible par ajout d&#039;isoloirs compl\u00e9ments. \u2022 Larg. 800 x prof. 800mm, tablette mobile, \u00e0 hauteur adapt\u00e9e et situ\u00e9e de face. Isoloir t\u00f4le pour personnes \u00e0 mobilit\u00e9 r\u00e9duite \u2022 Isoloir sp\u00e9cial pour personne \u00e0 mobilit\u00e9 r\u00e9duite approuv\u00e9 par l&#039;Association des Paralys\u00e9s de France. \u2022 Larg. 1 000 x prof. 1 300mm, tablette mobile, \u00e0 hauteur adapt\u00e9e et situ\u00e9e de face. Isoloir t\u00f4le compl\u00e9mentaire \u2022 Isoloir initial extensible par ajout de cet isoloir compl\u00e9mentaire. \u2022 Larg. 800 x prof. 800mm, tablette mobile, \u00e0 hauteur adapt\u00e9e et situ\u00e9e de face.\" \/>\n<meta property=\"og:url\" content=\"https:\/\/www.sp-equipements.com\/site\/produit\/isoloir-tole\/\" \/>\n<meta property=\"og:site_name\" content=\"SP \u00c9quipements\" \/>\n<meta property=\"article:modified_time\" content=\"2022-08-25T01:15:04+00:00\" \/>\n<meta property=\"og:image\" content=\"https:\/\/www.sp-equipements.com\/site\/wp-content\/uploads\/2019\/06\/isoloir-tole-pp.png\" \/>\n\t<meta property=\"og:image:width\" content=\"190\" \/>\n\t<meta property=\"og:image:height\" content=\"190\" \/>\n\t<meta property=\"og:image:type\" content=\"image\/png\" \/>\n<meta name=\"twitter:card\" content=\"summary_large_image\" \/>\n<meta name=\"twitter:label1\" content=\"Dur\u00e9e de lecture estim\u00e9e\" \/>\n\t<meta name=\"twitter:data1\" content=\"1 minute\" \/>\n<script type=\"application\/ld+json\" class=\"yoast-schema-graph\">{\"@context\":\"https:\/\/schema.org\",\"@graph\":[{\"@type\":\"WebPage\",\"@id\":\"https:\/\/www.sp-equipements.com\/site\/produit\/isoloir-tole\/\",\"url\":\"https:\/\/www.sp-equipements.com\/site\/produit\/isoloir-tole\/\",\"name\":\"Isoloir t\u00f4le - SP \u00c9quipements\",\"isPartOf\":{\"@id\":\"https:\/\/www.sp-equipements.com\/site\/#website\"},\"primaryImageOfPage\":{\"@id\":\"https:\/\/www.sp-equipements.com\/site\/produit\/isoloir-tole\/#primaryimage\"},\"image\":{\"@id\":\"https:\/\/www.sp-equipements.com\/site\/produit\/isoloir-tole\/#primaryimage\"},\"thumbnailUrl\":\"https:\/\/www.sp-equipements.com\/site\/wp-content\/uploads\/2019\/06\/isoloir-tole-pp.png\",\"datePublished\":\"2019-06-07T08:12:26+00:00\",\"dateModified\":\"2022-08-25T01:15:04+00:00\",\"breadcrumb\":{\"@id\":\"https:\/\/www.sp-equipements.com\/site\/produit\/isoloir-tole\/#breadcrumb\"},\"inLanguage\":\"fr-FR\",\"potentialAction\":[{\"@type\":\"ReadAction\",\"target\":[\"https:\/\/www.sp-equipements.com\/site\/produit\/isoloir-tole\/\"]}]},{\"@type\":\"ImageObject\",\"inLanguage\":\"fr-FR\",\"@id\":\"https:\/\/www.sp-equipements.com\/site\/produit\/isoloir-tole\/#primaryimage\",\"url\":\"https:\/\/www.sp-equipements.com\/site\/wp-content\/uploads\/2019\/06\/isoloir-tole-pp.png\",\"contentUrl\":\"https:\/\/www.sp-equipements.com\/site\/wp-content\/uploads\/2019\/06\/isoloir-tole-pp.png\",\"width\":190,\"height\":190},{\"@type\":\"BreadcrumbList\",\"@id\":\"https:\/\/www.sp-equipements.com\/site\/produit\/isoloir-tole\/#breadcrumb\",\"itemListElement\":[{\"@type\":\"ListItem\",\"position\":1,\"name\":\"Accueil\",\"item\":\"https:\/\/www.sp-equipements.com\/site\/\"},{\"@type\":\"ListItem\",\"position\":2,\"name\":\"Catalogue\",\"item\":\"https:\/\/www.sp-equipements.com\/site\/catalogue\/\"},{\"@type\":\"ListItem\",\"position\":3,\"name\":\"Isoloir t\u00f4le\"}]},{\"@type\":\"WebSite\",\"@id\":\"https:\/\/www.sp-equipements.com\/site\/#website\",\"url\":\"https:\/\/www.sp-equipements.com\/site\/\",\"name\":\"SP \u00c9quipements\",\"description\":\"\u00c9quipements de collectivit\u00e9s\",\"potentialAction\":[{\"@type\":\"SearchAction\",\"target\":{\"@type\":\"EntryPoint\",\"urlTemplate\":\"https:\/\/www.sp-equipements.com\/site\/?s={search_term_string}\"},\"query-input\":\"required name=search_term_string\"}],\"inLanguage\":\"fr-FR\"}]}<\/script>\n<!-- \/ Yoast SEO plugin. -->","yoast_head_json":{"title":"Isoloir t\u00f4le - SP \u00c9quipements","robots":{"index":"index","follow":"follow","max-snippet":"max-snippet:-1","max-image-preview":"max-image-preview:large","max-video-preview":"max-video-preview:-1"},"canonical":"https:\/\/www.sp-equipements.com\/site\/produit\/isoloir-tole\/","og_locale":"fr_FR","og_type":"article","og_title":"Isoloir t\u00f4le - SP \u00c9quipements","og_description":"Les isoloirs t\u00f4les de poly-\u00e9quipement sont adapt\u00e9s \u00e0 tous les \u00e9lecteurs, et respectent toutes les normes en cours en mati\u00e8re de s\u00e9curit\u00e9. Isoloir t\u00f4le initial \u2022 Isoloir initial extensible par ajout d'isoloirs compl\u00e9ments. \u2022 Larg. 800 x prof. 800mm, tablette mobile, \u00e0 hauteur adapt\u00e9e et situ\u00e9e de face. Isoloir t\u00f4le pour personnes \u00e0 mobilit\u00e9 r\u00e9duite \u2022 Isoloir sp\u00e9cial pour personne \u00e0 mobilit\u00e9 r\u00e9duite approuv\u00e9 par l'Association des Paralys\u00e9s de France. \u2022 Larg. 1 000 x prof. 1 300mm, tablette mobile, \u00e0 hauteur adapt\u00e9e et situ\u00e9e de face. Isoloir t\u00f4le compl\u00e9mentaire \u2022 Isoloir initial extensible par ajout de cet isoloir compl\u00e9mentaire. \u2022 Larg. 800 x prof. 800mm, tablette mobile, \u00e0 hauteur adapt\u00e9e et situ\u00e9e de face.","og_url":"https:\/\/www.sp-equipements.com\/site\/produit\/isoloir-tole\/","og_site_name":"SP \u00c9quipements","article_modified_time":"2022-08-25T01:15:04+00:00","og_image":[{"width":190,"height":190,"url":"https:\/\/www.sp-equipements.com\/site\/wp-content\/uploads\/2019\/06\/isoloir-tole-pp.png","type":"image\/png"}],"twitter_card":"summary_large_image","twitter_misc":{"Dur\u00e9e de lecture estim\u00e9e":"1 minute"},"schema":{"@context":"https:\/\/schema.org","@graph":[{"@type":"WebPage","@id":"https:\/\/www.sp-equipements.com\/site\/produit\/isoloir-tole\/","url":"https:\/\/www.sp-equipements.com\/site\/produit\/isoloir-tole\/","name":"Isoloir t\u00f4le - SP \u00c9quipements","isPartOf":{"@id":"https:\/\/www.sp-equipements.com\/site\/#website"},"primaryImageOfPage":{"@id":"https:\/\/www.sp-equipements.com\/site\/produit\/isoloir-tole\/#primaryimage"},"image":{"@id":"https:\/\/www.sp-equipements.com\/site\/produit\/isoloir-tole\/#primaryimage"},"thumbnailUrl":"https:\/\/www.sp-equipements.com\/site\/wp-content\/uploads\/2019\/06\/isoloir-tole-pp.png","datePublished":"2019-06-07T08:12:26+00:00","dateModified":"2022-08-25T01:15:04+00:00","breadcrumb":{"@id":"https:\/\/www.sp-equipements.com\/site\/produit\/isoloir-tole\/#breadcrumb"},"inLanguage":"fr-FR","potentialAction":[{"@type":"ReadAction","target":["https:\/\/www.sp-equipements.com\/site\/produit\/isoloir-tole\/"]}]},{"@type":"ImageObject","inLanguage":"fr-FR","@id":"https:\/\/www.sp-equipements.com\/site\/produit\/isoloir-tole\/#primaryimage","url":"https:\/\/www.sp-equipements.com\/site\/wp-content\/uploads\/2019\/06\/isoloir-tole-pp.png","contentUrl":"https:\/\/www.sp-equipements.com\/site\/wp-content\/uploads\/2019\/06\/isoloir-tole-pp.png","width":190,"height":190},{"@type":"BreadcrumbList","@id":"https:\/\/www.sp-equipements.com\/site\/produit\/isoloir-tole\/#breadcrumb","itemListElement":[{"@type":"ListItem","position":1,"name":"Accueil","item":"https:\/\/www.sp-equipements.com\/site\/"},{"@type":"ListItem","position":2,"name":"Catalogue","item":"https:\/\/www.sp-equipements.com\/site\/catalogue\/"},{"@type":"ListItem","position":3,"name":"Isoloir t\u00f4le"}]},{"@type":"WebSite","@id":"https:\/\/www.sp-equipements.com\/site\/#website","url":"https:\/\/www.sp-equipements.com\/site\/","name":"SP \u00c9quipements","description":"\u00c9quipements de collectivit\u00e9s","potentialAction":[{"@type":"SearchAction","target":{"@type":"EntryPoint","urlTemplate":"https:\/\/www.sp-equipements.com\/site\/?s={search_term_string}"},"query-input":"required name=search_term_string"}],"inLanguage":"fr-FR"}]}},"_links":{"self":[{"href":"https:\/\/www.sp-equipements.com\/site\/wp-json\/wp\/v2\/product\/21654"}],"collection":[{"href":"https:\/\/www.sp-equipements.com\/site\/wp-json\/wp\/v2\/product"}],"about":[{"href":"https:\/\/www.sp-equipements.com\/site\/wp-json\/wp\/v2\/types\/product"}],"replies":[{"embeddable":true,"href":"https:\/\/www.sp-equipements.com\/site\/wp-json\/wp\/v2\/comments?post=21654"}],"wp:featuredmedia":[{"embeddable":true,"href":"https:\/\/www.sp-equipements.com\/site\/wp-json\/wp\/v2\/media\/38374"}],"wp:attachment":[{"href":"https:\/\/www.sp-equipements.com\/site\/wp-json\/wp\/v2\/media?parent=21654"}],"wp:term":[{"taxonomy":"product_cat","embeddable":true,"href":"https:\/\/www.sp-equipements.com\/site\/wp-json\/wp\/v2\/product_cat?post=21654"},{"taxonomy":"product_tag","embeddable":true,"href":"https:\/\/www.sp-equipements.com\/site\/wp-json\/wp\/v2\/product_tag?post=21654"}],"curies":[{"name":"wp","href":"https:\/\/api.w.org\/{rel}","templated":true}]}}