{"id":21662,"date":"2019-06-07T10:13:08","date_gmt":"2019-06-07T08:13:08","guid":{"rendered":"http:\/\/www.polyequipements.com\/produit\/barriere-lisbonne\/"},"modified":"2019-06-19T15:30:52","modified_gmt":"2019-06-19T13:30:52","slug":"barriere-lisbonne","status":"publish","type":"product","link":"https:\/\/www.sp-equipements.com\/site\/produit\/barriere-lisbonne\/","title":{"rendered":"Barri\u00e8re LISBONNE"},"content":{"rendered":"","protected":false},"excerpt":{"rendered":"<p><i>Des barri\u00e8res contemporaines alliant l\u2019harmonie des sites et la s\u00e9curit\u00e9 de l\u2019espace urbain.<\/i><\/p>\n<p>Sa\u00a0<b>main courante<\/b>\u00a0lui permet de s\u2019int\u00e9grer dans tous les sites en conservant une ligne continue parfaite. acier peint sur zinc selon nos ral.<br \/>\nExiste en deux longueurs.<\/p>\n","protected":false},"featured_media":37598,"comment_status":"open","ping_status":"closed","template":"","meta":[],"product_cat":[168,100],"product_tag":[],"yoast_head":"<!-- This site is optimized with the Yoast SEO plugin v22.2 - https:\/\/yoast.com\/wordpress\/plugins\/seo\/ -->\n<title>Barri\u00e8re LISBONNE - SP \u00c9quipements<\/title>\n<meta name=\"robots\" content=\"index, follow, max-snippet:-1, max-image-preview:large, max-video-preview:-1\" \/>\n<link rel=\"canonical\" href=\"https:\/\/www.sp-equipements.com\/site\/produit\/barriere-lisbonne\/\" \/>\n<meta property=\"og:locale\" content=\"fr_FR\" \/>\n<meta property=\"og:type\" content=\"article\" \/>\n<meta property=\"og:title\" content=\"Barri\u00e8re LISBONNE - SP \u00c9quipements\" \/>\n<meta property=\"og:description\" content=\"Des barri\u00e8res contemporaines alliant l\u2019harmonie des sites et la s\u00e9curit\u00e9 de l\u2019espace urbain.  Sa\u00a0main courante\u00a0lui permet de s\u2019int\u00e9grer dans tous les sites en conservant une ligne continue parfaite. acier peint sur zinc selon nos ral. Existe en deux longueurs.\" \/>\n<meta property=\"og:url\" content=\"https:\/\/www.sp-equipements.com\/site\/produit\/barriere-lisbonne\/\" \/>\n<meta property=\"og:site_name\" content=\"SP \u00c9quipements\" \/>\n<meta property=\"article:modified_time\" content=\"2019-06-19T13:30:52+00:00\" \/>\n<meta property=\"og:image\" content=\"https:\/\/www.sp-equipements.com\/site\/wp-content\/uploads\/2019\/06\/barriere_de_ville_lisbonne-1.jpg\" \/>\n\t<meta property=\"og:image:width\" content=\"190\" \/>\n\t<meta property=\"og:image:height\" content=\"190\" \/>\n\t<meta property=\"og:image:type\" content=\"image\/jpeg\" \/>\n<meta name=\"twitter:card\" content=\"summary_large_image\" \/>\n<script type=\"application\/ld+json\" class=\"yoast-schema-graph\">{\"@context\":\"https:\/\/schema.org\",\"@graph\":[{\"@type\":\"WebPage\",\"@id\":\"https:\/\/www.sp-equipements.com\/site\/produit\/barriere-lisbonne\/\",\"url\":\"https:\/\/www.sp-equipements.com\/site\/produit\/barriere-lisbonne\/\",\"name\":\"Barri\u00e8re LISBONNE - SP \u00c9quipements\",\"isPartOf\":{\"@id\":\"https:\/\/www.sp-equipements.com\/site\/#website\"},\"primaryImageOfPage\":{\"@id\":\"https:\/\/www.sp-equipements.com\/site\/produit\/barriere-lisbonne\/#primaryimage\"},\"image\":{\"@id\":\"https:\/\/www.sp-equipements.com\/site\/produit\/barriere-lisbonne\/#primaryimage\"},\"thumbnailUrl\":\"https:\/\/www.sp-equipements.com\/site\/wp-content\/uploads\/2019\/06\/barriere_de_ville_lisbonne-1.jpg\",\"datePublished\":\"2019-06-07T08:13:08+00:00\",\"dateModified\":\"2019-06-19T13:30:52+00:00\",\"breadcrumb\":{\"@id\":\"https:\/\/www.sp-equipements.com\/site\/produit\/barriere-lisbonne\/#breadcrumb\"},\"inLanguage\":\"fr-FR\",\"potentialAction\":[{\"@type\":\"ReadAction\",\"target\":[\"https:\/\/www.sp-equipements.com\/site\/produit\/barriere-lisbonne\/\"]}]},{\"@type\":\"ImageObject\",\"inLanguage\":\"fr-FR\",\"@id\":\"https:\/\/www.sp-equipements.com\/site\/produit\/barriere-lisbonne\/#primaryimage\",\"url\":\"https:\/\/www.sp-equipements.com\/site\/wp-content\/uploads\/2019\/06\/barriere_de_ville_lisbonne-1.jpg\",\"contentUrl\":\"https:\/\/www.sp-equipements.com\/site\/wp-content\/uploads\/2019\/06\/barriere_de_ville_lisbonne-1.jpg\",\"width\":190,\"height\":190,\"caption\":\"barriere de ville lisbonne 1\"},{\"@type\":\"BreadcrumbList\",\"@id\":\"https:\/\/www.sp-equipements.com\/site\/produit\/barriere-lisbonne\/#breadcrumb\",\"itemListElement\":[{\"@type\":\"ListItem\",\"position\":1,\"name\":\"Accueil\",\"item\":\"https:\/\/www.sp-equipements.com\/site\/\"},{\"@type\":\"ListItem\",\"position\":2,\"name\":\"Catalogue\",\"item\":\"https:\/\/www.sp-equipements.com\/site\/catalogue\/\"},{\"@type\":\"ListItem\",\"position\":3,\"name\":\"Barri\u00e8re LISBONNE\"}]},{\"@type\":\"WebSite\",\"@id\":\"https:\/\/www.sp-equipements.com\/site\/#website\",\"url\":\"https:\/\/www.sp-equipements.com\/site\/\",\"name\":\"SP \u00c9quipements\",\"description\":\"\u00c9quipements de collectivit\u00e9s\",\"potentialAction\":[{\"@type\":\"SearchAction\",\"target\":{\"@type\":\"EntryPoint\",\"urlTemplate\":\"https:\/\/www.sp-equipements.com\/site\/?s={search_term_string}\"},\"query-input\":\"required name=search_term_string\"}],\"inLanguage\":\"fr-FR\"}]}<\/script>\n<!-- \/ Yoast SEO plugin. -->","yoast_head_json":{"title":"Barri\u00e8re LISBONNE - SP \u00c9quipements","robots":{"index":"index","follow":"follow","max-snippet":"max-snippet:-1","max-image-preview":"max-image-preview:large","max-video-preview":"max-video-preview:-1"},"canonical":"https:\/\/www.sp-equipements.com\/site\/produit\/barriere-lisbonne\/","og_locale":"fr_FR","og_type":"article","og_title":"Barri\u00e8re LISBONNE - SP \u00c9quipements","og_description":"Des barri\u00e8res contemporaines alliant l\u2019harmonie des sites et la s\u00e9curit\u00e9 de l\u2019espace urbain.  Sa\u00a0main courante\u00a0lui permet de s\u2019int\u00e9grer dans tous les sites en conservant une ligne continue parfaite. acier peint sur zinc selon nos ral. Existe en deux longueurs.","og_url":"https:\/\/www.sp-equipements.com\/site\/produit\/barriere-lisbonne\/","og_site_name":"SP \u00c9quipements","article_modified_time":"2019-06-19T13:30:52+00:00","og_image":[{"width":190,"height":190,"url":"https:\/\/www.sp-equipements.com\/site\/wp-content\/uploads\/2019\/06\/barriere_de_ville_lisbonne-1.jpg","type":"image\/jpeg"}],"twitter_card":"summary_large_image","schema":{"@context":"https:\/\/schema.org","@graph":[{"@type":"WebPage","@id":"https:\/\/www.sp-equipements.com\/site\/produit\/barriere-lisbonne\/","url":"https:\/\/www.sp-equipements.com\/site\/produit\/barriere-lisbonne\/","name":"Barri\u00e8re LISBONNE - SP \u00c9quipements","isPartOf":{"@id":"https:\/\/www.sp-equipements.com\/site\/#website"},"primaryImageOfPage":{"@id":"https:\/\/www.sp-equipements.com\/site\/produit\/barriere-lisbonne\/#primaryimage"},"image":{"@id":"https:\/\/www.sp-equipements.com\/site\/produit\/barriere-lisbonne\/#primaryimage"},"thumbnailUrl":"https:\/\/www.sp-equipements.com\/site\/wp-content\/uploads\/2019\/06\/barriere_de_ville_lisbonne-1.jpg","datePublished":"2019-06-07T08:13:08+00:00","dateModified":"2019-06-19T13:30:52+00:00","breadcrumb":{"@id":"https:\/\/www.sp-equipements.com\/site\/produit\/barriere-lisbonne\/#breadcrumb"},"inLanguage":"fr-FR","potentialAction":[{"@type":"ReadAction","target":["https:\/\/www.sp-equipements.com\/site\/produit\/barriere-lisbonne\/"]}]},{"@type":"ImageObject","inLanguage":"fr-FR","@id":"https:\/\/www.sp-equipements.com\/site\/produit\/barriere-lisbonne\/#primaryimage","url":"https:\/\/www.sp-equipements.com\/site\/wp-content\/uploads\/2019\/06\/barriere_de_ville_lisbonne-1.jpg","contentUrl":"https:\/\/www.sp-equipements.com\/site\/wp-content\/uploads\/2019\/06\/barriere_de_ville_lisbonne-1.jpg","width":190,"height":190,"caption":"barriere de ville lisbonne 1"},{"@type":"BreadcrumbList","@id":"https:\/\/www.sp-equipements.com\/site\/produit\/barriere-lisbonne\/#breadcrumb","itemListElement":[{"@type":"ListItem","position":1,"name":"Accueil","item":"https:\/\/www.sp-equipements.com\/site\/"},{"@type":"ListItem","position":2,"name":"Catalogue","item":"https:\/\/www.sp-equipements.com\/site\/catalogue\/"},{"@type":"ListItem","position":3,"name":"Barri\u00e8re LISBONNE"}]},{"@type":"WebSite","@id":"https:\/\/www.sp-equipements.com\/site\/#website","url":"https:\/\/www.sp-equipements.com\/site\/","name":"SP \u00c9quipements","description":"\u00c9quipements de collectivit\u00e9s","potentialAction":[{"@type":"SearchAction","target":{"@type":"EntryPoint","urlTemplate":"https:\/\/www.sp-equipements.com\/site\/?s={search_term_string}"},"query-input":"required name=search_term_string"}],"inLanguage":"fr-FR"}]}},"_links":{"self":[{"href":"https:\/\/www.sp-equipements.com\/site\/wp-json\/wp\/v2\/product\/21662"}],"collection":[{"href":"https:\/\/www.sp-equipements.com\/site\/wp-json\/wp\/v2\/product"}],"about":[{"href":"https:\/\/www.sp-equipements.com\/site\/wp-json\/wp\/v2\/types\/product"}],"replies":[{"embeddable":true,"href":"https:\/\/www.sp-equipements.com\/site\/wp-json\/wp\/v2\/comments?post=21662"}],"wp:featuredmedia":[{"embeddable":true,"href":"https:\/\/www.sp-equipements.com\/site\/wp-json\/wp\/v2\/media\/37598"}],"wp:attachment":[{"href":"https:\/\/www.sp-equipements.com\/site\/wp-json\/wp\/v2\/media?parent=21662"}],"wp:term":[{"taxonomy":"product_cat","embeddable":true,"href":"https:\/\/www.sp-equipements.com\/site\/wp-json\/wp\/v2\/product_cat?post=21662"},{"taxonomy":"product_tag","embeddable":true,"href":"https:\/\/www.sp-equipements.com\/site\/wp-json\/wp\/v2\/product_tag?post=21662"}],"curies":[{"name":"wp","href":"https:\/\/api.w.org\/{rel}","templated":true}]}}